{"id":1011768,"date":"2024-06-17T14:19:01","date_gmt":"2024-06-17T06:19:01","guid":{"rendered":"https:\/\/vimaterial.de\/product\/oxyde-de-scandium\/"},"modified":"2024-12-31T13:21:21","modified_gmt":"2024-12-31T05:21:21","slug":"oxyde-de-scandium","status":"publish","type":"product","link":"https:\/\/vimaterial.de\/fr\/product\/oxyde-de-scandium\/","title":{"rendered":"Oxyde de scandium"},"content":{"rendered":"<p>La cible de pulv\u00e9risation d\u2019oxyde de scandium est un oxyde de m\u00e9tal de terre rare important avec une vari\u00e9t\u00e9 d\u2019excellentes propri\u00e9t\u00e9s, telles que de bonnes performances catalytiques et une stabilit\u00e9 \u00e0 haute temp\u00e9rature. VIMATERIAL fournit \u00e9galement d\u2019autres mat\u00e9riaux de terres rares. Si vous avez des besoins, n\u2019h\u00e9sitez pas \u00e0 nous contacter.<\/p>\n<h2><span style=\"font-size: 14pt;\">Propri\u00e9t\u00e9s<\/span><\/h2>\n<p>Formule chimique&nbsp;:Sc2O3 Masse molaire&nbsp;: 137.910 g \/ mol<\/p>\n<p>Apparence&nbsp;: Poudre blanche<\/p>\n<p>Densit\u00e9 : 3,86 g\/cm3 Point de fusion : 2 485 \u00b0C (4 505 \u00b0F ; 2 758 K) Solubilit\u00e9 dans l\u2019eau : insoluble dans l\u2019eau Solubilit\u00e9 : soluble dans les acides chauds (r\u00e9agit)<\/p>\n<h2><span style=\"font-size: 14pt;\">Applications<\/span><\/h2>\n<p>Champ \u00e9lectronique : La cible de pulv\u00e9risation d\u2019oxyde de scandium peut \u00eatre utilis\u00e9e comme additif dans les mat\u00e9riaux semi-conducteurs pour am\u00e9liorer les performances des transistors et des circuits int\u00e9gr\u00e9s. L\u2019oxyde de scandium peut \u00e9galement \u00eatre utilis\u00e9 comme mat\u00e9riau \u00e0 couche mince pour le scandium m\u00e9tallique afin de fabriquer une m\u00e9moire magn\u00e9tique. Champ optique : La cible de pulv\u00e9risation d\u2019oxyde de scandium est un mat\u00e9riau important pour la pr\u00e9paration du verre optique \u00e0 haute r\u00e9fraction et \u00e0 faible diffusion. L\u2019oxyde de scandium peut \u00eatre combin\u00e9 avec d\u2019autres \u00e9l\u00e9ments de terres rares pour former du verre de terres rares pour la fabrication de dispositifs optiques tels que les lasers. Champ c\u00e9ramique&nbsp;: La cible de pulv\u00e9risation d\u2019oxyde de scandium peut \u00eatre utilis\u00e9e comme mat\u00e9riau d\u2019absorption infrarouge et est largement utilis\u00e9e dans les capteurs solaires, les verres anti-UV et d\u2019autres domaines. L\u2019oxyde de scandium peut \u00e9galement \u00eatre utilis\u00e9 pour pr\u00e9parer des c\u00e9ramiques \u00e0 haute temp\u00e9rature, telles que les c\u00e9ramiques d\u2019aluminium zirconium et d\u2019yttrium, qui peuvent \u00eatre utilis\u00e9es pour fabriquer des pi\u00e8ces structurelles \u00e0 haute temp\u00e9rature dans l\u2019aviation, l\u2019a\u00e9rospatiale et d\u2019autres domaines. Autres applications : La cible de pulv\u00e9risation d\u2019oxyde de scandium est utilis\u00e9e comme catalyseur et a un large \u00e9ventail d\u2019applications dans la p\u00e9trochimie, les fibres chimiques et la biochimie. L\u2019oxyde de scandium peut \u00e9galement \u00eatre utilis\u00e9 comme agent de contraste m\u00e9dical, modificateur ou biomarqueur. <\/p>\n<h2><span style=\"font-size: 14pt;\">Contr\u00f4le qualit\u00e9<\/span><\/h2>\n<p>Nos produits mettent en \u0153uvre le syst\u00e8me de gestion de la qualit\u00e9 le plus strict. Il existe des normes d\u2019inspection strictes pour les mat\u00e9riaux entrants, les processus, les inspections finales et les inspections d\u2019usine. Des mesures d\u2019isolement strictes seront adopt\u00e9es pour le traitement non qualifi\u00e9 afin d\u2019\u00e9viter que les produits non qualifi\u00e9s ne passent au processus suivant. Des \u00e9chantillons seront fournis aux clients selon les exigences du client pour la r\u00e9inspection.   <\/p>\n<h2><span style=\"font-size: 14pt;\">Emballage et stockage<\/span><\/h2>\n<p>Emball\u00e9 avec un mat\u00e9riau doux \u00e0 l\u2019int\u00e9rieur et emball\u00e9 sous vide, et emball\u00e9 dans des cartons\/bo\u00eetes en bois \u00e0 l\u2019ext\u00e9rieur. Il est recommand\u00e9 de le stocker dans un environnement sec, frais, bien ventil\u00e9 et \u00e0 l\u2019abri des mati\u00e8res inflammables et organiques. Lors de la manipulation de l\u2019oxyde de scandium, des \u00e9quipements de protection tels que des gants de protection, des masques et des lunettes de protection sont n\u00e9cessaires pour \u00e9viter l\u2019inhalation et le contact avec la peau. Si vous inhalez de la poussi\u00e8re d\u2019oxyde de scandium, vous devez vous rendre imm\u00e9diatement \u00e0 l\u2019h\u00f4pital pour un traitement.<\/p>\n","protected":false},"excerpt":{"rendered":"<p>La cible de pulv\u00e9risation d\u2019oxyde de scandium est un oxyde de m\u00e9tal de terre rare important avec une vari\u00e9t\u00e9 d\u2019excellentes propri\u00e9t\u00e9s, telles que de bonnes performances catalytiques et une stabilit\u00e9 \u00e0 haute temp\u00e9rature. VIMATERIAL fournit \u00e9galement d\u2019autres mat\u00e9riaux de terres rares. Si vous avez des besoins, n\u2019h\u00e9sitez pas \u00e0 nous contacter. Propri\u00e9t\u00e9s Formule chimique&nbsp;:Sc2O3 Masse [&hellip;]<\/p>\n","protected":false},"featured_media":1000305,"comment_status":"open","ping_status":"closed","template":"","meta":{"_acf_changed":false},"product_brand":[],"product_cat":[235],"product_tag":[],"class_list":{"0":"post-1011768","1":"product","2":"type-product","3":"status-publish","4":"has-post-thumbnail","6":"product_cat-cibles-de-pulverisation-planaire","8":"first","9":"instock","10":"shipping-taxable","11":"product-type-variable"},"acf":[],"_links":{"self":[{"href":"https:\/\/vimaterial.de\/fr\/wp-json\/wp\/v2\/product\/1011768","targetHints":{"allow":["GET"]}}],"collection":[{"href":"https:\/\/vimaterial.de\/fr\/wp-json\/wp\/v2\/product"}],"about":[{"href":"https:\/\/vimaterial.de\/fr\/wp-json\/wp\/v2\/types\/product"}],"replies":[{"embeddable":true,"href":"https:\/\/vimaterial.de\/fr\/wp-json\/wp\/v2\/comments?post=1011768"}],"wp:featuredmedia":[{"embeddable":true,"href":"https:\/\/vimaterial.de\/fr\/wp-json\/wp\/v2\/media\/1000305"}],"wp:attachment":[{"href":"https:\/\/vimaterial.de\/fr\/wp-json\/wp\/v2\/media?parent=1011768"}],"wp:term":[{"taxonomy":"product_brand","embeddable":true,"href":"https:\/\/vimaterial.de\/fr\/wp-json\/wp\/v2\/product_brand?post=1011768"},{"taxonomy":"product_cat","embeddable":true,"href":"https:\/\/vimaterial.de\/fr\/wp-json\/wp\/v2\/product_cat?post=1011768"},{"taxonomy":"product_tag","embeddable":true,"href":"https:\/\/vimaterial.de\/fr\/wp-json\/wp\/v2\/product_tag?post=1011768"}],"curies":[{"name":"wp","href":"https:\/\/api.w.org\/{rel}","templated":true}]}}