{"id":1011756,"date":"2024-06-17T14:21:38","date_gmt":"2024-06-17T06:21:38","guid":{"rendered":"https:\/\/vimaterial.de\/product\/hydrate-de-bromure-de-scandium\/"},"modified":"2025-01-02T10:33:45","modified_gmt":"2025-01-02T02:33:45","slug":"hydrate-de-bromure-de-scandium","status":"publish","type":"product","link":"https:\/\/vimaterial.de\/fr\/product\/hydrate-de-bromure-de-scandium\/","title":{"rendered":"Hydrate de bromure de scandium"},"content":{"rendered":"<p>L\u2019hydrate de bromure de scandium, ou ScBr3\u00b7 H2O est un compos\u00e9 chimique trihalog\u00e9nure, hygroscopique et soluble dans l\u2019eau de scandium et de brome. C\u2019est un compos\u00e9 ionique qui semble clair en solution. VIMATERIAL a gagn\u00e9 la confiance d\u2019un large \u00e9ventail de clients gr\u00e2ce \u00e0 sa qualit\u00e9 exceptionnelle, sa gamme compl\u00e8te de produits et son service attentionn\u00e9. Nos produits s\u2019exportent dans le monde entier et jouissent d\u2019une excellente r\u00e9putation. Engag\u00e9s envers l\u2019int\u00e9grit\u00e9 et la qualit\u00e9 d\u2019abord, nous accueillons chaleureusement les clients pour se renseigner et collaborer avec nous. <\/p>\n<h2><span style=\"font-size: 14pt;\">Propri\u00e9t\u00e9s<\/span><\/h2>\n<p>Formule chimique&nbsp;: ScBr3\u00b7 H2O Masse molaire : 302,68 g\/mol Aspect : Solide blanc \u00e0 jaun\u00e2tre Densit\u00e9 : 3,914 g\/cm3 Point de fusion : 904 \u00b0C (1 659 \u00b0F ; 1 177 K) Solubilit\u00e9 dans l\u2019eau : soluble Solubilit\u00e9 : soluble dans l\u2019\u00e9thanol<\/p>\n<h2><span style=\"font-size: 14pt;\">Applications<\/span><\/h2>\n<p>1. L\u2019hydrate de bromure de scandium est utilis\u00e9 comme catalyseur dans la synth\u00e8se organique&nbsp;; 2. L\u2019hydrate de bromure de scandium est utilis\u00e9 dans la recherche sur les mat\u00e9riaux \u00e9lectroniques et les mat\u00e9riaux optiques.<\/p>\n<h2><span style=\"font-size: 14pt;\">Contr\u00f4le qualit\u00e9<\/span><\/h2>\n<p>Nos produits mettent en \u0153uvre le syst\u00e8me de gestion de la qualit\u00e9 le plus strict. Il existe des normes d\u2019inspection strictes pour les mat\u00e9riaux entrants, les processus, les inspections finales et les inspections d\u2019usine. Des mesures d\u2019isolement strictes seront adopt\u00e9es pour le traitement non qualifi\u00e9 afin d\u2019\u00e9viter que les produits non qualifi\u00e9s ne passent au processus suivant. Des \u00e9chantillons seront fournis aux clients selon les exigences du client pour la r\u00e9inspection.   <\/p>\n<h2><span style=\"font-size: 14pt;\">Emballage et stockage<\/span><\/h2>\n<p>Emballage sous vide int\u00e9rieur, emballage ext\u00e9rieur en carton\/bo\u00eete en bois. L\u2019environnement de stockage doit \u00eatre maintenu sec et \u00e9viter tout contact avec l\u2019humidit\u00e9 de l\u2019air, car l\u2019hydrate de bromure de scandium est sensible \u00e0 l\u2019humidit\u00e9.<\/p>\n","protected":false},"excerpt":{"rendered":"<p>L\u2019hydrate de bromure de scandium, ou ScBr3\u00b7 H2O est un compos\u00e9 chimique trihalog\u00e9nure, hygroscopique et soluble dans l\u2019eau de scandium et de brome. C\u2019est un compos\u00e9 ionique qui semble clair en solution. VIMATERIAL a gagn\u00e9 la confiance d\u2019un large \u00e9ventail de clients gr\u00e2ce \u00e0 sa qualit\u00e9 exceptionnelle, sa gamme compl\u00e8te de produits et son service [&hellip;]<\/p>\n","protected":false},"featured_media":1000329,"comment_status":"open","ping_status":"closed","template":"","meta":{"_acf_changed":false},"product_brand":[],"product_cat":[241,239],"product_tag":[],"class_list":{"0":"post-1011756","1":"product","2":"type-product","3":"status-publish","4":"has-post-thumbnail","6":"product_cat-materiaux-a-base-de-terres-rares","7":"product_cat-materiaux-halogenes","9":"first","10":"instock","11":"shipping-taxable","12":"product-type-variable"},"acf":[],"_links":{"self":[{"href":"https:\/\/vimaterial.de\/fr\/wp-json\/wp\/v2\/product\/1011756","targetHints":{"allow":["GET"]}}],"collection":[{"href":"https:\/\/vimaterial.de\/fr\/wp-json\/wp\/v2\/product"}],"about":[{"href":"https:\/\/vimaterial.de\/fr\/wp-json\/wp\/v2\/types\/product"}],"replies":[{"embeddable":true,"href":"https:\/\/vimaterial.de\/fr\/wp-json\/wp\/v2\/comments?post=1011756"}],"wp:featuredmedia":[{"embeddable":true,"href":"https:\/\/vimaterial.de\/fr\/wp-json\/wp\/v2\/media\/1000329"}],"wp:attachment":[{"href":"https:\/\/vimaterial.de\/fr\/wp-json\/wp\/v2\/media?parent=1011756"}],"wp:term":[{"taxonomy":"product_brand","embeddable":true,"href":"https:\/\/vimaterial.de\/fr\/wp-json\/wp\/v2\/product_brand?post=1011756"},{"taxonomy":"product_cat","embeddable":true,"href":"https:\/\/vimaterial.de\/fr\/wp-json\/wp\/v2\/product_cat?post=1011756"},{"taxonomy":"product_tag","embeddable":true,"href":"https:\/\/vimaterial.de\/fr\/wp-json\/wp\/v2\/product_tag?post=1011756"}],"curies":[{"name":"wp","href":"https:\/\/api.w.org\/{rel}","templated":true}]}}