{"id":1011739,"date":"2024-06-17T14:21:38","date_gmt":"2024-06-17T06:21:38","guid":{"rendered":"https:\/\/vimaterial.de\/product\/chlorure-de-scandium\/"},"modified":"2025-01-02T10:45:43","modified_gmt":"2025-01-02T02:45:43","slug":"chlorure-de-scandium","status":"publish","type":"product","link":"https:\/\/vimaterial.de\/fr\/product\/chlorure-de-scandium\/","title":{"rendered":"Chlorure de scandium"},"content":{"rendered":"<p>Le chlorure de scandium est le compos\u00e9 inorganique de formule ScCl3. Il s\u2019agit d\u2019un compos\u00e9 ionique blanc, \u00e0 haut point de fusion, qui est d\u00e9liquescent et tr\u00e8s soluble dans l\u2019eau.<\/p>\n<p>VIMATERIAL a gagn\u00e9 la confiance d\u2019un large \u00e9ventail de clients gr\u00e2ce \u00e0 sa qualit\u00e9 exceptionnelle, sa gamme compl\u00e8te de produits et son service attentionn\u00e9. Nos produits s\u2019exportent dans le monde entier et jouissent d\u2019une excellente r\u00e9putation. Engag\u00e9s envers l\u2019int\u00e9grit\u00e9 et la qualit\u00e9 d\u2019abord, nous accueillons chaleureusement les clients pour se renseigner et collaborer avec nous.  <\/p>\n<h2><span style=\"font-size: 14pt;\">Propri\u00e9t\u00e9s<\/span><\/h2>\n<p>Formule chimique :ScCl3 Masse molaire : 151,31 g\/mol Aspect : cristaux blanc gris\u00e2tre Densit\u00e9 : 2,39 g\/mL, solide Point de fusion : 960 \u00b0C (1 760 \u00b0F ; 1 230 K)63 \u00b0C (hexahydrat\u00e9) Solubilit\u00e9 dans l\u2019eau : soluble Solubilit\u00e9 dans d\u2019autres solvants : insoluble dans l\u2019EtOH<\/p>\n<h2><span style=\"font-size: 14pt;\">Applications<\/span><\/h2>\n<p>Production d\u2019interm\u00e9diaires de compos\u00e9s de scandium : Le chlorure de scandium sert de mati\u00e8re premi\u00e8re cruciale pour la fabrication d\u2019autres compos\u00e9s de scandium, largement utilis\u00e9s dans les secteurs des r\u00e9actifs chimiques et industriels. R\u00e9actifs chimiques : Le chlorure de scandium est couramment utilis\u00e9 comme r\u00e9actif dans les exp\u00e9riences chimiques. Production d\u2019alliages \u00e0 point de fusion \u00e9lev\u00e9 : Le chlorure de scandium est utilis\u00e9 dans la production d\u2019alliages \u00e0 point de fusion \u00e9lev\u00e9, qui jouent un r\u00f4le essentiel dans des applications industrielles sp\u00e9cifiques. Fabrication de produits chimiques fins : Le chlorure de scandium peut trouver des applications dans la production de produits chimiques fins. Science des mat\u00e9riaux : Dans le domaine de la science des mat\u00e9riaux, le chlorure de scandium peut \u00eatre utilis\u00e9 comme interm\u00e9diaire pour la production de mat\u00e9riaux sp\u00e9cialis\u00e9s.<\/p>\n<h2><span style=\"font-size: 14pt;\">Contr\u00f4le qualit\u00e9<\/span><\/h2>\n<p>Nos produits mettent en \u0153uvre le syst\u00e8me de gestion de la qualit\u00e9 le plus strict. Il existe des normes d\u2019inspection strictes pour les mat\u00e9riaux entrants, les processus, les inspections finales et les inspections d\u2019usine. Des mesures d\u2019isolement strictes seront adopt\u00e9es pour le traitement non qualifi\u00e9 afin d\u2019\u00e9viter que les produits non qualifi\u00e9s ne passent au processus suivant. Des \u00e9chantillons seront fournis aux clients selon les exigences du client pour la r\u00e9inspection.   <\/p>\n<h2><span style=\"font-size: 14pt;\">Emballage et stockage<\/span><\/h2>\n<p>G\u00e9n\u00e9ralement emball\u00e9 sous vide \u00e0 l\u2019int\u00e9rieur et emball\u00e9 en carton \u00e0 l\u2019ext\u00e9rieur, il peut \u00e9galement \u00eatre emball\u00e9 selon les besoins du client. Le chlorure de scandium (ScCl3) est un solide blanc cass\u00e9 \u00e0 temp\u00e9rature et pression ambiantes, qui est facile \u00e0 absorber l\u2019humidit\u00e9, il doit donc \u00eatre scell\u00e9 pour \u00e9viter la d\u00e9composition. Plus pr\u00e9cis\u00e9ment, le chlorure de scandium doit \u00eatre stock\u00e9 dans un r\u00e9cipient scell\u00e9 et plac\u00e9 dans un endroit frais et sec pour \u00e9viter l\u2019absorption d\u2019humidit\u00e9.<\/p>\n","protected":false},"excerpt":{"rendered":"<p>Le chlorure de scandium est le compos\u00e9 inorganique de formule ScCl3. Il s\u2019agit d\u2019un compos\u00e9 ionique blanc, \u00e0 haut point de fusion, qui est d\u00e9liquescent et tr\u00e8s soluble dans l\u2019eau. VIMATERIAL a gagn\u00e9 la confiance d\u2019un large \u00e9ventail de clients gr\u00e2ce \u00e0 sa qualit\u00e9 exceptionnelle, sa gamme compl\u00e8te de produits et son service attentionn\u00e9. Nos [&hellip;]<\/p>\n","protected":false},"featured_media":1000336,"comment_status":"open","ping_status":"closed","template":"","meta":{"_acf_changed":false},"product_brand":[],"product_cat":[241,239],"product_tag":[],"class_list":{"0":"post-1011739","1":"product","2":"type-product","3":"status-publish","4":"has-post-thumbnail","6":"product_cat-materiaux-a-base-de-terres-rares","7":"product_cat-materiaux-halogenes","9":"first","10":"instock","11":"shipping-taxable","12":"purchasable","13":"product-type-variable"},"acf":[],"_links":{"self":[{"href":"https:\/\/vimaterial.de\/fr\/wp-json\/wp\/v2\/product\/1011739","targetHints":{"allow":["GET"]}}],"collection":[{"href":"https:\/\/vimaterial.de\/fr\/wp-json\/wp\/v2\/product"}],"about":[{"href":"https:\/\/vimaterial.de\/fr\/wp-json\/wp\/v2\/types\/product"}],"replies":[{"embeddable":true,"href":"https:\/\/vimaterial.de\/fr\/wp-json\/wp\/v2\/comments?post=1011739"}],"wp:featuredmedia":[{"embeddable":true,"href":"https:\/\/vimaterial.de\/fr\/wp-json\/wp\/v2\/media\/1000336"}],"wp:attachment":[{"href":"https:\/\/vimaterial.de\/fr\/wp-json\/wp\/v2\/media?parent=1011739"}],"wp:term":[{"taxonomy":"product_brand","embeddable":true,"href":"https:\/\/vimaterial.de\/fr\/wp-json\/wp\/v2\/product_brand?post=1011739"},{"taxonomy":"product_cat","embeddable":true,"href":"https:\/\/vimaterial.de\/fr\/wp-json\/wp\/v2\/product_cat?post=1011739"},{"taxonomy":"product_tag","embeddable":true,"href":"https:\/\/vimaterial.de\/fr\/wp-json\/wp\/v2\/product_tag?post=1011739"}],"curies":[{"name":"wp","href":"https:\/\/api.w.org\/{rel}","templated":true}]}}