{"id":1011728,"date":"2024-06-17T14:21:39","date_gmt":"2024-06-17T06:21:39","guid":{"rendered":"https:\/\/vimaterial.de\/product\/fluorure-de-scandium\/"},"modified":"2025-01-02T11:34:05","modified_gmt":"2025-01-02T03:34:05","slug":"fluorure-de-scandium","status":"publish","type":"product","link":"https:\/\/vimaterial.de\/fr\/product\/fluorure-de-scandium\/","title":{"rendered":"Fluorure de scandium"},"content":{"rendered":"<p>Le fluorure de scandium (ScF3) est un compos\u00e9 compos\u00e9 de scandium et de fluor. Le fluorure de scandium a une bonne stabilit\u00e9 chimique et thermique, il a donc de larges perspectives d\u2019application dans la science des mat\u00e9riaux, la chimie et l\u2019\u00e9nergie. VIMATERIAL a gagn\u00e9 la confiance d\u2019un large \u00e9ventail de clients gr\u00e2ce \u00e0 sa qualit\u00e9 exceptionnelle, sa gamme compl\u00e8te de produits et son service attentionn\u00e9. Nos produits s\u2019exportent dans le monde entier et jouissent d\u2019une excellente r\u00e9putation. Engag\u00e9s envers l\u2019int\u00e9grit\u00e9 et la qualit\u00e9 d\u2019abord, nous accueillons chaleureusement les clients pour se renseigner et collaborer avec nous. <\/p>\n<h2><span style=\"font-size: 14pt;\">Propri\u00e9t\u00e9s<\/span><\/h2>\n<p>Formule chimique : ScF3 Masse molaire : 101,95112 g\/mol Apparence : poudre blanche brillante Densit\u00e9 : 2,53 g\/cm3 Point de fusion : 1 552 \u00b0C (2 826 \u00b0F ; 1 825 K) Point d\u2019\u00e9bullition : 1 607 \u00b0C (2 925 \u00b0F ; 1 880 K)<\/p>\n<h2><span style=\"font-size: 14pt;\">Normes pour le fluorure de scandium<\/span><\/h2>\n<p>1. Puret\u00e9 chimique&nbsp;: Les exigences de puret\u00e9 du fluorure de scandium sont relativement \u00e9lev\u00e9es, g\u00e9n\u00e9ralement sup\u00e9rieures \u00e0 99,99%. 2. Taille des particules : La taille des particules de fluorure de scandium a une grande influence sur ses performances d\u2019application et doit \u00eatre contr\u00f4l\u00e9e dans une certaine plage. 3. Forme&nbsp;: La forme du fluorure de scandium a une grande influence sur sa dispersibilit\u00e9 et sa stabilit\u00e9, et il est g\u00e9n\u00e9ralement n\u00e9cessaire qu\u2019il soit sous forme de granul\u00e9s ou de poudre. 4. Teneur en humidit\u00e9 : La teneur en humidit\u00e9 du fluorure de scandium doit \u00eatre faible pour garantir sa stabilit\u00e9 chimique et ses propri\u00e9t\u00e9s physiques.<\/p>\n<h2><span style=\"font-size: 14pt;\">Applications<\/span><\/h2>\n<p>Mat\u00e9riaux de la batterie : Il peut \u00eatre utilis\u00e9 comme mat\u00e9riau d\u2019\u00e9lectrode positive pour les batteries lithium-ion, avec des avantages tels qu\u2019une densit\u00e9 d\u2019\u00e9nergie \u00e9lev\u00e9e et une longue dur\u00e9e de vie. Mat\u00e9riaux optiques : Il peut \u00eatre utilis\u00e9 pour pr\u00e9parer des mat\u00e9riaux optiques \u00e0 haute transparence, tels que des c\u00e9ramiques transparentes, du verre optique, etc. Catalyseurs : Il peut \u00eatre utilis\u00e9 comme support de catalyseurs pour catalyser des r\u00e9actions organiques, des r\u00e9actions d\u2019oxydation, etc. Mat\u00e9riaux magn\u00e9tiques : Il peut \u00eatre utilis\u00e9 pour pr\u00e9parer des mat\u00e9riaux magn\u00e9tiques, tels que des nanoparticules magn\u00e9tiques, des films magn\u00e9tiques, etc. Mat\u00e9riaux biom\u00e9dicaux : Il peut \u00eatre utilis\u00e9 pour pr\u00e9parer des mat\u00e9riaux biom\u00e9dicaux, tels que des biocapteurs, des syst\u00e8mes de lib\u00e9ration prolong\u00e9e de m\u00e9dicaments, etc.<\/p>\n<h2><span style=\"font-size: 14pt;\">Contr\u00f4le qualit\u00e9<\/span><\/h2>\n<p>Nos produits mettent en \u0153uvre le syst\u00e8me de gestion de la qualit\u00e9 le plus strict. Il existe des normes d\u2019inspection strictes pour les mat\u00e9riaux entrants, les processus, les inspections finales et les inspections d\u2019usine. Des mesures d\u2019isolement strictes seront adopt\u00e9es pour le traitement non qualifi\u00e9 afin d\u2019\u00e9viter que les produits non qualifi\u00e9s ne passent au processus suivant. Des \u00e9chantillons seront fournis aux clients selon les exigences du client pour la r\u00e9inspection.   <\/p>\n<h2><span style=\"font-size: 14pt;\">Emballage et stockage<\/span><\/h2>\n<p>G\u00e9n\u00e9ralement emball\u00e9 sous vide \u00e0 l\u2019int\u00e9rieur et emball\u00e9 en carton \u00e0 l\u2019ext\u00e9rieur, il peut \u00e9galement \u00eatre emball\u00e9 selon les besoins du client. Les conditions de stockage du fluorure de scandium comprennent principalement un stockage scell\u00e9 dans un environnement sec et frais, \u00e9vitant l\u2019exposition \u00e0 l\u2019air pour emp\u00eacher l\u2019humidit\u00e9 de provoquer l\u2019oxydation et l\u2019agglom\u00e9ration, affectant les performances de dispersion et l\u2019effet d\u2019utilisation. Plus pr\u00e9cis\u00e9ment, le fluorure de scandium doit \u00eatre stock\u00e9 dans un sac en plastique rempli de gaz inerte et scell\u00e9 pour \u00e9viter qu\u2019il n\u2019entre en contact avec l\u2019humidit\u00e9 de l\u2019air et un environnement humide.<\/p>\n","protected":false},"excerpt":{"rendered":"<p>Le fluorure de scandium (ScF3) est un compos\u00e9 compos\u00e9 de scandium et de fluor. Le fluorure de scandium a une bonne stabilit\u00e9 chimique et thermique, il a donc de larges perspectives d\u2019application dans la science des mat\u00e9riaux, la chimie et l\u2019\u00e9nergie. VIMATERIAL a gagn\u00e9 la confiance d\u2019un large \u00e9ventail de clients gr\u00e2ce \u00e0 sa qualit\u00e9 [&hellip;]<\/p>\n","protected":false},"featured_media":1000345,"comment_status":"open","ping_status":"closed","template":"","meta":{"_acf_changed":false},"product_brand":[],"product_cat":[241,239],"product_tag":[],"class_list":{"0":"post-1011728","1":"product","2":"type-product","3":"status-publish","4":"has-post-thumbnail","6":"product_cat-materiaux-a-base-de-terres-rares","7":"product_cat-materiaux-halogenes","9":"first","10":"instock","11":"shipping-taxable","12":"purchasable","13":"product-type-variable"},"acf":[],"_links":{"self":[{"href":"https:\/\/vimaterial.de\/fr\/wp-json\/wp\/v2\/product\/1011728","targetHints":{"allow":["GET"]}}],"collection":[{"href":"https:\/\/vimaterial.de\/fr\/wp-json\/wp\/v2\/product"}],"about":[{"href":"https:\/\/vimaterial.de\/fr\/wp-json\/wp\/v2\/types\/product"}],"replies":[{"embeddable":true,"href":"https:\/\/vimaterial.de\/fr\/wp-json\/wp\/v2\/comments?post=1011728"}],"wp:featuredmedia":[{"embeddable":true,"href":"https:\/\/vimaterial.de\/fr\/wp-json\/wp\/v2\/media\/1000345"}],"wp:attachment":[{"href":"https:\/\/vimaterial.de\/fr\/wp-json\/wp\/v2\/media?parent=1011728"}],"wp:term":[{"taxonomy":"product_brand","embeddable":true,"href":"https:\/\/vimaterial.de\/fr\/wp-json\/wp\/v2\/product_brand?post=1011728"},{"taxonomy":"product_cat","embeddable":true,"href":"https:\/\/vimaterial.de\/fr\/wp-json\/wp\/v2\/product_cat?post=1011728"},{"taxonomy":"product_tag","embeddable":true,"href":"https:\/\/vimaterial.de\/fr\/wp-json\/wp\/v2\/product_tag?post=1011728"}],"curies":[{"name":"wp","href":"https:\/\/api.w.org\/{rel}","templated":true}]}}