{"id":1011711,"date":"2024-06-17T14:21:40","date_gmt":"2024-06-17T06:21:40","guid":{"rendered":"https:\/\/vimaterial.de\/product\/metal-titane-6\/"},"modified":"2025-01-02T14:02:53","modified_gmt":"2025-01-02T06:02:53","slug":"metal-titane-6","status":"publish","type":"product","link":"https:\/\/vimaterial.de\/fr\/product\/metal-titane-6\/","title":{"rendered":"Titane m\u00e9tal"},"content":{"rendered":"<p>Le titane m\u00e9tallique est un \u00e9l\u00e9ment m\u00e9tallique dont le symbole chimique est Ti et le num\u00e9ro atomique 22. Le titane a une tr\u00e8s faible densit\u00e9 et une r\u00e9sistance \u00e9lev\u00e9e, il a donc une tr\u00e8s large gamme d\u2019applications. VIMATERIAL a gagn\u00e9 la confiance d\u2019un large \u00e9ventail de clients gr\u00e2ce \u00e0 sa qualit\u00e9 exceptionnelle, sa gamme compl\u00e8te de produits et son service attentionn\u00e9. Nos produits s\u2019exportent dans le monde entier et jouissent d\u2019une excellente r\u00e9putation. Engag\u00e9s envers l\u2019int\u00e9grit\u00e9 et la qualit\u00e9 d\u2019abord, nous accueillons chaleureusement les clients pour se renseigner et collaborer avec nous. <\/p>\n<h2><span style=\"font-size: 14pt;\">Propri\u00e9t\u00e9s<\/span><\/h2>\n<p>Formule chimique&nbsp;:Ti Masse molaire&nbsp;:47.867 g\/mol Apparence&nbsp;: blanc argent\u00e9 Densit\u00e9&nbsp;: 4.506 g\/cm\u00b3 Point de fusion&nbsp;: 1668 \u00b0C Point d\u2019\u00e9bullition&nbsp;: 3287 \u00b0C<\/p>\n<h2><span style=\"font-size: 14pt;\">Avantages du titane m\u00e9tal<\/span><\/h2>\n<p>L\u00e9ger et haute r\u00e9sistance : La faible densit\u00e9 du titane m\u00e9tallique rend les produits qui en sont faits \u00e0 la fois l\u00e9gers et solides, avec une bonne durabilit\u00e9. R\u00e9sistance \u00e0 la corrosion&nbsp;: Le titane m\u00e9tal peut r\u00e9sister \u00e0 l\u2019\u00e9rosion de produits chimiques tels que les acides, les alcalis et les sels dans divers environnements, n\u2019est pas facile \u00e0 rouiller et fonctionne bien. Biocompatibilit\u00e9&nbsp;: Le titane m\u00e9tal est respectueux des tissus humains et est souvent utilis\u00e9 dans le domaine m\u00e9dical, comme la fabrication d\u2019articulations artificielles et d\u2019implants dentaires. R\u00e9sistance aux hautes temp\u00e9ratures : le m\u00e9tal Ti peut maintenir ses performances \u00e0 des temp\u00e9ratures plus \u00e9lev\u00e9es et a une bonne stabilit\u00e9 thermique. Respectueux de l\u2019environnement et durable : le titane m\u00e9tal est un mat\u00e9riau recyclable \u00e0 faible impact sur l\u2019environnement, ce qui s\u2019inscrit dans le concept de d\u00e9veloppement durable. Beau et \u00e0 la mode&nbsp;: La texture m\u00e9tallique et la couleur uniques de Ti peuvent ajouter un sens de la mode et de la technologie au produit.<\/p>\n<h2><span style=\"font-size: 14pt;\">Trois fonctions sp\u00e9ciales de Ti<\/span><\/h2>\n<p>1. Fonction de m\u00e9moire de forme Une certaine proportion de l\u2019alliage Ti-Ni a une fonction de m\u00e9moire de forme, c\u2019est-\u00e0-dire qu\u2019il peut restaurer sa forme d\u2019origine dans certaines conditions de temp\u00e9rature. Cette caract\u00e9ristique a de larges perspectives d\u2019application dans l\u2019a\u00e9rospatiale, la m\u00e9decine et d\u2019autres domaines. 2. Fonction de supraconductivit\u00e9 Lorsque la temp\u00e9rature descend \u00e0 un niveau proche du z\u00e9ro absolu, l\u2019alliage Nb-Ti perd de sa r\u00e9sistance et pr\u00e9sente une supraconductivit\u00e9. Cette caract\u00e9ristique conf\u00e8re \u00e0 l\u2019alliage Nb-Ti une valeur d\u2019application potentielle dans la transmission de puissance, la l\u00e9vitation magn\u00e9tique et d\u2019autres domaines. 3. Fonction de stockage d\u2019hydrog\u00e8ne L\u2019alliage Ti-Fe et d\u2019autres mat\u00e9riaux \u00e0 base de titane ont la capacit\u00e9 d\u2019absorber une grande quantit\u00e9 d\u2019hydrog\u00e8ne. Cette caract\u00e9ristique donne aux mat\u00e9riaux \u00e0 base de titane de vastes perspectives d\u2019application dans la s\u00e9paration de l\u2019hydrog\u00e8ne, le stockage et le transport de l\u2019hydrog\u00e8ne. En utilisant la fonction de stockage de l\u2019hydrog\u00e8ne des mat\u00e9riaux \u00e0 base de titane, l\u2019hydrog\u00e8ne peut \u00eatre stock\u00e9 en toute s\u00e9curit\u00e9 et lib\u00e9r\u00e9 pour \u00eatre utilis\u00e9 en cas de besoin.<\/p>\n<h2><span style=\"font-size: 14pt;\">Contr\u00f4le qualit\u00e9<\/span><\/h2>\n<p>Nos produits mettent en \u0153uvre le syst\u00e8me de gestion de la qualit\u00e9 le plus strict. Il existe des normes d\u2019inspection strictes pour les mat\u00e9riaux entrants, les processus, les inspections finales et les inspections d\u2019usine. Des mesures d\u2019isolement strictes seront adopt\u00e9es pour le traitement non qualifi\u00e9 afin d\u2019\u00e9viter que les produits non qualifi\u00e9s ne passent au processus suivant. Des \u00e9chantillons seront fournis aux clients selon les exigences du client pour la r\u00e9inspection.   <\/p>\n<h2><span style=\"font-size: 14pt;\">Emballage et stockage<\/span><\/h2>\n<p>G\u00e9n\u00e9ralement emball\u00e9 sous vide \u00e0 l\u2019int\u00e9rieur et emball\u00e9 en carton \u00e0 l\u2019ext\u00e9rieur, il peut \u00e9galement \u00eatre emball\u00e9 selon les besoins du client. Il doit \u00eatre stock\u00e9 dans un endroit sec et bien ventil\u00e9, \u00e0 l\u2019abri de l\u2019eau et des sources d\u2019incendie, et \u00e0 l\u2019abri de l\u2019humidit\u00e9 et de la chaleur.<\/p>\n","protected":false},"excerpt":{"rendered":"<p>Le titane m\u00e9tallique est un \u00e9l\u00e9ment m\u00e9tallique dont le symbole chimique est Ti et le num\u00e9ro atomique 22. Le titane a une tr\u00e8s faible densit\u00e9 et une r\u00e9sistance \u00e9lev\u00e9e, il a donc une tr\u00e8s large gamme d\u2019applications. VIMATERIAL a gagn\u00e9 la confiance d\u2019un large \u00e9ventail de clients gr\u00e2ce \u00e0 sa qualit\u00e9 exceptionnelle, sa gamme compl\u00e8te [&hellip;]<\/p>\n","protected":false},"featured_media":1000360,"comment_status":"open","ping_status":"closed","template":"","meta":{"_acf_changed":false},"product_brand":[],"product_cat":[245],"product_tag":[],"class_list":{"0":"post-1011711","1":"product","2":"type-product","3":"status-publish","4":"has-post-thumbnail","6":"product_cat-profil-fr","8":"first","9":"instock","10":"shipping-taxable","11":"purchasable","12":"product-type-variable"},"acf":[],"_links":{"self":[{"href":"https:\/\/vimaterial.de\/fr\/wp-json\/wp\/v2\/product\/1011711","targetHints":{"allow":["GET"]}}],"collection":[{"href":"https:\/\/vimaterial.de\/fr\/wp-json\/wp\/v2\/product"}],"about":[{"href":"https:\/\/vimaterial.de\/fr\/wp-json\/wp\/v2\/types\/product"}],"replies":[{"embeddable":true,"href":"https:\/\/vimaterial.de\/fr\/wp-json\/wp\/v2\/comments?post=1011711"}],"wp:featuredmedia":[{"embeddable":true,"href":"https:\/\/vimaterial.de\/fr\/wp-json\/wp\/v2\/media\/1000360"}],"wp:attachment":[{"href":"https:\/\/vimaterial.de\/fr\/wp-json\/wp\/v2\/media?parent=1011711"}],"wp:term":[{"taxonomy":"product_brand","embeddable":true,"href":"https:\/\/vimaterial.de\/fr\/wp-json\/wp\/v2\/product_brand?post=1011711"},{"taxonomy":"product_cat","embeddable":true,"href":"https:\/\/vimaterial.de\/fr\/wp-json\/wp\/v2\/product_cat?post=1011711"},{"taxonomy":"product_tag","embeddable":true,"href":"https:\/\/vimaterial.de\/fr\/wp-json\/wp\/v2\/product_tag?post=1011711"}],"curies":[{"name":"wp","href":"https:\/\/api.w.org\/{rel}","templated":true}]}}