{"id":1011617,"date":"2024-06-17T14:21:46","date_gmt":"2024-06-17T06:21:46","guid":{"rendered":"https:\/\/vimaterial.de\/product\/metal-titane-2\/"},"modified":"2025-01-02T14:49:54","modified_gmt":"2025-01-02T06:49:54","slug":"metal-titane-2","status":"publish","type":"product","link":"https:\/\/vimaterial.de\/fr\/product\/metal-titane-2\/","title":{"rendered":"Titane m\u00e9tal"},"content":{"rendered":"<p>La cible de pulv\u00e9risation en titane est une cible en \u00e9l\u00e9ment de titane, qui est couramment utilis\u00e9e dans la technologie de d\u00e9p\u00f4t de couches minces, telle que le d\u00e9p\u00f4t physique en phase vapeur (PVD) et le d\u00e9p\u00f4t chimique en phase vapeur (CVD). VIMATERIAL a gagn\u00e9 la confiance d\u2019un large \u00e9ventail de clients gr\u00e2ce \u00e0 sa qualit\u00e9 exceptionnelle, sa gamme compl\u00e8te de produits et son service attentionn\u00e9. Nos produits s\u2019exportent dans le monde entier et jouissent d\u2019une excellente r\u00e9putation. Engag\u00e9s envers l\u2019int\u00e9grit\u00e9 et la qualit\u00e9 d\u2019abord, nous accueillons chaleureusement les clients pour se renseigner et collaborer avec nous.<\/p>\n<h2><span style=\"font-size: 14pt;\">Propri\u00e9t\u00e9s<\/span><\/h2>\n<p>Formule chimique&nbsp;:Ti Masse molaire&nbsp;:47.867 g\/mol Apparence&nbsp;: blanc argent\u00e9 Densit\u00e9&nbsp;: 4.506 g\/cm\u00b3 Point de fusion&nbsp;: 1668 \u00b0C Point d\u2019\u00e9bullition&nbsp;: 3287 \u00b0C<\/p>\n<h2><span style=\"font-size: 14pt;\">Composition cible de pulv\u00e9risation en titane<\/span><\/h2>\n<p>La cible en titane est fabriqu\u00e9e en titane m\u00e9tallique de haute puret\u00e9, comprenant g\u00e9n\u00e9ralement les types suivants&nbsp;: 1. Cible en titane pur&nbsp;: La puret\u00e9 est aussi \u00e9lev\u00e9e que 99,995%, principalement fabriqu\u00e9e par pulv\u00e9risation \u00e9lectrostatique ou processus de pressage \u00e0 chaud. La cible de pulv\u00e9risation cathodique en titane pur pr\u00e9sente les caract\u00e9ristiques d\u2019une r\u00e9sistance \u00e0 la corrosion, d\u2019une grande stabilit\u00e9 et d\u2019une excellente conductivit\u00e9, et est largement utilis\u00e9e dans les semi-conducteurs, les rev\u00eatements, les films minces et l\u2019optique. 2. Cible en alliage de titane&nbsp;: y compris la cible en alliage de titane et la cible composite en alliage de titane. La cible en alliage de titane est g\u00e9n\u00e9ralement compos\u00e9e de titane et d\u2019autres \u00e9l\u00e9ments m\u00e9talliques tels que l\u2019aluminium, le cuivre, le nickel et le vanadium. Il pr\u00e9sente les caract\u00e9ristiques d\u2019une r\u00e9sistance \u00e9lev\u00e9e, d\u2019une t\u00e9nacit\u00e9 \u00e9lev\u00e9e et d\u2019une faible densit\u00e9, et est largement utilis\u00e9 dans les domaines de l\u2019a\u00e9rospatiale et de l\u2019automobile. Les cibles composites en alliage de titane sont compos\u00e9es de diff\u00e9rents mat\u00e9riaux et sont fabriqu\u00e9es par un processus composite. Ils ont les caract\u00e9ristiques d\u2019une r\u00e9sistance \u00e0 l\u2019ablation plus \u00e9lev\u00e9e et de meilleures propri\u00e9t\u00e9s optiques.<\/p>\n<h2><span style=\"font-size: 14pt;\">Applications de la cible de pulv\u00e9risation en titane<\/span><\/h2>\n<p>1 Industrie des semi-conducteurs : Les cibles de pulv\u00e9risation du titane et leurs compos\u00e9s (tels que le nitrure de titane et l\u2019oxyde de titane) sont souvent utilis\u00e9s pour fabriquer des couches d\u2019interface, des films de soudure, des couches barri\u00e8res, etc. dans les dispositifs semi-conducteurs. Il peut \u00eatre utilis\u00e9 pour d\u00e9poser des films m\u00e9talliques sur des plaquettes de silicium afin de connecter d\u2019autres \u00e9l\u00e9ments \u00e9lectroniques pour former des circuits. 2 Industrie du rev\u00eatement : Les cibles de pulv\u00e9risation en titane sont utilis\u00e9es pour le d\u00e9p\u00f4t physique en phase vapeur (PVD) et le d\u00e9p\u00f4t chimique en phase vapeur (CVD) afin de produire des rev\u00eatements efficaces et durables. Ces rev\u00eatements sont utilis\u00e9s dans de nombreux domaines, notamment le verre de contr\u00f4le solaire sur les b\u00e2timents, les films durs r\u00e9sistants \u00e0 l\u2019usure pour les pi\u00e8ces automobiles et les films r\u00e9sistants \u00e0 la corrosion pour les \u00e9quipements d\u2019\u00e9nergie fossile. 3 Industrie optique : Dans l\u2019industrie optique, les cibles de pulv\u00e9risation en titane sont utilis\u00e9es pour fabriquer des films aux propri\u00e9t\u00e9s antireflets, r\u00e9sistants \u00e0 l\u2019usure et de protection contre l\u2019oxydation. Certaines applications sp\u00e9cifiques incluent les rev\u00eatements de lunettes, les \u00e9l\u00e9ments d\u2019objectif d\u2019appareil photo, les t\u00e9lescopes, les microscopes et autres instruments de pr\u00e9cision. 4 P\u00e9riph\u00e9riques de stockage : Dans les p\u00e9riph\u00e9riques de stockage de donn\u00e9es, tels que les disques durs, la couche magn\u00e9tique du disque dur utilise g\u00e9n\u00e9ralement un mince film de titane avec une bonne stabilit\u00e9 thermique et une bonne r\u00e9sistance \u00e0 l\u2019usure. <\/p>\n<h2><span style=\"font-size: 14pt;\">Contr\u00f4le qualit\u00e9<\/span><\/h2>\n<p>Nos produits mettent en \u0153uvre le syst\u00e8me de gestion de la qualit\u00e9 le plus strict. Il existe des normes d\u2019inspection strictes pour les mat\u00e9riaux entrants, les processus, les inspections finales et les inspections d\u2019usine. Des mesures d\u2019isolement strictes seront adopt\u00e9es pour le traitement non qualifi\u00e9 afin d\u2019\u00e9viter que les produits non qualifi\u00e9s ne passent au processus suivant. Des \u00e9chantillons seront fournis aux clients selon les exigences du client pour la r\u00e9inspection.   <\/p>\n<h2><span style=\"font-size: 14pt;\">Emballage et stockage<\/span><\/h2>\n<p>G\u00e9n\u00e9ralement emball\u00e9 sous vide \u00e0 l\u2019int\u00e9rieur et emball\u00e9 en carton \u00e0 l\u2019ext\u00e9rieur, il peut \u00e9galement \u00eatre emball\u00e9 selon les besoins du client. Il doit \u00eatre stock\u00e9 dans un endroit sec et bien ventil\u00e9, \u00e0 l\u2019abri de l\u2019eau et des sources d\u2019incendie, et \u00e0 l\u2019abri de l\u2019humidit\u00e9 et de la chaleur.<\/p>\n","protected":false},"excerpt":{"rendered":"<p>La cible de pulv\u00e9risation en titane est une cible en \u00e9l\u00e9ment de titane, qui est couramment utilis\u00e9e dans la technologie de d\u00e9p\u00f4t de couches minces, telle que le d\u00e9p\u00f4t physique en phase vapeur (PVD) et le d\u00e9p\u00f4t chimique en phase vapeur (CVD). VIMATERIAL a gagn\u00e9 la confiance d\u2019un large \u00e9ventail de clients gr\u00e2ce \u00e0 sa [&hellip;]<\/p>\n","protected":false},"featured_media":1000405,"comment_status":"open","ping_status":"closed","template":"","meta":{"_acf_changed":false},"product_brand":[],"product_cat":[235],"product_tag":[],"class_list":{"0":"post-1011617","1":"product","2":"type-product","3":"status-publish","4":"has-post-thumbnail","6":"product_cat-cibles-de-pulverisation-planaire","8":"first","9":"instock","10":"shipping-taxable","11":"purchasable","12":"product-type-variable"},"acf":[],"_links":{"self":[{"href":"https:\/\/vimaterial.de\/fr\/wp-json\/wp\/v2\/product\/1011617","targetHints":{"allow":["GET"]}}],"collection":[{"href":"https:\/\/vimaterial.de\/fr\/wp-json\/wp\/v2\/product"}],"about":[{"href":"https:\/\/vimaterial.de\/fr\/wp-json\/wp\/v2\/types\/product"}],"replies":[{"embeddable":true,"href":"https:\/\/vimaterial.de\/fr\/wp-json\/wp\/v2\/comments?post=1011617"}],"wp:featuredmedia":[{"embeddable":true,"href":"https:\/\/vimaterial.de\/fr\/wp-json\/wp\/v2\/media\/1000405"}],"wp:attachment":[{"href":"https:\/\/vimaterial.de\/fr\/wp-json\/wp\/v2\/media?parent=1011617"}],"wp:term":[{"taxonomy":"product_brand","embeddable":true,"href":"https:\/\/vimaterial.de\/fr\/wp-json\/wp\/v2\/product_brand?post=1011617"},{"taxonomy":"product_cat","embeddable":true,"href":"https:\/\/vimaterial.de\/fr\/wp-json\/wp\/v2\/product_cat?post=1011617"},{"taxonomy":"product_tag","embeddable":true,"href":"https:\/\/vimaterial.de\/fr\/wp-json\/wp\/v2\/product_tag?post=1011617"}],"curies":[{"name":"wp","href":"https:\/\/api.w.org\/{rel}","templated":true}]}}