{"id":1011553,"date":"2024-06-17T14:22:45","date_gmt":"2024-06-17T06:22:45","guid":{"rendered":"https:\/\/vimaterial.de\/product\/titane-aluminium-vanadium\/"},"modified":"2025-01-02T16:02:34","modified_gmt":"2025-01-02T08:02:34","slug":"titane-aluminium-vanadium","status":"publish","type":"product","link":"https:\/\/vimaterial.de\/fr\/product\/titane-aluminium-vanadium\/","title":{"rendered":"Titane Aluminium Vanadium"},"content":{"rendered":"<p>Titane Aluminium Vanadium, \u00e9galement connu sous le nom d\u2019alliage de titane Ti-6Al-4V, est un alliage de titane \u03b1+\u03b2 \u00e0 haute r\u00e9sistance. En raison de son excellente r\u00e9sistance, de sa r\u00e9sistance \u00e0 la corrosion et de ses performances \u00e0 haute temp\u00e9rature, il est largement utilis\u00e9 dans l\u2019a\u00e9rospatiale, le biom\u00e9dical, l\u2019automobile et les industries manufacturi\u00e8res haut de gamme. VIMATERIAL a gagn\u00e9 la confiance d\u2019un large \u00e9ventail de clients gr\u00e2ce \u00e0 sa qualit\u00e9 exceptionnelle, sa gamme compl\u00e8te de produits et son service attentionn\u00e9. Nos produits s\u2019exportent dans le monde entier et jouissent d\u2019une excellente r\u00e9putation. Engag\u00e9s envers l\u2019int\u00e9grit\u00e9 et la qualit\u00e9 d\u2019abord, nous accueillons chaleureusement les clients pour se renseigner et collaborer avec nous. <\/p>\n<h2><span style=\"font-size: 14pt;\">Composition de base de l\u2019alliage de titane Ti-6Al-4V<\/span><\/h2>\n<p>La composition chimique de l\u2019alliage de titane Ti-6Al-4V comprend principalement les \u00e9l\u00e9ments cl\u00e9s suivants : Titane (Ti) : Le Ti est la matrice principale de l\u2019alliage, repr\u00e9sentant g\u00e9n\u00e9ralement plus de 90 % de la composition de l\u2019alliage. La l\u00e9g\u00e8ret\u00e9 du titane, sa bonne r\u00e9sistance \u00e0 la corrosion et sa haute r\u00e9sistance en font un composant essentiel des alliages. Aluminium (Al) : L\u2019aluminium repr\u00e9sente g\u00e9n\u00e9ralement 5 \u00e0 6 % de l\u2019alliage de titane Ti-6Al-4V. Sa fonction principale est d\u2019am\u00e9liorer la r\u00e9sistance et la r\u00e9sistance \u00e0 l\u2019oxydation de l\u2019alliage. L\u2019aluminium est l\u2019un des \u00e9l\u00e9ments d\u2019alliage les plus couramment utilis\u00e9s dans les alliages de titane, ce qui peut am\u00e9liorer consid\u00e9rablement la temp\u00e9rature de transition de phase et les propri\u00e9t\u00e9s m\u00e9caniques du mat\u00e9riau. Vanadium (V) : La teneur en vanadium est g\u00e9n\u00e9ralement de 3 \u00e0 4 %. Le vanadium aide \u00e0 am\u00e9liorer la r\u00e9sistance, la plasticit\u00e9 et la r\u00e9sistance \u00e0 la fatigue des alliages de titane, et peut am\u00e9liorer efficacement la r\u00e9sistance \u00e0 haute temp\u00e9rature de l\u2019alliage. Dans l\u2019alliage Ti-6Al-4V, le vanadium et l\u2019aluminium forment une phase d\u2019alliage plus stable, am\u00e9liorant ainsi les propri\u00e9t\u00e9s m\u00e9caniques de l\u2019alliage. L\u2019alliage Ti-6Al-4V peut \u00e9galement contenir de petites quantit\u00e9s d\u2019autres \u00e9l\u00e9ments, tels que le fer (Fe), l\u2019oxyg\u00e8ne (O) et le carbone (C). Bien que la teneur en ces \u00e9l\u00e9ments d\u2019impuret\u00e9s ne soit pas \u00e9lev\u00e9e, leur impact sur les performances de l\u2019alliage ne peut \u00eatre ignor\u00e9.<\/p>\n<h2><span style=\"font-size: 14pt;\">Performances de Ti6Al4V<\/span><\/h2>\n<p>1. R\u00e9sistance&nbsp;: La r\u00e9sistance de l\u2019alliage de titane Gr.5 est meilleure que celle du titane pur, et il a une excellente r\u00e9sistance \u00e0 la traction et une limite d\u2019\u00e9lasticit\u00e9 \u00e0 temp\u00e9rature ambiante. 2. R\u00e9sistance \u00e0 la corrosion&nbsp;: L\u2019alliage de titane Gr.5 a une bonne r\u00e9sistance \u00e0 la corrosion et peut r\u00e9sister \u00e0 l\u2019\u00e9rosion de la plupart des milieux corrosifs tels que les acides, l\u2019eau sal\u00e9e et l\u2019eau de mer. 3. Propri\u00e9t\u00e9s de traitement thermique&nbsp;: L\u2019alliage de titane Gr.5 a de bonnes propri\u00e9t\u00e9s de traitement thermique, et diff\u00e9rentes propri\u00e9t\u00e9s m\u00e9caniques et microstructures peuvent \u00eatre obtenues en contr\u00f4lant les param\u00e8tres de traitement. 4. Usinabilit\u00e9&nbsp;: L\u2019alliage de titane Gr.5 a une bonne usinabilit\u00e9 et peut \u00eatre utilis\u00e9 pour diverses techniques de traitement, telles que le forgeage, le fraisage, le tournage et le soudage. 5. L\u00e9ger&nbsp;: Compar\u00e9 \u00e0 de nombreux autres mat\u00e9riaux m\u00e9talliques, l\u2019alliage de titane Gr.5 a une densit\u00e9 plus faible, ce qui en fait un choix id\u00e9al pour les applications qui n\u00e9cessitent \u00e0 la fois un poids l\u00e9ger et une r\u00e9sistance \u00e9lev\u00e9e.<\/p>\n<h2><span style=\"font-size: 14pt;\">Applications de Ti6Al4V<\/span><\/h2>\n<p>1. Industrie a\u00e9rospatiale&nbsp;: L\u2019alliage de titane Gr.5 est largement utilis\u00e9 dans les avions, les missiles, les engins spatiaux et d\u2019autres domaines pour fabriquer des pi\u00e8ces structurelles, des pi\u00e8ces de moteur, des fuselages et des h\u00e9lices. 2. Dispositifs m\u00e9dicaux&nbsp;: En raison de sa biocompatibilit\u00e9 et de sa r\u00e9sistance \u00e0 la corrosion, l\u2019alliage de titane Gr.5 est largement utilis\u00e9 dans la production de dispositifs m\u00e9dicaux, de dispositifs de r\u00e9paration osseuse, d\u2019articulations artificielles, etc. 3. Industrie automobile&nbsp;: L\u2019alliage de titane Gr.5 peut \u00eatre utilis\u00e9 dans les syst\u00e8mes de freinage automobiles, les tuyaux d\u2019\u00e9chappement, les si\u00e8ges, les cadres et d\u2019autres composants pour r\u00e9duire le poids et am\u00e9liorer l\u2019efficacit\u00e9 \u00e9nerg\u00e9tique. 4. \u00c9quipement sportif&nbsp;: En raison de son poids l\u00e9ger et de sa haute r\u00e9sistance, l\u2019alliage de titane Gr.5 est utilis\u00e9 pour fabriquer des \u00e9quipements sportifs haut de gamme, tels que des cadres de v\u00e9lo, des clubs de golf et des raquettes de tennis.<\/p>\n<h2><span style=\"font-size: 14pt;\">Contr\u00f4le qualit\u00e9<\/span><\/h2>\n<p>Nos produits mettent en \u0153uvre le syst\u00e8me de gestion de la qualit\u00e9 le plus strict. Il existe des normes d\u2019inspection strictes pour les mat\u00e9riaux entrants, les processus, les inspections finales et les inspections d\u2019usine. Des mesures d\u2019isolement strictes seront adopt\u00e9es pour le traitement non qualifi\u00e9 afin d\u2019\u00e9viter que les produits non qualifi\u00e9s ne passent au processus suivant. Des \u00e9chantillons seront fournis aux clients selon les exigences du client pour la r\u00e9inspection.   <\/p>\n<h2><span style=\"font-size: 14pt;\">Emballage et stockage<\/span><\/h2>\n<p>G\u00e9n\u00e9ralement emball\u00e9 sous vide \u00e0 l\u2019int\u00e9rieur et emball\u00e9 en carton \u00e0 l\u2019ext\u00e9rieur, il peut \u00e9galement \u00eatre emball\u00e9 selon les besoins du client. Lors du stockage de Ti6Al4V, vous devez d\u2019abord choisir un environnement de stockage sec, ventil\u00e9 et sans gaz alcalin pour vous assurer que la qualit\u00e9 de la poudre n\u2019est pas affect\u00e9e par l\u2019humidit\u00e9, la contamination, les r\u00e9actions d\u2019oxydation et autres effets nocifs. Dans le m\u00eame temps, la temp\u00e9rature ambiante doit \u00eatre maintenue pendant le stockage et les grandes fluctuations de temp\u00e9rature doivent \u00eatre \u00e9vit\u00e9es pour maintenir la stabilit\u00e9 des propri\u00e9t\u00e9s chimiques et la taille des particules de la poudre.<\/p>\n","protected":false},"excerpt":{"rendered":"<p>Titane Aluminium Vanadium, \u00e9galement connu sous le nom d\u2019alliage de titane Ti-6Al-4V, est un alliage de titane \u03b1+\u03b2 \u00e0 haute r\u00e9sistance. En raison de son excellente r\u00e9sistance, de sa r\u00e9sistance \u00e0 la corrosion et de ses performances \u00e0 haute temp\u00e9rature, il est largement utilis\u00e9 dans l\u2019a\u00e9rospatiale, le biom\u00e9dical, l\u2019automobile et les industries manufacturi\u00e8res haut de [&hellip;]<\/p>\n","protected":false},"featured_media":1000422,"comment_status":"open","ping_status":"closed","template":"","meta":{"_acf_changed":false},"product_brand":[],"product_cat":[242],"product_tag":[],"class_list":{"0":"post-1011553","1":"product","2":"type-product","3":"status-publish","4":"has-post-thumbnail","6":"product_cat-impression-3d-de-poudre-spherique","8":"first","9":"instock","10":"shipping-taxable","11":"purchasable","12":"product-type-variable"},"acf":[],"_links":{"self":[{"href":"https:\/\/vimaterial.de\/fr\/wp-json\/wp\/v2\/product\/1011553","targetHints":{"allow":["GET"]}}],"collection":[{"href":"https:\/\/vimaterial.de\/fr\/wp-json\/wp\/v2\/product"}],"about":[{"href":"https:\/\/vimaterial.de\/fr\/wp-json\/wp\/v2\/types\/product"}],"replies":[{"embeddable":true,"href":"https:\/\/vimaterial.de\/fr\/wp-json\/wp\/v2\/comments?post=1011553"}],"wp:featuredmedia":[{"embeddable":true,"href":"https:\/\/vimaterial.de\/fr\/wp-json\/wp\/v2\/media\/1000422"}],"wp:attachment":[{"href":"https:\/\/vimaterial.de\/fr\/wp-json\/wp\/v2\/media?parent=1011553"}],"wp:term":[{"taxonomy":"product_brand","embeddable":true,"href":"https:\/\/vimaterial.de\/fr\/wp-json\/wp\/v2\/product_brand?post=1011553"},{"taxonomy":"product_cat","embeddable":true,"href":"https:\/\/vimaterial.de\/fr\/wp-json\/wp\/v2\/product_cat?post=1011553"},{"taxonomy":"product_tag","embeddable":true,"href":"https:\/\/vimaterial.de\/fr\/wp-json\/wp\/v2\/product_tag?post=1011553"}],"curies":[{"name":"wp","href":"https:\/\/api.w.org\/{rel}","templated":true}]}}