{"id":1011527,"date":"2024-06-17T14:22:46","date_gmt":"2024-06-17T06:22:46","guid":{"rendered":"https:\/\/vimaterial.de\/product\/titane-aluminium-vanadium-alliage-detain\/"},"modified":"2025-01-02T16:26:58","modified_gmt":"2025-01-02T08:26:58","slug":"titane-aluminium-vanadium-alliage-detain","status":"publish","type":"product","link":"https:\/\/vimaterial.de\/fr\/product\/titane-aluminium-vanadium-alliage-detain\/","title":{"rendered":"Titane, aluminium, vanadium, alliage d\u2019\u00e9tain"},"content":{"rendered":"<p>L\u2019alliage titane-aluminium-vanadium-\u00e9tain (Ti-6Al-6V-2Sn) est un alliage de titane \u00e0 haute r\u00e9sistance et pouvant \u00eatre trait\u00e9 thermiquement largement utilis\u00e9 dans les applications a\u00e9rospatiales et industrielles. VIMATERIAL a gagn\u00e9 la confiance d\u2019un large \u00e9ventail de clients gr\u00e2ce \u00e0 sa qualit\u00e9 exceptionnelle, sa gamme compl\u00e8te de produits et son service attentionn\u00e9. Nos produits s\u2019exportent dans le monde entier et jouissent d\u2019une excellente r\u00e9putation. Engag\u00e9s envers l\u2019int\u00e9grit\u00e9 et la qualit\u00e9 d\u2019abord, nous accueillons chaleureusement les clients pour se renseigner et collaborer avec nous.<\/p>\n<h2><span style=\"font-size: 14pt;\">Composition de base du Ti-6Al-6V-2Sn<\/span><\/h2>\n<p>Titane (Ti) : \u00c9l\u00e9ment de base. Aluminium (Al) : ~6% pour augmenter la r\u00e9sistance et r\u00e9duire le poids. Vanadium (V) : ~6 % pour am\u00e9liorer la trempabilit\u00e9 et la r\u00e9sistance \u00e0 la corrosion. \u00c9tain (Sn) : ~2% pour am\u00e9liorer la r\u00e9sistance au fluage et la stabilit\u00e9 \u00e0 haute temp\u00e9rature.<\/p>\n<h2><span style=\"font-size: 14pt;\">Performances du Ti-6Al-6V-2Sn<\/span><\/h2>\n<p>Haute r\u00e9sistance : excellent rapport r\u00e9sistance\/poids. Bonne r\u00e9sistance \u00e0 la chaleur : fonctionne bien \u00e0 des temp\u00e9ratures \u00e9lev\u00e9es, g\u00e9n\u00e9ralement jusqu\u2019\u00e0 450 \u00b0C (842 \u00b0F). R\u00e9sistance \u00e0 la corrosion : Excellente r\u00e9sistance \u00e0 la corrosion dans une vari\u00e9t\u00e9 d\u2019environnements, y compris les expositions marines et chimiques. T\u00e9nacit\u00e9 : Maintient la ductilit\u00e9 et la t\u00e9nacit\u00e9 m\u00eame sous contrainte. Soudabilit\u00e9 : Soudabilit\u00e9 moyenne, n\u00e9cessitant des proc\u00e9d\u00e9s sp\u00e9cifiques et un traitement thermique post-soudage.<\/p>\n<h2><span style=\"font-size: 14pt;\">Applications du Ti-6Al-6V-2Sn<\/span><\/h2>\n<p>1. A\u00e9rospatiale&nbsp;: En raison de leur poids l\u00e9ger, de leur r\u00e9sistance \u00e9lev\u00e9e et de leur r\u00e9sistance \u00e0 la corrosion, les alliages de titane sont souvent utilis\u00e9s comme composants structurels d\u2019avions, pi\u00e8ces de moteur, etc. 2. Domaine automobile&nbsp;: l\u2019application de l\u2019alliage de titane dans la construction automobile se concentre principalement sur la r\u00e9duction du poids du corps, l\u2019am\u00e9lioration de l\u2019efficacit\u00e9 \u00e9nerg\u00e9tique et les performances de s\u00e9curit\u00e9. \u00c0 l\u2019heure actuelle, de nombreux mod\u00e8les de luxe ont adopt\u00e9 des alliages de titane pour les tuyaux d\u2019\u00e9chappement, les syst\u00e8mes de freinage, les transmissions et d\u2019autres pi\u00e8ces. 3. Domaine m\u00e9dical&nbsp;: Parce que l\u2019alliage de titane pr\u00e9sente les avantages de la biocompatibilit\u00e9 et de la r\u00e9sistance \u00e0 la corrosion, il est souvent utilis\u00e9 dans la fabrication d\u2019os humains, d\u2019articulations et d\u2019autres implants.<\/p>\n<h2><span style=\"font-size: 14pt;\">Contr\u00f4le qualit\u00e9<\/span><\/h2>\n<p>Nos produits mettent en \u0153uvre le syst\u00e8me de gestion de la qualit\u00e9 le plus strict. Il existe des normes d\u2019inspection strictes pour les mat\u00e9riaux entrants, les processus, les inspections finales et les inspections d\u2019usine. Des mesures d\u2019isolement strictes seront adopt\u00e9es pour le traitement non qualifi\u00e9 afin d\u2019\u00e9viter que les produits non qualifi\u00e9s ne passent au processus suivant. Des \u00e9chantillons seront fournis aux clients selon les exigences du client pour la r\u00e9inspection.   <\/p>\n<h2><span style=\"font-size: 14pt;\">Emballage et stockage<\/span><\/h2>\n<p>G\u00e9n\u00e9ralement emball\u00e9 sous vide \u00e0 l\u2019int\u00e9rieur et emball\u00e9 en carton \u00e0 l\u2019ext\u00e9rieur, il peut \u00e9galement \u00eatre emball\u00e9 selon les besoins du client. Lors du stockage du Ti-6Al-6V-2Sn, vous devez d\u2019abord choisir un environnement de stockage sec, ventil\u00e9 et sans gaz alcalin pour vous assurer que la qualit\u00e9 de la poudre n\u2019est pas affect\u00e9e par l\u2019humidit\u00e9, la contamination, les r\u00e9actions d\u2019oxydation et d\u2019autres effets nocifs. Dans le m\u00eame temps, la temp\u00e9rature ambiante doit \u00eatre maintenue pendant le stockage et les grandes fluctuations de temp\u00e9rature doivent \u00eatre \u00e9vit\u00e9es pour maintenir la stabilit\u00e9 des propri\u00e9t\u00e9s chimiques et la taille des particules de la poudre.<\/p>\n","protected":false},"excerpt":{"rendered":"<p>L\u2019alliage titane-aluminium-vanadium-\u00e9tain (Ti-6Al-6V-2Sn) est un alliage de titane \u00e0 haute r\u00e9sistance et pouvant \u00eatre trait\u00e9 thermiquement largement utilis\u00e9 dans les applications a\u00e9rospatiales et industrielles. VIMATERIAL a gagn\u00e9 la confiance d\u2019un large \u00e9ventail de clients gr\u00e2ce \u00e0 sa qualit\u00e9 exceptionnelle, sa gamme compl\u00e8te de produits et son service attentionn\u00e9. Nos produits s\u2019exportent dans le monde entier [&hellip;]<\/p>\n","protected":false},"featured_media":1000432,"comment_status":"open","ping_status":"closed","template":"","meta":{"_acf_changed":false},"product_brand":[],"product_cat":[242],"product_tag":[],"class_list":{"0":"post-1011527","1":"product","2":"type-product","3":"status-publish","4":"has-post-thumbnail","6":"product_cat-impression-3d-de-poudre-spherique","8":"first","9":"instock","10":"shipping-taxable","11":"product-type-variable"},"acf":[],"_links":{"self":[{"href":"https:\/\/vimaterial.de\/fr\/wp-json\/wp\/v2\/product\/1011527","targetHints":{"allow":["GET"]}}],"collection":[{"href":"https:\/\/vimaterial.de\/fr\/wp-json\/wp\/v2\/product"}],"about":[{"href":"https:\/\/vimaterial.de\/fr\/wp-json\/wp\/v2\/types\/product"}],"replies":[{"embeddable":true,"href":"https:\/\/vimaterial.de\/fr\/wp-json\/wp\/v2\/comments?post=1011527"}],"wp:featuredmedia":[{"embeddable":true,"href":"https:\/\/vimaterial.de\/fr\/wp-json\/wp\/v2\/media\/1000432"}],"wp:attachment":[{"href":"https:\/\/vimaterial.de\/fr\/wp-json\/wp\/v2\/media?parent=1011527"}],"wp:term":[{"taxonomy":"product_brand","embeddable":true,"href":"https:\/\/vimaterial.de\/fr\/wp-json\/wp\/v2\/product_brand?post=1011527"},{"taxonomy":"product_cat","embeddable":true,"href":"https:\/\/vimaterial.de\/fr\/wp-json\/wp\/v2\/product_cat?post=1011527"},{"taxonomy":"product_tag","embeddable":true,"href":"https:\/\/vimaterial.de\/fr\/wp-json\/wp\/v2\/product_tag?post=1011527"}],"curies":[{"name":"wp","href":"https:\/\/api.w.org\/{rel}","templated":true}]}}