{"id":1011520,"date":"2024-06-17T14:22:53","date_gmt":"2024-06-17T06:22:53","guid":{"rendered":"https:\/\/vimaterial.de\/product\/oxyde-de-titane-8\/"},"modified":"2024-07-17T13:02:30","modified_gmt":"2024-07-17T05:02:30","slug":"oxyde-de-titane-8","status":"publish","type":"product","link":"https:\/\/vimaterial.de\/fr\/product\/oxyde-de-titane-8\/","title":{"rendered":"Oxyde de titane"},"content":{"rendered":"<p>Caract\u00e9ristiqueL\u2019oxyde de titane est une sorte de produits chimiques, formule chimique Ti2O3, poids mol\u00e9culaire de 143,73, la forme est de la poudre violette, structure chimique du syst\u00e8me hexagonal. Le Ti2O3 a une structure similaire \u00e0 celle du corindon (DE -Al2O3). Il peut r\u00e9agir avec les acides oxydants. Il peut conduire l\u2019\u00e9lectricit\u00e9. Moins de 200 degr\u00e9s est d\u00e9fini comme un semi-conducteur, au-dessus de cette temp\u00e9rature est la conduction \u00e9lectronique (similaire au m\u00e9tal). Formule chimique&nbsp;:Ti2O3Masse molaire&nbsp;:143.76 g\u00b7mol-1Apparence&nbsp;:Poudre noire violac\u00e9eOdeur&nbsp;:InodoreDensit\u00e9&nbsp;: 4.49 g\/cm3Point de fusion&nbsp;:2130\u00b0CSolubilit\u00e9 dans l\u2019eau&nbsp;:Insoluble<\/p>\n","protected":false},"excerpt":{"rendered":"<p>Caract\u00e9ristiqueL\u2019oxyde de titane est une sorte de produits chimiques, formule chimique Ti2O3, poids mol\u00e9culaire de 143,73, la forme est de la poudre violette, structure chimique du syst\u00e8me hexagonal. Le Ti2O3 a une structure similaire \u00e0 celle du corindon (DE -Al2O3). Il peut r\u00e9agir avec les acides oxydants. Il peut conduire l\u2019\u00e9lectricit\u00e9. Moins de 200 degr\u00e9s [&hellip;]<\/p>\n","protected":false},"featured_media":1041346,"comment_status":"open","ping_status":"closed","template":"","meta":{"_acf_changed":false},"product_brand":[],"product_cat":[243],"product_tag":[],"class_list":{"0":"post-1011520","1":"product","2":"type-product","3":"status-publish","4":"has-post-thumbnail","6":"product_cat-materiaux-oxydes-hydroxydes","8":"first","9":"instock","10":"shipping-taxable","11":"purchasable","12":"product-type-variable"},"acf":[],"_links":{"self":[{"href":"https:\/\/vimaterial.de\/fr\/wp-json\/wp\/v2\/product\/1011520","targetHints":{"allow":["GET"]}}],"collection":[{"href":"https:\/\/vimaterial.de\/fr\/wp-json\/wp\/v2\/product"}],"about":[{"href":"https:\/\/vimaterial.de\/fr\/wp-json\/wp\/v2\/types\/product"}],"replies":[{"embeddable":true,"href":"https:\/\/vimaterial.de\/fr\/wp-json\/wp\/v2\/comments?post=1011520"}],"wp:featuredmedia":[{"embeddable":true,"href":"https:\/\/vimaterial.de\/fr\/wp-json\/wp\/v2\/media\/1041346"}],"wp:attachment":[{"href":"https:\/\/vimaterial.de\/fr\/wp-json\/wp\/v2\/media?parent=1011520"}],"wp:term":[{"taxonomy":"product_brand","embeddable":true,"href":"https:\/\/vimaterial.de\/fr\/wp-json\/wp\/v2\/product_brand?post=1011520"},{"taxonomy":"product_cat","embeddable":true,"href":"https:\/\/vimaterial.de\/fr\/wp-json\/wp\/v2\/product_cat?post=1011520"},{"taxonomy":"product_tag","embeddable":true,"href":"https:\/\/vimaterial.de\/fr\/wp-json\/wp\/v2\/product_tag?post=1011520"}],"curies":[{"name":"wp","href":"https:\/\/api.w.org\/{rel}","templated":true}]}}