{"id":1011498,"date":"2024-06-17T14:22:53","date_gmt":"2024-06-17T06:22:53","guid":{"rendered":"https:\/\/vimaterial.de\/product\/oxyde-de-titane-6\/"},"modified":"2025-01-03T14:56:22","modified_gmt":"2025-01-03T06:56:22","slug":"oxyde-de-titane-6","status":"publish","type":"product","link":"https:\/\/vimaterial.de\/fr\/product\/oxyde-de-titane-6\/","title":{"rendered":"Oxyde de titane"},"content":{"rendered":"<p>L\u2019oxyde de titane (trioxyde de titane) est un compos\u00e9 inorganique de formule chimique Ti2O3, qui est un mat\u00e9riau semi-conducteur violet. VIMATERIAL a gagn\u00e9 la confiance d\u2019un large \u00e9ventail de clients gr\u00e2ce \u00e0 sa qualit\u00e9 exceptionnelle, sa gamme compl\u00e8te de produits et son service attentionn\u00e9. Nos produits s\u2019exportent dans le monde entier et jouissent d\u2019une excellente r\u00e9putation. Engag\u00e9s envers l\u2019int\u00e9grit\u00e9 et la qualit\u00e9 d\u2019abord, nous accueillons chaleureusement les clients pour se renseigner et collaborer avec nous.<\/p>\n<h2><span style=\"font-size: 14pt;\">Propri\u00e9t\u00e9s<\/span><\/h2>\n<p>Formule chimique : Ti2O3 Poids mol\u00e9culaire : 143,7320 g\/mol Aspect : solide violet-noir Point de fusion : 2130 \u00b0C Densit\u00e9 : 4,49 g\/cm\u00b3 Solubilit\u00e9 dans l\u2019eau : insoluble<\/p>\n<h2><span style=\"font-size: 14pt;\">Applications de l\u2019oxyde de titane<\/span><\/h2>\n<p>Dispositifs opto\u00e9lectroniques : Le Ti2O3 est un mat\u00e9riau semi-conducteur dot\u00e9 de bonnes propri\u00e9t\u00e9s optiques et \u00e9lectroniques. Il peut \u00eatre utilis\u00e9 pour fabriquer des cellules solaires, des \u00e9crans d\u2019affichage, des photodiodes et d\u2019autres appareils. De plus, le trioxyde de titane poss\u00e8de \u00e9galement d\u2019excellentes propri\u00e9t\u00e9s photocatalytiques, qui peuvent convertir l\u2019\u00e9nergie lumineuse en \u00e9nergie chimique pour d\u00e9grader la mati\u00e8re organique et purifier les masses d\u2019eau.Domaine de l\u2019environnement&nbsp;: Dans le domaine de l\u2019environnement, le trioxyde de titane est largement utilis\u00e9 dans la purification de l\u2019air, le traitement de l\u2019eau et les mat\u00e9riaux autonettoyants. Ses propri\u00e9t\u00e9s photocatalytiques permettent au trioxyde de titane de purifier l\u2019air et les masses d\u2019eau par des r\u00e9actions photocatalytiques. Fabrication de pierres pr\u00e9cieuses artificielles : Ti2O3 est \u00e9galement utilis\u00e9 dans la fabrication de pierres pr\u00e9cieuses artificielles. Il peut \u00eatre utilis\u00e9 pour fabriquer des films denses et color\u00e9s, et convient au rev\u00eatement de films composites, de films color\u00e9s, de films antireflet et de films ultraviolets.  <\/p>\n<h2><span style=\"font-size: 14pt;\">Contr\u00f4le qualit\u00e9<\/span><\/h2>\n<p>Nos produits mettent en \u0153uvre le syst\u00e8me de gestion de la qualit\u00e9 le plus strict. Il existe des normes d\u2019inspection strictes pour les mat\u00e9riaux entrants, les processus, les inspections finales et les inspections d\u2019usine. Des mesures d\u2019isolement strictes seront adopt\u00e9es pour le traitement non qualifi\u00e9 afin d\u2019\u00e9viter que les produits non qualifi\u00e9s ne passent au processus suivant. Des \u00e9chantillons seront fournis aux clients selon les exigences du client pour la r\u00e9inspection.   <\/p>\n<h2><span style=\"font-size: 14pt;\">Emballage et stockage<\/span><\/h2>\n<p>G\u00e9n\u00e9ralement emball\u00e9 sous vide \u00e0 l\u2019int\u00e9rieur et emball\u00e9 en carton \u00e0 l\u2019ext\u00e9rieur, il peut \u00e9galement \u00eatre emball\u00e9 selon les besoins du client. Stocker dans un endroit frais et sec, et s\u2019assurer que l\u2019atelier dispose d\u2019une bonne ventilation ou de dispositifs d\u2019\u00e9vacuation.<\/p>\n","protected":false},"excerpt":{"rendered":"<p>L\u2019oxyde de titane (trioxyde de titane) est un compos\u00e9 inorganique de formule chimique Ti2O3, qui est un mat\u00e9riau semi-conducteur violet. VIMATERIAL a gagn\u00e9 la confiance d\u2019un large \u00e9ventail de clients gr\u00e2ce \u00e0 sa qualit\u00e9 exceptionnelle, sa gamme compl\u00e8te de produits et son service attentionn\u00e9. Nos produits s\u2019exportent dans le monde entier et jouissent d\u2019une excellente [&hellip;]<\/p>\n","protected":false},"featured_media":1000456,"comment_status":"open","ping_status":"closed","template":"","meta":{"_acf_changed":false},"product_brand":[],"product_cat":[235],"product_tag":[],"class_list":{"0":"post-1011498","1":"product","2":"type-product","3":"status-publish","4":"has-post-thumbnail","6":"product_cat-cibles-de-pulverisation-planaire","8":"first","9":"instock","10":"shipping-taxable","11":"product-type-variable"},"acf":[],"_links":{"self":[{"href":"https:\/\/vimaterial.de\/fr\/wp-json\/wp\/v2\/product\/1011498","targetHints":{"allow":["GET"]}}],"collection":[{"href":"https:\/\/vimaterial.de\/fr\/wp-json\/wp\/v2\/product"}],"about":[{"href":"https:\/\/vimaterial.de\/fr\/wp-json\/wp\/v2\/types\/product"}],"replies":[{"embeddable":true,"href":"https:\/\/vimaterial.de\/fr\/wp-json\/wp\/v2\/comments?post=1011498"}],"wp:featuredmedia":[{"embeddable":true,"href":"https:\/\/vimaterial.de\/fr\/wp-json\/wp\/v2\/media\/1000456"}],"wp:attachment":[{"href":"https:\/\/vimaterial.de\/fr\/wp-json\/wp\/v2\/media?parent=1011498"}],"wp:term":[{"taxonomy":"product_brand","embeddable":true,"href":"https:\/\/vimaterial.de\/fr\/wp-json\/wp\/v2\/product_brand?post=1011498"},{"taxonomy":"product_cat","embeddable":true,"href":"https:\/\/vimaterial.de\/fr\/wp-json\/wp\/v2\/product_cat?post=1011498"},{"taxonomy":"product_tag","embeddable":true,"href":"https:\/\/vimaterial.de\/fr\/wp-json\/wp\/v2\/product_tag?post=1011498"}],"curies":[{"name":"wp","href":"https:\/\/api.w.org\/{rel}","templated":true}]}}