{"id":1011459,"date":"2024-06-17T14:23:31","date_gmt":"2024-06-17T06:23:31","guid":{"rendered":"https:\/\/vimaterial.de\/product\/oxyde-de-titane-5\/"},"modified":"2024-07-17T13:02:58","modified_gmt":"2024-07-17T05:02:58","slug":"oxyde-de-titane-5","status":"publish","type":"product","link":"https:\/\/vimaterial.de\/fr\/product\/oxyde-de-titane-5\/","title":{"rendered":"Oxyde de titane"},"content":{"rendered":"<p>Caract\u00e9ristiqueFormule chimique&nbsp;:Ti3O5Apparence&nbsp;:poudre bleu-noir, lustre m\u00e9tallique. Teneur en oxyg\u00e8ne 62,3% ~ 64,3% (atomes). Structure rhombique avec constante de constante de r\u00e9seau = 0,3747 nm. Densit\u00e9&nbsp;:4,29 g\/cm3Point de fusion&nbsp;:2180 \u00b0C.ApplicationPour les mat\u00e9riaux de rev\u00eatement sous vide.<\/p>\n","protected":false},"excerpt":{"rendered":"<p>Caract\u00e9ristiqueFormule chimique&nbsp;:Ti3O5Apparence&nbsp;:poudre bleu-noir, lustre m\u00e9tallique. Teneur en oxyg\u00e8ne 62,3% ~ 64,3% (atomes). Structure rhombique avec constante de constante de r\u00e9seau = 0,3747 nm. Densit\u00e9&nbsp;:4,29 g\/cm3Point de fusion&nbsp;:2180 \u00b0C.ApplicationPour les mat\u00e9riaux de rev\u00eatement sous vide.<\/p>\n","protected":false},"featured_media":1041389,"comment_status":"open","ping_status":"closed","template":"","meta":{"_acf_changed":false},"product_brand":[],"product_cat":[243],"product_tag":[],"class_list":{"0":"post-1011459","1":"product","2":"type-product","3":"status-publish","4":"has-post-thumbnail","6":"product_cat-materiaux-oxydes-hydroxydes","8":"first","9":"instock","10":"shipping-taxable","11":"product-type-variable"},"acf":[],"_links":{"self":[{"href":"https:\/\/vimaterial.de\/fr\/wp-json\/wp\/v2\/product\/1011459","targetHints":{"allow":["GET"]}}],"collection":[{"href":"https:\/\/vimaterial.de\/fr\/wp-json\/wp\/v2\/product"}],"about":[{"href":"https:\/\/vimaterial.de\/fr\/wp-json\/wp\/v2\/types\/product"}],"replies":[{"embeddable":true,"href":"https:\/\/vimaterial.de\/fr\/wp-json\/wp\/v2\/comments?post=1011459"}],"wp:featuredmedia":[{"embeddable":true,"href":"https:\/\/vimaterial.de\/fr\/wp-json\/wp\/v2\/media\/1041389"}],"wp:attachment":[{"href":"https:\/\/vimaterial.de\/fr\/wp-json\/wp\/v2\/media?parent=1011459"}],"wp:term":[{"taxonomy":"product_brand","embeddable":true,"href":"https:\/\/vimaterial.de\/fr\/wp-json\/wp\/v2\/product_brand?post=1011459"},{"taxonomy":"product_cat","embeddable":true,"href":"https:\/\/vimaterial.de\/fr\/wp-json\/wp\/v2\/product_cat?post=1011459"},{"taxonomy":"product_tag","embeddable":true,"href":"https:\/\/vimaterial.de\/fr\/wp-json\/wp\/v2\/product_tag?post=1011459"}],"curies":[{"name":"wp","href":"https:\/\/api.w.org\/{rel}","templated":true}]}}