{"id":1011409,"date":"2024-06-17T14:23:35","date_gmt":"2024-06-17T06:23:35","guid":{"rendered":"https:\/\/vimaterial.de\/product\/titane-carbure-de-silicium\/"},"modified":"2025-01-09T14:38:43","modified_gmt":"2025-01-09T06:38:43","slug":"titane-carbure-de-silicium","status":"publish","type":"product","link":"https:\/\/vimaterial.de\/fr\/product\/titane-carbure-de-silicium\/","title":{"rendered":"Carbure de titane et de silicium"},"content":{"rendered":"<p>Le carbure de titane et de silicium (Ti3SiC2) est un mat\u00e9riau c\u00e9ramique en phase MAX compos\u00e9 de titane (Ti), de silicium (Si) et de carbone (C). Les mat\u00e9riaux de phase MAX sont un type de mat\u00e9riau c\u00e9ramique avec une structure et des propri\u00e9t\u00e9s sp\u00e9ciales. Ils ont les caract\u00e9ristiques des \u00e9l\u00e9ments m\u00e9talliques, du carbone et de l\u2019azote et sont souvent utilis\u00e9s dans les mat\u00e9riaux structurels \u00e0 haute temp\u00e9rature et les mat\u00e9riaux composites c\u00e9ramiques.  <\/p>\n<h2><span style=\"font-size: 14pt;\">Propri\u00e9t\u00e9s du carbure de titane et de silicium<\/span><\/h2>\n<p>1. Stabilit\u00e9 \u00e0 haute temp\u00e9rature&nbsp;: Le carbure de titane et de silicium a une bonne stabilit\u00e9 \u00e0 haute temp\u00e9rature et peut maintenir la stabilit\u00e9 structurelle et les performances dans un environnement \u00e0 haute temp\u00e9rature. 2. Propri\u00e9t\u00e9s m\u00e9caniques&nbsp;: Il a des propri\u00e9t\u00e9s m\u00e9caniques, y compris une r\u00e9sistance, une duret\u00e9 et une r\u00e9sistance \u00e0 l\u2019usure \u00e9lev\u00e9es, et convient \u00e0 la pr\u00e9paration de mat\u00e9riaux structurels haute performance. 3. Conductivit\u00e9 thermique : En raison de sa structure sp\u00e9ciale, le Ti3SiC2 a une bonne conductivit\u00e9 thermique et peut \u00eatre utilis\u00e9 pour pr\u00e9parer des mat\u00e9riaux de gestion thermique efficaces. 4. R\u00e9sistance \u00e0 la corrosion&nbsp;: Il a une bonne r\u00e9sistance \u00e0 une certaine corrosion chimique et convient aux applications dans certains environnements sp\u00e9ciaux.<\/p>\n<h2><span style=\"font-size: 14pt;\">Tableau d\u2019essai de caract\u00e9risation<\/span><\/h2>\n<p>% en poids de Ti3SiC2<\/p>\n<table style=\"border-collapse: collapse; width: 40.8118%;\">\n<tbody>\n<tr>\n<td style=\"width: 16.2749%;\">\u00c9l\u00e9ment<\/td>\n<td style=\"width: 16.4373%;\">% en poids<\/td>\n<\/tr>\n<tr>\n<td style=\"width: 16.2749%;\">L<\/td>\n<td style=\"width: 16.4373%;\">73,38<\/td>\n<\/tr>\n<tr>\n<td style=\"width: 16.2749%;\">Si<\/td>\n<td style=\"width: 16.4373%;\">14,35<\/td>\n<\/tr>\n<tr>\n<td style=\"width: 16.2749%;\">L<\/td>\n<td style=\"width: 16.4373%;\">12,27<\/td>\n<\/tr>\n<\/tbody>\n<\/table>\n<h2><span style=\"font-size: 14pt;\">Quelle est l\u2019application du carbure de titane et de silicium ?<\/span><\/h2>\n<p>Parce qu\u2019il a un coefficient de frottement plus faible et de bonnes propri\u00e9t\u00e9s autolubrifiantes que le graphite et le disulfure de molybd\u00e8ne (MoS2), il peut \u00eatre utilis\u00e9 pour les pi\u00e8ces coulissantes dans l\u2019industrie des machines, telles que les bagues coulissantes, les roulements, les roulements autolubrifiants et les roulements r\u00e9sistants aux hautes temp\u00e9ratures utilis\u00e9s dans les atmosph\u00e8res oxydantes. Le carbure de titane et de silicium peut \u00eatre utilis\u00e9 pour le glissement de pi\u00e8ces de contact \u00e9lectrique dans l\u2019ing\u00e9nierie \u00e9lectrom\u00e9canique, telles que les glissi\u00e8res de pantographe, les \u00e9lectrodes, les mat\u00e9riaux de brosse, les collecteurs de micromoteurs, les contacts \u00e9lectriques, etc. Le carbure de titane et de silicium peut \u00eatre utilis\u00e9 dans l\u2019industrie \u00e9lectronique comme radiateurs d\u2019emballage \u00e9lectronique, cadres de plomb, etc. Le carbure de titane et de silicium peut \u00eatre utilis\u00e9 dans les cristalliseurs \u00e0 coul\u00e9e continue dans l\u2019industrie m\u00e9tallurgique, etc.<\/p>\n<h2><span style=\"font-size: 14pt;\">Contr\u00f4le qualit\u00e9<\/span><\/h2>\n<p>Nos produits mettent en \u0153uvre le syst\u00e8me de gestion de la qualit\u00e9 le plus strict. Il existe des normes d\u2019inspection strictes pour les mat\u00e9riaux entrants, les processus, les inspections finales et les inspections d\u2019usine. Des mesures d\u2019isolement strictes seront adopt\u00e9es pour le traitement non qualifi\u00e9 afin d\u2019\u00e9viter que les produits non qualifi\u00e9s ne passent au processus suivant. Des \u00e9chantillons seront fournis aux clients selon les exigences du client pour la r\u00e9inspection.   <\/p>\n<h2><span style=\"font-size: 14pt;\">Emballage et stockage<\/span><\/h2>\n<p>Int\u00e9rieur&nbsp;: emballage sous vide de sac transparent, ext\u00e9rieur&nbsp;: sac sous vide en aluminium \/ carton \/ baril en papier \/ baril en fer. L\u2019emballage peut \u00eatre sp\u00e9cifi\u00e9 en fonction des besoins du client. Ce produit doit \u00eatre scell\u00e9 et stock\u00e9 dans un environnement sec et frais. Il ne doit pas \u00eatre expos\u00e9 \u00e0 l\u2019air pendant une longue p\u00e9riode pour \u00e9viter l\u2019humidit\u00e9 de l\u2019agglom\u00e9ration, ce qui affectera les performances de dispersion et l\u2019effet d\u2019utilisation. De plus, il doit \u00e9viter une forte pression et le contact avec des oxydants. Il doit \u00eatre transport\u00e9 comme une marchandise ordinaire. <\/p>\n","protected":false},"excerpt":{"rendered":"<p>Le carbure de titane et de silicium (Ti3SiC2) est un mat\u00e9riau c\u00e9ramique en phase MAX compos\u00e9 de titane (Ti), de silicium (Si) et de carbone (C). Les mat\u00e9riaux de phase MAX sont un type de mat\u00e9riau c\u00e9ramique avec une structure et des propri\u00e9t\u00e9s sp\u00e9ciales. Ils ont les caract\u00e9ristiques des \u00e9l\u00e9ments m\u00e9talliques, du carbone et de [&hellip;]<\/p>\n","protected":false},"featured_media":1000483,"comment_status":"open","ping_status":"closed","template":"","meta":{"_acf_changed":false},"product_brand":[],"product_cat":[235],"product_tag":[],"class_list":{"0":"post-1011409","1":"product","2":"type-product","3":"status-publish","4":"has-post-thumbnail","6":"product_cat-cibles-de-pulverisation-planaire","8":"first","9":"instock","10":"shipping-taxable","11":"product-type-variable"},"acf":[],"_links":{"self":[{"href":"https:\/\/vimaterial.de\/fr\/wp-json\/wp\/v2\/product\/1011409","targetHints":{"allow":["GET"]}}],"collection":[{"href":"https:\/\/vimaterial.de\/fr\/wp-json\/wp\/v2\/product"}],"about":[{"href":"https:\/\/vimaterial.de\/fr\/wp-json\/wp\/v2\/types\/product"}],"replies":[{"embeddable":true,"href":"https:\/\/vimaterial.de\/fr\/wp-json\/wp\/v2\/comments?post=1011409"}],"wp:featuredmedia":[{"embeddable":true,"href":"https:\/\/vimaterial.de\/fr\/wp-json\/wp\/v2\/media\/1000483"}],"wp:attachment":[{"href":"https:\/\/vimaterial.de\/fr\/wp-json\/wp\/v2\/media?parent=1011409"}],"wp:term":[{"taxonomy":"product_brand","embeddable":true,"href":"https:\/\/vimaterial.de\/fr\/wp-json\/wp\/v2\/product_brand?post=1011409"},{"taxonomy":"product_cat","embeddable":true,"href":"https:\/\/vimaterial.de\/fr\/wp-json\/wp\/v2\/product_cat?post=1011409"},{"taxonomy":"product_tag","embeddable":true,"href":"https:\/\/vimaterial.de\/fr\/wp-json\/wp\/v2\/product_tag?post=1011409"}],"curies":[{"name":"wp","href":"https:\/\/api.w.org\/{rel}","templated":true}]}}