{"id":1011402,"date":"2024-06-17T14:23:38","date_gmt":"2024-06-17T06:23:38","guid":{"rendered":"https:\/\/vimaterial.de\/product\/siliciure-de-titane\/"},"modified":"2025-04-18T17:49:20","modified_gmt":"2025-04-18T09:49:20","slug":"siliciure-de-titane","status":"publish","type":"product","link":"https:\/\/vimaterial.de\/fr\/product\/siliciure-de-titane\/","title":{"rendered":"Siliciure de titane"},"content":{"rendered":"<p>La poudre de <span style=\"color: #0000ff;\"><a style=\"color: #0000ff;\" href=\"https:\/\/vimaterial.de\/en\/product\/titanium-silicide-sputtering-target\/\">siliciure de titane<\/a> <\/span>est une poudre grise avec une excellente stabilit\u00e9 \u00e0 haute temp\u00e9rature, une r\u00e9sistance \u00e0 haute temp\u00e9rature et une r\u00e9sistance \u00e0 l\u2019oxydation pour une large gamme d\u2019applications, y compris la fabrication de semi-conducteurs \u00e0 base d\u2019oxyde m\u00e9tallique.<\/p>\n<p>VIMATERIAL est une soci\u00e9t\u00e9 d\u2019innovation de pointe dans le domaine des mat\u00e9riaux chimiques, sp\u00e9cialis\u00e9e dans les mat\u00e9riaux de haute performance pour les applications d\u2019ing\u00e9nierie avanc\u00e9es. Nos produits se caract\u00e9risent par une grande puret\u00e9, des performances stables, une prise en charge des commandes de petits lots, un stock suffisant et des d\u00e9lais de livraison courts. Nous prenons \u00e9galement en charge le service de liaison de cible et acceptons toute personnalisation et exp\u00e9rimentation de produit, veuillez <span style=\"color: #0000ff;\"><a style=\"color: #0000ff;\" href=\"https:\/\/vimaterial.de\/en\/contact-us\/\">nous contacter<\/a><\/span> si vous en avez besoin.  <\/p>\n<h2><span style=\"font-size: 14pt;\">Caract\u00e9ristiques<\/span><\/h2>\n<p>Formule mol\u00e9culaire : Ti5Si3<\/p>\n<p>Poids mol\u00e9culaire : 323,59<\/p>\n<p>Apparence&nbsp;: Poudre grise avec \u00e9clat m\u00e9tallique<\/p>\n<p>Densit\u00e9 : 4,32 g\/cm\u00b3<\/p>\n<p>Point de fusion : 2130.8\u00b0C<\/p>\n<p>Structure cristalline : Syst\u00e8me cristallin hexagonal<\/p>\n<h2><span style=\"font-size: 14pt;\">Applications<\/span><\/h2>\n<p>Industrie des semi-conducteurs : La poudre de siliciure de titane peut \u00eatre utilis\u00e9e comme mat\u00e9riau de grille et d\u2019interconnexion pour am\u00e9liorer les performances et la stabilit\u00e9 des dispositifs \u00e0 semi-conducteurs.<\/p>\n<p>Circuits int\u00e9gr\u00e9s&nbsp;: La poudre de siliciure de titane peut \u00eatre utilis\u00e9e pour fabriquer une couche barri\u00e8re de diffusion afin d\u2019emp\u00eacher la diffusion d\u2019impuret\u00e9s afin d\u2019assurer la fiabilit\u00e9 des circuits int\u00e9gr\u00e9s.<\/p>\n<p>Cellules solaires&nbsp;: En tant que mat\u00e9riau d\u2019\u00e9lectrode, il peut am\u00e9liorer l\u2019efficacit\u00e9 de conversion photo\u00e9lectrique des cellules solaires.<\/p>\n<p>Mat\u00e9riaux structurels \u00e0 haute temp\u00e9rature : Avec son point de fusion \u00e9lev\u00e9 et sa haute r\u00e9sistance, il peut \u00eatre utilis\u00e9 pour fabriquer des composants \u00e0 haute temp\u00e9rature dans l\u2019a\u00e9rospatiale et d\u2019autres domaines.<\/p>\n<h2><span style=\"font-size: 14pt;\">Contr\u00f4le de la qualit\u00e9<\/span><\/h2>\n<p><span style=\"color: #0000ff;\"><a style=\"color: #0000ff;\" href=\"https:\/\/vimaterial.de\/en\/quality-control\/\">Nos produits<\/a> <\/span>sont soumis \u00e0 un syst\u00e8me strict de gestion de la qualit\u00e9. Des mat\u00e9riaux entrants, du traitement, de l\u2019inspection finale \u00e0 l\u2019inspection de l\u2019usine, il existe des normes d\u2019inspection strictes. Des mesures d\u2019isolement strictes sont prises pour le traitement non qualifi\u00e9 afin d\u2019\u00e9viter que les produits non qualifi\u00e9s ne passent au processus suivant. Selon les exigences du client, nous fournissons des \u00e9chantillons pour la r\u00e9inspection du client.   <\/p>\n<h2><span style=\"font-size: 14pt;\">Emballage et stockage<\/span><\/h2>\n<p>La poudre de siliciure de titane est emball\u00e9e dans un sac sous vide \u00e0 double couche ou une bouteille sous vide \u00e0 double couche avec carton ext\u00e9rieur.<\/p>\n<p>La poudre de siliciure de titane doit \u00eatre stock\u00e9e dans un environnement sec, frais et bien ventil\u00e9, \u00e0 l\u2019abri du feu, de la chaleur et des agents oxydants forts et autres substances, et doit \u00eatre conserv\u00e9e dans des r\u00e9cipients scell\u00e9s prot\u00e9g\u00e9s par un gaz inerte pour \u00e9viter l\u2019oxydation et l\u2019humidit\u00e9.<\/p>\n","protected":false},"excerpt":{"rendered":"<p>La poudre de <span style=\"color: #0000ff;\"><a style=\"color: #0000ff;\" href=\"https:\/\/vimaterial.de\/en\/product\/titanium-silicide-sputtering-target\/\">siliciure de titane<\/a> <\/span>est une poudre grise avec une excellente stabilit\u00e9 \u00e0 haute temp\u00e9rature, une r\u00e9sistance \u00e0 haute temp\u00e9rature et une r\u00e9sistance \u00e0 l\u2019oxydation pour une large gamme d\u2019applications, y compris la fabrication de semi-conducteurs \u00e0 base d\u2019oxyde m\u00e9tallique.<\/p>\n","protected":false},"featured_media":1000522,"comment_status":"open","ping_status":"closed","template":"","meta":{"_acf_changed":false},"product_brand":[],"product_cat":[240],"product_tag":[],"class_list":{"0":"post-1011402","1":"product","2":"type-product","3":"status-publish","4":"has-post-thumbnail","6":"product_cat-materiaux-c-n-b-si","8":"first","9":"instock","10":"shipping-taxable","11":"product-type-variable"},"acf":[],"_links":{"self":[{"href":"https:\/\/vimaterial.de\/fr\/wp-json\/wp\/v2\/product\/1011402","targetHints":{"allow":["GET"]}}],"collection":[{"href":"https:\/\/vimaterial.de\/fr\/wp-json\/wp\/v2\/product"}],"about":[{"href":"https:\/\/vimaterial.de\/fr\/wp-json\/wp\/v2\/types\/product"}],"replies":[{"embeddable":true,"href":"https:\/\/vimaterial.de\/fr\/wp-json\/wp\/v2\/comments?post=1011402"}],"wp:featuredmedia":[{"embeddable":true,"href":"https:\/\/vimaterial.de\/fr\/wp-json\/wp\/v2\/media\/1000522"}],"wp:attachment":[{"href":"https:\/\/vimaterial.de\/fr\/wp-json\/wp\/v2\/media?parent=1011402"}],"wp:term":[{"taxonomy":"product_brand","embeddable":true,"href":"https:\/\/vimaterial.de\/fr\/wp-json\/wp\/v2\/product_brand?post=1011402"},{"taxonomy":"product_cat","embeddable":true,"href":"https:\/\/vimaterial.de\/fr\/wp-json\/wp\/v2\/product_cat?post=1011402"},{"taxonomy":"product_tag","embeddable":true,"href":"https:\/\/vimaterial.de\/fr\/wp-json\/wp\/v2\/product_tag?post=1011402"}],"curies":[{"name":"wp","href":"https:\/\/api.w.org\/{rel}","templated":true}]}}