{"id":1011384,"date":"2024-06-17T14:22:54","date_gmt":"2024-06-17T06:22:54","guid":{"rendered":"https:\/\/vimaterial.de\/product\/alliage-de-titane-et-daluminium-4\/"},"modified":"2024-07-17T13:02:38","modified_gmt":"2024-07-17T05:02:38","slug":"alliage-de-titane-et-daluminium-4","status":"publish","type":"product","link":"https:\/\/vimaterial.de\/fr\/product\/alliage-de-titane-et-daluminium-4\/","title":{"rendered":"Alliage de titane et d\u2019aluminium"},"content":{"rendered":"<p>Caract\u00e9ristiqueL\u2019alliage de titane est un m\u00e9tal blanc argent\u00e9, il poss\u00e8de de nombreuses excellentes propri\u00e9t\u00e9s. Densit\u00e9 du titane de 4,54 g\/cm3, 43% plus l\u00e9ger que l\u2019acier, un peu plus lourd que le prestigieux magn\u00e9sium l\u00e9ger. R\u00e9sistance m\u00e9canique avec la phase acier, presque deux fois plus grande que l\u2019aluminium, cinq fois plus grande que le magn\u00e9sium. Que la r\u00e9sistance du titane Huang Jingao \u00e0 haute temp\u00e9rature, point de fusion 1942 k, 1000 k, 500 k plus \u00e9lev\u00e9 que l\u2019acier. ApplicationL\u2019alliage d\u2019aluminium et de titane est \u00e9galement largement utilis\u00e9 dans l\u2019industrie du rev\u00eatement sous vide, qui peut \u00eatre transform\u00e9 en une certaine proportion de mat\u00e9riau cible en alliage, en tant que mati\u00e8re premi\u00e8re du rev\u00eatement de pulv\u00e9risation cathodique magn\u00e9tron. Lors de la fabrication d\u2019un mat\u00e9riau cible de rev\u00eatement sous vide, l\u2019alliage d\u2019aluminium titane a une vari\u00e9t\u00e9 de rapport de composition, rapport atomique titane-aluminium couramment utilis\u00e9 (at%) : 90:10, 80:20, 70:30, 50:50, 30:70, 20:80, 10:90.Lorsque la teneur en atomes de titane est sup\u00e9rieure ou \u00e9gale \u00e0 50%, l\u2019alliage de titane peut \u00eatre produit au moyen de la coul\u00e9e sous vide. Lorsque la teneur en titane diminue et que la teneur en aluminium augmente, le mat\u00e9riau cible ne peut \u00eatre produit que par m\u00e9tallurgie des poudres. L\u2019alliage de titane avec des atomes de titane sup\u00e9rieurs ou \u00e9gaux \u00e0 80% peut \u00eatre forg\u00e9 et lamin\u00e9.<\/p>\n","protected":false},"excerpt":{"rendered":"<p>Caract\u00e9ristiqueL\u2019alliage de titane est un m\u00e9tal blanc argent\u00e9, il poss\u00e8de de nombreuses excellentes propri\u00e9t\u00e9s. Densit\u00e9 du titane de 4,54 g\/cm3, 43% plus l\u00e9ger que l\u2019acier, un peu plus lourd que le prestigieux magn\u00e9sium l\u00e9ger. R\u00e9sistance m\u00e9canique avec la phase acier, presque deux fois plus grande que l\u2019aluminium, cinq fois plus grande que le magn\u00e9sium. Que [&hellip;]<\/p>\n","protected":false},"featured_media":1000528,"comment_status":"open","ping_status":"closed","template":"","meta":{"_acf_changed":false},"product_brand":[],"product_cat":[242,250],"product_tag":[],"class_list":{"0":"post-1011384","1":"product","2":"type-product","3":"status-publish","4":"has-post-thumbnail","6":"product_cat-impression-3d-de-poudre-spherique","7":"product_cat-poudre-de-metal-pur-et-dalliage","9":"first","10":"instock","11":"shipping-taxable","12":"product-type-variable"},"acf":[],"_links":{"self":[{"href":"https:\/\/vimaterial.de\/fr\/wp-json\/wp\/v2\/product\/1011384","targetHints":{"allow":["GET"]}}],"collection":[{"href":"https:\/\/vimaterial.de\/fr\/wp-json\/wp\/v2\/product"}],"about":[{"href":"https:\/\/vimaterial.de\/fr\/wp-json\/wp\/v2\/types\/product"}],"replies":[{"embeddable":true,"href":"https:\/\/vimaterial.de\/fr\/wp-json\/wp\/v2\/comments?post=1011384"}],"wp:featuredmedia":[{"embeddable":true,"href":"https:\/\/vimaterial.de\/fr\/wp-json\/wp\/v2\/media\/1000528"}],"wp:attachment":[{"href":"https:\/\/vimaterial.de\/fr\/wp-json\/wp\/v2\/media?parent=1011384"}],"wp:term":[{"taxonomy":"product_brand","embeddable":true,"href":"https:\/\/vimaterial.de\/fr\/wp-json\/wp\/v2\/product_brand?post=1011384"},{"taxonomy":"product_cat","embeddable":true,"href":"https:\/\/vimaterial.de\/fr\/wp-json\/wp\/v2\/product_cat?post=1011384"},{"taxonomy":"product_tag","embeddable":true,"href":"https:\/\/vimaterial.de\/fr\/wp-json\/wp\/v2\/product_tag?post=1011384"}],"curies":[{"name":"wp","href":"https:\/\/api.w.org\/{rel}","templated":true}]}}