{"id":1011370,"date":"2024-06-17T14:24:29","date_gmt":"2024-06-17T06:24:29","guid":{"rendered":"https:\/\/vimaterial.de\/product\/alliage-de-titane-et-daluminium-3\/"},"modified":"2025-04-18T17:43:44","modified_gmt":"2025-04-18T09:43:44","slug":"alliage-de-titane-et-daluminium-3","status":"publish","type":"product","link":"https:\/\/vimaterial.de\/fr\/product\/alliage-de-titane-et-daluminium-3\/","title":{"rendered":"Alliage de titane et d\u2019aluminium"},"content":{"rendered":"<p><span style=\"color: #0000ff;\"><a style=\"color: #0000ff;\" href=\"https:\/\/vimaterial.de\/en\/product\/titanium-aluminum\/\">Alliage de titane et d\u2019aluminium<\/a><\/span> Le lingot est un type de lingot dont les composants principaux sont le titane et l\u2019aluminium, avec une composition chimique sp\u00e9cifique et une certaine forme et taille, g\u00e9n\u00e9ralement fabriqu\u00e9 par fusion et d\u2019autres proc\u00e9d\u00e9s, qui peut \u00eatre utilis\u00e9 comme billette de mat\u00e9riaux en alliage de titane-aluminium pour un traitement ult\u00e9rieur afin de fabriquer des composants pour l\u2019a\u00e9rospatiale, l\u2019automobile et d\u2019autres domaines.<\/p>\n<p>VIMATERIAL est une soci\u00e9t\u00e9 d\u2019innovation de pointe dans le domaine des mat\u00e9riaux chimiques, sp\u00e9cialis\u00e9e dans les mat\u00e9riaux haute performance pour les applications d\u2019ing\u00e9nierie avanc\u00e9es. Nos produits se caract\u00e9risent par une grande puret\u00e9, des performances stables, une prise en charge des commandes en petits lots, des stocks suffisants, des d\u00e9lais de livraison courts, etc. Nous soutenons \u00e9galement le service de reliure cible et acceptons toute personnalisation et exp\u00e9rimentation de produit, veuillez <span style=\"color: #0000ff;\"><a style=\"color: #0000ff;\" href=\"https:\/\/vimaterial.de\/en\/contact-us\/\">nous contacter<\/a><\/span>si vous en avez besoin.  <\/p>\n<h2><span style=\"font-size: 14pt;\">Caract\u00e9ristique<\/span><\/h2>\n<p>Formule mol\u00e9culaire : TiAl<\/p>\n<p>Poids mol\u00e9culaire : environ 74,85<\/p>\n<p>Apparence&nbsp;: Il se pr\u00e9sente g\u00e9n\u00e9ralement sous la forme d\u2019un solide grumeleux gris argent\u00e9 avec un \u00e9clat m\u00e9tallique et une certaine texture m\u00e9tallique \u00e0 la surface.<\/p>\n<p>Point de fusion : environ 1600\u00b0C.<\/p>\n<p>Structure cristalline : Les lingots de TiAl ont g\u00e9n\u00e9ralement une structure cubique centr\u00e9e sur le corps ou centr\u00e9e sur la face.<\/p>\n<h2><span style=\"font-size: 14pt;\">Applications<\/span><\/h2>\n<p>A\u00e9rospatiale : En raison de sa haute r\u00e9sistance et de sa faible densit\u00e9, les composants du lingot TiAl peuvent \u00eatre utilis\u00e9s pour fabriquer des aubes de moteur d\u2019avion, des pi\u00e8ces structurelles de fuselage, etc., r\u00e9duisant efficacement le poids et am\u00e9liorant les performances des avions.<\/p>\n<p>Industrie automobile&nbsp;: Le lingot en alliage d\u2019aluminium et de titane peut \u00eatre utilis\u00e9 pour fabriquer des pistons, des soupapes et d\u2019autres pi\u00e8ces de moteurs automobiles, ce qui peut am\u00e9liorer l\u2019efficacit\u00e9 thermique et la puissance du moteur, tout en r\u00e9duisant la consommation de carburant et les \u00e9missions d\u2019\u00e9chappement.<\/p>\n<p>\u00c9nergie : Les composants haute temp\u00e9rature en lingot TiAl peuvent \u00eatre utilis\u00e9s dans les turbines \u00e0 gaz, les centrales nucl\u00e9aires, etc., avec une bonne r\u00e9sistance aux hautes temp\u00e9ratures et \u00e0 la corrosion pour assurer le fonctionnement stable des \u00e9quipements dans des environnements difficiles.<\/p>\n<p>\u00c9lectronique et technologie de l\u2019information : Les mat\u00e9riaux trait\u00e9s \u00e0 partir de lingot TiAl sont utilis\u00e9s pour la dissipation thermique des composants \u00e9lectroniques et des mat\u00e9riaux d\u2019emballage pour les circuits int\u00e9gr\u00e9s en raison de leur excellente conductivit\u00e9 et stabilit\u00e9.<\/p>\n<p>Dispositifs m\u00e9dicaux : Les alliages \u00e0 base de lingots d\u2019alliage de titane et d\u2019aluminium sont utilis\u00e9s dans la fabrication d\u2019articulations artificielles, d\u2019implants dentaires et d\u2019autres dispositifs m\u00e9dicaux en raison de leur excellente biocompatibilit\u00e9 et de leurs propri\u00e9t\u00e9s m\u00e9caniques.<\/p>\n<h2><span style=\"font-size: 14pt;\"><span style=\"font-size: 12pt;\">Contr\u00f4le<\/span> de la qualit\u00e9<\/span><\/h2>\n<p><span style=\"color: #0000ff;\"><a style=\"color: #0000ff;\" href=\"https:\/\/vimaterial.de\/en\/quality-control\/\">Nos produits<\/a><\/span> sont soumis \u00e0 un syst\u00e8me strict de gestion de la qualit\u00e9. Des mat\u00e9riaux entrants, du traitement, de l\u2019inspection finale \u00e0 l\u2019inspection de l\u2019usine, il existe des normes d\u2019inspection strictes. Des mesures d\u2019isolement strictes sont prises pour le traitement non qualifi\u00e9 afin d\u2019\u00e9viter que les produits non qualifi\u00e9s ne passent au processus suivant. Des \u00e9chantillons sont fournis pour la r\u00e9inspection des clients en fonction de leurs besoins.   <\/p>\n<h2>Emballage et stockage<\/h2>\n<p>Le lingot en alliage d\u2019aluminium et de titane est emball\u00e9 dans un sac sous vide \u00e0 double couche avec carton ext\u00e9rieur.<\/p>\n<p>Le lingot en alliage de titane et d\u2019aluminium doit \u00eatre stock\u00e9 dans un environnement sec et ventil\u00e9 \u00e0 une temp\u00e9rature appropri\u00e9e et sans gaz corrosif, de pr\u00e9f\u00e9rence dans des emballages scell\u00e9s ou remplis de gaz inerte pour \u00e9viter l\u2019oxydation.<\/p>\n","protected":false},"excerpt":{"rendered":"<p><span style=\"color: #0000ff;\"><a style=\"color: #0000ff;\" href=\"https:\/\/vimaterial.de\/en\/product\/titanium-aluminum\/\">Alliage de titane et d\u2019aluminium<\/a><\/span> Le lingot est un type de lingot dont les composants principaux sont le titane et l\u2019aluminium, avec une composition chimique sp\u00e9cifique et une certaine forme et taille, g\u00e9n\u00e9ralement fabriqu\u00e9 par fusion et d\u2019autres proc\u00e9d\u00e9s, qui peut \u00eatre utilis\u00e9 comme billette de mat\u00e9riaux en alliage de titane-aluminium pour un traitement ult\u00e9rieur afin de fabriquer des composants pour l\u2019a\u00e9rospatiale, l\u2019automobile et d\u2019autres domaines.<\/p>\n","protected":false},"featured_media":1000542,"comment_status":"open","ping_status":"closed","template":"","meta":{"_acf_changed":false},"product_brand":[],"product_cat":[245],"product_tag":[],"class_list":{"0":"post-1011370","1":"product","2":"type-product","3":"status-publish","4":"has-post-thumbnail","6":"product_cat-profil-fr","8":"first","9":"instock","10":"shipping-taxable","11":"product-type-variable"},"acf":[],"_links":{"self":[{"href":"https:\/\/vimaterial.de\/fr\/wp-json\/wp\/v2\/product\/1011370","targetHints":{"allow":["GET"]}}],"collection":[{"href":"https:\/\/vimaterial.de\/fr\/wp-json\/wp\/v2\/product"}],"about":[{"href":"https:\/\/vimaterial.de\/fr\/wp-json\/wp\/v2\/types\/product"}],"replies":[{"embeddable":true,"href":"https:\/\/vimaterial.de\/fr\/wp-json\/wp\/v2\/comments?post=1011370"}],"wp:featuredmedia":[{"embeddable":true,"href":"https:\/\/vimaterial.de\/fr\/wp-json\/wp\/v2\/media\/1000542"}],"wp:attachment":[{"href":"https:\/\/vimaterial.de\/fr\/wp-json\/wp\/v2\/media?parent=1011370"}],"wp:term":[{"taxonomy":"product_brand","embeddable":true,"href":"https:\/\/vimaterial.de\/fr\/wp-json\/wp\/v2\/product_brand?post=1011370"},{"taxonomy":"product_cat","embeddable":true,"href":"https:\/\/vimaterial.de\/fr\/wp-json\/wp\/v2\/product_cat?post=1011370"},{"taxonomy":"product_tag","embeddable":true,"href":"https:\/\/vimaterial.de\/fr\/wp-json\/wp\/v2\/product_tag?post=1011370"}],"curies":[{"name":"wp","href":"https:\/\/api.w.org\/{rel}","templated":true}]}}