{"id":1011343,"date":"2024-06-17T14:24:30","date_gmt":"2024-06-17T06:24:30","guid":{"rendered":"https:\/\/vimaterial.de\/product\/aluminure-de-titane\/"},"modified":"2025-04-18T17:39:40","modified_gmt":"2025-04-18T09:39:40","slug":"aluminure-de-titane","status":"publish","type":"product","link":"https:\/\/vimaterial.de\/fr\/product\/aluminure-de-titane\/","title":{"rendered":"Aluminium de titane"},"content":{"rendered":"<p><span style=\"color: #0000ff;\"><a style=\"color: #0000ff;\" href=\"https:\/\/vimaterial.de\/en\/product\/titanium-aluminide-4\/\">La poudre d\u2019aluminure de titane<\/a> <\/span>est une sorte de titane et d\u2019aluminium comme composants principaux, utilisant g\u00e9n\u00e9ralement des \u00e9l\u00e9ments Ti et Al pr\u00e9par\u00e9s par pressage \u00e0 chaud et d\u2019autres m\u00e9thodes, avec une surface lisse et uniforme de particules, une cristallinit\u00e9 \u00e9lev\u00e9e, une uniformit\u00e9 et une puret\u00e9 de composition, etc. Il a des applications potentielles dans l\u2019a\u00e9rospatiale, l\u2019\u00e9lectronique et d\u2019autres domaines. <\/p>\n<p>VIMATERIAL est une soci\u00e9t\u00e9 d\u2019innovation de pointe dans le domaine des mat\u00e9riaux chimiques, sp\u00e9cialis\u00e9e dans les mat\u00e9riaux haute performance pour les applications d\u2019ing\u00e9nierie avanc\u00e9es. Nos produits se caract\u00e9risent par une grande puret\u00e9, des performances stables, une prise en charge des commandes en petits lots, des stocks suffisants, des d\u00e9lais de livraison courts, etc. Nous prenons \u00e9galement en charge le service de reliure de cible et acceptons toute personnalisation et exp\u00e9rimentation de produit, veuillez <span style=\"color: #0000ff;\"><a style=\"color: #0000ff;\" href=\"https:\/\/vimaterial.de\/en\/contact-us\/\">nous contacter<\/a> <\/span>si vous en avez besoin.  <\/p>\n<h2><span style=\"font-size: 14pt;\">Caract\u00e9ristique<\/span><\/h2>\n<p>Formule mol\u00e9culaire : Ti\u2083Al<\/p>\n<p>Poids mol\u00e9culaire : 128.811614<\/p>\n<p>Apparence&nbsp;: G\u00e9n\u00e9ralement poudre grise ou noire<\/p>\n<p>Densit\u00e9 : La densit\u00e9 du Ti\u2083Al en phase \u03b1\u2082 est d\u2019environ 4,1-4,7 g\/cm\u00b3.<\/p>\n<p>Point de fusion : environ 1460\u00b0C.<\/p>\n<p>Structure cristalline : Appartient au syst\u00e8me cristallin hexagonal.<\/p>\n<h2><span style=\"font-size: 14pt;\">Applications<\/span><\/h2>\n<p>A\u00e9rospatiale : La poudre d\u2019aluminure de titane est utilis\u00e9e dans la fabrication d\u2019aubes, de disques et d\u2019autres composants de moteurs d\u2019avions, ce qui peut r\u00e9duire le poids de l\u2019avion et am\u00e9liorer ses performances dans des environnements \u00e0 haute temp\u00e9rature.<\/p>\n<p>Industrie automobile&nbsp;: La poudre d\u2019aluminure de titane peut \u00eatre utilis\u00e9e dans la fabrication de pistons de moteur automobile, de bielles et d\u2019autres composants, ce qui peut aider \u00e0 am\u00e9liorer l\u2019efficacit\u00e9 \u00e9nerg\u00e9tique et les performances \u00e9nerg\u00e9tiques des automobiles.<\/p>\n<p>Champ d\u2019information \u00e9lectronique : utilis\u00e9 comme mati\u00e8re premi\u00e8re dans la fabrication de certains composants \u00e9lectroniques, en utilisant ses propri\u00e9t\u00e9s physiques sp\u00e9ciales pour am\u00e9liorer la stabilit\u00e9 et la fiabilit\u00e9 des composants.<\/p>\n<p>Champ d\u2019\u00e9nergie : L\u2019aluminure de titane peut \u00eatre utilis\u00e9 comme mat\u00e9riau d\u2019\u00e9lectrode ou comme mat\u00e9riau structurel pour les dispositifs \u00e9nerg\u00e9tiques tels que les piles \u00e0 combustible \u00e0 haute temp\u00e9rature afin de s\u2019adapter \u00e0 leurs conditions de travail difficiles.<\/p>\n<h2><span style=\"font-size: 14pt;\">Contr\u00f4le qualit\u00e9<\/span><\/h2>\n<p><span style=\"color: #0000ff;\"><a style=\"color: #0000ff;\" href=\"https:\/\/vimaterial.de\/en\/quality-control\/\">Nos produits<\/a><\/span> sont soumis \u00e0 un syst\u00e8me strict de gestion de la qualit\u00e9. Des mat\u00e9riaux entrants, du traitement, de l\u2019inspection finale \u00e0 l\u2019inspection de l\u2019usine, il existe des normes d\u2019inspection strictes. Des mesures d\u2019isolement strictes sont prises pour le traitement non qualifi\u00e9 afin d\u2019\u00e9viter que les produits non qualifi\u00e9s ne passent au processus suivant. Des \u00e9chantillons sont fournis pour la r\u00e9inspection des clients en fonction de leurs besoins.   <\/p>\n<h2><span style=\"font-size: 14pt;\">Emballage et stockage<\/span><\/h2>\n<p>La poudre d\u2019aluminure de titane est emball\u00e9e dans des bouteilles sous vide \u00e0 double couche ou des sacs sous vide \u00e0 double couche, puis emball\u00e9e dans des cartons.<\/p>\n<p>La poudre d\u2019aluminure de titane doit \u00eatre stock\u00e9e dans un environnement sec, frais et bien ventil\u00e9 sans gaz corrosifs, et doit \u00eatre scell\u00e9e et stock\u00e9e dans des r\u00e9cipients prot\u00e9g\u00e9s par un gaz inerte pour l\u2019emp\u00eacher de r\u00e9agir avec l\u2019air, l\u2019humidit\u00e9, etc. et d\u2019affecter ses performances.<\/p>\n","protected":false},"excerpt":{"rendered":"<p><span style=\"color: #0000ff;\"><a style=\"color: #0000ff;\" href=\"https:\/\/vimaterial.de\/en\/product\/titanium-aluminide-4\/\">La poudre d\u2019aluminure de titane<\/a> <\/span>est une sorte de titane et d\u2019aluminium comme composants principaux, utilisant g\u00e9n\u00e9ralement des \u00e9l\u00e9ments Ti et Al pr\u00e9par\u00e9s par pressage \u00e0 chaud et d\u2019autres m\u00e9thodes, avec une surface lisse et uniforme de particules, une cristallinit\u00e9 \u00e9lev\u00e9e, une uniformit\u00e9 et une puret\u00e9 de composition, etc. Il a des applications potentielles dans l\u2019a\u00e9rospatiale, l\u2019\u00e9lectronique et d\u2019autres domaines. <\/p>\n","protected":false},"featured_media":1041377,"comment_status":"open","ping_status":"closed","template":"","meta":{"_acf_changed":false},"product_brand":[],"product_cat":[250],"product_tag":[],"class_list":{"0":"post-1011343","1":"product","2":"type-product","3":"status-publish","4":"has-post-thumbnail","6":"product_cat-poudre-de-metal-pur-et-dalliage","8":"first","9":"instock","10":"shipping-taxable","11":"product-type-variable"},"acf":[],"_links":{"self":[{"href":"https:\/\/vimaterial.de\/fr\/wp-json\/wp\/v2\/product\/1011343","targetHints":{"allow":["GET"]}}],"collection":[{"href":"https:\/\/vimaterial.de\/fr\/wp-json\/wp\/v2\/product"}],"about":[{"href":"https:\/\/vimaterial.de\/fr\/wp-json\/wp\/v2\/types\/product"}],"replies":[{"embeddable":true,"href":"https:\/\/vimaterial.de\/fr\/wp-json\/wp\/v2\/comments?post=1011343"}],"wp:featuredmedia":[{"embeddable":true,"href":"https:\/\/vimaterial.de\/fr\/wp-json\/wp\/v2\/media\/1041377"}],"wp:attachment":[{"href":"https:\/\/vimaterial.de\/fr\/wp-json\/wp\/v2\/media?parent=1011343"}],"wp:term":[{"taxonomy":"product_brand","embeddable":true,"href":"https:\/\/vimaterial.de\/fr\/wp-json\/wp\/v2\/product_brand?post=1011343"},{"taxonomy":"product_cat","embeddable":true,"href":"https:\/\/vimaterial.de\/fr\/wp-json\/wp\/v2\/product_cat?post=1011343"},{"taxonomy":"product_tag","embeddable":true,"href":"https:\/\/vimaterial.de\/fr\/wp-json\/wp\/v2\/product_tag?post=1011343"}],"curies":[{"name":"wp","href":"https:\/\/api.w.org\/{rel}","templated":true}]}}