{"id":1011281,"date":"2024-06-17T14:24:35","date_gmt":"2024-06-17T06:24:35","guid":{"rendered":"https:\/\/vimaterial.de\/product\/borure-de-titane-2\/"},"modified":"2025-04-18T17:30:39","modified_gmt":"2025-04-18T09:30:39","slug":"borure-de-titane-2","status":"publish","type":"product","link":"https:\/\/vimaterial.de\/fr\/product\/borure-de-titane-2\/","title":{"rendered":"Borure de titane"},"content":{"rendered":"<p>La cible de pulv\u00e9risation de <span style=\"color: #0000ff;\"><a style=\"color: #0000ff;\" href=\"https:\/\/vimaterial.de\/fr\/product\/borure-de-titane\/\">borure de titane<\/a> <\/span>est une cible \u00e0 base de borure de titane avec une duret\u00e9 \u00e9lev\u00e9e, un point de fusion \u00e9lev\u00e9, une bonne conductivit\u00e9 \u00e9lectrique et une stabilit\u00e9 chimique. Il peut d\u00e9poser des films minces de borure de titane avec d\u2019excellentes propri\u00e9t\u00e9s d\u2019usure, de corrosion et \u00e9lectriques sur le mat\u00e9riau du substrat pendant la pulv\u00e9risation, qui peuvent \u00eatre utilis\u00e9s dans un large \u00e9ventail de domaines tels que les rev\u00eatements d\u2019outils, les dispositifs \u00e9lectroniques, les pi\u00e8ces r\u00e9sistantes \u00e0 l\u2019usure \u00e0 haute temp\u00e9rature, etc. <\/p>\n<p>VIMATERIAL est une soci\u00e9t\u00e9 d\u2019innovation de pointe dans le domaine des mat\u00e9riaux chimiques, sp\u00e9cialis\u00e9e dans les mat\u00e9riaux haute performance con\u00e7us pour des applications d\u2019ing\u00e9nierie avanc\u00e9es. Nos produits sont de haute puret\u00e9 et de haute qualit\u00e9, nous prenons en charge l\u2019emballage en petits lots, le MOQ de petits produits, un inventaire suffisant, la personnalisation de soutien, et nous pouvons fournir un service de reliure cible, si vous avez des besoins, veuillez <span style=\"color: #0000ff;\"><a style=\"color: #0000ff;\" href=\"https:\/\/vimaterial.de\/fr\/contact\/\">nous contacter<\/a><\/span>. <\/p>\n<h2><span style=\"font-size: 14pt;\">Caract\u00e9ristiques<\/span><\/h2>\n<p>Formule mol\u00e9culaire : TiB\u2082<\/p>\n<p>Poids mol\u00e9culaire : environ 69,49<\/p>\n<p>Aspect : g\u00e9n\u00e9ralement noir ou gris-noir, avec un \u00e9clat m\u00e9tallique \u00e0 la surface<\/p>\n<p>Densit\u00e9 : environ 4,5 &#8211; 4,52 g\/cm\u00b3.<\/p>\n<p>Point de fusion : environ 2980\u00b0C<\/p>\n<p>Structure cristalline : Il a une structure cristalline hexagonale, ce qui conf\u00e8re aux borures de titane une duret\u00e9 \u00e9lev\u00e9e et une bonne stabilit\u00e9. Les atomes de titane et de bore forment des cristaux dans un arrangement sp\u00e9cifique, ce qui a de nombreux effets sur leurs propri\u00e9t\u00e9s physiques et chimiques. <\/p>\n<h2><span style=\"font-size: 14pt;\">Application<\/span><\/h2>\n<p>Outils de coupe : Dans les outils de coupe, les cibles de pulv\u00e9risation en titane Boride peuvent \u00eatre utilis\u00e9es pour le rev\u00eatement de l\u2019outil afin de former un film dur et r\u00e9sistant \u00e0 l\u2019usure \u00e0 la surface de l\u2019outil, ce qui am\u00e9liore consid\u00e9rablement la r\u00e9sistance \u00e0 l\u2019usure et les performances de coupe de l\u2019outil, prolonge la dur\u00e9e de vie de l\u2019outil et am\u00e9liore ainsi l\u2019efficacit\u00e9 de l\u2019usinage.<\/p>\n<p>\u00c9lectronique : Dans les appareils \u00e9lectroniques, les films d\u00e9pos\u00e9s avec des cibles de pulv\u00e9risation cathodique en titane Boride ont une bonne conductivit\u00e9 \u00e9lectrique et une bonne stabilit\u00e9 chimique, et peuvent \u00eatre utilis\u00e9s comme mat\u00e9riaux d\u2019\u00e9lectrode ou films de protection pour les composants \u00e9lectroniques, contribuant ainsi \u00e0 am\u00e9liorer les performances et la stabilit\u00e9 des \u00e9quipements \u00e9lectroniques.<\/p>\n<p>A\u00e9rospatiale : Pour les composants a\u00e9rospatiaux, les cibles de pulv\u00e9risation en titane Boride g\u00e9n\u00e8rent des rev\u00eatements r\u00e9sistants aux temp\u00e9ratures et \u00e0 l\u2019usure \u00e0 la surface des pi\u00e8ces, am\u00e9liorant ainsi leurs performances dans des environnements \u00e0 tr\u00e8s haute temp\u00e9rature et \u00e0 forte contrainte et garantissant la fiabilit\u00e9 et la s\u00e9curit\u00e9 des \u00e9quipements a\u00e9rospatiaux.<\/p>\n<p>Fabrication automobile : Dans la construction automobile, la cible de pulv\u00e9risation est utilis\u00e9e pour le traitement de surface de composants cl\u00e9s tels que les moteurs automobiles, la formation de rev\u00eatements avec de bonnes propri\u00e9t\u00e9s anti-usure et anti-corrosion, l\u2019am\u00e9lioration de la durabilit\u00e9 et des performances des pi\u00e8ces automobiles et l\u2019allongement de la dur\u00e9e de vie des automobiles.<\/p>\n<h2><span style=\"font-size: 14pt;\">Contr\u00f4le de la qualit\u00e9<\/span><\/h2>\n<p><span style=\"color: #0000ff;\"><a style=\"color: #0000ff;\" href=\"https:\/\/vimaterial.de\/fr\/le-controle-de-la-qualite\/\">Nos produits<\/a><\/span> sont soumis \u00e0 un syst\u00e8me strict de gestion de la qualit\u00e9. Des mat\u00e9riaux entrants, du traitement, de l\u2019inspection finale \u00e0 l\u2019inspection de l\u2019usine, il existe des normes d\u2019inspection strictes. Des mesures d\u2019isolement strictes sont prises pour le traitement non qualifi\u00e9 afin d\u2019\u00e9viter que les produits non qualifi\u00e9s ne passent au processus suivant. Des \u00e9chantillons sont fournis pour une r\u00e9inspection par le client selon les exigences du client.   <\/p>\n<h2><span style=\"font-size: 14pt;\">Emballage et stockage<\/span><\/h2>\n<p>Les cibles de pulv\u00e9risation cathodique en titane Boride sont emball\u00e9es dans des sacs sous vide \u00e0 double couche avec des cartons ext\u00e9rieurs.<\/p>\n<p>Les cibles de pulv\u00e9risation de borure de titane doivent \u00eatre stock\u00e9es dans un environnement sec, frais et bien ventil\u00e9, en \u00e9vitant l\u2019humidit\u00e9, en \u00e9vitant le contact avec des substances corrosives telles que l\u2019acide et l\u2019alcali, en \u00e9vitant les dommages physiques tels que les collisions et les frottements, et en se tenant \u00e9galement \u00e0 l\u2019\u00e9cart des temp\u00e9ratures \u00e9lev\u00e9es et des champs magn\u00e9tiques puissants pour garantir que ses propri\u00e9t\u00e9s telles que la duret\u00e9 \u00e9lev\u00e9e, le point de fusion \u00e9lev\u00e9,  La bonne conductivit\u00e9 \u00e9lectrique et la stabilit\u00e9 chimique ne sont pas affect\u00e9es.<\/p>\n","protected":false},"excerpt":{"rendered":"<p>La cible de pulv\u00e9risation de <span style=\"color: #0000ff;\"><a style=\"color: #0000ff;\" href=\"https:\/\/vimaterial.de\/fr\/product\/borure-de-titane\/\">borure de titane<\/a> <\/span>est une cible \u00e0 base de borure de titane avec une duret\u00e9 \u00e9lev\u00e9e, un point de fusion \u00e9lev\u00e9, une bonne conductivit\u00e9 \u00e9lectrique et une stabilit\u00e9 chimique. Il peut d\u00e9poser des films minces de borure de titane avec d\u2019excellentes propri\u00e9t\u00e9s d\u2019usure, de corrosion et \u00e9lectriques sur le mat\u00e9riau du substrat pendant la pulv\u00e9risation, qui peuvent \u00eatre utilis\u00e9s dans un large \u00e9ventail de domaines tels que les rev\u00eatements d\u2019outils, les dispositifs \u00e9lectroniques, les pi\u00e8ces r\u00e9sistantes \u00e0 l\u2019usure \u00e0 haute temp\u00e9rature, etc. <\/p>\n","protected":false},"featured_media":1000586,"comment_status":"open","ping_status":"closed","template":"","meta":{"_acf_changed":false},"product_brand":[],"product_cat":[235],"product_tag":[],"class_list":{"0":"post-1011281","1":"product","2":"type-product","3":"status-publish","4":"has-post-thumbnail","6":"product_cat-cibles-de-pulverisation-planaire","8":"first","9":"instock","10":"shipping-taxable","11":"product-type-variable"},"acf":[],"_links":{"self":[{"href":"https:\/\/vimaterial.de\/fr\/wp-json\/wp\/v2\/product\/1011281","targetHints":{"allow":["GET"]}}],"collection":[{"href":"https:\/\/vimaterial.de\/fr\/wp-json\/wp\/v2\/product"}],"about":[{"href":"https:\/\/vimaterial.de\/fr\/wp-json\/wp\/v2\/types\/product"}],"replies":[{"embeddable":true,"href":"https:\/\/vimaterial.de\/fr\/wp-json\/wp\/v2\/comments?post=1011281"}],"wp:featuredmedia":[{"embeddable":true,"href":"https:\/\/vimaterial.de\/fr\/wp-json\/wp\/v2\/media\/1000586"}],"wp:attachment":[{"href":"https:\/\/vimaterial.de\/fr\/wp-json\/wp\/v2\/media?parent=1011281"}],"wp:term":[{"taxonomy":"product_brand","embeddable":true,"href":"https:\/\/vimaterial.de\/fr\/wp-json\/wp\/v2\/product_brand?post=1011281"},{"taxonomy":"product_cat","embeddable":true,"href":"https:\/\/vimaterial.de\/fr\/wp-json\/wp\/v2\/product_cat?post=1011281"},{"taxonomy":"product_tag","embeddable":true,"href":"https:\/\/vimaterial.de\/fr\/wp-json\/wp\/v2\/product_tag?post=1011281"}],"curies":[{"name":"wp","href":"https:\/\/api.w.org\/{rel}","templated":true}]}}