{"id":1011269,"date":"2024-06-17T14:24:34","date_gmt":"2024-06-17T06:24:34","guid":{"rendered":"https:\/\/vimaterial.de\/product\/borure-de-titane\/"},"modified":"2025-04-18T17:33:21","modified_gmt":"2025-04-18T09:33:21","slug":"borure-de-titane","status":"publish","type":"product","link":"https:\/\/vimaterial.de\/fr\/product\/borure-de-titane\/","title":{"rendered":"Borure de titane"},"content":{"rendered":"<p>La poudre de <span style=\"color: #0000ff;\"><a style=\"color: #0000ff;\" href=\"https:\/\/vimaterial.de\/fr\/product\/borure-de-titane-2\/\">borure de titane<\/a><\/span> est un compos\u00e9 de titane et de bore, principalement de couleur noire ou gris-noir, avec une duret\u00e9 \u00e9lev\u00e9e, un point de fusion \u00e9lev\u00e9, une bonne conductivit\u00e9 \u00e9lectrique et une stabilit\u00e9 chimique, et constitue une mati\u00e8re premi\u00e8re importante pour la fabrication de rev\u00eatements r\u00e9sistants \u00e0 l\u2019usure, d\u2019outils de coupe, de composants \u00e9lectroniques et de nombreux autres domaines.<\/p>\n<p>VIMATERIAL est une soci\u00e9t\u00e9 d\u2019innovation de pointe dans le domaine des mat\u00e9riaux chimiques, sp\u00e9cialis\u00e9e dans les mat\u00e9riaux haute performance con\u00e7us pour des applications d\u2019ing\u00e9nierie avanc\u00e9es. Nos produits sont de haute puret\u00e9 et de haute qualit\u00e9, nous prenons en charge l\u2019emballage en petits lots, le MOQ de petits produits, un inventaire suffisant, la personnalisation de soutien, et nous pouvons fournir un service de reliure cible, si vous avez des besoins, veuillez <span style=\"color: #0000ff;\"><a style=\"color: #0000ff;\" href=\"https:\/\/vimaterial.de\/fr\/contact\/\">nous contacter<\/a><\/span>. <\/p>\n<h2><span style=\"font-size: 14pt;\">Caract\u00e9ristiques<\/span><\/h2>\n<p>Formule mol\u00e9culaire : TiB\u2082<\/p>\n<p>Poids mol\u00e9culaire : environ 69,49<\/p>\n<p>Apparence&nbsp;: G\u00e9n\u00e9ralement noir ou poudre gris-noir avec un \u00e9clat m\u00e9tallique.<\/p>\n<p>Densit\u00e9 : environ 4,5 &#8211; 4,52 g\/cm\u00b3.<\/p>\n<p>Point de fusion : le point de fusion est tr\u00e8s \u00e9lev\u00e9, environ 2980 \u00b0C, dans un environnement \u00e0 haute temp\u00e9rature, il peut \u00e9galement maintenir une bonne stabilit\u00e9.<br \/>\nPoint d\u2019\u00e9bullition : Il n\u2019existe pas de donn\u00e9es claires sur le point d\u2019\u00e9bullition pour le moment, compte tenu de son point de fusion \u00e9lev\u00e9 et de sa stabilit\u00e9, on suppose que le point d\u2019\u00e9bullition se situe dans une plage de temp\u00e9rature tr\u00e8s \u00e9lev\u00e9e.<br \/>\nStructure cristalline : Structure cristalline hexagonale, les atomes de titane et les atomes de bore forment des cristaux selon un arrangement sp\u00e9cifique, cette structure lui conf\u00e8re une duret\u00e9 \u00e9lev\u00e9e et une bonne stabilit\u00e9.<\/p>\n<h2><span style=\"font-size: 14pt;\">Application<\/span><\/h2>\n<p>Fabrication d\u2019outils : Dans la fabrication d\u2019outils, la poudre de borure de titane est utilis\u00e9e pour le rev\u00eatement des outils afin de former un rev\u00eatement de haute duret\u00e9, r\u00e9sistant \u00e0 l\u2019usure et thermiquement stable, ce qui am\u00e9liore les performances de coupe de l\u2019outil, prolonge la dur\u00e9e de vie de l\u2019outil et am\u00e9liore la pr\u00e9cision et l\u2019efficacit\u00e9 de l\u2019usinage.<\/p>\n<p>\u00c9lectronique : Dans l\u2019industrie \u00e9lectronique, les poudres de borure de titane sont utilis\u00e9es dans la pr\u00e9paration de mat\u00e9riaux conducteurs et d\u2019encapsulation pour les composants \u00e9lectroniques, o\u00f9 leur bonne conductivit\u00e9 \u00e9lectrique et leur stabilit\u00e9 chimique am\u00e9liorent les performances des composants \u00e9lectroniques et am\u00e9liorent la fiabilit\u00e9 des \u00e9quipements \u00e9lectroniques.<\/p>\n<p>A\u00e9rospatiale : Pour les applications a\u00e9rospatiales, les poudres de titane Borure peuvent \u00eatre utilis\u00e9es pour cr\u00e9er des composants r\u00e9sistants aux temp\u00e9ratures \u00e9lev\u00e9es et \u00e0 l\u2019usure ou pour former des rev\u00eatements protecteurs sur leurs surfaces afin de les aider \u00e0 r\u00e9sister aux temp\u00e9ratures \u00e9lev\u00e9es, aux courants d\u2019air \u00e0 grande vitesse et \u00e0 l\u2019usure m\u00e9canique, garantissant ainsi le bon fonctionnement des \u00e9quipements a\u00e9rospatiaux dans des environnements extr\u00eames.<\/p>\n<p>Industrie automobile : Dans l\u2019industrie automobile, la poudre est utilis\u00e9e pour rev\u00eatir des composants cl\u00e9s tels que les moteurs et les transmissions, ce qui am\u00e9liore consid\u00e9rablement la r\u00e9sistance \u00e0 l\u2019usure et \u00e0 la corrosion, r\u00e9duit l\u2019usure et am\u00e9liore les performances et la dur\u00e9e de vie des automobiles.<\/p>\n<h2><span style=\"font-size: 14pt;\">Contr\u00f4le de la qualit\u00e9<\/span><\/h2>\n<p><span style=\"color: #0000ff;\"><a style=\"color: #0000ff;\" href=\"https:\/\/vimaterial.de\/fr\/le-controle-de-la-qualite\/\">Nos produits<\/a> <\/span>sont soumis \u00e0 un syst\u00e8me strict de gestion de la qualit\u00e9. Des mat\u00e9riaux entrants, du traitement, de l\u2019inspection finale \u00e0 l\u2019inspection de l\u2019usine, il existe des normes d\u2019inspection strictes. Des mesures d\u2019isolement strictes sont prises pour le traitement non qualifi\u00e9 afin d\u2019\u00e9viter que les produits non qualifi\u00e9s ne passent au processus suivant. Des \u00e9chantillons sont fournis pour une r\u00e9inspection par le client selon les exigences du client.   <\/p>\n<h2><span style=\"font-size: 14pt;\">Emballage et stockage<\/span><\/h2>\n<p>La poudre de borure de titane est emball\u00e9e dans des sacs sous vide doubles, puis emball\u00e9e, avec des cartons ext\u00e9rieurs.<\/p>\n<p>La poudre de borure de titane doit \u00eatre stock\u00e9e dans un environnement sec, frais et bien ventil\u00e9, en \u00e9vitant l\u2019humidit\u00e9, en \u00e9vitant le contact avec des substances corrosives telles que les acides et les alcalis, et en \u00e9vitant la lumi\u00e8re forte, les vibrations violentes et les temp\u00e9ratures \u00e9lev\u00e9es, afin de maintenir ses propri\u00e9t\u00e9s de duret\u00e9 \u00e9lev\u00e9e, de point de fusion \u00e9lev\u00e9, de bonne conductivit\u00e9 \u00e9lectrique et de stabilit\u00e9 chimique.<\/p>\n","protected":false},"excerpt":{"rendered":"<p>La poudre de <span style=\"color: #0000ff;\"><a style=\"color: #0000ff;\" href=\"https:\/\/vimaterial.de\/fr\/product\/borure-de-titane-2\/\">borure de titane<\/a><\/span> est un compos\u00e9 de titane et de bore, principalement de couleur noire ou gris-noir, avec une duret\u00e9 \u00e9lev\u00e9e, un point de fusion \u00e9lev\u00e9, une bonne conductivit\u00e9 \u00e9lectrique et une stabilit\u00e9 chimique, et constitue une mati\u00e8re premi\u00e8re importante pour la fabrication de rev\u00eatements r\u00e9sistants \u00e0 l\u2019usure, d\u2019outils de coupe, de composants \u00e9lectroniques et de nombreux autres domaines.<\/p>\n","protected":false},"featured_media":1000578,"comment_status":"open","ping_status":"closed","template":"","meta":{"_acf_changed":false},"product_brand":[],"product_cat":[240],"product_tag":[],"class_list":{"0":"post-1011269","1":"product","2":"type-product","3":"status-publish","4":"has-post-thumbnail","6":"product_cat-materiaux-c-n-b-si","8":"first","9":"instock","10":"shipping-taxable","11":"purchasable","12":"product-type-variable"},"acf":[],"_links":{"self":[{"href":"https:\/\/vimaterial.de\/fr\/wp-json\/wp\/v2\/product\/1011269","targetHints":{"allow":["GET"]}}],"collection":[{"href":"https:\/\/vimaterial.de\/fr\/wp-json\/wp\/v2\/product"}],"about":[{"href":"https:\/\/vimaterial.de\/fr\/wp-json\/wp\/v2\/types\/product"}],"replies":[{"embeddable":true,"href":"https:\/\/vimaterial.de\/fr\/wp-json\/wp\/v2\/comments?post=1011269"}],"wp:featuredmedia":[{"embeddable":true,"href":"https:\/\/vimaterial.de\/fr\/wp-json\/wp\/v2\/media\/1000578"}],"wp:attachment":[{"href":"https:\/\/vimaterial.de\/fr\/wp-json\/wp\/v2\/media?parent=1011269"}],"wp:term":[{"taxonomy":"product_brand","embeddable":true,"href":"https:\/\/vimaterial.de\/fr\/wp-json\/wp\/v2\/product_brand?post=1011269"},{"taxonomy":"product_cat","embeddable":true,"href":"https:\/\/vimaterial.de\/fr\/wp-json\/wp\/v2\/product_cat?post=1011269"},{"taxonomy":"product_tag","embeddable":true,"href":"https:\/\/vimaterial.de\/fr\/wp-json\/wp\/v2\/product_tag?post=1011269"}],"curies":[{"name":"wp","href":"https:\/\/api.w.org\/{rel}","templated":true}]}}