{"id":1011247,"date":"2024-06-17T14:11:29","date_gmt":"2024-06-17T06:11:29","guid":{"rendered":"https:\/\/vimaterial.de\/product\/magnesium-alliage-de-zinc\/"},"modified":"2024-11-14T13:26:00","modified_gmt":"2024-11-14T05:26:00","slug":"magnesium-alliage-de-zinc","status":"publish","type":"product","link":"https:\/\/vimaterial.de\/fr\/product\/magnesium-alliage-de-zinc\/","title":{"rendered":"Alliage de magn\u00e9sium et de zinc"},"content":{"rendered":"<p>L\u2019alliage de magn\u00e9sium et de zinc est un alliage de magn\u00e9sium (Mg) et de zinc (Zn) qui combine les propri\u00e9t\u00e9s l\u00e9g\u00e8res et excellentes de r\u00e9sistance \u00e0 la corrosion du magn\u00e9sium avec la r\u00e9sistance et la maniabilit\u00e9 am\u00e9lior\u00e9es fournies par le zinc.<\/p>\n<h2><span style=\"font-size: 14pt;\">Propri\u00e9t\u00e9s de l\u2019alliage de magn\u00e9sium et de zinc<\/span><\/h2>\n<p>Rapport r\u00e9sistance\/poids \u00e9lev\u00e9 : Comme d\u2019autres alliages de magn\u00e9sium, les alliages de magn\u00e9sium et de zinc conservent la nature l\u00e9g\u00e8re du magn\u00e9sium, ce qui les rend id\u00e9aux pour les applications o\u00f9 la r\u00e9duction du poids est essentielle, comme dans les industries automobile et a\u00e9rospatiale. R\u00e9sistance \u00e0 la corrosion : L\u2019ajout de zinc au magn\u00e9sium am\u00e9liore sa r\u00e9sistance \u00e0 la corrosion, qui est l\u2019un des principaux d\u00e9fis auxquels sont confront\u00e9s les alliages de magn\u00e9sium pur. Le zinc am\u00e9liore la capacit\u00e9 de l\u2019alliage \u00e0 r\u00e9sister aux contraintes environnementales, en particulier dans des conditions humides ou salines. Am\u00e9lioration de la coulabilit\u00e9 : Les alliages de magn\u00e9sium et de zinc ont g\u00e9n\u00e9ralement une bonne coulabilit\u00e9 et formabilit\u00e9, ce qui leur permet d\u2019\u00eatre facilement transform\u00e9s en formes complexes \u00e0 l\u2019aide de m\u00e9thodes de moulage ou d\u2019extrusion. Stabilit\u00e9 thermique : Les alliages de magn\u00e9sium et de zinc pr\u00e9sentent une meilleure stabilit\u00e9 thermique que le magn\u00e9sium pur, ce qui les rend adapt\u00e9s \u00e0 une utilisation dans des environnements \u00e0 haute temp\u00e9rature. Maniabilit\u00e9 et usinabilit\u00e9 : L\u2019alliage offre une bonne usinabilit\u00e9, ce qui est b\u00e9n\u00e9fique pour les processus de fabrication qui n\u00e9cessitent une pr\u00e9cision et une mise en forme d\u00e9taill\u00e9e. Cela rend les alliages de magn\u00e9sium-zinc plus faciles \u00e0 traiter par rapport \u00e0 certains autres types d\u2019alliages de magn\u00e9sium.<\/p>\n<h2><span style=\"font-size: 14pt;\">Applications de l\u2019alliage magn\u00e9sium-zinc<\/span><\/h2>\n<p>Industrie automobile : Les alliages Mg-Zn sont largement utilis\u00e9s dans l\u2019industrie automobile pour fabriquer des composants l\u00e9gers tels que des blocs moteurs, des carters de transmission, des roues et des pi\u00e8ces structurelles. La combinaison d\u2019un faible poids et d\u2019une r\u00e9sistance am\u00e9lior\u00e9e contribue \u00e0 am\u00e9liorer l\u2019efficacit\u00e9 \u00e9nerg\u00e9tique et les performances globales du v\u00e9hicule. A\u00e9rospatiale : Ces alliages sont utilis\u00e9s dans les applications a\u00e9rospatiales pour r\u00e9duire le poids des composants d\u2019a\u00e9ronefs tout en maintenant la r\u00e9sistance et la durabilit\u00e9 requises. Des pi\u00e8ces telles que des supports, des panneaux et des fixations en alliages de magn\u00e9sium et de zinc contribuent \u00e0 la r\u00e9duction du poids des avions et des engins spatiaux. \u00c9lectronique : Les alliages de magn\u00e9sium et de zinc sont utilis\u00e9s dans l\u2019industrie \u00e9lectronique pour les bo\u00eetiers l\u00e9gers et durables des appareils \u00e9lectroniques. Les propri\u00e9t\u00e9s thermiques et \u00e9lectriques de l\u2019alliage le rendent \u00e9galement adapt\u00e9 \u00e0 certaines applications \u00e9lectroniques. Articles de sport : L\u2019alliage est utilis\u00e9 dans la fabrication d\u2019\u00e9quipements sportifs tels que des cadres de v\u00e9lo, des clubs de golf et d\u2019autres articles o\u00f9 une r\u00e9sistance \u00e9lev\u00e9e et un faible poids sont importants. Militaire et d\u00e9fense : Les alliages Mg-Zn sont utilis\u00e9s dans des applications militaires o\u00f9 les mat\u00e9riaux doivent \u00eatre \u00e0 la fois l\u00e9gers et capables de r\u00e9sister \u00e0 des conditions environnementales difficiles, telles que des composants r\u00e9sistants \u00e0 la corrosion pour les v\u00e9hicules ou les \u00e9quipements expos\u00e9s aux \u00e9l\u00e9ments. Coul\u00e9e et forgeage : Les alliages Mg-Zn sont utilis\u00e9s dans les processus de moulage pour produire des composants \u00e0 haute r\u00e9sistance et durables, qui sont cruciaux dans les secteurs manufacturiers qui exigent des mat\u00e9riaux fiables. <\/p>\n","protected":false},"excerpt":{"rendered":"<p>L\u2019alliage de magn\u00e9sium et de zinc est un alliage de magn\u00e9sium (Mg) et de zinc (Zn) qui combine les propri\u00e9t\u00e9s l\u00e9g\u00e8res et excellentes de r\u00e9sistance \u00e0 la corrosion du magn\u00e9sium avec la r\u00e9sistance et la maniabilit\u00e9 am\u00e9lior\u00e9es fournies par le zinc. Propri\u00e9t\u00e9s de l\u2019alliage de magn\u00e9sium et de zinc Rapport r\u00e9sistance\/poids \u00e9lev\u00e9 : Comme d\u2019autres [&hellip;]<\/p>\n","protected":false},"featured_media":999642,"comment_status":"open","ping_status":"closed","template":"","meta":{"_acf_changed":false},"product_brand":[],"product_cat":[250],"product_tag":[],"class_list":{"0":"post-1011247","1":"product","2":"type-product","3":"status-publish","4":"has-post-thumbnail","6":"product_cat-poudre-de-metal-pur-et-dalliage","8":"first","9":"instock","10":"shipping-taxable","11":"purchasable","12":"product-type-variable"},"acf":[],"_links":{"self":[{"href":"https:\/\/vimaterial.de\/fr\/wp-json\/wp\/v2\/product\/1011247","targetHints":{"allow":["GET"]}}],"collection":[{"href":"https:\/\/vimaterial.de\/fr\/wp-json\/wp\/v2\/product"}],"about":[{"href":"https:\/\/vimaterial.de\/fr\/wp-json\/wp\/v2\/types\/product"}],"replies":[{"embeddable":true,"href":"https:\/\/vimaterial.de\/fr\/wp-json\/wp\/v2\/comments?post=1011247"}],"wp:featuredmedia":[{"embeddable":true,"href":"https:\/\/vimaterial.de\/fr\/wp-json\/wp\/v2\/media\/999642"}],"wp:attachment":[{"href":"https:\/\/vimaterial.de\/fr\/wp-json\/wp\/v2\/media?parent=1011247"}],"wp:term":[{"taxonomy":"product_brand","embeddable":true,"href":"https:\/\/vimaterial.de\/fr\/wp-json\/wp\/v2\/product_brand?post=1011247"},{"taxonomy":"product_cat","embeddable":true,"href":"https:\/\/vimaterial.de\/fr\/wp-json\/wp\/v2\/product_cat?post=1011247"},{"taxonomy":"product_tag","embeddable":true,"href":"https:\/\/vimaterial.de\/fr\/wp-json\/wp\/v2\/product_tag?post=1011247"}],"curies":[{"name":"wp","href":"https:\/\/api.w.org\/{rel}","templated":true}]}}