{"id":1011241,"date":"2024-06-17T14:11:29","date_gmt":"2024-06-17T06:11:29","guid":{"rendered":"https:\/\/vimaterial.de\/product\/alliage-de-magnesium-et-dyttrium-2\/"},"modified":"2024-11-14T11:40:10","modified_gmt":"2024-11-14T03:40:10","slug":"alliage-de-magnesium-et-dyttrium-2","status":"publish","type":"product","link":"https:\/\/vimaterial.de\/fr\/product\/alliage-de-magnesium-et-dyttrium-2\/","title":{"rendered":"Alliage de magn\u00e9sium et d\u2019yttrium"},"content":{"rendered":"<p>L\u2019alliage magn\u00e9sium-yttrium (MgY) est une combinaison de magn\u00e9sium (Mg) et d\u2019yttrium (Y) qui offre des propri\u00e9t\u00e9s am\u00e9lior\u00e9es par rapport au magn\u00e9sium pur, telles qu\u2019une r\u00e9sistance, une stabilit\u00e9 thermique et une r\u00e9sistance \u00e0 la corrosion am\u00e9lior\u00e9es. Les alliages de magn\u00e9sium, en g\u00e9n\u00e9ral, sont largement utilis\u00e9s dans des industries telles que l\u2019a\u00e9rospatiale, l\u2019automobile et l\u2019\u00e9lectronique en raison de leur l\u00e9g\u00e8ret\u00e9, de leur rapport r\u00e9sistance\/poids \u00e9lev\u00e9 et de leur bonne usinabilit\u00e9. L\u2019ajout d\u2019yttrium aux alliages de magn\u00e9sium conf\u00e8re d\u2019autres avantages, notamment en termes d\u2019applications structurelles et \u00e0 haute temp\u00e9rature.  <\/p>\n<h2><span style=\"font-size: 14pt;\">Propri\u00e9t\u00e9s de l\u2019alliage de magn\u00e9sium et d\u2019yttrium<\/span><\/h2>\n<p>R\u00e9sistance am\u00e9lior\u00e9e : L\u2019ajout d\u2019yttrium au magn\u00e9sium augmente la r\u00e9sistance globale de l\u2019alliage, en particulier \u00e0 des temp\u00e9ratures \u00e9lev\u00e9es. L\u2019yttrium agit comme un raffineur de grains et contribue \u00e0 une microstructure plus stable, ce qui conduit \u00e0 des propri\u00e9t\u00e9s m\u00e9caniques am\u00e9lior\u00e9es. R\u00e9sistance accrue \u00e0 la corrosion : L\u2019ajout d\u2019yttrium am\u00e9liore la r\u00e9sistance \u00e0 la corrosion des alliages de magn\u00e9sium, en particulier dans les environnements agressifs (par exemple, les environnements marins ou automobiles). Ceci est particuli\u00e8rement utile pour les applications qui n\u00e9cessitent une long\u00e9vit\u00e9 dans des conditions difficiles. Stabilit\u00e9 \u00e0 haute temp\u00e9rature : Les alliages de magn\u00e9sium avec de l\u2019yttrium ont tendance \u00e0 conserver leurs propri\u00e9t\u00e9s m\u00e9caniques \u00e0 des temp\u00e9ratures plus \u00e9lev\u00e9es par rapport au magn\u00e9sium pur. Cela les rend utiles dans les applications o\u00f9 la r\u00e9sistance \u00e0 la chaleur est critique. Fluage r\u00e9duit : L\u2019alliage pr\u00e9sente un comportement de fluage r\u00e9duit \u00e0 des temp\u00e9ratures \u00e9lev\u00e9es, ce qui le rend plus adapt\u00e9 aux applications hautes performances dans les industries a\u00e9rospatiale et automobile o\u00f9 les pi\u00e8ces sont expos\u00e9es \u00e0 des conditions de stress \u00e9lev\u00e9es sur de longues p\u00e9riodes. Am\u00e9lioration de la coulabilit\u00e9 : Les alliages de magn\u00e9sium et d\u2019yttrium (MgY) ont g\u00e9n\u00e9ralement une meilleure coulabilit\u00e9 et formabilit\u00e9, ce qui les rend plus faciles \u00e0 traiter en formes complexes sans sacrifier la r\u00e9sistance ou l\u2019int\u00e9grit\u00e9. L\u00e9g\u00e8ret\u00e9 : Comme tous les alliages de magn\u00e9sium, l\u2019alliage magn\u00e9sium-yttrium reste l\u00e9ger, ce qui constitue un avantage non n\u00e9gligeable pour les applications n\u00e9cessitant un poids r\u00e9duit, comme dans les secteurs de l\u2019automobile et de l\u2019a\u00e9rospatiale. <\/p>\n<h2><span style=\"font-size: 14pt;\">Applications de l\u2019alliage de magn\u00e9sium et d\u2019yttrium<\/span><\/h2>\n<p>A\u00e9rospatiale : Les alliages de magn\u00e9sium et d\u2019yttrium sont utilis\u00e9s dans les composants a\u00e9rospatiaux en raison de leur r\u00e9sistance, de leur poids r\u00e9duit et de leurs performances \u00e0 haute temp\u00e9rature. Des pi\u00e8ces telles que les carters de moteur, les supports et les cadres peuvent b\u00e9n\u00e9ficier de ce mat\u00e9riau. Automobile : Dans l\u2019industrie automobile, ces alliages sont utilis\u00e9s dans des composants l\u00e9gers, tels que les blocs moteurs, les roues et les pi\u00e8ces structurelles, o\u00f9 la r\u00e9sistance et l\u2019\u00e9conomie de poids sont cruciales pour l\u2019efficacit\u00e9 \u00e9nerg\u00e9tique et les performances. \u00c9lectronique : Les alliages de magn\u00e9sium et d\u2019yttrium sont utilis\u00e9s dans la fabrication d\u2019appareils \u00e9lectroniques o\u00f9 des mat\u00e9riaux l\u00e9gers et durables sont n\u00e9cessaires. Ils sont particuli\u00e8rement pr\u00e9cieux dans les applications o\u00f9 les pi\u00e8ces doivent \u00eatre thermiquement stables et r\u00e9sistantes \u00e0 l\u2019usure et \u00e0 la corrosion. Militaire et d\u00e9fense : En raison de leur r\u00e9sistance et de leur durabilit\u00e9 accrues, les alliages de magn\u00e9sium-yttrium sont utilis\u00e9s dans les applications de d\u00e9fense o\u00f9 les mat\u00e9riaux doivent r\u00e9sister \u00e0 des conditions extr\u00eames, y compris des contraintes \u00e9lev\u00e9es et des environnements corrosifs. Articles de sport : Certains articles de sport de haute performance, comme les cadres de v\u00e9lo et d\u2019autres \u00e9quipements, peuvent \u00e9galement utiliser des alliages de magn\u00e9sium-yttrium pour leur l\u00e9g\u00e8ret\u00e9 et leur haute r\u00e9sistance. <\/p>\n<h2><span style=\"font-size: 14pt;\">Consid\u00e9rations sur l\u2019alliage de magn\u00e9sium et d\u2019yttrium<\/span><\/h2>\n<p>Co\u00fbt de l\u2019yttrium : L\u2019yttrium est un \u00e9l\u00e9ment de terre rare, ce qui peut augmenter le co\u00fbt de production des alliages magn\u00e9sium-yttrium. Cela peut limiter l\u2019utilisation g\u00e9n\u00e9ralis\u00e9e de l\u2019alliage dans les applications sensibles aux co\u00fbts, bien que les avantages en termes de performances puissent justifier le co\u00fbt suppl\u00e9mentaire dans certains secteurs \u00e0 haute performance. Difficult\u00e9s d\u2019alliage : Il peut \u00eatre difficile d\u2019obtenir un alliage homog\u00e8ne avec les propri\u00e9t\u00e9s souhait\u00e9es en raison des diff\u00e9rences de points de fusion et de solubilit\u00e9 du magn\u00e9sium et de l\u2019yttrium. Un bon contr\u00f4le du processus d\u2019alliage est n\u00e9cessaire pour garantir des performances optimales. Recyclage : Le recyclage des alliages de magn\u00e9sium est souvent difficile en raison de l\u2019alliage de divers \u00e9l\u00e9ments, et l\u2019ajout d\u2019yttrium peut compliquer le processus de recyclage, n\u00e9cessitant des m\u00e9thodes sp\u00e9cialis\u00e9es pour r\u00e9cup\u00e9rer et r\u00e9utiliser le mat\u00e9riau. Cassante : Les alliages de magn\u00e9sium, y compris ceux contenant de l\u2019yttrium, peuvent \u00eatre plus fragiles que d\u2019autres mat\u00e9riaux comme les alliages d\u2019aluminium, en particulier \u00e0 basse temp\u00e9rature. Cela peut limiter leur utilisation dans des applications o\u00f9 la robustesse est essentielle. <\/p>\n","protected":false},"excerpt":{"rendered":"<p>L\u2019alliage magn\u00e9sium-yttrium (MgY) est une combinaison de magn\u00e9sium (Mg) et d\u2019yttrium (Y) qui offre des propri\u00e9t\u00e9s am\u00e9lior\u00e9es par rapport au magn\u00e9sium pur, telles qu\u2019une r\u00e9sistance, une stabilit\u00e9 thermique et une r\u00e9sistance \u00e0 la corrosion am\u00e9lior\u00e9es. Les alliages de magn\u00e9sium, en g\u00e9n\u00e9ral, sont largement utilis\u00e9s dans des industries telles que l\u2019a\u00e9rospatiale, l\u2019automobile et l\u2019\u00e9lectronique en raison [&hellip;]<\/p>\n","protected":false},"featured_media":999633,"comment_status":"open","ping_status":"closed","template":"","meta":{"_acf_changed":false},"product_brand":[],"product_cat":[236],"product_tag":[],"class_list":{"0":"post-1011241","1":"product","2":"type-product","3":"status-publish","4":"has-post-thumbnail","6":"product_cat-materiaux-devaporation","8":"first","9":"instock","10":"shipping-taxable","11":"product-type-variable"},"acf":[],"_links":{"self":[{"href":"https:\/\/vimaterial.de\/fr\/wp-json\/wp\/v2\/product\/1011241","targetHints":{"allow":["GET"]}}],"collection":[{"href":"https:\/\/vimaterial.de\/fr\/wp-json\/wp\/v2\/product"}],"about":[{"href":"https:\/\/vimaterial.de\/fr\/wp-json\/wp\/v2\/types\/product"}],"replies":[{"embeddable":true,"href":"https:\/\/vimaterial.de\/fr\/wp-json\/wp\/v2\/comments?post=1011241"}],"wp:featuredmedia":[{"embeddable":true,"href":"https:\/\/vimaterial.de\/fr\/wp-json\/wp\/v2\/media\/999633"}],"wp:attachment":[{"href":"https:\/\/vimaterial.de\/fr\/wp-json\/wp\/v2\/media?parent=1011241"}],"wp:term":[{"taxonomy":"product_brand","embeddable":true,"href":"https:\/\/vimaterial.de\/fr\/wp-json\/wp\/v2\/product_brand?post=1011241"},{"taxonomy":"product_cat","embeddable":true,"href":"https:\/\/vimaterial.de\/fr\/wp-json\/wp\/v2\/product_cat?post=1011241"},{"taxonomy":"product_tag","embeddable":true,"href":"https:\/\/vimaterial.de\/fr\/wp-json\/wp\/v2\/product_tag?post=1011241"}],"curies":[{"name":"wp","href":"https:\/\/api.w.org\/{rel}","templated":true}]}}