{"id":1011097,"date":"2024-06-17T14:11:33","date_gmt":"2024-06-17T06:11:33","guid":{"rendered":"https:\/\/vimaterial.de\/product\/silicium\/"},"modified":"2024-12-17T14:32:11","modified_gmt":"2024-12-17T06:32:11","slug":"silicium","status":"publish","type":"product","link":"https:\/\/vimaterial.de\/fr\/product\/silicium\/","title":{"rendered":"Silicium"},"content":{"rendered":"<p>Les plaquettes de silicium sont particuli\u00e8rement utiles dans la fabrication de circuits \u00e9lectroniques comme substrats pour les puces. Le silicium se classe au septi\u00e8me rang des \u00e9l\u00e9ments les plus courants dans l\u2019ensemble de l\u2019univers et au deuxi\u00e8me rang des \u00e9l\u00e9ments les plus courants sur Terre. Le silicium est actuellement le semi-conducteur le plus utilis\u00e9 dans la technologie des semi-conducteurs. Les plaquettes de silicium se pr\u00e9sentent sous diff\u00e9rentes formes et tailles, en fonction de leur objectif. Les plaquettes vont de 2 pouces \u00e0 12 pouces, 6 pouces, 8 pouces et 12 pouces \u00e9tant les plus courantes. VIMATERIAL peut fournir des plaquettes de silicium monocristallin de haute qualit\u00e9 de diverses sp\u00e9cifications, ainsi que des services de traitement et de personnalisation de plaquettes de silicium monocristallin.  <\/p>\n<ul>\n<li>M\u00e9thode de croissance : CZ, FZ, etc.<\/li>\n<li>Taille&nbsp;: 2&nbsp;\u00bb, 3&nbsp;\u00bb, 4&nbsp;\u00bb, 5&nbsp;\u00bb, 6&nbsp;\u00bb, 8&nbsp;\u00bb, 12&nbsp;\u00bb et diam\u00e8tres sp\u00e9ciaux non standard et plaquettes de silicium de forme sp\u00e9ciale&nbsp;;<\/li>\n<li>Surface&nbsp;: polissage simple, polissage double, meulage, etc.&nbsp;;<\/li>\n<li>Orientation:  &lt;100&gt;,  &lt;111&gt;,  &lt;110&gt;  angle d\u2019orientation et de d\u00e9viation et orientation sp\u00e9ciale&nbsp;;<\/li>\n<li>\u00c9paisseur&nbsp;: 50um-2mm, etc., \u00e9paisseur couramment utilis\u00e9e&nbsp;: 200um \/ 500um \/ 1mm<\/li>\n<li>Type conducteur : type N, type P, semi-isolant intrins\u00e8que ;<\/li>\n<li>R\u00e9sistivit\u00e9&nbsp;: fortement dop\u00e9 &lt;0.001\u03a9.cm, l\u00e9g\u00e8rement dop\u00e9 1 ~ 100\u03a9.cm, non dop\u00e9 &gt;1000 ~&gt; 20000\u03a9.cm&nbsp;;<\/li>\n<\/ul>\n<h2><span style=\"font-size: 14pt;\">Proc\u00e9d\u00e9 de fabrication de plaquettes de silicium :<\/span><\/h2>\n<p>Silicium (par r\u00e9duction)&#8211;&gt;Silicium m\u00e9tallique (par purification)&#8211;&gt;Silicium polycristallin (par chauffage et fusion dans un creuset)&#8211;&gt;Silicium fondu (par la m\u00e9thode Czochralski)&#8211;&gt;Tige de silicium monocristallin (par coupe au couteau m\u00e9tallique)&#8211;&gt;Plaquette de silicium (par broyage m\u00e9canique chimique)&#8211;&gt;Plaquette polie (par traitement thermique)&#8211;&gt;Plaquette recuite (par croissance \u00e9pitaxiale)&#8211;&gt;Plaquette \u00e9pitaxiale (par divers proc\u00e9d\u00e9s)&#8211;&gt;Fabrication de divers circuits int\u00e9gr\u00e9s ou dispositifs discrets<\/p>\n","protected":false},"excerpt":{"rendered":"<p>Les plaquettes de silicium sont particuli\u00e8rement utiles dans la fabrication de circuits \u00e9lectroniques comme substrats pour les puces. Le silicium se classe au septi\u00e8me rang des \u00e9l\u00e9ments les plus courants dans l\u2019ensemble de l\u2019univers et au deuxi\u00e8me rang des \u00e9l\u00e9ments les plus courants sur Terre. Le silicium est actuellement le semi-conducteur le plus utilis\u00e9 dans [&hellip;]<\/p>\n","protected":false},"featured_media":999695,"comment_status":"open","ping_status":"closed","template":"","meta":{"_acf_changed":false},"product_brand":[],"product_cat":[236],"product_tag":[],"class_list":{"0":"post-1011097","1":"product","2":"type-product","3":"status-publish","4":"has-post-thumbnail","6":"product_cat-materiaux-devaporation","8":"first","9":"instock","10":"shipping-taxable","11":"product-type-variable"},"acf":[],"_links":{"self":[{"href":"https:\/\/vimaterial.de\/fr\/wp-json\/wp\/v2\/product\/1011097","targetHints":{"allow":["GET"]}}],"collection":[{"href":"https:\/\/vimaterial.de\/fr\/wp-json\/wp\/v2\/product"}],"about":[{"href":"https:\/\/vimaterial.de\/fr\/wp-json\/wp\/v2\/types\/product"}],"replies":[{"embeddable":true,"href":"https:\/\/vimaterial.de\/fr\/wp-json\/wp\/v2\/comments?post=1011097"}],"wp:featuredmedia":[{"embeddable":true,"href":"https:\/\/vimaterial.de\/fr\/wp-json\/wp\/v2\/media\/999695"}],"wp:attachment":[{"href":"https:\/\/vimaterial.de\/fr\/wp-json\/wp\/v2\/media?parent=1011097"}],"wp:term":[{"taxonomy":"product_brand","embeddable":true,"href":"https:\/\/vimaterial.de\/fr\/wp-json\/wp\/v2\/product_brand?post=1011097"},{"taxonomy":"product_cat","embeddable":true,"href":"https:\/\/vimaterial.de\/fr\/wp-json\/wp\/v2\/product_cat?post=1011097"},{"taxonomy":"product_tag","embeddable":true,"href":"https:\/\/vimaterial.de\/fr\/wp-json\/wp\/v2\/product_tag?post=1011097"}],"curies":[{"name":"wp","href":"https:\/\/api.w.org\/{rel}","templated":true}]}}