{"id":1011083,"date":"2024-06-17T14:11:34","date_gmt":"2024-06-17T06:11:34","guid":{"rendered":"https:\/\/vimaterial.de\/product\/nitrure-de-silicium-3\/"},"modified":"2024-12-17T16:25:11","modified_gmt":"2024-12-17T08:25:11","slug":"nitrure-de-silicium-3","status":"publish","type":"product","link":"https:\/\/vimaterial.de\/fr\/product\/nitrure-de-silicium-3\/","title":{"rendered":"Nitrure de silicium"},"content":{"rendered":"<p>Le nitrure de silicium est un mat\u00e9riau c\u00e9ramique de haute duret\u00e9, de structure stable, de faible coefficient de dilatation thermique, d\u2019une excellente r\u00e9sistance \u00e0 l\u2019oxydation et \u00e0 la corrosion, et d\u2019excellentes propri\u00e9t\u00e9s thermiques et chimiques. Notre poudre de nitrure de silicium pr\u00e9sente les caract\u00e9ristiques d\u2019une grande puret\u00e9, d\u2019une teneur \u00e9lev\u00e9e en azote, d\u2019une distribution granulom\u00e9trique \u00e9troite et d\u2019une activit\u00e9 de frittage \u00e9lev\u00e9e. Il peut \u00eatre largement utilis\u00e9 dans de nombreux domaines tels que les c\u00e9ramiques structurelles de haute technologie, divers mat\u00e9riaux r\u00e9sistants \u00e0 l\u2019usure, les mat\u00e9riaux r\u00e9fractaires, etc. VIMATERIAL fournit \u00e9galement <span style=\"color: #0000ff;\"><a style=\"color: #0000ff;\" href=\"https:\/\/vimaterial.de\/en\/product\/silicon-nitride-si3n4\/\">des granul\u00e9s de nitrure de silicium et des<\/a><\/span> <span style=\"color: #0000ff;\"><a style=\"color: #0000ff;\" href=\"https:\/\/vimaterial.de\/en\/product\/silicon-nitride-sputtering-target\/\">cibles en nitrure de silicium<\/a><\/span>.<\/p>\n<h2><span style=\"font-size: 14pt;\">Caract\u00e9ristiques de la poudre de nitrure de silicium :<\/span><\/h2>\n<p>Formule chimique&nbsp;: Si3N4 Couleur&nbsp;: blanc gris\u00e2tre Cristal&nbsp;: amorphe \u03b1 phase \u03b2 point de fusion&nbsp;: 1900\u00b0C Conductivit\u00e9 thermique&nbsp;: 25W \/ m.K Densit\u00e9&nbsp;: 3,2g \/ cm3 R\u00e9sistivit\u00e9&nbsp;: 1011 ~ 1012\u03a9.cm Duret\u00e9 de Mohs&nbsp;: 9 Taille des particules&nbsp;: niveau nanom\u00e9trique (20nm 50nm 100nm 500nm 800nm) \/ Niveau microm\u00e9trique (1\u03bcm 5\u03bcm 10\u03bcm) Puret\u00e9&nbsp;: 99,9% 99,99% 99,999% (La taille des particules, les sp\u00e9cifications de puret\u00e9, etc. peuvent \u00eatre personnalis\u00e9es selon les besoins)<\/p>\n<h2><span style=\"font-size: 14pt;\">Fonctionnalit\u00e9s:<\/span><\/h2>\n<p>Le produit a une grande puret\u00e9, une petite taille de particules, une distribution uniforme, une grande surface sp\u00e9cifique, une activit\u00e9 de surface \u00e9lev\u00e9e et une faible densit\u00e9 apparente&nbsp;; La r\u00e9flectivit\u00e9 ultraviolette est sup\u00e9rieure \u00e0 95% et le taux d\u2019absorption de la bande infrarouge est sup\u00e9rieur \u00e0 97%, avec une bonne r\u00e9sistance \u00e0 la corrosion chimique, de fortes performances de lubrification, une duret\u00e9 \u00e9lev\u00e9e et un faible coefficient de frottement de glissement.<\/p>\n<h2><span style=\"font-size: 14pt;\">Applications:<\/span><\/h2>\n<p>Fabrication de composants structurels : tels que des billes et des rouleaux de roulement, des paliers lisses, des manchons, des vannes et des composants structurels avec des exigences de r\u00e9sistance \u00e0 l\u2019usure, de r\u00e9sistance aux hautes temp\u00e9ratures et de r\u00e9sistance \u00e0 la corrosion dans la m\u00e9tallurgie, l\u2019industrie chimique, les machines, l\u2019aviation, l\u2019a\u00e9rospatiale et l\u2019\u00e9nergie, et les buses ; Traitement de surface des m\u00e9taux et d\u2019autres mat\u00e9riaux : tels que les alliages tels que les moules, les outils de coupe, les aubes de turbine, les rotors de turbine et les rev\u00eatements de paroi int\u00e9rieure de cylindre ; Mat\u00e9riaux composites : tels que les mat\u00e9riaux composites \u00e0 base de m\u00e9tal, de c\u00e9ramique et de graphite, le caoutchouc, le plastique, les rev\u00eatements, les adh\u00e9sifs et autres mat\u00e9riaux composites \u00e0 base de polym\u00e8res ; Films nanoparticules autolubrifiants r\u00e9sistants \u00e0 l\u2019usure, utilis\u00e9s pour la protection de surface des t\u00e9l\u00e9phones portables, des automobiles, etc., rev\u00eatements r\u00e9sistants \u00e0 l\u2019usure, additifs de peinture \u00e9lectrophor\u00e9tiques et haute r\u00e9sistance \u00e0 l\u2019usure. Agent de d\u00e9moulage du creuset en quartz.<\/p>\n<h2><span style=\"font-size: 14pt;\">Stockage:<\/span><\/h2>\n<p>Ce produit doit \u00eatre scell\u00e9 et stock\u00e9 dans un environnement sec et frais. Il ne doit pas \u00eatre expos\u00e9 \u00e0 l\u2019air pendant une longue p\u00e9riode pour \u00e9viter l\u2019humidit\u00e9 de l\u2019agglom\u00e9ration, ce qui affectera les performances de dispersion et l\u2019effet d\u2019utilisation. De plus, il doit \u00e9viter une forte pression et le contact avec des oxydants. Il doit \u00eatre transport\u00e9 comme une marchandise ordinaire.   <\/p>\n","protected":false},"excerpt":{"rendered":"<p>Le nitrure de silicium est un mat\u00e9riau c\u00e9ramique de haute duret\u00e9, de structure stable, de faible coefficient de dilatation thermique, d\u2019une excellente r\u00e9sistance \u00e0 l\u2019oxydation et \u00e0 la corrosion, et d\u2019excellentes propri\u00e9t\u00e9s thermiques et chimiques. Notre poudre de nitrure de silicium pr\u00e9sente les caract\u00e9ristiques d\u2019une grande puret\u00e9, d\u2019une teneur \u00e9lev\u00e9e en azote, d\u2019une distribution granulom\u00e9trique [&hellip;]<\/p>\n","protected":false},"featured_media":999714,"comment_status":"open","ping_status":"closed","template":"","meta":{"_acf_changed":false},"product_brand":[],"product_cat":[240],"product_tag":[],"class_list":{"0":"post-1011083","1":"product","2":"type-product","3":"status-publish","4":"has-post-thumbnail","6":"product_cat-materiaux-c-n-b-si","8":"first","9":"instock","10":"shipping-taxable","11":"purchasable","12":"product-type-variable"},"acf":[],"_links":{"self":[{"href":"https:\/\/vimaterial.de\/fr\/wp-json\/wp\/v2\/product\/1011083","targetHints":{"allow":["GET"]}}],"collection":[{"href":"https:\/\/vimaterial.de\/fr\/wp-json\/wp\/v2\/product"}],"about":[{"href":"https:\/\/vimaterial.de\/fr\/wp-json\/wp\/v2\/types\/product"}],"replies":[{"embeddable":true,"href":"https:\/\/vimaterial.de\/fr\/wp-json\/wp\/v2\/comments?post=1011083"}],"wp:featuredmedia":[{"embeddable":true,"href":"https:\/\/vimaterial.de\/fr\/wp-json\/wp\/v2\/media\/999714"}],"wp:attachment":[{"href":"https:\/\/vimaterial.de\/fr\/wp-json\/wp\/v2\/media?parent=1011083"}],"wp:term":[{"taxonomy":"product_brand","embeddable":true,"href":"https:\/\/vimaterial.de\/fr\/wp-json\/wp\/v2\/product_brand?post=1011083"},{"taxonomy":"product_cat","embeddable":true,"href":"https:\/\/vimaterial.de\/fr\/wp-json\/wp\/v2\/product_cat?post=1011083"},{"taxonomy":"product_tag","embeddable":true,"href":"https:\/\/vimaterial.de\/fr\/wp-json\/wp\/v2\/product_tag?post=1011083"}],"curies":[{"name":"wp","href":"https:\/\/api.w.org\/{rel}","templated":true}]}}