{"id":1011024,"date":"2024-06-17T14:11:35","date_gmt":"2024-06-17T06:11:35","guid":{"rendered":"https:\/\/vimaterial.de\/product\/nitrure-de-silicium\/"},"modified":"2024-12-17T16:27:00","modified_gmt":"2024-12-17T08:27:00","slug":"nitrure-de-silicium","status":"publish","type":"product","link":"https:\/\/vimaterial.de\/fr\/product\/nitrure-de-silicium\/","title":{"rendered":"Nitrure de silicium"},"content":{"rendered":"<p>La cible de pulv\u00e9risation en nitrure de silicium est un mat\u00e9riau stable \u00e0 haute temp\u00e9rature. En raison de son point de fusion \u00e9lev\u00e9, de sa duret\u00e9 \u00e9lev\u00e9e, de sa r\u00e9sistance \u00e9lev\u00e9e, de sa conductivit\u00e9 thermique \u00e9lev\u00e9e et de son faible coefficient de dilatation thermique, il est largement utilis\u00e9 dans l\u2019a\u00e9rospatiale, l\u2019\u00e9lectronique, l\u2019\u00e9nergie, l\u2019industrie chimique, le nano-traitement et d\u2019autres domaines industriels. VIMATERIAL fournit \u00e9galement <span style=\"color: #0000ff;\"><a style=\"color: #0000ff;\" href=\"https:\/\/vimaterial.de\/en\/product\/silicon-nitride-2\/\">des poudres de nitrure de silicium et des<\/a><\/span> <span style=\"color: #0000ff;\"><a style=\"color: #0000ff;\" href=\"https:\/\/vimaterial.de\/en\/product\/silicon-nitride-si3n4\/\">granul\u00e9s de nitrure de silicium<\/a><\/span>. Nous fournissons des cibles de pulv\u00e9risation en nitrure de silicium d\u2019une puret\u00e9 de 99,5 % et 99,9 %. Son diam\u00e8tre varie de 1 pouce \u00e0 8 pouces de diam\u00e8tre, de 0,125 pouce d\u2019\u00e9paisseur \u00e0 0,25 pouce d\u2019\u00e9paisseur. (Les dimensions, les sp\u00e9cifications de puret\u00e9, etc. peuvent \u00eatre personnalis\u00e9es selon les besoins) <\/p>\n<h2><span style=\"font-size: 14pt;\">Pourquoi les cibles en nitrure de silicium ne peuvent-elles pas avoir la phase b\u00eata ?<\/span><\/h2>\n<p>Dans la production de cibles de pulv\u00e9risation en nitrure de silicium, plusieurs indicateurs tels qu\u2019une puret\u00e9 \u00e9lev\u00e9e, une bonne cristallinit\u00e9 et une densit\u00e9 uniforme sont n\u00e9cessaires pour r\u00e9pondre \u00e0 certaines exigences. La pr\u00e9sence d\u2019\u03b2 phase affectera les propri\u00e9t\u00e9s physiques et les propri\u00e9t\u00e9s filmog\u00e8nes du nitrure de silicium et r\u00e9duira la qualit\u00e9 du mat\u00e9riau. Par cons\u00e9quent, lors de la pr\u00e9paration de cibles en nitrure de silicium, il est n\u00e9cessaire de contr\u00f4ler les conditions physiques et les conditions de r\u00e9action chimique pour \u00e9viter la formation de \u03b2 phase. Par cons\u00e9quent, les cibles de nitrure de silicium ne peuvent pas avoir \u03b2 phase.   <\/p>\n<h2><span style=\"font-size: 14pt;\">Applications:<\/span><\/h2>\n<p>Fabrication de semi-conducteurs : La cible de pulv\u00e9risation de nitrure de silicium est souvent utilis\u00e9e comme mat\u00e9riau isolant dans la fabrication de semi-conducteurs, ce qui peut emp\u00eacher efficacement les r\u00e9actions inutiles entre l\u2019oxyde de silicium et d\u2019autres substances et assurer la stabilit\u00e9 des performances des semi-conducteurs. Pr\u00e9paration de couches minces : Les cibles de pulv\u00e9risation de nitrure de silicium sont largement utilis\u00e9es dans la pr\u00e9paration de couches minces, en particulier dans les domaines des cellules solaires, des dispositifs \u00e0 semi-conducteurs, des dispositifs d\u2019affichage et de la fabrication de LED. Le film de nitrure de silicium a une bonne stabilit\u00e9 optique, \u00e9lectrique, m\u00e9canique et chimique, et est un mat\u00e9riau id\u00e9al pour la pr\u00e9paration d\u2019un film de nitrure de silicium de haute qualit\u00e9.Carbure c\u00e9ment\u00e9 : La cible de pulv\u00e9risation en nitrure de silicium fonctionne bien dans la fabrication de carbure c\u00e9ment\u00e9 et convient aux sc\u00e8nes qui n\u00e9cessitent une r\u00e9sistance \u00e0 l\u2019usure et \u00e0 la corrosion, telles que les pi\u00e8ces automobiles et les pi\u00e8ces cl\u00e9s de l\u2019a\u00e9rospatiale.Mat\u00e9riaux r\u00e9sistants \u00e0 la chaleur : Le nitrure de silicium a une excellente r\u00e9sistance \u00e0 la chaleur et est souvent utilis\u00e9 dans les mat\u00e9riaux r\u00e9sistants \u00e0 la chaleur dans des environnements \u00e0 haute temp\u00e9rature, tels que les mat\u00e9riaux r\u00e9sistants \u00e0 la chaleur pour les moteurs de fus\u00e9e et les r\u00e9acteurs nucl\u00e9aires. Blindage \u00e9lectromagn\u00e9tique : Dans le champ \u00e9lectromagn\u00e9tique, le nitrure de silicium peut \u00eatre utilis\u00e9 comme mat\u00e9riau de blindage \u00e9lectromagn\u00e9tique pour absorber et prot\u00e9ger efficacement les rayonnements \u00e9lectromagn\u00e9tiques et pr\u00e9venir les interf\u00e9rences \u00e9lectromagn\u00e9tiques. Biom\u00e9decine : La cible de pulv\u00e9risation en nitrure de silicium est utilis\u00e9e pour fabriquer des articulations artificielles et des obturations dentaires en raison de sa bonne biocompatibilit\u00e9 et de ses propri\u00e9t\u00e9s m\u00e9caniques, garantissant qu\u2019elle ne provoquera pas d\u2019effets ind\u00e9sirables dans l\u2019environnement humain. Nanotechnologie : Le nitrure de silicium peut \u00e9galement \u00eatre utilis\u00e9 pour pr\u00e9parer divers mat\u00e9riaux et dispositifs nanostructur\u00e9s, tels que des nanotubes, des nanofils et des points quantiques, etc.<\/p>\n<h2><span style=\"font-size: 14pt;\">Colis:<\/span><\/h2>\n<p>Emballage sous vide int\u00e9rieur, emballage ext\u00e9rieur en bo\u00eete en bois.<\/p>\n","protected":false},"excerpt":{"rendered":"<p>Cibles de pulv\u00e9risation en nitrure de silicium d\u2019une puret\u00e9 de 99,5 % et 99,9 %. Son diam\u00e8tre varie de 1 pouce \u00e0 8 pouces de diam\u00e8tre, de 0,125 pouce d\u2019\u00e9paisseur \u00e0 0,25 pouce d\u2019\u00e9paisseur. <\/p>\n","protected":false},"featured_media":999726,"comment_status":"open","ping_status":"closed","template":"","meta":{"_acf_changed":false},"product_brand":[],"product_cat":[235],"product_tag":[],"class_list":{"0":"post-1011024","1":"product","2":"type-product","3":"status-publish","4":"has-post-thumbnail","6":"product_cat-cibles-de-pulverisation-planaire","8":"first","9":"instock","10":"shipping-taxable","11":"purchasable","12":"product-type-variable"},"acf":[],"_links":{"self":[{"href":"https:\/\/vimaterial.de\/fr\/wp-json\/wp\/v2\/product\/1011024","targetHints":{"allow":["GET"]}}],"collection":[{"href":"https:\/\/vimaterial.de\/fr\/wp-json\/wp\/v2\/product"}],"about":[{"href":"https:\/\/vimaterial.de\/fr\/wp-json\/wp\/v2\/types\/product"}],"replies":[{"embeddable":true,"href":"https:\/\/vimaterial.de\/fr\/wp-json\/wp\/v2\/comments?post=1011024"}],"wp:featuredmedia":[{"embeddable":true,"href":"https:\/\/vimaterial.de\/fr\/wp-json\/wp\/v2\/media\/999726"}],"wp:attachment":[{"href":"https:\/\/vimaterial.de\/fr\/wp-json\/wp\/v2\/media?parent=1011024"}],"wp:term":[{"taxonomy":"product_brand","embeddable":true,"href":"https:\/\/vimaterial.de\/fr\/wp-json\/wp\/v2\/product_brand?post=1011024"},{"taxonomy":"product_cat","embeddable":true,"href":"https:\/\/vimaterial.de\/fr\/wp-json\/wp\/v2\/product_cat?post=1011024"},{"taxonomy":"product_tag","embeddable":true,"href":"https:\/\/vimaterial.de\/fr\/wp-json\/wp\/v2\/product_tag?post=1011024"}],"curies":[{"name":"wp","href":"https:\/\/api.w.org\/{rel}","templated":true}]}}