{"id":1010917,"date":"2024-06-17T14:12:40","date_gmt":"2024-06-17T06:12:40","guid":{"rendered":"https:\/\/vimaterial.de\/product\/tetraborure-de-silicium\/"},"modified":"2024-12-19T15:41:43","modified_gmt":"2024-12-19T07:41:43","slug":"tetraborure-de-silicium","status":"publish","type":"product","link":"https:\/\/vimaterial.de\/fr\/product\/tetraborure-de-silicium\/","title":{"rendered":"T\u00e9traborure de silicium"},"content":{"rendered":"<p>Le t\u00e9traborure de silicium est un compos\u00e9 inorganique de formule chimique SiB4, qui pr\u00e9sente les caract\u00e9ristiques d\u2019une duret\u00e9 \u00e9lev\u00e9e et d\u2019une r\u00e9sistance \u00e0 haute temp\u00e9rature.Le t\u00e9traborure de silicium n\u2019est devanc\u00e9 que par le diamant en termes de duret\u00e9, ce qui lui conf\u00e8re une valeur d\u2019application importante dans l\u2019industrie. <\/p>\n<h2><span style=\"font-size: 14pt;\">Propri\u00e9t\u00e9s<\/span><\/h2>\n<p>Formule chimique : SiB\u2084 Couleur : solide r\u00e9fractaire gris Densit\u00e9 : 2,34 g\/cm\u00b3 Point de fusion : 1870 \u00b0C Duret\u00e9 : \u00e9quivalente au carbure de bore, deuxi\u00e8me apr\u00e8s le diamant (mat\u00e9riau extr\u00eamement dur) Le t\u00e9traborure de silicium est stable \u00e0 haute temp\u00e9rature, insoluble dans l\u2019eau et pr\u00e9sente les caract\u00e9ristiques de r\u00e9sistance \u00e0 l\u2019oxydation, de r\u00e9sistance aux chocs thermiques et de r\u00e9sistance \u00e0 la corrosion chimique, en particulier une r\u00e9sistance et une stabilit\u00e9 \u00e9lev\u00e9es sous choc thermique. Ces caract\u00e9ristiques lui permettent de bien fonctionner dans des environnements \u00e0 haute temp\u00e9rature.<\/p>\n<h2><span style=\"font-size: 14pt;\">Production<\/span><\/h2>\n<p>Le t\u00e9traborure de silicium est g\u00e9n\u00e9ralement synth\u00e9tis\u00e9 par les m\u00e9thodes suivantes : R\u00e9action directe du silicium \u00e9l\u00e9mentaire et du bore \u00e0 haute temp\u00e9rature. R\u00e9duction carbothermique de l\u2019oxyde de bore et du dioxyde de silicium en pr\u00e9sence de carbone.<\/p>\n<h2><span style=\"font-size: 14pt;\">Application<\/span><\/h2>\n<h3><span style=\"font-size: 12pt;\">Dans les composants \u00e9lectroniques<\/span><\/h3>\n<p>Le borure de silicium est un mat\u00e9riau couramment utilis\u00e9 dans les composants \u00e9lectroniques et peut \u00eatre utilis\u00e9 pour fabriquer des dispositifs tels que des diodes et des transistors. Le borure de silicium pr\u00e9sente les avantages d\u2019une stabilit\u00e9 \u00e0 haute temp\u00e9rature, d\u2019une duret\u00e9 \u00e9lev\u00e9e, d\u2019une r\u00e9sistance \u00e0 la corrosion, d\u2019un faible coefficient de dilatation thermique, etc., et a de bonnes performances dans un environnement \u00e0 haute temp\u00e9rature et \u00e0 haute pression. Par cons\u00e9quent, le borure de silicium est largement utilis\u00e9 dans l\u2019aviation, les semi-conducteurs, l\u2019\u00e9nergie et d\u2019autres domaines.  <\/p>\n<h3><span style=\"font-size: 12pt;\">En m\u00e9tallurgie<\/span><\/h3>\n<p>Le borure de silicium peut \u00eatre utilis\u00e9 comme additif dans la m\u00e9tallurgie des terres rares, la fusion d\u2019alliages sp\u00e9ciaux et la fabrication de c\u00e9ramiques. Le borure de silicium peut former des borures avec des m\u00e9taux, ce qui peut am\u00e9liorer la duret\u00e9 et la r\u00e9sistance de l\u2019alliage et r\u00e9duire le coefficient de dilatation de l\u2019alliage, ce qui rend le mat\u00e9riau moins susceptible de se d\u00e9former. <\/p>\n<h3><span style=\"font-size: 12pt;\">En c\u00e9ramique<\/span><\/h3>\n<p>Le borure de silicium est un mat\u00e9riau c\u00e9ramique de haute qualit\u00e9 et est largement utilis\u00e9 dans la fabrication de c\u00e9ramiques. Les c\u00e9ramiques de borure de silicium ont une bonne r\u00e9sistance \u00e0 la corrosion, une stabilit\u00e9 \u00e0 haute temp\u00e9rature, une duret\u00e9 \u00e9lev\u00e9e et une faible densit\u00e9. Les c\u00e9ramiques de borure de silicium peuvent \u00eatre utilis\u00e9es dans l\u2019aviation, l\u2019industrie chimique, l\u2019\u00e9nergie, les machines et d\u2019autres domaines, tels que les aubes de moteur d\u2019avion, les mat\u00e9riaux isolants pour les fours \u00e0 vide, les pi\u00e8ces m\u00e9caniques, etc.  <\/p>\n","protected":false},"excerpt":{"rendered":"<p>Le t\u00e9traborure de silicium est un compos\u00e9 inorganique de formule chimique SiB4, qui pr\u00e9sente les caract\u00e9ristiques d\u2019une duret\u00e9 \u00e9lev\u00e9e et d\u2019une r\u00e9sistance \u00e0 haute temp\u00e9rature.Le t\u00e9traborure de silicium n\u2019est devanc\u00e9 que par le diamant en termes de duret\u00e9, ce qui lui conf\u00e8re une valeur d\u2019application importante dans l\u2019industrie. Propri\u00e9t\u00e9s Formule chimique : SiB\u2084 Couleur : [&hellip;]<\/p>\n","protected":false},"featured_media":999772,"comment_status":"open","ping_status":"closed","template":"","meta":{"_acf_changed":false},"product_brand":[],"product_cat":[240],"product_tag":[],"class_list":{"0":"post-1010917","1":"product","2":"type-product","3":"status-publish","4":"has-post-thumbnail","6":"product_cat-materiaux-c-n-b-si","8":"first","9":"instock","10":"shipping-taxable","11":"product-type-variable"},"acf":[],"_links":{"self":[{"href":"https:\/\/vimaterial.de\/fr\/wp-json\/wp\/v2\/product\/1010917","targetHints":{"allow":["GET"]}}],"collection":[{"href":"https:\/\/vimaterial.de\/fr\/wp-json\/wp\/v2\/product"}],"about":[{"href":"https:\/\/vimaterial.de\/fr\/wp-json\/wp\/v2\/types\/product"}],"replies":[{"embeddable":true,"href":"https:\/\/vimaterial.de\/fr\/wp-json\/wp\/v2\/comments?post=1010917"}],"wp:featuredmedia":[{"embeddable":true,"href":"https:\/\/vimaterial.de\/fr\/wp-json\/wp\/v2\/media\/999772"}],"wp:attachment":[{"href":"https:\/\/vimaterial.de\/fr\/wp-json\/wp\/v2\/media?parent=1010917"}],"wp:term":[{"taxonomy":"product_brand","embeddable":true,"href":"https:\/\/vimaterial.de\/fr\/wp-json\/wp\/v2\/product_brand?post=1010917"},{"taxonomy":"product_cat","embeddable":true,"href":"https:\/\/vimaterial.de\/fr\/wp-json\/wp\/v2\/product_cat?post=1010917"},{"taxonomy":"product_tag","embeddable":true,"href":"https:\/\/vimaterial.de\/fr\/wp-json\/wp\/v2\/product_tag?post=1010917"}],"curies":[{"name":"wp","href":"https:\/\/api.w.org\/{rel}","templated":true}]}}