{"id":1010913,"date":"2024-06-17T14:12:39","date_gmt":"2024-06-17T06:12:39","guid":{"rendered":"https:\/\/vimaterial.de\/product\/alliage-de-silicium-et-daluminium\/"},"modified":"2024-12-19T15:08:46","modified_gmt":"2024-12-19T07:08:46","slug":"alliage-de-silicium-et-daluminium","status":"publish","type":"product","link":"https:\/\/vimaterial.de\/fr\/product\/alliage-de-silicium-et-daluminium\/","title":{"rendered":"Alliage d\u2019aluminium et de silicium"},"content":{"rendered":"<p>La cible en alliage d\u2019aluminium et de silicium est un m\u00e9tal \u00e0 point de fusion \u00e9lev\u00e9, \u00e0 conductivit\u00e9 thermique \u00e9lev\u00e9e, \u00e0 ductilit\u00e9 \u00e9lev\u00e9e et \u00e0 r\u00e9sistance \u00e0 la corrosion, et pr\u00e9sente de bonnes caract\u00e9ristiques de fusion et de formage. En raison de sa conductivit\u00e9 thermique \u00e9lev\u00e9e et de sa r\u00e9sistance \u00e0 la corrosion, il a de bonnes perspectives d\u2019application dans l\u2019ing\u00e9nierie \u00e9lectronique et m\u00e9canique, ainsi que dans les domaines m\u00e9dicaux laser. Les cibles en alliage d\u2019aluminium et de silicium peuvent \u00eatre utilis\u00e9es pour le soudage au laser, la fabrication additive et \u00e0 d\u2019autres fins. VIMATERIAL utilise de l\u2019aluminium et du silicium de haute puret\u00e9 comme mati\u00e8res premi\u00e8res. Apr\u00e8s un broyage fin, un m\u00e9lange et une temp\u00e9rature \u00e9lev\u00e9e et une pression \u00e9lev\u00e9e, des cibles en alliage d\u2019aluminium et de silicium sont obtenues. Les produits pr\u00e9sentent les avantages d\u2019une large gamme de rapports de composition (la teneur en aluminium est de 10at %~99at%), d\u2019une puret\u00e9 et d\u2019une densit\u00e9 \u00e9lev\u00e9es, de grains fins et uniformes et d\u2019une longue dur\u00e9e de vie.  <\/p>\n<h2><span style=\"font-size: 14pt;\">Caract\u00e9ristiques de l\u2019alliage d\u2019aluminium au silicium :<\/span><\/h2>\n<p>Formule mol\u00e9culaire : AISi Densit\u00e9 : 2,6 ~ 2,7 g\/cm3 Conductivit\u00e9 thermique : 101 ~ 126 W\/(m\u00b7\u00b0C) Module de Young : 71,0 GPa Valeur d\u2019impact : 7 ~ 8,5 J Limite de fatigue : \u00b145MPa. Puret\u00e9&nbsp;: 99,9%, 99,95%, 99,99% Forme&nbsp;: cible plate, cible rotative, cible de forme sp\u00e9ciale Taille&nbsp;: trait\u00e9 selon les dessins ou personnalis\u00e9 par d\u2019autres Nous pouvons \u00e9galement fournir des blocs d\u2019alliage d\u2019aluminium et de silicium, des lingots d\u2019alliage d\u2019aluminium et de silicium, de la poudre d\u2019alliage d\u2019aluminium et de silicium, etc.<\/p>\n<h2><span style=\"font-size: 14pt;\">Caract\u00e9ristiques des cibles en alliage d\u2019aluminium silicium<\/span><\/h2>\n<p>Les cibles en alliage d\u2019aluminium et de silicium ont une bonne r\u00e9sistance \u00e0 la corrosion, une duret\u00e9 \u00e0 la traction \u00e9lev\u00e9e, un point de fusion \u00e9lev\u00e9, une bonne r\u00e9sistance au fluage et une bonne r\u00e9sistivit\u00e9, une r\u00e9sistance \u00e0 la chaleur et une r\u00e9sistance aux chocs. De plus, il a \u00e9galement de bonnes performances \u00e0 haute temp\u00e9rature, peut r\u00e9sister \u00e0 des points de fusion plus \u00e9lev\u00e9s et \u00e0 une r\u00e9sistance \u00e0 la chaleur \u00e0 plus de 1200 \u00b0C. <\/p>\n<h2><span style=\"font-size: 14pt;\">Application de cibles en alliage d\u2019aluminium <\/span><span style=\"font-size: 14pt;\">et de silicium <\/span><span style=\"font-size: 14pt;\"><\/span><\/h2>\n<p><strong>Domaine des semi-conducteurs <\/strong>: Dans l\u2019industrie des semi-conducteurs, les cibles en silicium d\u2019aluminium sont utilis\u00e9es comme mat\u00e9riaux pour la fabrication de circuits int\u00e9gr\u00e9s. En \u00e9vaporant des cibles de silicium d\u2019aluminium \u00e0 la surface des plaquettes, des couches de compos\u00e9 de silicium d\u2019aluminium peuvent \u00eatre form\u00e9es pour la fabrication de dispositifs semi-conducteurs de type p et de type n. De plus, les cibles en silicium d\u2019aluminium peuvent \u00e9galement \u00eatre utilis\u00e9es pour g\u00e9n\u00e9rer des rev\u00eatements de nitrure d\u2019aluminium afin d\u2019am\u00e9liorer les performances et la fiabilit\u00e9 des circuits int\u00e9gr\u00e9s. <strong> Domaine chimique <\/strong>: Dans le domaine chimique, les cibles en silicium d\u2019aluminium sont utilis\u00e9es pour fabriquer des condensateurs \u00e9lectrolytiques. Les cibles en silicium d\u2019aluminium haute performance sont des mati\u00e8res premi\u00e8res importantes pour la fabrication de condensateurs \u00e9lectrolytiques, ce qui peut am\u00e9liorer la s\u00e9curit\u00e9, la fiabilit\u00e9 et les performances de capacit\u00e9 des condensateurs \u00e9lectrolytiques. <strong> Domaine a\u00e9rospatial <\/strong>: Les cibles en alliage d\u2019aluminium et de silicium sont \u00e9galement largement utilis\u00e9es dans le domaine a\u00e9rospatial, principalement utilis\u00e9es pour fabriquer des mat\u00e9riaux de rev\u00eatement anticorrosion pour les satellites et les fus\u00e9es. Il peut am\u00e9liorer la r\u00e9sistance \u00e0 la corrosion et la r\u00e9sistance \u00e0 la chaleur des \u00e9quipements dans des environnements \u00e0 ultra-haute temp\u00e9rature. <strong> Mat\u00e9riaux d\u2019emballage \u00e9lectroniques <\/strong>: Les cibles en alliage d\u2019aluminium et de silicium sont utilis\u00e9es pour pr\u00e9parer divers mat\u00e9riaux en alliage de haute puret\u00e9, tels que des mat\u00e9riaux d\u2019emballage \u00e9lectroniques et des cadres de connexion de circuits int\u00e9gr\u00e9s. En outre, il est \u00e9galement largement utilis\u00e9 dans l\u2019industrie du rev\u00eatement du verre de grande surface, le verre \u00e0 faible rayonnement Low-E, le verre anti-rayures et anti-\u00e9blouissement, le verre d\u2019affichage \u00e0 \u00e9cran plat, l\u2019optique, les communications optiques et les industries du stockage optique.  <\/p>\n","protected":false},"excerpt":{"rendered":"<p>La cible en alliage d\u2019aluminium et de silicium est un m\u00e9tal \u00e0 point de fusion \u00e9lev\u00e9, \u00e0 conductivit\u00e9 thermique \u00e9lev\u00e9e, \u00e0 ductilit\u00e9 \u00e9lev\u00e9e et \u00e0 r\u00e9sistance \u00e0 la corrosion, et pr\u00e9sente de bonnes caract\u00e9ristiques de fusion et de formage. En raison de sa conductivit\u00e9 thermique \u00e9lev\u00e9e et de sa r\u00e9sistance \u00e0 la corrosion, il a [&hellip;]<\/p>\n","protected":false},"featured_media":1040508,"comment_status":"open","ping_status":"closed","template":"","meta":{"_acf_changed":false},"product_brand":[],"product_cat":[235],"product_tag":[],"class_list":{"0":"post-1010913","1":"product","2":"type-product","3":"status-publish","4":"has-post-thumbnail","6":"product_cat-cibles-de-pulverisation-planaire","8":"first","9":"instock","10":"shipping-taxable","11":"purchasable","12":"product-type-variable"},"acf":[],"_links":{"self":[{"href":"https:\/\/vimaterial.de\/fr\/wp-json\/wp\/v2\/product\/1010913","targetHints":{"allow":["GET"]}}],"collection":[{"href":"https:\/\/vimaterial.de\/fr\/wp-json\/wp\/v2\/product"}],"about":[{"href":"https:\/\/vimaterial.de\/fr\/wp-json\/wp\/v2\/types\/product"}],"replies":[{"embeddable":true,"href":"https:\/\/vimaterial.de\/fr\/wp-json\/wp\/v2\/comments?post=1010913"}],"wp:featuredmedia":[{"embeddable":true,"href":"https:\/\/vimaterial.de\/fr\/wp-json\/wp\/v2\/media\/1040508"}],"wp:attachment":[{"href":"https:\/\/vimaterial.de\/fr\/wp-json\/wp\/v2\/media?parent=1010913"}],"wp:term":[{"taxonomy":"product_brand","embeddable":true,"href":"https:\/\/vimaterial.de\/fr\/wp-json\/wp\/v2\/product_brand?post=1010913"},{"taxonomy":"product_cat","embeddable":true,"href":"https:\/\/vimaterial.de\/fr\/wp-json\/wp\/v2\/product_cat?post=1010913"},{"taxonomy":"product_tag","embeddable":true,"href":"https:\/\/vimaterial.de\/fr\/wp-json\/wp\/v2\/product_tag?post=1010913"}],"curies":[{"name":"wp","href":"https:\/\/api.w.org\/{rel}","templated":true}]}}