{"id":1010888,"date":"2024-06-17T14:12:44","date_gmt":"2024-06-17T06:12:44","guid":{"rendered":"https:\/\/vimaterial.de\/product\/carbure-de-silicium-4\/"},"modified":"2024-12-23T15:41:38","modified_gmt":"2024-12-23T07:41:38","slug":"carbure-de-silicium-4","status":"publish","type":"product","link":"https:\/\/vimaterial.de\/fr\/product\/carbure-de-silicium-4\/","title":{"rendered":"Carbure de silicium"},"content":{"rendered":"<p>Le carbure de silicium, de formule chimique SiC, est un compos\u00e9 form\u00e9 d\u2019\u00e9l\u00e9ments de carbone et de silicium li\u00e9s par de fortes liaisons covalentes. Ce mat\u00e9riau existe dans la nature sous la forme d\u2019un min\u00e9ral rare moissanite, mais est plus souvent obtenu par synth\u00e8se artificielle. Le carbure de silicium poss\u00e8de une vari\u00e9t\u00e9 de structures cristallines, parmi lesquelles le \u03b1-SiC (syst\u00e8me hexagonal) et le \u03b2-SiC (syst\u00e8me cubique) sont les plus courants. VIMATERIAL est sp\u00e9cialis\u00e9 dans la production de carbure de silicium de haute puret\u00e9, de nanocarbure de silicium, de granul\u00e9s de carbure de silicium et de cibles en carbure de silicium. Si vous en avez besoin, n\u2019h\u00e9sitez pas \u00e0 nous contacter.  <\/p>\n<h2><span style=\"font-size: 14pt;\">Performance:<\/span><\/h2>\n<p>Stabilit\u00e9 \u00e0 haute temp\u00e9rature : Le carbure de silicium a une excellente stabilit\u00e9 \u00e0 haute temp\u00e9rature et peut maintenir une stabilit\u00e9 structurelle \u00e0 des temp\u00e9ratures allant jusqu\u2019\u00e0 2000 \u00b0C sans fondre. R\u00e9sistance \u00e0 la corrosion : Le carbure de silicium a une bonne r\u00e9sistance \u00e0 la corrosion \u00e0 une vari\u00e9t\u00e9 de milieux chimiques, y compris les acides, les alcalis, les sels, etc. Duret\u00e9 \u00e9lev\u00e9e et r\u00e9sistance \u00e0 l\u2019usure : le SiC a une duret\u00e9 sup\u00e9rieure \u00e0 celle du diamant et une r\u00e9sistance \u00e9lev\u00e9e \u00e0 l\u2019usure, ce qui en fait un mat\u00e9riau id\u00e9al pour les outils abrasifs et coupants. Conductivit\u00e9 thermique \u00e9lev\u00e9e : La conductivit\u00e9 thermique du carbure de silicium est beaucoup plus \u00e9lev\u00e9e que celle du silicium, d\u00e9passant m\u00eame celle de certains mat\u00e9riaux m\u00e9talliques, de sorte qu\u2019il peut toujours maintenir d\u2019excellentes performances de dissipation thermique dans des environnements \u00e0 haute temp\u00e9rature. Structure de bande interdite large : La largeur de bande interdite du carbure de silicium est plus grande que celle du silicium, et il peut r\u00e9sister \u00e0 des tensions et des temp\u00e9ratures plus \u00e9lev\u00e9es, ce qui le rend potentiellement utile dans l\u2019\u00e9lectronique de puissance et les dispositifs opto\u00e9lectroniques.<\/p>\n<h2><span style=\"font-size: 14pt;\">Applications:<\/span><\/h2>\n<p>1. \u00c9lectronique de puissance Le carbure de silicium est le plus largement utilis\u00e9 dans le domaine de l\u2019\u00e9lectronique de puissance, principalement dans les composants \u00e9lectroniques tels que les transformateurs de puissance, les condensateurs de puissance, les inductances, les interrupteurs de puissance, les IGBT (transistors bipolaires \u00e0 grille isol\u00e9e), etc. Parmi eux, l\u2019IGBT est une r\u00e9alisation importante dans la recherche et le d\u00e9veloppement du SiC. Il peut r\u00e9sister \u00e0 une tension et \u00e0 un courant \u00e9lev\u00e9s et a \u00e9t\u00e9 largement utilis\u00e9 dans des produits haut de gamme tels que les climatiseurs \u00e0 fr\u00e9quence variable \u00e0 \u00e9conomie d\u2019\u00e9nergie. 2. Domaine des semi-conducteurs Le carbure de silicium est \u00e9galement devenu l\u2019un des nouveaux mat\u00e9riaux cl\u00e9s dans le domaine des semi-conducteurs et a \u00e9t\u00e9 appliqu\u00e9 avec succ\u00e8s dans les puces LED, les panneaux solaires et d\u2019autres domaines. Le carbure de silicium peut r\u00e9sister \u00e0 des temp\u00e9ratures et \u00e0 une pression \u00e9lev\u00e9es et a une grande mobilit\u00e9 \u00e9lectronique, ce qui le rend sup\u00e9rieur aux mat\u00e9riaux conventionnels et peut \u00eatre largement utilis\u00e9 dans le domaine des semi-conducteurs. 3. Industrie m\u00e9canique Le carbure de silicium est largement utilis\u00e9 dans l\u2019industrie m\u00e9canique et peut \u00eatre utilis\u00e9 pour fabriquer des pi\u00e8ces m\u00e9caniques de haute duret\u00e9, de haute r\u00e9sistance, de t\u00e9nacit\u00e9 \u00e9lev\u00e9e, de r\u00e9sistance \u00e0 l\u2019usure \u00e9lev\u00e9e et de conductivit\u00e9 thermique \u00e9lev\u00e9e. Les c\u00e9ramiques SiC ont une excellente dur\u00e9e de vie par inversion thermique et une excellente r\u00e9sistance m\u00e9canique, et sont largement utilis\u00e9es dans l\u2019acier, la chimie et d\u2019autres industries. 4. Autres domaines En plus des trois domaines ci-dessus, le carbure de silicium est \u00e9galement largement utilis\u00e9 dans la p\u00e9trochimie, l\u2019industrie nucl\u00e9aire, la fabrication de disques, l\u2019a\u00e9rospatiale et d\u2019autres domaines. Par exemple, les vannes \u00e0 pointeau en carbure de silicium peuvent fonctionner dans des environnements difficiles tels que les temp\u00e9ratures et les pressions \u00e9lev\u00e9es, et ont \u00e9t\u00e9 largement utilis\u00e9es dans l\u2019industrie p\u00e9trochimique.<\/p>\n","protected":false},"excerpt":{"rendered":"<p>Le carbure de silicium, de formule chimique SiC, est un compos\u00e9 form\u00e9 d\u2019\u00e9l\u00e9ments de carbone et de silicium li\u00e9s par de fortes liaisons covalentes. Ce mat\u00e9riau existe dans la nature sous la forme d\u2019un min\u00e9ral rare moissanite, mais est plus souvent obtenu par synth\u00e8se artificielle. Le carbure de silicium poss\u00e8de une vari\u00e9t\u00e9 de structures cristallines, [&hellip;]<\/p>\n","protected":false},"featured_media":1039382,"comment_status":"open","ping_status":"closed","template":"","meta":{"_acf_changed":false},"product_brand":[],"product_cat":[236],"product_tag":[],"class_list":{"0":"post-1010888","1":"product","2":"type-product","3":"status-publish","4":"has-post-thumbnail","6":"product_cat-materiaux-devaporation","8":"first","9":"instock","10":"shipping-taxable","11":"purchasable","12":"product-type-variable"},"acf":[],"_links":{"self":[{"href":"https:\/\/vimaterial.de\/fr\/wp-json\/wp\/v2\/product\/1010888","targetHints":{"allow":["GET"]}}],"collection":[{"href":"https:\/\/vimaterial.de\/fr\/wp-json\/wp\/v2\/product"}],"about":[{"href":"https:\/\/vimaterial.de\/fr\/wp-json\/wp\/v2\/types\/product"}],"replies":[{"embeddable":true,"href":"https:\/\/vimaterial.de\/fr\/wp-json\/wp\/v2\/comments?post=1010888"}],"wp:featuredmedia":[{"embeddable":true,"href":"https:\/\/vimaterial.de\/fr\/wp-json\/wp\/v2\/media\/1039382"}],"wp:attachment":[{"href":"https:\/\/vimaterial.de\/fr\/wp-json\/wp\/v2\/media?parent=1010888"}],"wp:term":[{"taxonomy":"product_brand","embeddable":true,"href":"https:\/\/vimaterial.de\/fr\/wp-json\/wp\/v2\/product_brand?post=1010888"},{"taxonomy":"product_cat","embeddable":true,"href":"https:\/\/vimaterial.de\/fr\/wp-json\/wp\/v2\/product_cat?post=1010888"},{"taxonomy":"product_tag","embeddable":true,"href":"https:\/\/vimaterial.de\/fr\/wp-json\/wp\/v2\/product_tag?post=1010888"}],"curies":[{"name":"wp","href":"https:\/\/api.w.org\/{rel}","templated":true}]}}