{"id":1010821,"date":"2024-06-17T14:12:46","date_gmt":"2024-06-17T06:12:46","guid":{"rendered":"https:\/\/vimaterial.de\/product\/carbure-de-silicium-2\/"},"modified":"2024-12-23T17:16:38","modified_gmt":"2024-12-23T09:16:38","slug":"carbure-de-silicium-2","status":"publish","type":"product","link":"https:\/\/vimaterial.de\/fr\/product\/carbure-de-silicium-2\/","title":{"rendered":"Carbure de silicium"},"content":{"rendered":"<p>Les plaquettes de carbure de silicium sont des feuilles rondes en SiC qui ressemblent \u00e0 des plaquettes de silicium. Il s\u2019agit d\u2019un mat\u00e9riau semi-conducteur tr\u00e8s important avec une duret\u00e9 \u00e9lev\u00e9e, une r\u00e9sistance \u00e0 la chaleur, une r\u00e9sistance aux radiations, une r\u00e9sistance \u00e0 la corrosion et une conductivit\u00e9 \u00e9lev\u00e9e. Les plaquettes SiC sont l\u2019un des mat\u00e9riaux cl\u00e9s pour la fabrication de dispositifs \u00e9lectroniques haute performance et peuvent offrir d\u2019excellentes performances dans des environnements \u00e0 haute temp\u00e9rature, \u00e0 champ \u00e9lectrique \u00e9lev\u00e9, \u00e0 haute fr\u00e9quence et \u00e0 haute pression. VIMATERIAL peut fournir des plaquettes de carbure de silicium de 2 ~ 6 pouces. <\/p>\n<h2><span style=\"font-size: 14pt;\">Propri\u00e9t\u00e9s <\/span><span style=\"font-size: 14pt;\">des plaquettes de carbure de silicium<\/span> <span style=\"font-size: 14pt;\">:<\/span><\/h2>\n<p>Les plaquettes SiC ont de nombreuses excellentes propri\u00e9t\u00e9s physiques, chimiques et \u00e9lectriques, ce qui les rend largement utilis\u00e9es dans l\u2019\u00e9lectronique, l\u2019opto\u00e9lectronique, l\u2019a\u00e9rospatiale et d\u2019autres domaines. Les principales caract\u00e9ristiques des plaquettes de carbure de silicium comprennent&nbsp;: <strong>1. Forte stabilit\u00e9 \u00e0 haute temp\u00e9rature&nbsp;:<\/strong> les plaquettes SiC ont une conductivit\u00e9 thermique et une inertie chimique extr\u00eamement \u00e9lev\u00e9es, peuvent maintenir la stabilit\u00e9 dans des environnements \u00e0 haute temp\u00e9rature et ne sont pas sujettes \u00e0 la dilatation et \u00e0 la d\u00e9formation thermiques. <strong>2. Haute r\u00e9sistance m\u00e9canique :<\/strong> les plaquettes SiC ont une rigidit\u00e9 et une r\u00e9sistance \u00e9lev\u00e9es, et peuvent r\u00e9sister \u00e0 des contraintes \u00e9lev\u00e9es et \u00e0 des charges lourdes. <strong>3. Excellentes propri\u00e9t\u00e9s \u00e9lectriques :<\/strong> Les propri\u00e9t\u00e9s \u00e9lectriques des plaquettes de carbure de silicium sont meilleures que celles des mat\u00e9riaux en silicium, avec une conductivit\u00e9 \u00e9lectrique et une mobilit\u00e9 \u00e9lectronique plus \u00e9lev\u00e9es, et peuvent \u00eatre utilis\u00e9es pour fabriquer des dispositifs semi-conducteurs haute puissance et des dispositifs \u00e9lectroniques haute fr\u00e9quence. <strong>4. Excellentes propri\u00e9t\u00e9s optiques :<\/strong> les plaquettes SiC ont une bonne transmission de la lumi\u00e8re et une forte r\u00e9sistance aux rayonnements, et peuvent \u00eatre utilis\u00e9es pour fabriquer des dispositifs opto\u00e9lectroniques et des dispositifs solaires. <\/p>\n<h2><span style=\"font-size: 14pt;\">Avantages des plaquettes de carbure de silicium<\/span><\/h2>\n<p>Les plaquettes SiC ont une duret\u00e9 plus \u00e9lev\u00e9e et une meilleure r\u00e9sistance \u00e0 la corrosion que les plaquettes de silicium, et peuvent \u00eatre utilis\u00e9es pour des applications \u00e0 haute temp\u00e9rature, \u00e0 haute pression et dans des environnements chimiquement nocifs. De plus, les plaquettes de carbure de silicium ont une meilleure conductivit\u00e9 thermique et de meilleures propri\u00e9t\u00e9s \u00e9lectriques, et peuvent toujours maintenir une bonne stabilit\u00e9 dans des environnements \u00e0 haute temp\u00e9rature. <\/p>\n<h2><span style=\"font-size: 14pt;\">Application des plaquettes de carbure de silicium<\/span><\/h2>\n<p>\u00c9tant donn\u00e9 que les plaquettes SiC ont les excellentes caract\u00e9ristiques de performance mentionn\u00e9es ci-dessus, elles sont largement utilis\u00e9es dans l\u2019\u00e9lectronique, l\u2019opto\u00e9lectronique, l\u2019a\u00e9rospatiale et d\u2019autres domaines. Les principales applications comprennent&nbsp;: <strong>1. Fabrication de dispositifs semi-conducteurs haute puissance&nbsp;:<\/strong> Les SiCwafers ont des caract\u00e9ristiques telles qu\u2019une stabilit\u00e9 thermique \u00e9lev\u00e9e et une conductivit\u00e9 \u00e9lectrique \u00e9lev\u00e9e, et peuvent \u00eatre utilis\u00e9s pour fabriquer des dispositifs semi-conducteurs haute puissance tels que MOSFET de puissance, diode Schottky, JFET, etc. <strong>2. Fabrication de dispositifs \u00e9lectroniques \u00e0 haute fr\u00e9quence :<\/strong> Les plaquettes SiC ont une mobilit\u00e9 \u00e9lectronique \u00e9lev\u00e9e et peuvent \u00eatre utilis\u00e9es pour fabriquer des dispositifs \u00e9lectroniques \u00e0 haute fr\u00e9quence, tels que des transistors \u00e0 haute fr\u00e9quence, des transistors \u00e0 haute mobilit\u00e9 \u00e9lectronique, etc. <strong>3. Fabrication de dispositifs opto\u00e9lectroniques :<\/strong> Les plaquettes SiC ont une bonne transmission de la lumi\u00e8re et peuvent \u00eatre utilis\u00e9es pour fabriquer des dispositifs opto\u00e9lectroniques, tels que des puces LED, des diodes laser, etc. <strong>4. Fabrication de dispositifs solaires :<\/strong> Les plaquettes de carbure de silicium ont une forte r\u00e9sistance aux radiations et peuvent \u00eatre utilis\u00e9es pour fabriquer des dispositifs solaires. <\/p>\n<p>&nbsp;<\/p>\n","protected":false},"excerpt":{"rendered":"<p>Les plaquettes de carbure de silicium sont des feuilles rondes en SiC qui ressemblent \u00e0 des plaquettes de silicium. Il s\u2019agit d\u2019un mat\u00e9riau semi-conducteur tr\u00e8s important avec une duret\u00e9 \u00e9lev\u00e9e, une r\u00e9sistance \u00e0 la chaleur, une r\u00e9sistance aux radiations, une r\u00e9sistance \u00e0 la corrosion et une conductivit\u00e9 \u00e9lev\u00e9e. Les plaquettes SiC sont l\u2019un des mat\u00e9riaux [&hellip;]<\/p>\n","protected":false},"featured_media":1031187,"comment_status":"open","ping_status":"closed","template":"","meta":{"_acf_changed":false},"product_brand":[],"product_cat":[236],"product_tag":[],"class_list":{"0":"post-1010821","1":"product","2":"type-product","3":"status-publish","4":"has-post-thumbnail","6":"product_cat-materiaux-devaporation","8":"first","9":"instock","10":"shipping-taxable","11":"product-type-variable"},"acf":[],"_links":{"self":[{"href":"https:\/\/vimaterial.de\/fr\/wp-json\/wp\/v2\/product\/1010821","targetHints":{"allow":["GET"]}}],"collection":[{"href":"https:\/\/vimaterial.de\/fr\/wp-json\/wp\/v2\/product"}],"about":[{"href":"https:\/\/vimaterial.de\/fr\/wp-json\/wp\/v2\/types\/product"}],"replies":[{"embeddable":true,"href":"https:\/\/vimaterial.de\/fr\/wp-json\/wp\/v2\/comments?post=1010821"}],"wp:featuredmedia":[{"embeddable":true,"href":"https:\/\/vimaterial.de\/fr\/wp-json\/wp\/v2\/media\/1031187"}],"wp:attachment":[{"href":"https:\/\/vimaterial.de\/fr\/wp-json\/wp\/v2\/media?parent=1010821"}],"wp:term":[{"taxonomy":"product_brand","embeddable":true,"href":"https:\/\/vimaterial.de\/fr\/wp-json\/wp\/v2\/product_brand?post=1010821"},{"taxonomy":"product_cat","embeddable":true,"href":"https:\/\/vimaterial.de\/fr\/wp-json\/wp\/v2\/product_cat?post=1010821"},{"taxonomy":"product_tag","embeddable":true,"href":"https:\/\/vimaterial.de\/fr\/wp-json\/wp\/v2\/product_tag?post=1010821"}],"curies":[{"name":"wp","href":"https:\/\/api.w.org\/{rel}","templated":true}]}}