{"id":1010809,"date":"2024-06-17T14:12:45","date_gmt":"2024-06-17T06:12:45","guid":{"rendered":"https:\/\/vimaterial.de\/product\/carbure-de-silicium\/"},"modified":"2024-12-23T16:08:54","modified_gmt":"2024-12-23T08:08:54","slug":"carbure-de-silicium","status":"publish","type":"product","link":"https:\/\/vimaterial.de\/fr\/product\/carbure-de-silicium\/","title":{"rendered":"Carbure de silicium"},"content":{"rendered":"<p>Le carbure de silicium (SiC) est un mat\u00e9riau semi-conducteur \u00e0 large bande interdite avec une duret\u00e9 extr\u00eamement \u00e9lev\u00e9e, une stabilit\u00e9 thermique et une excellente conductivit\u00e9 \u00e9lectrique, et est largement utilis\u00e9 dans de nombreux domaines haut de gamme.<\/p>\n<h2><span style=\"font-size: 14pt;\">Propri\u00e9t\u00e9s:<\/span><\/h2>\n<p>Duret\u00e9 et r\u00e9sistance \u00e0 l\u2019usure : Le SiC a une duret\u00e9 extr\u00eamement \u00e9lev\u00e9e, ce qui lui permet de r\u00e9sister \u00e0 l\u2019impact de particules \u00e0 haute \u00e9nergie pendant le processus de pr\u00e9paration du film. Le mat\u00e9riau cible doit avoir une r\u00e9sistance m\u00e9canique et une r\u00e9sistance \u00e0 l\u2019usure suffisantes pour garantir qu\u2019il n\u2019y a pas d\u2019usure excessive ou de fissuration lors d\u2019une utilisation \u00e0 long terme. Stabilit\u00e9 thermique : Le point de fusion \u00e9lev\u00e9 et l\u2019excellente conductivit\u00e9 thermique du SiC lui permettent de bien fonctionner dans des environnements \u00e0 haute temp\u00e9rature. Ceci est particuli\u00e8rement adapt\u00e9 aux applications dans les dispositifs \u00e9lectroniques haute puissance et les couches de films optiques. La taille et la forme du mat\u00e9riau cible doivent s\u2019adapter au coefficient de dilatation \u00e0 haute temp\u00e9rature pour assurer la stabilit\u00e9 pendant le processus de pr\u00e9paration et la qualit\u00e9 du film. Conductivit\u00e9 \u00e9lectrique et propri\u00e9t\u00e9s optiques : La conductivit\u00e9 \u00e9lectrique du SiC le rend particuli\u00e8rement utilis\u00e9 dans le domaine des semi-conducteurs, et ses propri\u00e9t\u00e9s transparentes ont \u00e9galement des applications importantes dans les rev\u00eatements optiques. Cela n\u00e9cessite que le mat\u00e9riau cible soit de taille et de morphologie constantes pour assurer l\u2019uniformit\u00e9 des propri\u00e9t\u00e9s \u00e9lectriques et optiques du film. La taille et la forme des cibles de pulv\u00e9risation en carbure de silicium ont un impact crucial sur les caract\u00e9ristiques ci-dessus, en particulier dans les exigences sp\u00e9cifiques de taille de cible dans les domaines des dispositifs \u00e0 semi-conducteurs, de l\u2019\u00e9lectronique haute puissance, des films optiques, etc.<\/p>\n<h2><span style=\"font-size: 14pt;\">Taille et forme de la cible :<\/span><\/h2>\n<p>Les tailles et les formes courantes des cibles de pulv\u00e9risation en carbure de silicium comprennent des cibles rondes, rectangulaires et carr\u00e9es. Diff\u00e9rentes applications n\u00e9cessitent des tailles et des formes diff\u00e9rentes : <\/p>\n<h3><span style=\"font-size: 12pt;\">Taille cible standard :<\/span><\/h3>\n<p>Habituellement, le diam\u00e8tre des cibles de pulv\u00e9risation en carbure de silicium varie de 50 mm \u00e0 400 mm, et l\u2019\u00e9paisseur varie g\u00e9n\u00e9ralement de 5 mm \u00e0 20 mm. La taille standard d\u00e9pend des sp\u00e9cifications de l\u2019\u00e9quipement de pulv\u00e9risation et des exigences de d\u00e9p\u00f4t. <\/p>\n<h3><span style=\"font-size: 12pt;\">Formes de cibles courantes :<\/span><\/h3>\n<p>Cibles circulaires : La forme la plus courante, largement utilis\u00e9e dans le domaine des semi-conducteurs et des rev\u00eatements optiques. Cibles rectangulaires : Utilis\u00e9es pour des \u00e9quipements sp\u00e9ciaux ou une production personnalis\u00e9e, en particulier pour le rev\u00eatement de grandes surfaces ou les exigences d\u2019appareils \u00e0 haute puissance. Cibles carr\u00e9es : Principalement utilis\u00e9es pour des exp\u00e9riences sp\u00e9cifiques ou la pr\u00e9paration de films minces \u00e0 haute efficacit\u00e9. La taille et la forme de la cible ont un impact significatif sur l\u2019uniformit\u00e9 de la surface de la cible, l\u2019efficacit\u00e9 de la pulv\u00e9risation et la qualit\u00e9 du film. Assurer la coh\u00e9rence de ces normes de taille est la base pour garantir les performances du film et la stabilit\u00e9 de l\u2019\u00e9quipement.<\/p>\n<h2><span style=\"font-size: 14pt;\">Application de cibles de pulv\u00e9risation en carbure de silicium<\/span><\/h2>\n<h3><span style=\"font-size: 12pt;\">Industrie de la micro\u00e9lectronique et des semi-conducteurs<\/span><\/h3>\n<p>Fabrication de circuits int\u00e9gr\u00e9s : Les cibles en carbure de silicium jouent un r\u00f4le cl\u00e9 dans la fabrication de circuits int\u00e9gr\u00e9s haute performance. Sa conductivit\u00e9 thermique \u00e9lev\u00e9e et sa stabilit\u00e9 chimique font du carbure de silicium un mat\u00e9riau de substrat id\u00e9al, ce qui contribue \u00e0 am\u00e9liorer les performances et la fiabilit\u00e9 des circuits int\u00e9gr\u00e9s. Dispositifs de puissance : Dans les dispositifs \u00e9lectroniques de puissance, l\u2019application de cibles de pulv\u00e9risation en carbure de silicium peut am\u00e9liorer consid\u00e9rablement l\u2019efficacit\u00e9 et la r\u00e9sistance \u00e0 la temp\u00e9rature des appareils. Les caract\u00e9ristiques de large bande interdite du carbure de silicium lui permettent de pr\u00e9senter d\u2019excellentes performances lorsqu\u2019il fonctionne \u00e0 des temp\u00e9ratures \u00e9lev\u00e9es, des tensions \u00e9lev\u00e9es et des fr\u00e9quences \u00e9lev\u00e9es, ce qui est particuli\u00e8rement important pour la conversion d\u2019\u00e9nergie, l\u2019automobile et l\u2019aviation. Dispositifs RF : Les cibles de pulv\u00e9risation en carbure de silicium jouent \u00e9galement un r\u00f4le important dans la fabrication de dispositifs RF. Son excellente mobilit\u00e9 \u00e9lectronique et sa stabilit\u00e9 thermique font du carbure de silicium un mat\u00e9riau id\u00e9al pour la fabrication de dispositifs RF haute performance tels que les amplificateurs de puissance RF et les filtres. <\/p>\n<h3><span style=\"font-size: 12pt;\">Industrie photovolta\u00efque<\/span><\/h3>\n<p>Cellules solaires&nbsp;: Les cibles de pulv\u00e9risation en carbure de silicium pr\u00e9sentent un grand potentiel dans la fabrication de cellules solaires \u00e0 haut rendement. Il peut non seulement am\u00e9liorer l\u2019efficacit\u00e9 de conversion des cellules solaires, mais \u00e9galement am\u00e9liorer la durabilit\u00e9 et la stabilit\u00e9 des cellules dans des environnements extr\u00eames. Cellules solaires \u00e0 couche mince : L\u2019application du carbure de silicium a \u00e9galement \u00e9t\u00e9 \u00e9tendue \u00e0 la production de cellules solaires \u00e0 couche mince. Il peut \u00eatre utilis\u00e9 comme couche tampon ou couche de fen\u00eatre pour les cellules solaires \u00e0 couche mince afin d\u2019am\u00e9liorer les performances de la cellule globale. <\/p>\n<h3><span style=\"font-size: 12pt;\">Autres domaines<\/span><\/h3>\n<p>Applications optiques : Les cibles de pulv\u00e9risation en carbure de silicium sont largement utilis\u00e9es dans la fabrication de composants optiques haute performance en raison de leur indice de r\u00e9fraction \u00e9lev\u00e9 et de leur r\u00e9sistance \u00e0 l\u2019usure. Ces composants sont largement utilis\u00e9s dans l\u2019a\u00e9rospatiale, l\u2019arm\u00e9e et les instruments de mesure de haute pr\u00e9cision. Militaire et a\u00e9rospatial : La haute r\u00e9sistance et la r\u00e9sistance aux temp\u00e9ratures \u00e9lev\u00e9es du carbure de silicium le rendent utilis\u00e9 dans la fabrication de composants structurels r\u00e9sistants aux hautes temp\u00e9ratures et de syst\u00e8mes de protection thermique dans les domaines militaire et a\u00e9rospatial. Mat\u00e9riaux c\u00e9ramiques avanc\u00e9s : La duret\u00e9 \u00e9lev\u00e9e et la r\u00e9sistance \u00e0 l\u2019usure des cibles de pulv\u00e9risation en carbure de silicium les rendent id\u00e9ales pour la production de mat\u00e9riaux c\u00e9ramiques avanc\u00e9s, qui ont des applications importantes dans les domaines de l\u2019industrie, de l\u2019automobile et de l\u2019\u00e9nergie. Le diam\u00e8tre des cibles de pulv\u00e9risation en carbure de silicium varie g\u00e9n\u00e9ralement de 50 mm \u00e0 400 mm et l\u2019\u00e9paisseur de 5 mm \u00e0 20 mm. Les tailles standard d\u00e9pendent des sp\u00e9cifications de l\u2019\u00e9quipement de pulv\u00e9risation et des exigences de d\u00e9p\u00f4t. <\/p>\n","protected":false},"excerpt":{"rendered":"<p>Le diam\u00e8tre des cibles de pulv\u00e9risation en carbure de silicium varie g\u00e9n\u00e9ralement de 50 mm \u00e0 400 mm et l\u2019\u00e9paisseur de 5 mm \u00e0 20 mm. Les tailles standard d\u00e9pendent des sp\u00e9cifications de l\u2019\u00e9quipement de pulv\u00e9risation et des exigences de d\u00e9p\u00f4t. <\/p>\n","protected":false},"featured_media":1040533,"comment_status":"open","ping_status":"closed","template":"","meta":{"_acf_changed":false},"product_brand":[],"product_cat":[235],"product_tag":[],"class_list":{"0":"post-1010809","1":"product","2":"type-product","3":"status-publish","4":"has-post-thumbnail","6":"product_cat-cibles-de-pulverisation-planaire","8":"first","9":"instock","10":"shipping-taxable","11":"purchasable","12":"product-type-variable"},"acf":[],"_links":{"self":[{"href":"https:\/\/vimaterial.de\/fr\/wp-json\/wp\/v2\/product\/1010809","targetHints":{"allow":["GET"]}}],"collection":[{"href":"https:\/\/vimaterial.de\/fr\/wp-json\/wp\/v2\/product"}],"about":[{"href":"https:\/\/vimaterial.de\/fr\/wp-json\/wp\/v2\/types\/product"}],"replies":[{"embeddable":true,"href":"https:\/\/vimaterial.de\/fr\/wp-json\/wp\/v2\/comments?post=1010809"}],"wp:featuredmedia":[{"embeddable":true,"href":"https:\/\/vimaterial.de\/fr\/wp-json\/wp\/v2\/media\/1040533"}],"wp:attachment":[{"href":"https:\/\/vimaterial.de\/fr\/wp-json\/wp\/v2\/media?parent=1010809"}],"wp:term":[{"taxonomy":"product_brand","embeddable":true,"href":"https:\/\/vimaterial.de\/fr\/wp-json\/wp\/v2\/product_brand?post=1010809"},{"taxonomy":"product_cat","embeddable":true,"href":"https:\/\/vimaterial.de\/fr\/wp-json\/wp\/v2\/product_cat?post=1010809"},{"taxonomy":"product_tag","embeddable":true,"href":"https:\/\/vimaterial.de\/fr\/wp-json\/wp\/v2\/product_tag?post=1010809"}],"curies":[{"name":"wp","href":"https:\/\/api.w.org\/{rel}","templated":true}]}}