{"id":1010733,"date":"2024-06-17T14:25:48","date_gmt":"2024-06-17T06:25:48","guid":{"rendered":"https:\/\/vimaterial.de\/product\/carbonitrure-de-titane-2\/"},"modified":"2025-04-18T16:33:44","modified_gmt":"2025-04-18T08:33:44","slug":"carbonitrure-de-titane-2","status":"publish","type":"product","link":"https:\/\/vimaterial.de\/fr\/product\/carbonitrure-de-titane-2\/","title":{"rendered":"Carboniture de titane"},"content":{"rendered":"<p>La cible de pulv\u00e9risation cathodique <span style=\"color: #0000ff;\"><a style=\"color: #0000ff;\" href=\"https:\/\/vimaterial.de\/en\/product\/titanium-carbonitride\/\">en carbonitride de titane<\/a> <\/span>est une cible de pulv\u00e9risation compos\u00e9e de titane, de carbone et d\u2019azote. Il a une duret\u00e9 \u00e9lev\u00e9e, une bonne r\u00e9sistance \u00e0 l\u2019usure, une r\u00e9sistance aux temp\u00e9ratures \u00e9lev\u00e9es et une stabilit\u00e9 chimique, et il est capable de d\u00e9poser des films minces avec ces excellentes propri\u00e9t\u00e9s sur le substrat pendant le processus de pulv\u00e9risation, qui est largement utilis\u00e9 dans les domaines des rev\u00eatements d\u2019outils, de la protection des pi\u00e8ces m\u00e9caniques et des appareils \u00e9lectroniques. <\/p>\n<p>VIMATERIAL est une soci\u00e9t\u00e9 d\u2019innovation de pointe dans le domaine des mat\u00e9riaux chimiques, sp\u00e9cialis\u00e9e dans les mat\u00e9riaux haute performance con\u00e7us pour des applications d\u2019ing\u00e9nierie avanc\u00e9es. Nos produits sont de haute puret\u00e9 et de haute qualit\u00e9, nous prenons en charge l\u2019emballage en petits lots, le MOQ de petits produits, un inventaire suffisant, la personnalisation de soutien, et nous pouvons fournir un service de reliure cible, si vous avez des besoins, veuillez <span style=\"color: #0000ff;\"><a style=\"color: #0000ff;\" href=\"https:\/\/vimaterial.de\/en\/contact-us\/\">nous contacter.<\/a><\/span> <\/p>\n<h2><span style=\"font-size: 14pt;\">Application<\/span><\/h2>\n<p>Rev\u00eatement des outils de coupe : Le rev\u00eatement de la surface des outils de coupe avec du carbonitrure de titane peut am\u00e9liorer consid\u00e9rablement la duret\u00e9 et la r\u00e9sistance \u00e0 l\u2019usure des outils de coupe, ce qui peut r\u00e9sister efficacement \u00e0 l\u2019usure et prolonger la dur\u00e9e de vie des outils de coupe lors de la coupe \u00e0 grande vitesse.<\/p>\n<p>Fabrication de moules&nbsp;: Des films de carbonitride de titane sont d\u00e9pos\u00e9s \u00e0 la surface des moules pour am\u00e9liorer la duret\u00e9 de la surface et r\u00e9duire le coefficient de friction des moules, ce qui aide le processus de moulage \u00e0 \u00eatre plus lisse, r\u00e9duit les difficult\u00e9s de lib\u00e9ration des moules et am\u00e9liore la durabilit\u00e9 des moules et la qualit\u00e9 des produits moul\u00e9s.<\/p>\n<p>Protection des pi\u00e8ces m\u00e9caniques : Utilis\u00e9s pour la protection de surface des pi\u00e8ces m\u00e9caniques cl\u00e9s, les films de carboniture de titane peuvent r\u00e9sister efficacement \u00e0 la corrosion et \u00e0 l\u2019abrasion, assurant le fonctionnement normal des pi\u00e8ces dans des conditions de travail complexes et r\u00e9duisant la fr\u00e9quence de maintenance.<\/p>\n<p>Fabrication de composants \u00e9lectroniques : Dans la fabrication de composants \u00e9lectroniques, les cibles de pulv\u00e9risation cathodique en carboniture de titane forment des films minces stables et conducteurs sur le substrat, qui peuvent \u00eatre utilis\u00e9s comme \u00e9lectrodes ou mat\u00e9riaux de c\u00e2blage pour r\u00e9pondre aux exigences de performance et de stabilit\u00e9 des composants \u00e9lectroniques.<\/p>\n<p>Rev\u00eatements d\u00e9coratifs r\u00e9sistants \u00e0 l\u2019usure : Les films de carbonitride de titane recouverts \u00e0 la surface des produits de tous les jours, tels que les montres et les montures de lunettes, offrent non seulement des propri\u00e9t\u00e9s de r\u00e9sistance \u00e0 l\u2019usure, mais apportent \u00e9galement un aspect m\u00e9tallique unique qui am\u00e9liore l\u2019esth\u00e9tique et la durabilit\u00e9 du produit.<\/p>\n<h2><span style=\"font-size: 14pt;\">Contr\u00f4le de la qualit\u00e9<\/span><\/h2>\n<p><span style=\"color: #0000ff;\"><a style=\"color: #0000ff;\" href=\"https:\/\/vimaterial.de\/en\/quality-control\/\">Nos produits<\/a> <\/span>sont soumis \u00e0 un syst\u00e8me strict de gestion de la qualit\u00e9. Des mat\u00e9riaux entrants, du traitement, de l\u2019inspection finale \u00e0 l\u2019inspection de l\u2019usine, il existe des normes d\u2019inspection strictes. Des mesures d\u2019isolement strictes sont prises pour le traitement non qualifi\u00e9 afin d\u2019\u00e9viter que les produits non qualifi\u00e9s ne passent au processus suivant. Des \u00e9chantillons sont fournis pour une r\u00e9inspection par le client selon les exigences du client.   <\/p>\n<h2><span style=\"font-size: 14pt;\">Emballage et stockage<\/span><\/h2>\n<p>Les cibles de pulv\u00e9risation cathodique en titane carbonitride sont emball\u00e9es dans des sacs sous vide doubles, puis emball\u00e9es et emball\u00e9es dans des cartons.<\/p>\n<p>Les cibles de pulv\u00e9risation de carboniture de titane doivent \u00eatre stock\u00e9es dans un environnement sec, frais, bien ventil\u00e9 et propre, en \u00e9vitant l\u2019humidit\u00e9, l\u2019oxydation, en \u00e9vitant le contact avec des substances corrosives, et en m\u00eame temps, en \u00e9vitant les dommages physiques tels que les collisions et les frottements, et en se tenant \u00e0 l\u2019\u00e9cart des temp\u00e9ratures \u00e9lev\u00e9es et des champs magn\u00e9tiques puissants, afin d\u2019assurer la stabilit\u00e9 de ses performances et de faciliter son utilisation pour la pulv\u00e9risation.<\/p>\n","protected":false},"excerpt":{"rendered":"<p>La cible de pulv\u00e9risation cathodique <span style=\"color: #0000ff;\"><a style=\"color: #0000ff;\" href=\"https:\/\/vimaterial.de\/en\/product\/titanium-carbonitride\/\">en carbonitride de titane<\/a> <\/span>est une cible de pulv\u00e9risation compos\u00e9e de titane, de carbone et d\u2019azote. Il a une duret\u00e9 \u00e9lev\u00e9e, une bonne r\u00e9sistance \u00e0 l\u2019usure, une r\u00e9sistance aux temp\u00e9ratures \u00e9lev\u00e9es et une stabilit\u00e9 chimique, et il est capable de d\u00e9poser des films minces avec ces excellentes propri\u00e9t\u00e9s sur le substrat pendant le processus de pulv\u00e9risation, qui est largement utilis\u00e9 dans les domaines des rev\u00eatements d\u2019outils, de la protection des pi\u00e8ces m\u00e9caniques et des appareils \u00e9lectroniques. <\/p>\n","protected":false},"featured_media":1041329,"comment_status":"open","ping_status":"closed","template":"","meta":{"_acf_changed":false},"product_brand":[],"product_cat":[235],"product_tag":[],"class_list":{"0":"post-1010733","1":"product","2":"type-product","3":"status-publish","4":"has-post-thumbnail","6":"product_cat-cibles-de-pulverisation-planaire","8":"first","9":"instock","10":"shipping-taxable","11":"product-type-variable"},"acf":[],"_links":{"self":[{"href":"https:\/\/vimaterial.de\/fr\/wp-json\/wp\/v2\/product\/1010733","targetHints":{"allow":["GET"]}}],"collection":[{"href":"https:\/\/vimaterial.de\/fr\/wp-json\/wp\/v2\/product"}],"about":[{"href":"https:\/\/vimaterial.de\/fr\/wp-json\/wp\/v2\/types\/product"}],"replies":[{"embeddable":true,"href":"https:\/\/vimaterial.de\/fr\/wp-json\/wp\/v2\/comments?post=1010733"}],"wp:featuredmedia":[{"embeddable":true,"href":"https:\/\/vimaterial.de\/fr\/wp-json\/wp\/v2\/media\/1041329"}],"wp:attachment":[{"href":"https:\/\/vimaterial.de\/fr\/wp-json\/wp\/v2\/media?parent=1010733"}],"wp:term":[{"taxonomy":"product_brand","embeddable":true,"href":"https:\/\/vimaterial.de\/fr\/wp-json\/wp\/v2\/product_brand?post=1010733"},{"taxonomy":"product_cat","embeddable":true,"href":"https:\/\/vimaterial.de\/fr\/wp-json\/wp\/v2\/product_cat?post=1010733"},{"taxonomy":"product_tag","embeddable":true,"href":"https:\/\/vimaterial.de\/fr\/wp-json\/wp\/v2\/product_tag?post=1010733"}],"curies":[{"name":"wp","href":"https:\/\/api.w.org\/{rel}","templated":true}]}}