{"id":1010715,"date":"2024-06-17T14:25:52","date_gmt":"2024-06-17T06:25:52","guid":{"rendered":"https:\/\/vimaterial.de\/product\/chlorure-de-titane\/"},"modified":"2025-04-18T16:27:35","modified_gmt":"2025-04-18T08:27:35","slug":"chlorure-de-titane","status":"publish","type":"product","link":"https:\/\/vimaterial.de\/fr\/product\/chlorure-de-titane\/","title":{"rendered":"Chlorure de titane"},"content":{"rendered":"<p>Le chlorure de titane liquide est un liquide compos\u00e9 contenant les \u00e9l\u00e9ments titane et chlore, g\u00e9n\u00e9ralement incolore ou jaune p\u00e2le avec une odeur irritante, chimiquement actif et facilement hydrolys\u00e9, il joue un r\u00f4le important dans les domaines de la production chimique, de la pr\u00e9paration du titane m\u00e9tallique et de la synth\u00e8se organique.<\/p>\n<p>VIMATERIAL est une soci\u00e9t\u00e9 d\u2019innovation de pointe dans le domaine des mat\u00e9riaux chimiques, sp\u00e9cialis\u00e9e dans les mat\u00e9riaux haute performance con\u00e7us pour des applications d\u2019ing\u00e9nierie avanc\u00e9es. Nos produits sont de haute puret\u00e9 et de haute qualit\u00e9, nous prenons en charge l\u2019emballage en petits lots, le MOQ de petits produits, un inventaire suffisant et la personnalisation, si vous avez des besoins, veuillez <span style=\"color: #0000ff;\"><a style=\"color: #0000ff;\" href=\"https:\/\/vimaterial.de\/en\/contact-us\/\">nous contacter.<\/a><\/span> <\/p>\n<h2><span style=\"font-size: 14pt;\">Propri\u00e9t\u00e9s<\/span><\/h2>\n<p>Formule mol\u00e9culaire : TiCl\u2084 (liquide)<\/p>\n<p>Poids mol\u00e9culaire : 189,68<\/p>\n<p>Aspect : liquide transparent incolore ou jaune clair<\/p>\n<p>Densit\u00e9 : environ 1,726 g\/cm\u00b3<\/p>\n<p>Point de fusion : -24,1\u00b0C<\/p>\n<p>Point d\u2019\u00e9bullition : 136,4 \u00b0C<\/p>\n<p>Structure cristalline : Le TiCl\u2084 solide (\u00e0 basse temp\u00e9rature) appartient au syst\u00e8me cristallin monoclinique, les atomes de titane sont entour\u00e9s d\u2019atomes de chlore pour former une structure t\u00e9tra\u00e9drique.<\/p>\n<h2><span style=\"font-size: 14pt;\">Application<\/span><\/h2>\n<p>Industrie chimique&nbsp;: Dans l\u2019industrie chimique, le chlorure de titane liquide est une mati\u00e8re premi\u00e8re importante pour la production de dioxyde de titane. Gr\u00e2ce \u00e0 une s\u00e9rie de r\u00e9actions chimiques, il peut \u00eatre converti en oxyde de titane, qui fournit des pigments blancs pour les peintures, les plastiques et de nombreux autres produits. <\/p>\n<p>Pr\u00e9paration du m\u00e9tal : Dans la pr\u00e9paration du titane m\u00e9tallique, il s\u2019agit d\u2019un compos\u00e9 interm\u00e9diaire cl\u00e9. En utilisant des agents r\u00e9ducteurs tels que le magn\u00e9sium ou le sodium pour r\u00e9agir avec le chlorure de titane liquide, le titane peut \u00eatre r\u00e9duit \u00e0 partir de son chlorure et utilis\u00e9 pour produire du titane m\u00e9tal de haute puret\u00e9. <\/p>\n<p>Synth\u00e8se organique : Dans la synth\u00e8se chimique organique, le liquide peut \u00eatre utilis\u00e9 comme catalyseur d\u2019acide de Lewis pour catalyser une vari\u00e9t\u00e9 de r\u00e9actions organiques, telles que la r\u00e9action de Friedel-Crafts, qui active les mol\u00e9cules de r\u00e9actifs, am\u00e9liore l\u2019efficacit\u00e9 de la r\u00e9action et favorise la synth\u00e8se des compos\u00e9s organiques.<\/p>\n<p>Mat\u00e9riaux \u00e9lectroniques&nbsp;: Dans la fabrication de mat\u00e9riaux \u00e9lectroniques, le chlorure de titane liquide peut \u00eatre impliqu\u00e9 dans la pr\u00e9paration de films minces \u00e0 base de titane, par d\u00e9p\u00f4t chimique en phase vapeur et d\u2019autres technologies, la formation de composants \u00e9lectroniques \u00e0 la surface du rev\u00eatement avec de bonnes propri\u00e9t\u00e9s \u00e9lectriques, utilis\u00e9 dans les semi-conducteurs et autres \u00e9quipements.<\/p>\n<h2><span style=\"font-size: 14pt;\">Contr\u00f4le de la qualit\u00e9<\/span><\/h2>\n<p><a href=\"https:\/\/vimaterial.de\/en\/quality-control\/\"><span style=\"color: #0000ff;\">Nos produits<\/span> <\/a>sont soumis \u00e0 un syst\u00e8me strict de gestion de la qualit\u00e9. Des mat\u00e9riaux entrants, du traitement, de l\u2019inspection finale \u00e0 l\u2019inspection de l\u2019usine, il existe des normes d\u2019inspection strictes. Des mesures d\u2019isolement strictes sont prises pour le traitement non qualifi\u00e9 afin d\u2019\u00e9viter que les produits non qualifi\u00e9s ne passent au processus suivant. Des \u00e9chantillons sont fournis pour une r\u00e9inspection par le client selon les exigences du client.   <\/p>\n<h2><span style=\"font-size: 14pt;\">Emballage et stockage<\/span><\/h2>\n<p>Le chlorure de titane liquide est emball\u00e9 dans des bouteilles, puis aspir\u00e9 et emball\u00e9 dans des cartons.<\/p>\n<p>Le chlorure de titane liquide doit \u00eatre stock\u00e9 dans un environnement sec, frais et bien ventil\u00e9, dans des r\u00e9cipients scell\u00e9s, de pr\u00e9f\u00e9rence ceux en mat\u00e9riaux r\u00e9sistants \u00e0 la corrosion, et \u00e0 l\u2019abri de l\u2019eau, des alcools, des alcalis et d\u2019autres substances r\u00e9actives, car il est tr\u00e8s sensible \u00e0 l\u2019hydrolyse, tout en \u00e9vitant les temp\u00e9ratures \u00e9lev\u00e9es et les sources d\u2019inflammation, afin d\u2019\u00e9viter sa volatilisation et l\u2019apparition de r\u00e9actions chimiques dangereuses.<\/p>\n","protected":false},"excerpt":{"rendered":"<p>Le chlorure de titane liquide est un liquide compos\u00e9 contenant les \u00e9l\u00e9ments titane et chlore, g\u00e9n\u00e9ralement incolore ou jaune p\u00e2le avec une odeur irritante, chimiquement actif et facilement hydrolys\u00e9, il joue un r\u00f4le important dans les domaines de la production chimique, de la pr\u00e9paration du titane m\u00e9tallique et de la synth\u00e8se organique.<\/p>\n","protected":false},"featured_media":1000644,"comment_status":"open","ping_status":"closed","template":"","meta":{"_acf_changed":false},"product_brand":[],"product_cat":[239],"product_tag":[],"class_list":{"0":"post-1010715","1":"product","2":"type-product","3":"status-publish","4":"has-post-thumbnail","6":"product_cat-materiaux-halogenes","8":"first","9":"instock","10":"shipping-taxable","11":"product-type-variable"},"acf":[],"_links":{"self":[{"href":"https:\/\/vimaterial.de\/fr\/wp-json\/wp\/v2\/product\/1010715","targetHints":{"allow":["GET"]}}],"collection":[{"href":"https:\/\/vimaterial.de\/fr\/wp-json\/wp\/v2\/product"}],"about":[{"href":"https:\/\/vimaterial.de\/fr\/wp-json\/wp\/v2\/types\/product"}],"replies":[{"embeddable":true,"href":"https:\/\/vimaterial.de\/fr\/wp-json\/wp\/v2\/comments?post=1010715"}],"wp:featuredmedia":[{"embeddable":true,"href":"https:\/\/vimaterial.de\/fr\/wp-json\/wp\/v2\/media\/1000644"}],"wp:attachment":[{"href":"https:\/\/vimaterial.de\/fr\/wp-json\/wp\/v2\/media?parent=1010715"}],"wp:term":[{"taxonomy":"product_brand","embeddable":true,"href":"https:\/\/vimaterial.de\/fr\/wp-json\/wp\/v2\/product_brand?post=1010715"},{"taxonomy":"product_cat","embeddable":true,"href":"https:\/\/vimaterial.de\/fr\/wp-json\/wp\/v2\/product_cat?post=1010715"},{"taxonomy":"product_tag","embeddable":true,"href":"https:\/\/vimaterial.de\/fr\/wp-json\/wp\/v2\/product_tag?post=1010715"}],"curies":[{"name":"wp","href":"https:\/\/api.w.org\/{rel}","templated":true}]}}