{"id":1010708,"date":"2024-06-17T14:25:48","date_gmt":"2024-06-17T06:25:48","guid":{"rendered":"https:\/\/vimaterial.de\/product\/carbure-de-titane-dioxyde-de-titane\/"},"modified":"2025-04-18T16:31:40","modified_gmt":"2025-04-18T08:31:40","slug":"carbure-de-titane-dioxyde-de-titane","status":"publish","type":"product","link":"https:\/\/vimaterial.de\/fr\/product\/carbure-de-titane-dioxyde-de-titane\/","title":{"rendered":"Carbure de titane\/dioxyde de titane"},"content":{"rendered":"<p>La cible de pulv\u00e9risation cathodique en carbure de titane \/ dioxyde de titane est une cible de pulv\u00e9risation composite combinant du carbure de titane avec une duret\u00e9 \u00e9lev\u00e9e et une bonne conductivit\u00e9 \u00e9lectrique, et du dioxyde de titane avec une stabilit\u00e9 chimique \u00e9lev\u00e9e et d\u2019excellentes propri\u00e9t\u00e9s optiques, qui peut d\u00e9poser des films minces avec des propri\u00e9t\u00e9s \u00e9lectriques et optiques r\u00e9sistantes \u00e0 l\u2019usure sur le substrat pendant la pulv\u00e9risation, et est largement utilis\u00e9 dans les domaines de l\u2019\u00e9lectronique,  optique et rev\u00eatement de protection.<\/p>\n<p>VIMATERIAL est une soci\u00e9t\u00e9 d\u2019innovation de pointe dans le domaine des mat\u00e9riaux chimiques, sp\u00e9cialis\u00e9e dans les mat\u00e9riaux haute performance con\u00e7us pour des applications d\u2019ing\u00e9nierie avanc\u00e9es. Nos produits sont de haute puret\u00e9 et de haute qualit\u00e9, nous prenons en charge l\u2019emballage en petits lots, le MOQ de petits produits, un inventaire suffisant, la personnalisation de soutien, et nous pouvons fournir un service de reliure cible, si vous avez des besoins, veuillez <span style=\"color: #0000ff;\"><a style=\"color: #0000ff;\" href=\"https:\/\/vimaterial.de\/en\/contact-us\/\">nous contacter<\/a><\/span>. <\/p>\n<h2><span style=\"font-size: 14pt;\">Application<\/span><\/h2>\n<p>Domaine \u00e9lectronique&nbsp;: Dans le domaine \u00e9lectronique, les cibles de pulv\u00e9risation en carbure de titane \/ dioxyde de titane peuvent \u00eatre utilis\u00e9es pour fabriquer des \u00e9lectrodes et des couches isolantes pour les appareils \u00e9lectroniques. Le carbure de titane offre une bonne conductivit\u00e9 \u00e9lectrique et une bonne r\u00e9sistance \u00e0 l\u2019abrasion, tandis que le dioxyde de titane offre des propri\u00e9t\u00e9s isolantes et une stabilit\u00e9 chimique, ce qui garantit des performances \u00e0 haut rendement et une stabilit\u00e9 \u00e0 long terme des composants \u00e9lectroniques. <\/p>\n<p>Champ optique : Dans le champ optique, la cible peut \u00eatre pulv\u00e9ris\u00e9e pour former des films minces \u00e0 la surface des lentilles optiques, des \u00e9crans et d\u2019autres mat\u00e9riaux. Le carbure de titane contribue \u00e0 am\u00e9liorer la duret\u00e9 et la r\u00e9sistance \u00e0 l\u2019usure du film, tandis que le dioxyde de titane am\u00e9liore les caract\u00e9ristiques optiques des composants optiques en raison de ses excellentes propri\u00e9t\u00e9s optiques. <\/p>\n<p>Protection de surface&nbsp;: Dans la protection de surface, utilis\u00e9e pour le rev\u00eatement de surface des pi\u00e8ces m\u00e9caniques, des mat\u00e9riaux de construction, etc., le carbure de titane rend le rev\u00eatement r\u00e9sistant \u00e0 l\u2019usure et aux rayures, tandis que le dioxyde de titane am\u00e9liore la r\u00e9sistance \u00e0 la corrosion et la capacit\u00e9 d\u2019autonettoyage du rev\u00eatement, prolongeant efficacement la dur\u00e9e de vie de l\u2019objet rev\u00eatu.<\/p>\n<p>Domaine photovolta\u00efque : Dans l\u2019industrie photovolta\u00efque, cette cible de pulv\u00e9risation peut \u00eatre utilis\u00e9e dans la fabrication de cellules solaires. Le carbure de titane peut am\u00e9liorer la conductivit\u00e9 et la stabilit\u00e9 des \u00e9lectrodes de la cellule, tandis que le dioxyde de titane peut \u00eatre utilis\u00e9 comme couche absorbant ou r\u00e9fl\u00e9chissante la lumi\u00e8re pour am\u00e9liorer l\u2019efficacit\u00e9 de conversion photo\u00e9lectrique de la cellule. <\/p>\n<h2><span style=\"font-size: 14pt;\">Contr\u00f4le de la qualit\u00e9<\/span><\/h2>\n<p><span style=\"color: #0000ff;\"><a style=\"color: #0000ff;\" href=\"https:\/\/vimaterial.de\/en\/quality-control\/\">Nos produits<\/a> <\/span>sont soumis \u00e0 un syst\u00e8me strict de gestion de la qualit\u00e9. Des mat\u00e9riaux entrants, du traitement, de l\u2019inspection finale \u00e0 l\u2019inspection de l\u2019usine, il existe des normes d\u2019inspection strictes. Des mesures d\u2019isolement strictes sont prises pour le traitement non qualifi\u00e9 afin d\u2019\u00e9viter que les produits non qualifi\u00e9s ne passent au processus suivant. Des \u00e9chantillons sont fournis pour une r\u00e9inspection par le client selon les exigences du client.   <\/p>\n<h2><span style=\"font-size: 14pt;\">Emballage et stockage<\/span><\/h2>\n<p>Les cibles de pulv\u00e9risation en carbure de titane\/dioxyde de titane sont emball\u00e9es dans des sacs sous vide \u00e0 double couche, puis emball\u00e9es et emball\u00e9es dans des cartons.<\/p>\n<p>Les cibles de pulv\u00e9risation en carbure de titane \/ dioxyde de titane doivent \u00eatre stock\u00e9es dans un environnement sec, frais, bien ventil\u00e9 et \u00e9tanche \u00e0 la lumi\u00e8re, en \u00e9vitant l\u2019humidit\u00e9, en \u00e9vitant le contact avec des substances corrosives, en pr\u00e9venant les dommages dus aux collisions et aux frottements, et en m\u00eame temps, en se tenant \u00e0 l\u2019\u00e9cart des temp\u00e9ratures \u00e9lev\u00e9es et des sources fortes d\u2019interf\u00e9rences \u00e9lectromagn\u00e9tiques, afin d\u2019assurer la stabilit\u00e9 de ses propri\u00e9t\u00e9s chimiques et physiques,  et pour fournir une bonne base pour les op\u00e9rations de pulv\u00e9risation.<\/p>\n","protected":false},"excerpt":{"rendered":"<p>La cible de pulv\u00e9risation cathodique en carbure de titane \/ dioxyde de titane est une cible de pulv\u00e9risation composite combinant du carbure de titane avec une duret\u00e9 \u00e9lev\u00e9e et une bonne conductivit\u00e9 \u00e9lectrique, et du dioxyde de titane avec une stabilit\u00e9 chimique \u00e9lev\u00e9e et d\u2019excellentes propri\u00e9t\u00e9s optiques, qui peut d\u00e9poser des films minces avec des propri\u00e9t\u00e9s \u00e9lectriques et optiques r\u00e9sistantes \u00e0 l\u2019usure sur le substrat pendant la pulv\u00e9risation, et est largement utilis\u00e9 dans les domaines de l\u2019\u00e9lectronique,  optique et rev\u00eatement de protection. VIMATERIAL est une entreprise cible de pulv\u00e9risation \u00e0 l\u2019avant-garde. <\/p>\n","protected":false},"featured_media":1000637,"comment_status":"open","ping_status":"closed","template":"","meta":{"_acf_changed":false},"product_brand":[],"product_cat":[235],"product_tag":[],"class_list":{"0":"post-1010708","1":"product","2":"type-product","3":"status-publish","4":"has-post-thumbnail","6":"product_cat-cibles-de-pulverisation-planaire","8":"first","9":"instock","10":"shipping-taxable","11":"product-type-variable"},"acf":[],"_links":{"self":[{"href":"https:\/\/vimaterial.de\/fr\/wp-json\/wp\/v2\/product\/1010708","targetHints":{"allow":["GET"]}}],"collection":[{"href":"https:\/\/vimaterial.de\/fr\/wp-json\/wp\/v2\/product"}],"about":[{"href":"https:\/\/vimaterial.de\/fr\/wp-json\/wp\/v2\/types\/product"}],"replies":[{"embeddable":true,"href":"https:\/\/vimaterial.de\/fr\/wp-json\/wp\/v2\/comments?post=1010708"}],"wp:featuredmedia":[{"embeddable":true,"href":"https:\/\/vimaterial.de\/fr\/wp-json\/wp\/v2\/media\/1000637"}],"wp:attachment":[{"href":"https:\/\/vimaterial.de\/fr\/wp-json\/wp\/v2\/media?parent=1010708"}],"wp:term":[{"taxonomy":"product_brand","embeddable":true,"href":"https:\/\/vimaterial.de\/fr\/wp-json\/wp\/v2\/product_brand?post=1010708"},{"taxonomy":"product_cat","embeddable":true,"href":"https:\/\/vimaterial.de\/fr\/wp-json\/wp\/v2\/product_cat?post=1010708"},{"taxonomy":"product_tag","embeddable":true,"href":"https:\/\/vimaterial.de\/fr\/wp-json\/wp\/v2\/product_tag?post=1010708"}],"curies":[{"name":"wp","href":"https:\/\/api.w.org\/{rel}","templated":true}]}}