{"id":1010695,"date":"2024-06-17T14:25:52","date_gmt":"2024-06-17T06:25:52","guid":{"rendered":"https:\/\/vimaterial.de\/product\/alliage-de-titane-et-de-cobalt\/"},"modified":"2025-04-18T16:25:36","modified_gmt":"2025-04-18T08:25:36","slug":"alliage-de-titane-et-de-cobalt","status":"publish","type":"product","link":"https:\/\/vimaterial.de\/fr\/product\/alliage-de-titane-et-de-cobalt\/","title":{"rendered":"Alliage titane-cobalt"},"content":{"rendered":"<p>La cible de pulv\u00e9risation en alliage titane-cobalt est un mat\u00e9riau en alliage compos\u00e9 de titane et de cobalt, principalement utilis\u00e9 dans le processus de pulv\u00e9risation dans la technologie de d\u00e9p\u00f4t physique en phase vapeur. Il a de bonnes propri\u00e9t\u00e9s magn\u00e9tiques, une duret\u00e9 et une r\u00e9sistance \u00e9lev\u00e9es, et est capable de d\u00e9poser des films minces uniformes avec des propri\u00e9t\u00e9s sp\u00e9cifiques sur le mat\u00e9riau du substrat, qui est largement utilis\u00e9 dans les domaines de l\u2019\u00e9lectronique, de l\u2019enregistrement magn\u00e9tique et de la d\u00e9coration. <\/p>\n<p>VIMATERIAL est une soci\u00e9t\u00e9 d\u2019innovation de pointe dans le domaine des mat\u00e9riaux chimiques, sp\u00e9cialis\u00e9e dans les mat\u00e9riaux haute performance con\u00e7us pour des applications d\u2019ing\u00e9nierie avanc\u00e9es. Nos produits sont de haute puret\u00e9 et de haute qualit\u00e9, nous prenons en charge l\u2019emballage en petits lots, le MOQ de petits produits, un inventaire suffisant, la personnalisation de soutien, et nous pouvons fournir un service de reliure cible, si vous avez des besoins, veuillez <span style=\"color: #0000ff;\"><a style=\"color: #0000ff;\" href=\"https:\/\/vimaterial.de\/en\/contact-us\/\">nous contacter<\/a><\/span>. <\/p>\n<h2><span style=\"font-size: 14pt;\">Propri\u00e9t\u00e9s<\/span><\/h2>\n<p>Formule mol\u00e9culaire : TiCo<\/p>\n<p>Apparence&nbsp;: g\u00e9n\u00e9ralement gris argent\u00e9 m\u00e9tallis\u00e9 solide<\/p>\n<h2><span style=\"font-size: 14pt;\">Application<\/span><\/h2>\n<p>\u00c9lectronique&nbsp;: Dans le domaine de l\u2019\u00e9lectronique, les cibles de pulv\u00e9risation cathodique en alliage titane-cobalt sont utilis\u00e9es pour fabriquer des films magn\u00e9tiques pour les composants \u00e9lectroniques. Par pulv\u00e9risation, des films minces sont d\u00e9pos\u00e9s \u00e0 la surface des puces, des capteurs magn\u00e9tiques et d\u2019autres composants pour am\u00e9liorer les propri\u00e9t\u00e9s magn\u00e9tiques et la capacit\u00e9 de stockage de donn\u00e9es des composants \u00e9lectroniques. <\/p>\n<p>Industrie de l\u2019enregistrement magn\u00e9tique : Dans le domaine de l\u2019enregistrement magn\u00e9tique, cette cible de pulv\u00e9risation est un mat\u00e9riau cl\u00e9 pour la production de couches magn\u00e9tiques pour les disques durs et autres dispositifs de stockage. Il est capable de d\u00e9poser des films minces \u00e0 haute coercivit\u00e9 et \u00e0 haute perm\u00e9abilit\u00e9 \u00e0 la surface des disques, ce qui permet un stockage \u00e0 haute densit\u00e9 des donn\u00e9es ainsi qu\u2019une lecture et une \u00e9criture rapides. <\/p>\n<p>Champ optique : Dans le domaine optique, il est utilis\u00e9 pour fabriquer des films optiques. Gr\u00e2ce \u00e0 la pulv\u00e9risation, des rev\u00eatements avec des propri\u00e9t\u00e9s optiques particuli\u00e8res, telles qu\u2019une r\u00e9flectivit\u00e9 accrue ou diminu\u00e9e, peuvent \u00eatre form\u00e9s \u00e0 la surface des lentilles optiques, des filtres, etc., pour r\u00e9pondre aux besoins sp\u00e9cifiques des instruments optiques. <\/p>\n<p>Nouveau domaine d\u2019\u00e9nergie : Dans la pr\u00e9paration de nouveaux mat\u00e9riaux \u00e9nerg\u00e9tiques, les cibles de pulv\u00e9risation en alliage titane-cobalt peuvent \u00eatre utilis\u00e9es pour d\u00e9poser des films minces \u00e0 la surface des \u00e9lectrodes de batterie ou d\u2019autres composants cl\u00e9s afin d\u2019am\u00e9liorer la conductivit\u00e9 et la stabilit\u00e9 du mat\u00e9riau, et d\u2019am\u00e9liorer les performances et la dur\u00e9e de vie des \u00e9quipements de nouvelle \u00e9nergie.<\/p>\n<h2><span style=\"font-size: 14pt;\">Contr\u00f4le de la qualit\u00e9<\/span><\/h2>\n<p><span style=\"color: #0000ff;\"><a style=\"color: #0000ff;\" href=\"https:\/\/vimaterial.de\/en\/quality-control\/\">Nos produits<\/a><\/span> sont soumis \u00e0 un syst\u00e8me strict de gestion de la qualit\u00e9. Des mat\u00e9riaux entrants, du traitement, de l\u2019inspection finale \u00e0 l\u2019inspection de l\u2019usine, il existe des normes d\u2019inspection strictes. Des mesures d\u2019isolement strictes sont prises pour le traitement non qualifi\u00e9 afin d\u2019\u00e9viter que les produits non qualifi\u00e9s ne passent au processus suivant. Des \u00e9chantillons sont fournis pour une r\u00e9inspection par le client selon les exigences du client.   <\/p>\n<h2><span style=\"font-size: 14pt;\">Emballage et stockage<\/span><\/h2>\n<p>Les cibles de pulv\u00e9risation en alliage titane-cobalt sont emball\u00e9es dans des sacs sous vide doubles, puis emball\u00e9es et emball\u00e9es dans des cartons.<\/p>\n<p>Les cibles de pulv\u00e9risation en alliage titane-cobalt doivent \u00eatre stock\u00e9es dans un environnement sec, frais et bien ventil\u00e9 pour \u00e9viter l\u2019humidit\u00e9, l\u2019oxydation et les dommages m\u00e9caniques, et de pr\u00e9f\u00e9rence plac\u00e9es sur les \u00e9tag\u00e8res avec une protection appropri\u00e9e, \u00e0 l\u2019abri des substances corrosives, des sources de temp\u00e9rature \u00e9lev\u00e9es et des champs magn\u00e9tiques puissants, afin de maintenir la stabilit\u00e9 de ses propri\u00e9t\u00e9s physiques et chimiques et de faciliter l\u2019utilisation ult\u00e9rieure de la pulv\u00e9risation.<\/p>\n","protected":false},"excerpt":{"rendered":"<p>La cible de pulv\u00e9risation en alliage titane-cobalt est un mat\u00e9riau en alliage compos\u00e9 de titane et de cobalt, principalement utilis\u00e9 dans le processus de pulv\u00e9risation dans la technologie de d\u00e9p\u00f4t physique en phase vapeur. Il a de bonnes propri\u00e9t\u00e9s magn\u00e9tiques, une duret\u00e9 et une r\u00e9sistance \u00e9lev\u00e9es, et est capable de d\u00e9poser des films minces uniformes avec des propri\u00e9t\u00e9s sp\u00e9cifiques sur le mat\u00e9riau du substrat, qui est largement utilis\u00e9 dans les domaines de l\u2019\u00e9lectronique, de l\u2019enregistrement magn\u00e9tique et de la d\u00e9coration. <\/p>\n","protected":false},"featured_media":1000651,"comment_status":"open","ping_status":"closed","template":"","meta":{"_acf_changed":false},"product_brand":[],"product_cat":[235],"product_tag":[],"class_list":{"0":"post-1010695","1":"product","2":"type-product","3":"status-publish","4":"has-post-thumbnail","6":"product_cat-cibles-de-pulverisation-planaire","8":"first","9":"instock","10":"shipping-taxable","11":"product-type-variable"},"acf":[],"_links":{"self":[{"href":"https:\/\/vimaterial.de\/fr\/wp-json\/wp\/v2\/product\/1010695","targetHints":{"allow":["GET"]}}],"collection":[{"href":"https:\/\/vimaterial.de\/fr\/wp-json\/wp\/v2\/product"}],"about":[{"href":"https:\/\/vimaterial.de\/fr\/wp-json\/wp\/v2\/types\/product"}],"replies":[{"embeddable":true,"href":"https:\/\/vimaterial.de\/fr\/wp-json\/wp\/v2\/comments?post=1010695"}],"wp:featuredmedia":[{"embeddable":true,"href":"https:\/\/vimaterial.de\/fr\/wp-json\/wp\/v2\/media\/1000651"}],"wp:attachment":[{"href":"https:\/\/vimaterial.de\/fr\/wp-json\/wp\/v2\/media?parent=1010695"}],"wp:term":[{"taxonomy":"product_brand","embeddable":true,"href":"https:\/\/vimaterial.de\/fr\/wp-json\/wp\/v2\/product_brand?post=1010695"},{"taxonomy":"product_cat","embeddable":true,"href":"https:\/\/vimaterial.de\/fr\/wp-json\/wp\/v2\/product_cat?post=1010695"},{"taxonomy":"product_tag","embeddable":true,"href":"https:\/\/vimaterial.de\/fr\/wp-json\/wp\/v2\/product_tag?post=1010695"}],"curies":[{"name":"wp","href":"https:\/\/api.w.org\/{rel}","templated":true}]}}