{"id":1010693,"date":"2024-06-17T14:13:31","date_gmt":"2024-06-17T06:13:31","guid":{"rendered":"https:\/\/vimaterial.de\/product\/silicium-chrome\/"},"modified":"2024-12-24T11:19:41","modified_gmt":"2024-12-24T03:19:41","slug":"silicium-chrome","status":"publish","type":"product","link":"https:\/\/vimaterial.de\/fr\/product\/silicium-chrome\/","title":{"rendered":"Silicium-chrome"},"content":{"rendered":"<p>Les cibles en alliage de silicium-chrome sont un mat\u00e9riau couramment utilis\u00e9 pour les rev\u00eatements de pulv\u00e9risation cathodique magn\u00e9tron, qui ont d\u2019excellentes propri\u00e9t\u00e9s physiques, chimiques et m\u00e9caniques. Ce mat\u00e9riau est largement utilis\u00e9 pour fabriquer des films minces pour diverses applications industrielles et \u00e9lectroniques. VIMATERIAL propose diff\u00e9rentes cibles en alliage de silicium, telles que Si-Cr, Si-Ni, Si-Fe-B. . . <\/p>\n<h2><span style=\"font-size: 14pt;\">Propri\u00e9t\u00e9s des cibles de pulv\u00e9risation bacto-chrome<\/span><\/h2>\n<h3><span style=\"font-size: 12pt;\">Composition:<\/span><\/h3>\n<p>En r\u00e8gle g\u00e9n\u00e9rale, l\u2019alliage est constitu\u00e9 de silicium et de chrome dans un poids ou un rapport atomique sp\u00e9cifique (par exemple 80:20, 90:10, etc.), en fonction des propri\u00e9t\u00e9s du film souhait\u00e9es. La composition exacte est adapt\u00e9e aux exigences de l\u2019application, en \u00e9quilibrant les propri\u00e9t\u00e9s \u00e9lectriques, optiques ou de r\u00e9sistance \u00e0 la corrosion.<\/p>\n<h3><span style=\"font-size: 12pt;\">Haute puret\u00e9&nbsp;:<\/span><\/h3>\n<p>Les cibles de pulv\u00e9risation n\u00e9cessitent g\u00e9n\u00e9ralement des niveaux de puret\u00e9 \u00e9lev\u00e9s (par exemple 99,9 % ou plus) pour garantir que le film r\u00e9sultant pr\u00e9sente un minimum d\u2019impuret\u00e9s et des performances optimales.<\/p>\n<h3><span style=\"font-size: 12pt;\">Propri\u00e9t\u00e9s m\u00e9caniques :<\/span><\/h3>\n<p>Les cibles silicium-chrome sont soigneusement con\u00e7ues avec une densit\u00e9 et une uniformit\u00e9 \u00e9lev\u00e9es pour assurer des performances de pulv\u00e9risation efficaces et minimiser les d\u00e9fauts dans le film d\u00e9pos\u00e9.<\/p>\n<h2><span style=\"font-size: 14pt;\">Applications des cibles de pulv\u00e9risation bactionneuse silicium-chrome<\/span><\/h2>\n<h3><span style=\"font-size: 12pt;\">Semi-conducteurs:<\/span><\/h3>\n<p>Couches minces utilis\u00e9es pour fabriquer des dispositifs \u00e0 semi-conducteurs. Les films Si-Cr peuvent \u00eatre utilis\u00e9s pour les couches de grille, les barri\u00e8res de diffusion ou les interconnexions.<\/p>\n<h3><span style=\"font-size: 12pt;\">Cellules solaires&nbsp;:<\/span><\/h3>\n<p>Utilis\u00e9 dans la production de cellules solaires \u00e0 couche mince pour am\u00e9liorer les performances optiques et \u00e9lectriques.<\/p>\n<h3><span style=\"font-size: 12pt;\">Rev\u00eatements optiques :<\/span><\/h3>\n<p>Convient pour la formation de rev\u00eatements antireflets, protecteurs ou d\u00e9coratifs sur des substrats en verre ou en plastique.<\/p>\n<h3><span style=\"font-size: 12pt;\">Technologie d\u2019affichage :<\/span><\/h3>\n<p>Couches minces utilis\u00e9es dans la production d\u2019\u00e9crans LCD, OLED et d\u2019\u00e9crans tactiles.<\/p>\n<h3><span style=\"font-size: 12pt;\">Rev\u00eatements r\u00e9sistants \u00e0 la corrosion :<\/span><\/h3>\n<p>Les films Si-Cr peuvent am\u00e9liorer la durabilit\u00e9 des surfaces en am\u00e9liorant leur r\u00e9sistance \u00e0 l\u2019oxydation et \u00e0 la corrosion.<\/p>\n","protected":false},"excerpt":{"rendered":"<p>Les cibles en alliage de silicium-chrome sont un mat\u00e9riau couramment utilis\u00e9 pour les rev\u00eatements de pulv\u00e9risation cathodique magn\u00e9tron, qui ont d\u2019excellentes propri\u00e9t\u00e9s physiques, chimiques et m\u00e9caniques. Ce mat\u00e9riau est largement utilis\u00e9 pour fabriquer des films minces pour diverses applications industrielles et \u00e9lectroniques. VIMATERIAL propose diff\u00e9rentes cibles en alliage de silicium, telles que Si-Cr, Si-Ni, Si-Fe-B. [&hellip;]<\/p>\n","protected":false},"featured_media":999832,"comment_status":"open","ping_status":"closed","template":"","meta":{"_acf_changed":false},"product_brand":[],"product_cat":[235],"product_tag":[],"class_list":{"0":"post-1010693","1":"product","2":"type-product","3":"status-publish","4":"has-post-thumbnail","6":"product_cat-cibles-de-pulverisation-planaire","8":"first","9":"instock","10":"shipping-taxable","11":"purchasable","12":"product-type-variable"},"acf":[],"_links":{"self":[{"href":"https:\/\/vimaterial.de\/fr\/wp-json\/wp\/v2\/product\/1010693","targetHints":{"allow":["GET"]}}],"collection":[{"href":"https:\/\/vimaterial.de\/fr\/wp-json\/wp\/v2\/product"}],"about":[{"href":"https:\/\/vimaterial.de\/fr\/wp-json\/wp\/v2\/types\/product"}],"replies":[{"embeddable":true,"href":"https:\/\/vimaterial.de\/fr\/wp-json\/wp\/v2\/comments?post=1010693"}],"wp:featuredmedia":[{"embeddable":true,"href":"https:\/\/vimaterial.de\/fr\/wp-json\/wp\/v2\/media\/999832"}],"wp:attachment":[{"href":"https:\/\/vimaterial.de\/fr\/wp-json\/wp\/v2\/media?parent=1010693"}],"wp:term":[{"taxonomy":"product_brand","embeddable":true,"href":"https:\/\/vimaterial.de\/fr\/wp-json\/wp\/v2\/product_brand?post=1010693"},{"taxonomy":"product_cat","embeddable":true,"href":"https:\/\/vimaterial.de\/fr\/wp-json\/wp\/v2\/product_cat?post=1010693"},{"taxonomy":"product_tag","embeddable":true,"href":"https:\/\/vimaterial.de\/fr\/wp-json\/wp\/v2\/product_tag?post=1010693"}],"curies":[{"name":"wp","href":"https:\/\/api.w.org\/{rel}","templated":true}]}}