{"id":1010687,"date":"2024-06-17T14:12:47","date_gmt":"2024-06-17T06:12:47","guid":{"rendered":"https:\/\/vimaterial.de\/product\/chlorure-de-silicium\/"},"modified":"2024-12-23T16:51:27","modified_gmt":"2024-12-23T08:51:27","slug":"chlorure-de-silicium","status":"publish","type":"product","link":"https:\/\/vimaterial.de\/fr\/product\/chlorure-de-silicium\/","title":{"rendered":"Chlorure de silicium"},"content":{"rendered":"<p>Le chlorure de silicium (t\u00e9trachlorure de silicium) est un compos\u00e9 inorganique important de formule chimique SiCI4 et d\u2019une masse molaire de 169,896 g\/mol. Ce compos\u00e9 est un liquide incolore \u00e0 temp\u00e9rature ambiante et poss\u00e8de des propri\u00e9t\u00e9s physiques et chimiques uniques. <\/p>\n<h2><span style=\"font-size: 14pt;\">Propri\u00e9t\u00e9s physiques et chimiques<\/span><\/h2>\n<p>Le chlorure de silicium est un liquide incolore, transparent et fumant d\u2019une densit\u00e9 de 1,483 g\/mL, d\u2019un point de fusion de -70 \u00b0C, d\u2019un point d\u2019\u00e9bullition de 57,6 \u00b0C et d\u2019un indice de r\u00e9fraction de 1,412. Le chlorure de silicium est inflammable et asphyxiant, et est miscible avec le benz\u00e8ne, l\u2019\u00e9ther, le chloroforme, l\u2019\u00e9ther de p\u00e9trole, le t\u00e9trachlorure de carbone, le t\u00e9trachlorure d\u2019\u00e9tain et le t\u00e9trachlorure de titane. Il d\u00e9gage de la chaleur au contact de l\u2019eau, se d\u00e9compose en acide silicique et en chlorure d\u2019hydrog\u00e8ne, et r\u00e9agit violemment au contact de l\u2019alcool. Il est facile \u00e0 \u00e9couler, facile \u00e0 volatiliser et a une odeur suffocante d\u00e9sagr\u00e9able. Il peut corroder la plupart des m\u00e9taux en pr\u00e9sence d\u2019eau.<\/p>\n<h2><span style=\"font-size: 14pt;\">Pr\u00e9paration et processus<\/span><\/h2>\n<p>Il existe deux m\u00e9thodes principales pour pr\u00e9parer le t\u00e9trachlorure de silicium : l\u2019une consiste \u00e0 le pr\u00e9parer par r\u00e9action de chloration de compos\u00e9s de silicium (tels que l\u2019alliage de ferrosilicium, le carbure de silicium, etc.) ou d\u2019un m\u00e9lange de dioxyde de silicium et de carbone ; L\u2019autre consiste \u00e0 l\u2019obtenir par une combinaison chimique directe de silicium et de chlore dans des conditions de laboratoire. Parmi elles, la chloration d\u2019un alliage de ferrosilicium pour produire du t\u00e9trachlorure de silicium est la m\u00e9thode la plus couramment utilis\u00e9e. Cette m\u00e9thode pr\u00e9sente les avantages d\u2019un processus mature et d\u2019un faible co\u00fbt. Au cours du processus de pr\u00e9paration, il est n\u00e9cessaire de contr\u00f4ler la temp\u00e9rature de r\u00e9action, le temps de r\u00e9action et d\u2019autres conditions pour garantir la puret\u00e9 et le rendement du produit. De plus, lors de la pr\u00e9paration du chlorure de silicium en laboratoire, il est g\u00e9n\u00e9ralement n\u00e9cessaire de l\u2019effectuer \u00e0 une temp\u00e9rature \u00e9lev\u00e9e de -600\u00b0C, ce qui n\u00e9cessite des exigences \u00e9lev\u00e9es en mati\u00e8re d\u2019\u00e9quipement et de technologie exp\u00e9rimentaux.<\/p>\n<h2><span style=\"font-size: 14pt;\">Application du chlorure de silicium<\/span><\/h2>\n<p>Le t\u00e9trachlorure de silicium est un sous-produit de la production de silicium de haute puret\u00e9, et est \u00e9galement la principale mati\u00e8re premi\u00e8re pour la production de pr\u00e9formes de fibres optiques. C\u2019est \u00e9galement la principale mati\u00e8re premi\u00e8re pour les industries du silicium inorganique, du silicium organique et du caoutchouc. Il est utilis\u00e9 dans l\u2019\u00e9lectronique, l\u2019aviation, la coul\u00e9e de pr\u00e9cision et d\u2019autres domaines. Dans l\u2019industrie \u00e9lectronique, le t\u00e9trachlorure de silicium est largement utilis\u00e9 pour fabriquer des mat\u00e9riaux semi-conducteurs tels que des puces de silicium et des plaquettes de silicium. Dans le domaine de l\u2019aviation, le chlorure de silicium est utilis\u00e9 pour fabriquer des mat\u00e9riaux \u00e0 haute temp\u00e9rature tels que les c\u00e9ramiques et les alliages m\u00e9talliques. Dans le domaine de la coul\u00e9e de pr\u00e9cision, le t\u00e9trachlorure de silicium est utilis\u00e9 pour fabriquer des pi\u00e8ces moul\u00e9es de pr\u00e9cision, telles que des cylindres de moteur d\u2019automobile, des roues de moteur d\u2019avion, etc.  <\/p>\n<h2><span style=\"font-size: 14pt;\">Pr\u00e9cautions de s\u00e9curit\u00e9<\/span><\/h2>\n<p>Le t\u00e9trachlorure de silicium est toxique et peut provoquer une intoxication s\u2019il est inhal\u00e9, aval\u00e9 ou absorb\u00e9 par la peau. Il est tr\u00e8s irritant pour la peau, les yeux, les muqueuses et d\u2019autres tissus. Par cons\u00e9quent, pendant la production et le fonctionnement, il est n\u00e9cessaire de faire attention \u00e0 l\u2019\u00e9tanch\u00e9it\u00e9 \u00e0 l\u2019air de l\u2019\u00e9quipement et aux op\u00e9rateurs portant un \u00e9quipement de protection pour \u00e9viter tout contact direct. De plus, le chlorure de silicium doit \u00eatre stock\u00e9 dans un entrep\u00f4t frais et ventil\u00e9, \u00e0 l\u2019abri du feu et des sources de chaleur, et \u00e9viter la lumi\u00e8re directe du soleil. L\u2019emballage doit \u00eatre scell\u00e9 et ne doit pas entrer en contact avec l\u2019air.  <\/p>\n<h2><span style=\"font-size: 14pt;\">Une s\u00e9rie d\u2019alias pour le chlorure de silicium :<\/span><\/h2>\n<p>Chlorure de silicium T\u00e9trachlorure de silicium T\u00e9trachlorure de silicium de haute puret\u00e9 T\u00e9trachlorure de silicium de qualit\u00e9 \u00e9lectronique<\/p>\n<p>SiCl4<\/p>\n<p>T\u00e9trachlorosilane 10026-04-7<\/p>\n","protected":false},"excerpt":{"rendered":"<p>Le chlorure de silicium (t\u00e9trachlorure de silicium) est un compos\u00e9 inorganique important de formule chimique SiCI4 et d\u2019une masse molaire de 169,896 g\/mol. Ce compos\u00e9 est un liquide incolore \u00e0 temp\u00e9rature ambiante et poss\u00e8de des propri\u00e9t\u00e9s physiques et chimiques uniques. Propri\u00e9t\u00e9s physiques et chimiques Le chlorure de silicium est un liquide incolore, transparent et fumant [&hellip;]<\/p>\n","protected":false},"featured_media":999825,"comment_status":"open","ping_status":"closed","template":"","meta":{"_acf_changed":false},"product_brand":[],"product_cat":[239],"product_tag":[],"class_list":{"0":"post-1010687","1":"product","2":"type-product","3":"status-publish","4":"has-post-thumbnail","6":"product_cat-materiaux-halogenes","8":"first","9":"instock","10":"shipping-taxable","11":"product-type-variable"},"acf":[],"_links":{"self":[{"href":"https:\/\/vimaterial.de\/fr\/wp-json\/wp\/v2\/product\/1010687","targetHints":{"allow":["GET"]}}],"collection":[{"href":"https:\/\/vimaterial.de\/fr\/wp-json\/wp\/v2\/product"}],"about":[{"href":"https:\/\/vimaterial.de\/fr\/wp-json\/wp\/v2\/types\/product"}],"replies":[{"embeddable":true,"href":"https:\/\/vimaterial.de\/fr\/wp-json\/wp\/v2\/comments?post=1010687"}],"wp:featuredmedia":[{"embeddable":true,"href":"https:\/\/vimaterial.de\/fr\/wp-json\/wp\/v2\/media\/999825"}],"wp:attachment":[{"href":"https:\/\/vimaterial.de\/fr\/wp-json\/wp\/v2\/media?parent=1010687"}],"wp:term":[{"taxonomy":"product_brand","embeddable":true,"href":"https:\/\/vimaterial.de\/fr\/wp-json\/wp\/v2\/product_brand?post=1010687"},{"taxonomy":"product_cat","embeddable":true,"href":"https:\/\/vimaterial.de\/fr\/wp-json\/wp\/v2\/product_cat?post=1010687"},{"taxonomy":"product_tag","embeddable":true,"href":"https:\/\/vimaterial.de\/fr\/wp-json\/wp\/v2\/product_tag?post=1010687"}],"curies":[{"name":"wp","href":"https:\/\/api.w.org\/{rel}","templated":true}]}}