{"id":1010654,"date":"2024-06-17T14:13:32","date_gmt":"2024-06-17T06:13:32","guid":{"rendered":"https:\/\/vimaterial.de\/product\/alliage-de-silicium-et-de-germanium\/"},"modified":"2024-12-24T11:39:45","modified_gmt":"2024-12-24T03:39:45","slug":"alliage-de-silicium-et-de-germanium","status":"publish","type":"product","link":"https:\/\/vimaterial.de\/fr\/product\/alliage-de-silicium-et-de-germanium\/","title":{"rendered":"Alliage de silicium et de germanium"},"content":{"rendered":"<p>L\u2019alliage de silicium et de germanium est un nouveau type de mat\u00e9riau semi-conducteur, compos\u00e9 de deux mat\u00e9riaux, le silicium et le germanium, m\u00e9lang\u00e9s dans un certain rapport. L\u2019alliage de silicium-germanium a une conductivit\u00e9 plus \u00e9lev\u00e9e, une r\u00e9sistivit\u00e9 plus faible et une mobilit\u00e9 de porteur plus \u00e9lev\u00e9e que le silicium pur. Ces propri\u00e9t\u00e9s physiques uniques rendent l\u2019alliage silicium-germanium largement utilis\u00e9 dans l\u2019industrie moderne des semi-conducteurs.  <\/p>\n<h2><span style=\"font-size: 14pt;\">Propri\u00e9t\u00e9s:<\/span><\/h2>\n<h3><span style=\"font-size: 12pt;\">Ing\u00e9nierie de la bande interdite :<\/span><\/h3>\n<p>En modifiant le rapport entre le silicium et le germanium, la bande interdite de l\u2019alliage peut \u00eatre personnalis\u00e9e pour le rendre adapt\u00e9 \u00e0 une gamme d\u2019applications \u00e9lectroniques et opto\u00e9lectroniques. La bande interdite du Si est de 1,12 eV et la bande interdite de Ge est de 0,66 eV.<\/p>\n<h3><span style=\"font-size: 12pt;\">Correspondance en treillis :<\/span><\/h3>\n<p>Si-Ge peut \u00eatre cultiv\u00e9 sur des plaquettes de silicium avec une d\u00e9formation minimale, ce qui le rend compatible avec les technologies existantes \u00e0 base de silicium.<\/p>\n<h3><span style=\"font-size: 12pt;\">Conductivit\u00e9 thermique et \u00e9lectrique :<\/span><\/h3>\n<p>En fonction de la teneur en Ge, il offre de meilleures propri\u00e9t\u00e9s thermiques et \u00e9lectriques que le silicium pur.<\/p>\n<h3><span style=\"font-size: 12pt;\">Mobilit\u00e9 du porte-avions :<\/span><\/h3>\n<p>Par rapport au silicium pur, le Si-Ge a une mobilit\u00e9 de trous et d\u2019\u00e9lectrons plus \u00e9lev\u00e9e, ce qui am\u00e9liore les performances du dispositif.<\/p>\n<h2><span style=\"font-size: 14pt;\">Application du silicium germanium dans le domaine des semi-conducteurs :<\/span><\/h2>\n<p>1. Transistors haute performance : Les transistors en alliage de silicium-germanium peuvent atteindre des vitesses de commutation plus rapides \u00e0 des tensions de fonctionnement plus basses en raison de leur mobilit\u00e9 \u00e9lectronique plus \u00e9lev\u00e9e, ce qui est d\u2019une grande importance pour am\u00e9liorer les performances des circuits int\u00e9gr\u00e9s et r\u00e9duire la consommation d\u2019\u00e9nergie. Par cons\u00e9quent, les transistors au silicium-germanium sont largement utilis\u00e9s dans les processeurs \u00e0 grande vitesse, le calcul haute performance et d\u2019autres domaines. 2. Dispositifs opto\u00e9lectroniques : Les mat\u00e9riaux en alliage de silicium et de germanium ont de bonnes propri\u00e9t\u00e9s d\u2019absorption et d\u2019\u00e9mission de lumi\u00e8re dans le spectre infrarouge, ce qui en fait des mat\u00e9riaux id\u00e9aux pour la fabrication de d\u00e9tecteurs infrarouges et de diodes \u00e9lectroluminescentes. Ces dispositifs opto\u00e9lectroniques jouent un r\u00f4le important dans les communications, les appareils de vision nocturne, l\u2019imagerie thermique et d\u2019autres aspects. 3. Dispositifs thermo\u00e9lectriques : Les mat\u00e9riaux en alliage de silicium et de germanium ont \u00e9galement de bonnes propri\u00e9t\u00e9s thermo\u00e9lectriques, c\u2019est-\u00e0-dire qu\u2019ils peuvent convertir directement l\u2019\u00e9nergie thermique en \u00e9nergie \u00e9lectrique. Cette caract\u00e9ristique conf\u00e8re au silicium-germanium une valeur d\u2019application potentielle dans la production d\u2019\u00e9nergie thermo\u00e9lectrique, la d\u00e9tection de temp\u00e9rature et d\u2019autres domaines. <\/p>\n","protected":false},"excerpt":{"rendered":"<p>L\u2019alliage de silicium et de germanium est un nouveau type de mat\u00e9riau semi-conducteur, compos\u00e9 de deux mat\u00e9riaux, le silicium et le germanium, m\u00e9lang\u00e9s dans un certain rapport. L\u2019alliage de silicium-germanium a une conductivit\u00e9 plus \u00e9lev\u00e9e, une r\u00e9sistivit\u00e9 plus faible et une mobilit\u00e9 de porteur plus \u00e9lev\u00e9e que le silicium pur. Ces propri\u00e9t\u00e9s physiques uniques rendent [&hellip;]<\/p>\n","protected":false},"featured_media":1040594,"comment_status":"open","ping_status":"closed","template":"","meta":{"_acf_changed":false},"product_brand":[],"product_cat":[250],"product_tag":[],"class_list":{"0":"post-1010654","1":"product","2":"type-product","3":"status-publish","4":"has-post-thumbnail","6":"product_cat-poudre-de-metal-pur-et-dalliage","8":"first","9":"instock","10":"shipping-taxable","11":"purchasable","12":"product-type-variable"},"acf":[],"_links":{"self":[{"href":"https:\/\/vimaterial.de\/fr\/wp-json\/wp\/v2\/product\/1010654","targetHints":{"allow":["GET"]}}],"collection":[{"href":"https:\/\/vimaterial.de\/fr\/wp-json\/wp\/v2\/product"}],"about":[{"href":"https:\/\/vimaterial.de\/fr\/wp-json\/wp\/v2\/types\/product"}],"replies":[{"embeddable":true,"href":"https:\/\/vimaterial.de\/fr\/wp-json\/wp\/v2\/comments?post=1010654"}],"wp:featuredmedia":[{"embeddable":true,"href":"https:\/\/vimaterial.de\/fr\/wp-json\/wp\/v2\/media\/1040594"}],"wp:attachment":[{"href":"https:\/\/vimaterial.de\/fr\/wp-json\/wp\/v2\/media?parent=1010654"}],"wp:term":[{"taxonomy":"product_brand","embeddable":true,"href":"https:\/\/vimaterial.de\/fr\/wp-json\/wp\/v2\/product_brand?post=1010654"},{"taxonomy":"product_cat","embeddable":true,"href":"https:\/\/vimaterial.de\/fr\/wp-json\/wp\/v2\/product_cat?post=1010654"},{"taxonomy":"product_tag","embeddable":true,"href":"https:\/\/vimaterial.de\/fr\/wp-json\/wp\/v2\/product_tag?post=1010654"}],"curies":[{"name":"wp","href":"https:\/\/api.w.org\/{rel}","templated":true}]}}