{"id":1010646,"date":"2024-06-17T14:13:36","date_gmt":"2024-06-17T06:13:36","guid":{"rendered":"https:\/\/vimaterial.de\/product\/silicium-molybdene-bore\/"},"modified":"2024-12-24T14:46:16","modified_gmt":"2024-12-24T06:46:16","slug":"silicium-molybdene-bore","status":"publish","type":"product","link":"https:\/\/vimaterial.de\/fr\/product\/silicium-molybdene-bore\/","title":{"rendered":"Silicium-molybd\u00e8ne bore"},"content":{"rendered":"<p>La cible de pulv\u00e9risation en alliage silicium-molybd\u00e8ne-bore (Si-Mo-B) est un mat\u00e9riau haute performance qui combine du silicium (Si), du molybd\u00e8ne (Mo) et du bore (B) pour former des films minces aux propri\u00e9t\u00e9s sp\u00e9ciales et convient \u00e0 diverses applications. Applications industrielles et \u00e9lectroniques. Les cibles peuvent \u00eatre fabriqu\u00e9es dans une vari\u00e9t\u00e9 de tailles et de formes (rondes, rectangulaires, plates ou tourn\u00e9es) pour r\u00e9pondre aux exigences sp\u00e9cifiques du syst\u00e8me de d\u00e9p\u00f4t. <\/p>\n<h2><span style=\"font-size: 14pt;\">Propri\u00e9t\u00e9s de l\u2019alliage Si-Mo-B<\/span><\/h2>\n<h3><span style=\"font-size: 12pt;\">Stabilit\u00e9 thermique :<\/span><\/h3>\n<p>La combinaison de silicium et de molybd\u00e8ne am\u00e9liore la stabilit\u00e9 \u00e0 haute temp\u00e9rature, tandis que le bore aide \u00e0 am\u00e9liorer la r\u00e9sistance \u00e0 la chaleur et la duret\u00e9.<\/p>\n<h3><span style=\"font-size: 12pt;\">R\u00e9sistance \u00e0 la corrosion et \u00e0 l\u2019oxydation :<\/span><\/h3>\n<p>Les films minces d\u00e9pos\u00e9s \u00e0 partir de cibles de silicium-molybd\u00e8ne bore (Si-Mo-B) ont une excellente r\u00e9sistance \u00e0 la d\u00e9gradation chimique, ce qui les rend aptes \u00e0 une utilisation dans des environnements difficiles.<\/p>\n<h3><span style=\"font-size: 12pt;\">Duret\u00e9 m\u00e9canique :<\/span><\/h3>\n<p>Le bore conf\u00e8re au mat\u00e9riau une duret\u00e9 importante, ce qui le rend id\u00e9al pour les rev\u00eatements r\u00e9sistants \u00e0 l\u2019usure.<\/p>\n<h3><span style=\"font-size: 12pt;\">Conductivit\u00e9 :<\/span><\/h3>\n<p>Les propri\u00e9t\u00e9s \u00e9lectriques de l\u2019alliage peuvent \u00eatre ajust\u00e9es en ajustant les proportions de Si, Mo et B, ce qui les rend utiles dans les applications \u00e9lectroniques et les semi-conducteurs.<\/p>\n<h3><span style=\"font-size: 12pt;\">Uniformit\u00e9 du film :<\/span><\/h3>\n<p>Les cibles de silicium-molybd\u00e8ne-bore (Si-Mo-B) sont con\u00e7ues pour une pulv\u00e9risation uniforme, garantissant une \u00e9paisseur et des performances de film constantes sur l\u2019ensemble du substrat.<\/p>\n<h2><span style=\"font-size: 14pt;\">Applications des cibles de pulv\u00e9risation Si-Mo-B<\/span><\/h2>\n<h3><span style=\"font-size: 12pt;\">Rev\u00eatement de protection :<\/span><\/h3>\n<p>Pour le d\u00e9p\u00f4t de rev\u00eatements durs et durables sur des outils, des matrices et des \u00e9quipements de coupe. Excellent pour les rev\u00eatements anti-corrosion et antioxydants.<\/p>\n<h3><span style=\"font-size: 12pt;\">Micro\u00e9lectronique:<\/span><\/h3>\n<p>Les couches minces de cibles de silicium-molybd\u00e8ne-bore (Si-Mo-B) sont utilis\u00e9es dans les dispositifs \u00e0 semi-conducteurs et ont une stabilit\u00e9 thermique \u00e9lev\u00e9e et des propri\u00e9t\u00e9s \u00e9lectriques pr\u00e9cises.<\/p>\n<h3><span style=\"font-size: 12pt;\">A\u00e9rospatiale et automobile :<\/span><\/h3>\n<p>Rev\u00eatements pour les composants expos\u00e9s \u00e0 des temp\u00e9ratures \u00e9lev\u00e9es et \u00e0 l\u2019usure m\u00e9canique, tels que les aubes de turbine et les syst\u00e8mes d\u2019\u00e9chappement.<\/p>\n<h3><span style=\"font-size: 12pt;\">Opto\u00e9lectronique:<\/span><\/h3>\n<p>Utilis\u00e9 pour produire des films optiques avec des propri\u00e9t\u00e9s de r\u00e9fraction ou de protection am\u00e9lior\u00e9es.<\/p>\n<h3><span style=\"font-size: 12pt;\">Cellules solaires :<\/span><\/h3>\n<p>Pour les films minces utilis\u00e9s dans les dispositifs photovolta\u00efques avanc\u00e9s, la durabilit\u00e9 et l\u2019efficacit\u00e9 sont essentielles.<\/p>\n","protected":false},"excerpt":{"rendered":"<p>La cible de pulv\u00e9risation en alliage silicium-molybd\u00e8ne-bore (Si-Mo-B) est un mat\u00e9riau haute performance qui combine du silicium (Si), du molybd\u00e8ne (Mo) et du bore (B) pour former des films minces aux propri\u00e9t\u00e9s sp\u00e9ciales et convient \u00e0 diverses applications. Applications industrielles et \u00e9lectroniques. Les cibles peuvent \u00eatre fabriqu\u00e9es dans une vari\u00e9t\u00e9 de tailles et de formes [&hellip;]<\/p>\n","protected":false},"featured_media":999869,"comment_status":"open","ping_status":"closed","template":"","meta":{"_acf_changed":false},"product_brand":[],"product_cat":[235],"product_tag":[],"class_list":{"0":"post-1010646","1":"product","2":"type-product","3":"status-publish","4":"has-post-thumbnail","6":"product_cat-cibles-de-pulverisation-planaire","8":"first","9":"instock","10":"shipping-taxable","11":"purchasable","12":"product-type-variable"},"acf":[],"_links":{"self":[{"href":"https:\/\/vimaterial.de\/fr\/wp-json\/wp\/v2\/product\/1010646","targetHints":{"allow":["GET"]}}],"collection":[{"href":"https:\/\/vimaterial.de\/fr\/wp-json\/wp\/v2\/product"}],"about":[{"href":"https:\/\/vimaterial.de\/fr\/wp-json\/wp\/v2\/types\/product"}],"replies":[{"embeddable":true,"href":"https:\/\/vimaterial.de\/fr\/wp-json\/wp\/v2\/comments?post=1010646"}],"wp:featuredmedia":[{"embeddable":true,"href":"https:\/\/vimaterial.de\/fr\/wp-json\/wp\/v2\/media\/999869"}],"wp:attachment":[{"href":"https:\/\/vimaterial.de\/fr\/wp-json\/wp\/v2\/media?parent=1010646"}],"wp:term":[{"taxonomy":"product_brand","embeddable":true,"href":"https:\/\/vimaterial.de\/fr\/wp-json\/wp\/v2\/product_brand?post=1010646"},{"taxonomy":"product_cat","embeddable":true,"href":"https:\/\/vimaterial.de\/fr\/wp-json\/wp\/v2\/product_cat?post=1010646"},{"taxonomy":"product_tag","embeddable":true,"href":"https:\/\/vimaterial.de\/fr\/wp-json\/wp\/v2\/product_tag?post=1010646"}],"curies":[{"name":"wp","href":"https:\/\/api.w.org\/{rel}","templated":true}]}}