{"id":1010639,"date":"2024-06-17T14:13:33","date_gmt":"2024-06-17T06:13:33","guid":{"rendered":"https:\/\/vimaterial.de\/product\/alliage-de-silicium-et-de-lanthane\/"},"modified":"2024-12-24T14:00:00","modified_gmt":"2024-12-24T06:00:00","slug":"alliage-de-silicium-et-de-lanthane","status":"publish","type":"product","link":"https:\/\/vimaterial.de\/fr\/product\/alliage-de-silicium-et-de-lanthane\/","title":{"rendered":"Alliage de silicium et de lanthane"},"content":{"rendered":"<p>L\u2019alliage de silicium et de lanthane n\u2019est pas un compos\u00e9 typique, mais un m\u00e9lange de mat\u00e9riaux m\u00e9talliques, qui est form\u00e9 par la combinaison de deux \u00e9l\u00e9ments, le lanthane et le silicium, par un processus m\u00e9tallurgique, et ne forme pas une formule chimique fixe. VIMATERIAL propose une vari\u00e9t\u00e9 de poudres personnalis\u00e9es pour r\u00e9pondre \u00e0 vos besoins en mati\u00e8re de recherche scientifique.<\/p>\n<h2><span style=\"font-size: 14pt;\">Caract\u00e9ristiques et classification de l\u2019alliage de silicium lanthane<\/span><\/h2>\n<p>L\u2019alliage de silicium et de lanthane est un mat\u00e9riau m\u00e9tallique compos\u00e9 de lanthane et de silicium. Le lanthane est un \u00e9l\u00e9ment de terre rare avec une bonne conductivit\u00e9 et ductilit\u00e9 ; Le silicium est un mat\u00e9riau semi-conducteur courant. Lorsque ces deux \u00e9l\u00e9ments sont combin\u00e9s par la technologie m\u00e9tallurgique, ils forment un nouveau mat\u00e9riau qui combine certaines des propri\u00e9t\u00e9s du lanthane et du silicium. Cependant, cette combinaison ne forme pas une formule chimique fixe. Le rapport entre le lanthane et le silicium dans l\u2019alliage silicium-lanthane peut \u00eatre ajust\u00e9 selon les besoins pour obtenir les propri\u00e9t\u00e9s physiques et chimiques souhait\u00e9es. Cette flexibilit\u00e9 est la caract\u00e9ristique de l\u2019alliage et sa principale diff\u00e9rence par rapport aux compos\u00e9s.  <\/p>\n<h2><span style=\"font-size: 14pt;\">Application de l\u2019alliage de silicium lanthane<\/span><\/h2>\n<h3><span style=\"font-size: 12pt;\">Mat\u00e9riaux \u00e9lectroniques :<\/span><\/h3>\n<p>Les alliages de silicium et de lanthane peuvent \u00eatre utilis\u00e9s dans des applications n\u00e9cessitant des semi-conducteurs dop\u00e9s aux terres rares, ce qui peut am\u00e9liorer la mobilit\u00e9 des porteurs ou les propri\u00e9t\u00e9s optiques.<\/p>\n<h3><span style=\"font-size: 12pt;\">M\u00e9tallurgie avanc\u00e9e :<\/span><\/h3>\n<p>En tant qu\u2019agent d\u2019alliage dans l\u2019acier ou d\u2019autres m\u00e9taux, le lanthane peut am\u00e9liorer le raffinement des grains et les propri\u00e9t\u00e9s m\u00e9caniques, tandis que le silicium peut encore am\u00e9liorer la durabilit\u00e9.<\/p>\n<h3><span style=\"font-size: 12pt;\">Composants \u00e0 haute temp\u00e9rature :<\/span><\/h3>\n<p>Peut \u00eatre utilis\u00e9 pour produire des pi\u00e8ces expos\u00e9es \u00e0 une chaleur extr\u00eame, telles que des fours a\u00e9rospatiaux ou industriels.<\/p>\n<h3><span style=\"font-size: 12pt;\">Catalyse:<\/span><\/h3>\n<p>La combinaison du silicium et du lanthane peut jouer un r\u00f4le dans les applications catalytiques, o\u00f9 le lanthane agit comme site actif et le silicium fournit une matrice durable.<\/p>\n","protected":false},"excerpt":{"rendered":"<p>L\u2019alliage de silicium et de lanthane n\u2019est pas un compos\u00e9 typique, mais un m\u00e9lange de mat\u00e9riaux m\u00e9talliques, qui est form\u00e9 par la combinaison de deux \u00e9l\u00e9ments, le lanthane et le silicium, par un processus m\u00e9tallurgique, et ne forme pas une formule chimique fixe. VIMATERIAL propose une vari\u00e9t\u00e9 de poudres personnalis\u00e9es pour r\u00e9pondre \u00e0 vos besoins [&hellip;]<\/p>\n","protected":false},"featured_media":999862,"comment_status":"open","ping_status":"closed","template":"","meta":{"_acf_changed":false},"product_brand":[],"product_cat":[250],"product_tag":[],"class_list":{"0":"post-1010639","1":"product","2":"type-product","3":"status-publish","4":"has-post-thumbnail","6":"product_cat-poudre-de-metal-pur-et-dalliage","8":"first","9":"instock","10":"shipping-taxable","11":"product-type-variable"},"acf":[],"_links":{"self":[{"href":"https:\/\/vimaterial.de\/fr\/wp-json\/wp\/v2\/product\/1010639","targetHints":{"allow":["GET"]}}],"collection":[{"href":"https:\/\/vimaterial.de\/fr\/wp-json\/wp\/v2\/product"}],"about":[{"href":"https:\/\/vimaterial.de\/fr\/wp-json\/wp\/v2\/types\/product"}],"replies":[{"embeddable":true,"href":"https:\/\/vimaterial.de\/fr\/wp-json\/wp\/v2\/comments?post=1010639"}],"wp:featuredmedia":[{"embeddable":true,"href":"https:\/\/vimaterial.de\/fr\/wp-json\/wp\/v2\/media\/999862"}],"wp:attachment":[{"href":"https:\/\/vimaterial.de\/fr\/wp-json\/wp\/v2\/media?parent=1010639"}],"wp:term":[{"taxonomy":"product_brand","embeddable":true,"href":"https:\/\/vimaterial.de\/fr\/wp-json\/wp\/v2\/product_brand?post=1010639"},{"taxonomy":"product_cat","embeddable":true,"href":"https:\/\/vimaterial.de\/fr\/wp-json\/wp\/v2\/product_cat?post=1010639"},{"taxonomy":"product_tag","embeddable":true,"href":"https:\/\/vimaterial.de\/fr\/wp-json\/wp\/v2\/product_tag?post=1010639"}],"curies":[{"name":"wp","href":"https:\/\/api.w.org\/{rel}","templated":true}]}}