{"id":1010602,"date":"2024-06-17T14:14:16","date_gmt":"2024-06-17T06:14:16","guid":{"rendered":"https:\/\/vimaterial.de\/product\/monoxyde-de-silicium-2\/"},"modified":"2024-12-24T15:20:12","modified_gmt":"2024-12-24T07:20:12","slug":"monoxyde-de-silicium-2","status":"publish","type":"product","link":"https:\/\/vimaterial.de\/fr\/product\/monoxyde-de-silicium-2\/","title":{"rendered":"Monoxyde de silicium"},"content":{"rendered":"<p>Le monoxyde de silicium (SiO) est un compos\u00e9 inorganique de formule chimique SiO. Il s\u2019agit d\u2019un compos\u00e9 compos\u00e9 d\u2019\u00e9l\u00e9ments de silicium et d\u2019oxyg\u00e8ne d\u2019un poids mol\u00e9culaire de 60,0845. SiO est une poudre solide brune avec un point de fusion et un point d\u2019\u00e9bullition \u00e9lev\u00e9s. C\u2019est un compos\u00e9 relativement stable, mais il peut r\u00e9agir avec certaines substances \u00e0 haute temp\u00e9rature.   <\/p>\n<h2><span style=\"font-size: 14pt;\">Propri\u00e9t\u00e9s du monoxyde de silicium<\/span><\/h2>\n<p>Aspect : poudre amorphe brun noir \u00e0 loess Point de fusion : 1702\u00b0C Point d\u2019\u00e9bullition : 1880\u00b0C Densit\u00e9 : 2,13g\/cm<\/p>\n<p>Insoluble dans l\u2019eau. Il peut \u00eatre dissous dans un acide mixte d\u2019acide fluorhydrique dilu\u00e9 et d\u2019acide nitrique et lib\u00e9rer du t\u00e9trafluorure de silicium et g\u00e9n\u00e9rer de la poudre de dioxyde de silicium blanc lorsqu\u2019il est chauff\u00e9 \u00e0 l\u2019air.<\/p>\n<h2><span style=\"font-size: 14pt;\">Application du monoxyde de silicium<\/span><\/h2>\n<p>1. Mat\u00e9riaux semi-conducteurs : Parce que le monoxyde de silicium a une grande puret\u00e9 et d\u2019excellentes propri\u00e9t\u00e9s physiques, il s\u2019agit d\u2019une mati\u00e8re premi\u00e8re importante pour la pr\u00e9paration de mat\u00e9riaux semi-conducteurs. En dotant avec d\u2019autres \u00e9l\u00e9ments, les propri\u00e9t\u00e9s conductrices du SiO peuvent \u00eatre ajust\u00e9es pour r\u00e9pondre aux besoins de diff\u00e9rents appareils \u00e9lectroniques. 2. Mat\u00e9riaux optiques : Le monoxyde de silicium a une transparence \u00e9lev\u00e9e et de bonnes propri\u00e9t\u00e9s optiques, il est donc souvent utilis\u00e9 comme mat\u00e9riau pour la pr\u00e9paration de lentilles optiques, de prismes et d\u2019autres composants optiques. 3. Mat\u00e9riaux c\u00e9ramiques : Le SiO est \u00e9galement un composant important pour la pr\u00e9paration de c\u00e9ramiques haute performance. Ces mat\u00e9riaux c\u00e9ramiques ont d\u2019excellentes propri\u00e9t\u00e9s telles que la r\u00e9sistance aux hautes temp\u00e9ratures et la r\u00e9sistance \u00e0 la corrosion, et sont largement utilis\u00e9s dans l\u2019a\u00e9rospatiale, la construction automobile et d\u2019autres domaines. <\/p>\n<h2><span style=\"font-size: 14pt;\">Pr\u00e9paration du monoxyde de silicium<\/span><\/h2>\n<p>Actuellement, il existe deux m\u00e9thodes principales pour pr\u00e9parer le SiO : le d\u00e9p\u00f4t chimique en phase vapeur et la m\u00e9thode sol-gel. 1. M\u00e9thode de d\u00e9p\u00f4t chimique en phase vapeur : Sous une certaine temp\u00e9rature et pression, la source de silicium et la source d\u2019oxyg\u00e8ne sont converties en monoxyde de silicium par r\u00e9action chimique et d\u00e9pos\u00e9es sur le substrat. Cette m\u00e9thode permet de pr\u00e9parer des films de monoxyde de silicium de haute puret\u00e9 et de haute qualit\u00e9. 2. M\u00e9thode sol-gel&nbsp;: En dissolvant la source de silicium dans un solvant pour former un sol, puis en subissant des \u00e9tapes telles que la g\u00e9lification, le s\u00e9chage et le traitement thermique, la poudre de monoxyde de silicium ou le mat\u00e9riau en vrac est finalement obtenu. Cette m\u00e9thode est simple dans son processus, peu co\u00fbteuse et adapt\u00e9e \u00e0 la production \u00e0 grande \u00e9chelle.<\/p>\n<h2><span style=\"font-size: 14pt;\">Le monoxyde de silicium est-il un mat\u00e9riau semi-conducteur ?<\/span><\/h2>\n<p>Le monoxyde de silicium est un mat\u00e9riau isolant typique et n\u2019a pas la conductivit\u00e9 des mat\u00e9riaux semi-conducteurs. Bien que le monoxyde de silicium soit largement utilis\u00e9 dans le domaine de l\u2019\u00e9lectronique pour fabriquer des couches isolantes et isolantes dans les circuits int\u00e9gr\u00e9s, il ne s\u2019agit pas d\u2019un mat\u00e9riau semi-conducteur en soi. <\/p>\n","protected":false},"excerpt":{"rendered":"<p>Le monoxyde de silicium (SiO) est un compos\u00e9 inorganique de formule chimique SiO. Il s\u2019agit d\u2019un compos\u00e9 compos\u00e9 d\u2019\u00e9l\u00e9ments de silicium et d\u2019oxyg\u00e8ne d\u2019un poids mol\u00e9culaire de 60,0845. SiO est une poudre solide brune avec un point de fusion et un point d\u2019\u00e9bullition \u00e9lev\u00e9s. C\u2019est un compos\u00e9 relativement stable, mais il peut r\u00e9agir avec certaines [&hellip;]<\/p>\n","protected":false},"featured_media":999883,"comment_status":"open","ping_status":"closed","template":"","meta":{"_acf_changed":false},"product_brand":[],"product_cat":[236],"product_tag":[],"class_list":{"0":"post-1010602","1":"product","2":"type-product","3":"status-publish","4":"has-post-thumbnail","6":"product_cat-materiaux-devaporation","8":"first","9":"instock","10":"shipping-taxable","11":"purchasable","12":"product-type-variable"},"acf":[],"_links":{"self":[{"href":"https:\/\/vimaterial.de\/fr\/wp-json\/wp\/v2\/product\/1010602","targetHints":{"allow":["GET"]}}],"collection":[{"href":"https:\/\/vimaterial.de\/fr\/wp-json\/wp\/v2\/product"}],"about":[{"href":"https:\/\/vimaterial.de\/fr\/wp-json\/wp\/v2\/types\/product"}],"replies":[{"embeddable":true,"href":"https:\/\/vimaterial.de\/fr\/wp-json\/wp\/v2\/comments?post=1010602"}],"wp:featuredmedia":[{"embeddable":true,"href":"https:\/\/vimaterial.de\/fr\/wp-json\/wp\/v2\/media\/999883"}],"wp:attachment":[{"href":"https:\/\/vimaterial.de\/fr\/wp-json\/wp\/v2\/media?parent=1010602"}],"wp:term":[{"taxonomy":"product_brand","embeddable":true,"href":"https:\/\/vimaterial.de\/fr\/wp-json\/wp\/v2\/product_brand?post=1010602"},{"taxonomy":"product_cat","embeddable":true,"href":"https:\/\/vimaterial.de\/fr\/wp-json\/wp\/v2\/product_cat?post=1010602"},{"taxonomy":"product_tag","embeddable":true,"href":"https:\/\/vimaterial.de\/fr\/wp-json\/wp\/v2\/product_tag?post=1010602"}],"curies":[{"name":"wp","href":"https:\/\/api.w.org\/{rel}","templated":true}]}}