{"id":1010580,"date":"2024-06-17T14:14:18","date_gmt":"2024-06-17T06:14:18","guid":{"rendered":"https:\/\/vimaterial.de\/product\/monoxyde-de-silicium\/"},"modified":"2024-12-24T15:31:46","modified_gmt":"2024-12-24T07:31:46","slug":"monoxyde-de-silicium","status":"publish","type":"product","link":"https:\/\/vimaterial.de\/fr\/product\/monoxyde-de-silicium\/","title":{"rendered":"Monoxyde de silicium"},"content":{"rendered":"<p>La cible de pulv\u00e9risation de monoxyde de silicium est un mat\u00e9riau sp\u00e9cialis\u00e9 utilis\u00e9 pour former des films minces dans le proc\u00e9d\u00e9 de d\u00e9p\u00f4t physique en phase vapeur (PVD). Il s\u2019agit d\u2019un compos\u00e9 des \u00e9l\u00e9ments silicium et oxyg\u00e8ne et est connu pour ses propri\u00e9t\u00e9s optiques, \u00e9lectriques et chimiques uniques. VIMATERIAL propose \u00e9galement de la poudre de monoxyde de silicium, des pastilles de monoxyde de silicium. <\/p>\n<h2><span style=\"font-size: 14pt;\">Propri\u00e9t\u00e9s du monoxyde de silicium<\/span><\/h2>\n<p>Aspect : brun noir \u00e0 l\u0153ss Point de fusion : 1702\u00b0C Point d\u2019\u00e9bullition : 1880\u00b0C Densit\u00e9 : 2,13g\/cm<\/p>\n<h2><span style=\"font-size: 14pt;\">Application de cibles de pulv\u00e9risation de monoxyde de silicium<\/span><\/h2>\n<p>1. Mat\u00e9riaux semi-conducteurs : Parce que le monoxyde de silicium a une grande puret\u00e9 et d\u2019excellentes propri\u00e9t\u00e9s physiques, il s\u2019agit d\u2019une mati\u00e8re premi\u00e8re importante pour la pr\u00e9paration de mat\u00e9riaux semi-conducteurs. En dotant avec d\u2019autres \u00e9l\u00e9ments, les propri\u00e9t\u00e9s conductrices du SiO peuvent \u00eatre ajust\u00e9es pour r\u00e9pondre aux besoins de diff\u00e9rents appareils \u00e9lectroniques. 2. Mat\u00e9riaux optiques : Le monoxyde de silicium a une transparence \u00e9lev\u00e9e et de bonnes propri\u00e9t\u00e9s optiques, il est donc souvent utilis\u00e9 comme mat\u00e9riau pour la pr\u00e9paration de lentilles optiques, de prismes et d\u2019autres composants optiques. 3. Mat\u00e9riaux c\u00e9ramiques : Le SiO est \u00e9galement un composant important pour la pr\u00e9paration de c\u00e9ramiques haute performance. Ces mat\u00e9riaux c\u00e9ramiques ont d\u2019excellentes propri\u00e9t\u00e9s telles que la r\u00e9sistance aux hautes temp\u00e9ratures et la r\u00e9sistance \u00e0 la corrosion, et sont largement utilis\u00e9s dans l\u2019a\u00e9rospatiale, la construction automobile et d\u2019autres domaines. <\/p>\n<h2><span style=\"font-size: 14pt;\">Pr\u00e9paration de cibles de pulv\u00e9risation de monoxyde de silicium<\/span><\/h2>\n<h3><span style=\"font-size: 12pt;\">Frittage de poudre :<\/span><\/h3>\n<p>La poudre de monoxyde de silicium est comprim\u00e9e et fritt\u00e9e sous vide ou sous gaz inerte pour former une cible dense.<\/p>\n<h3><span style=\"font-size: 12pt;\">Pressage \u00e0 chaud :<\/span><\/h3>\n<p>Augmente la densit\u00e9 de la cible et r\u00e9duit la porosit\u00e9 pour une pulv\u00e9risation uniforme.<\/p>\n<h3><span style=\"font-size: 12pt;\">Liaison:<\/span><\/h3>\n<p>La cible est g\u00e9n\u00e9ralement li\u00e9e \u00e0 une plaque de support (g\u00e9n\u00e9ralement en cuivre) pour am\u00e9liorer la conductivit\u00e9 thermique et pr\u00e9venir la fissuration lors de la pulv\u00e9risation.<\/p>\n<h2><span style=\"font-size: 14pt;\">Sp\u00e9cifications de la cible de pulv\u00e9risation de monoxyde de silicium<\/span><\/h2>\n<p>Puret\u00e9 : \u226599,9 % Densit\u00e9 : g\u00e9n\u00e9ralement 2,13 g\/cm\u00b3. Taille&nbsp;: Personnalis\u00e9 pour r\u00e9pondre aux exigences du syst\u00e8me de d\u00e9p\u00f4t. Plaque de support : g\u00e9n\u00e9ralement en cuivre ou en molybd\u00e8ne pour la stabilit\u00e9 thermique.<\/p>\n","protected":false},"excerpt":{"rendered":"<p>La cible de pulv\u00e9risation de monoxyde de silicium est un mat\u00e9riau sp\u00e9cialis\u00e9 utilis\u00e9 pour former des films minces dans le proc\u00e9d\u00e9 de d\u00e9p\u00f4t physique en phase vapeur (PVD). Il s\u2019agit d\u2019un compos\u00e9 des \u00e9l\u00e9ments silicium et oxyg\u00e8ne et est connu pour ses propri\u00e9t\u00e9s optiques, \u00e9lectriques et chimiques uniques. VIMATERIAL propose \u00e9galement de la poudre de [&hellip;]<\/p>\n","protected":false},"featured_media":999900,"comment_status":"open","ping_status":"closed","template":"","meta":{"_acf_changed":false},"product_brand":[],"product_cat":[235],"product_tag":[],"class_list":{"0":"post-1010580","1":"product","2":"type-product","3":"status-publish","4":"has-post-thumbnail","6":"product_cat-cibles-de-pulverisation-planaire","8":"first","9":"instock","10":"shipping-taxable","11":"product-type-variable"},"acf":[],"_links":{"self":[{"href":"https:\/\/vimaterial.de\/fr\/wp-json\/wp\/v2\/product\/1010580","targetHints":{"allow":["GET"]}}],"collection":[{"href":"https:\/\/vimaterial.de\/fr\/wp-json\/wp\/v2\/product"}],"about":[{"href":"https:\/\/vimaterial.de\/fr\/wp-json\/wp\/v2\/types\/product"}],"replies":[{"embeddable":true,"href":"https:\/\/vimaterial.de\/fr\/wp-json\/wp\/v2\/comments?post=1010580"}],"wp:featuredmedia":[{"embeddable":true,"href":"https:\/\/vimaterial.de\/fr\/wp-json\/wp\/v2\/media\/999900"}],"wp:attachment":[{"href":"https:\/\/vimaterial.de\/fr\/wp-json\/wp\/v2\/media?parent=1010580"}],"wp:term":[{"taxonomy":"product_brand","embeddable":true,"href":"https:\/\/vimaterial.de\/fr\/wp-json\/wp\/v2\/product_brand?post=1010580"},{"taxonomy":"product_cat","embeddable":true,"href":"https:\/\/vimaterial.de\/fr\/wp-json\/wp\/v2\/product_cat?post=1010580"},{"taxonomy":"product_tag","embeddable":true,"href":"https:\/\/vimaterial.de\/fr\/wp-json\/wp\/v2\/product_tag?post=1010580"}],"curies":[{"name":"wp","href":"https:\/\/api.w.org\/{rel}","templated":true}]}}