{"id":1010576,"date":"2024-06-17T14:14:19","date_gmt":"2024-06-17T06:14:19","guid":{"rendered":"https:\/\/vimaterial.de\/product\/dioxyde-de-silicium-5\/"},"modified":"2024-12-24T17:07:33","modified_gmt":"2024-12-24T09:07:33","slug":"dioxyde-de-silicium-5","status":"publish","type":"product","link":"https:\/\/vimaterial.de\/fr\/product\/dioxyde-de-silicium-5\/","title":{"rendered":"Silice"},"content":{"rendered":"<p>L\u2019oxyde de silicium, de formule chimique SiO2, est un compos\u00e9 inorganique. Il s\u2019agit d\u2019un cristal incolore et transparent avec un point de fusion \u00e9lev\u00e9 et une grande stabilit\u00e9 thermique. Il est insoluble dans l\u2019eau, mais peut r\u00e9agir avec l\u2019alcali et l\u2019acide pour produire les sels correspondants. VIMATERIAL peut fournir de la poudre de dioxyde de silicium, des particules, des cibles et des plaquettes.  <\/p>\n<h2><span style=\"font-size: 14pt;\">Structure de l\u2019oxyde de silicium<\/span><\/h2>\n<p>Les cristaux de SiO2 ont une vari\u00e9t\u00e9 de formes cristallines, et leur unit\u00e9 structurelle de base est un t\u00e9tra\u00e8dre, avec 4 atomes O autour de chaque Si, Si au centre et O aux quatre sommets ; Il y a 6 atomes de silicium et 6 atomes d\u2019oxyg\u00e8ne sur le plus petit anneau. Beaucoup de ces t\u00e9tra\u00e8dres sont reli\u00e9s par O aux sommets, et chaque O est partag\u00e9 par deux t\u00e9tra\u00e8dres, c\u2019est-\u00e0-dire que chaque O est combin\u00e9 avec 2 Si. En fait, les cristaux de SiO2 sont des structures de r\u00e9seau tridimensionnelles compos\u00e9es de Si et de O dans un rapport de 1:2. Par cons\u00e9quent, le SiO2 est g\u00e9n\u00e9ralement utilis\u00e9 pour repr\u00e9senter la composition du dioxyde de silicium. Le t\u00e9tra\u00e8dre SiO4 existe non seulement dans les cristaux de SiO2, mais aussi dans tous les minerais de silicate, et constitue le squelette de base du monde des silicates color\u00e9s. <\/p>\n<h2><span style=\"font-size: 14pt;\">Propri\u00e9t\u00e9s physiques<\/span><\/h2>\n<p>Il a les propri\u00e9t\u00e9s d\u2019une duret\u00e9 \u00e9lev\u00e9e, d\u2019une r\u00e9sistance aux temp\u00e9ratures \u00e9lev\u00e9es, d\u2019une r\u00e9sistance aux chocs et d\u2019une isolation \u00e9lectrique. Il peut transmettre la lumi\u00e8re visible, ainsi que les rayons rouges et ultraviolets. <\/p>\n<h2><span style=\"font-size: 14pt;\">Propri\u00e9t\u00e9s chimiques<\/span><\/h2>\n<p>SiO2 est un oxyde acide, et l\u2019hydrate le plus \u00e9lev\u00e9 correspondant est l\u2019acide silicique (H2SiO3). Le dioxyde de silicium est chimiquement inactif et ne r\u00e9agit pas facilement avec l\u2019eau et la plupart des acides. Il ne peut g\u00e9n\u00e9ralement r\u00e9agir qu\u2019avec des oxydes alcalins pour former des sels. L\u2019acide fluorhydrique (HF) est un acide qui peut r\u00e9agir avec lui. (Il y a aussi de l\u2019acide phosphorique concentr\u00e9 chaud)    <\/p>\n<h2><span style=\"font-size: 14pt;\">Application de l\u2019oxyde de silicium<\/span><\/h2>\n<h3><span style=\"font-size: 12pt;\">1. Utilis\u00e9 dans le domaine chimique<\/span><\/h3>\n<p>L\u2019oxyde de silicium est un adsorbant qui peut absorber les gaz nocifs, l\u2019humidit\u00e9, etc., pour pr\u00e9venir la d\u00e9liquescence, la pollution, etc. Il est largement utilis\u00e9 dans les catalyseurs, les agents de s\u00e9paration, les mat\u00e9riaux anticorrosion et d\u2019autres domaines. <\/p>\n<h3><span style=\"font-size: 12pt;\">2. Utilis\u00e9 dans le domaine m\u00e9dical<\/span><\/h3>\n<p>Le dioxyde de silicium peut \u00eatre utilis\u00e9 comme stabilisant m\u00e9dicamenteux, agent rh\u00e9ologique, humectant, abrasif, etc. Dans le processus de production de m\u00e9dicaments, le dioxyde de silicium peut maintenir efficacement la stabilit\u00e9 des m\u00e9dicaments, prolonger la dur\u00e9e de conservation des m\u00e9dicaments et pr\u00e9venir les r\u00e9actions chimiques des m\u00e9dicaments. <\/p>\n<h3><span style=\"font-size: 12pt;\">3. Utilis\u00e9 en cosm\u00e9tique<\/span><\/h3>\n<p>L\u2019oxyde de silicium peut \u00eatre utilis\u00e9 comme \u00e9cran solaire, produits de soins de la peau, etc. Il poss\u00e8de d\u2019excellentes propri\u00e9t\u00e9s hygroscopiques et lubrifiantes, qui peuvent aider \u00e0 r\u00e9guler l\u2019\u00e9quilibre hydrique de la peau. <\/p>\n<h3><span style=\"font-size: 12pt;\">4. Utilis\u00e9 dans l\u2019alimentation<\/span><\/h3>\n<p>L\u2019oxyde de silicium peut \u00eatre utilis\u00e9 comme agent r\u00e9sistant \u00e0 l\u2019humidit\u00e9, agent anti-agglom\u00e9rant, agent rh\u00e9ologique, stabilisant, etc. pour les aliments. Il peut r\u00e9duire efficacement l\u2019absorption d\u2019humidit\u00e9 et emp\u00eacher les aliments de se g\u00e2ter. <\/p>\n<h3><span style=\"font-size: 12pt;\">5. Utilis\u00e9 dans les mat\u00e9riaux de construction<\/span><\/h3>\n<p>L\u2019oxyde de silicium peut \u00eatre utilis\u00e9 comme charge, \u00e9paississant, etc. pour les mat\u00e9riaux de construction. Il peut am\u00e9liorer la duret\u00e9 et la stabilit\u00e9 des mat\u00e9riaux de construction et prolonger la dur\u00e9e de vie des mat\u00e9riaux de construction. <\/p>\n","protected":false},"excerpt":{"rendered":"<p>L\u2019oxyde de silicium, de formule chimique SiO2, est un compos\u00e9 inorganique. Il s\u2019agit d\u2019un cristal incolore et transparent avec un point de fusion \u00e9lev\u00e9 et une grande stabilit\u00e9 thermique. Il est insoluble dans l\u2019eau, mais peut r\u00e9agir avec l\u2019alcali et l\u2019acide pour produire les sels correspondants. VIMATERIAL peut fournir de la poudre de dioxyde de [&hellip;]<\/p>\n","protected":false},"featured_media":999918,"comment_status":"open","ping_status":"closed","template":"","meta":{"_acf_changed":false},"product_brand":[],"product_cat":[236],"product_tag":[],"class_list":{"0":"post-1010576","1":"product","2":"type-product","3":"status-publish","4":"has-post-thumbnail","6":"product_cat-materiaux-devaporation","8":"first","9":"instock","10":"shipping-taxable","11":"purchasable","12":"product-type-variable"},"acf":[],"_links":{"self":[{"href":"https:\/\/vimaterial.de\/fr\/wp-json\/wp\/v2\/product\/1010576","targetHints":{"allow":["GET"]}}],"collection":[{"href":"https:\/\/vimaterial.de\/fr\/wp-json\/wp\/v2\/product"}],"about":[{"href":"https:\/\/vimaterial.de\/fr\/wp-json\/wp\/v2\/types\/product"}],"replies":[{"embeddable":true,"href":"https:\/\/vimaterial.de\/fr\/wp-json\/wp\/v2\/comments?post=1010576"}],"wp:featuredmedia":[{"embeddable":true,"href":"https:\/\/vimaterial.de\/fr\/wp-json\/wp\/v2\/media\/999918"}],"wp:attachment":[{"href":"https:\/\/vimaterial.de\/fr\/wp-json\/wp\/v2\/media?parent=1010576"}],"wp:term":[{"taxonomy":"product_brand","embeddable":true,"href":"https:\/\/vimaterial.de\/fr\/wp-json\/wp\/v2\/product_brand?post=1010576"},{"taxonomy":"product_cat","embeddable":true,"href":"https:\/\/vimaterial.de\/fr\/wp-json\/wp\/v2\/product_cat?post=1010576"},{"taxonomy":"product_tag","embeddable":true,"href":"https:\/\/vimaterial.de\/fr\/wp-json\/wp\/v2\/product_tag?post=1010576"}],"curies":[{"name":"wp","href":"https:\/\/api.w.org\/{rel}","templated":true}]}}