{"id":1010445,"date":"2024-06-17T14:14:22","date_gmt":"2024-06-17T06:14:22","guid":{"rendered":"https:\/\/vimaterial.de\/product\/sulfure-de-silicium\/"},"modified":"2024-12-24T17:36:10","modified_gmt":"2024-12-24T09:36:10","slug":"sulfure-de-silicium","status":"publish","type":"product","link":"https:\/\/vimaterial.de\/fr\/product\/sulfure-de-silicium\/","title":{"rendered":"Sulfure de silicium"},"content":{"rendered":"<p>Sulfure de silicium, la formule mol\u00e9culaire est SiS2. Cristaux blancs fibreux, rhombiques ou t\u00e9tragonaux. Stable \u00e0 temp\u00e9rature et pression ambiantes, se d\u00e9compose en SiO2 et H2S lorsqu\u2019il est expos\u00e9 \u00e0 l\u2019humidit\u00e9. Br\u00fble lorsqu\u2019il est chauff\u00e9 \u00e0 l\u2019air.   <\/p>\n<h2><span style=\"font-size: 14pt;\">Propri\u00e9t\u00e9s physiques du disulfure de silicium<\/span><\/h2>\n<p>Formule mol\u00e9culaire : SiS2 Poids mol\u00e9culaire : 92.215 Propri\u00e9t\u00e9s : poudre cristalline blanche Densit\u00e9 : 2,02g\/cm3 Point de fusion : 1090\u00b0C Point d\u2019\u00e9bullition : 1130\u00b0C<\/p>\n<h2><span style=\"font-size: 14pt;\">Sp\u00e9cifications:<\/span><\/h2>\n<p>1. Puret\u00e9&nbsp;: 4N (99,99%) 5N (99,999%) 2. Emballage&nbsp;: en bouteille, 1 kg\/bouteille, emballage sous vide avec film composite en aluminium \u00e0 l\u2019ext\u00e9rieur de la bouteille&nbsp;; 3. Amarrage technique&nbsp;: fusion sous vide \u00e0 haute temp\u00e9rature et haute pression, diffusion thermique apr\u00e8s traitement&nbsp;; 4. Application : recherche scientifique ; 5. M\u00e9thode de stockage&nbsp;: scell\u00e9 et \u00e9tanche \u00e0 la lumi\u00e8re \u00e0 temp\u00e9rature ambiante, endroit ventil\u00e9 et sec<\/p>\n<h2><span style=\"font-size: 14pt;\">Types de cristaux de disulfure de silicium<\/span><\/h2>\n<p>Les cristaux de disulfure de silicium ont diff\u00e9rents types structurels, principalement les trois types suivants :<\/p>\n<h3><span style=\"font-size: 12pt;\">1. Cristaux SiS2 de type \u03b1<\/span><\/h3>\n<p>Les cristaux SiS2 de type \u03b1 sont des structures d\u2019empilement hexagonales les plus proches avec des structures en couches, et la structure cristalline tridimensionnelle est maintenue par la force d\u2019interaction des forces de van der Waals entre les couches. Les param\u00e8tres unitaires des cristaux de disulfure de silicium de type \u03b1 sont a = 3,086 nm, c = 5,058 nm et la densit\u00e9 cristalline est de 2,97 g \/ cm\u00b3. <\/p>\n<h3><span style=\"font-size: 12pt;\">2. Cristaux SiS2 de type \u03b2<\/span><\/h3>\n<p>Les cristaux SiS2 de type \u03b2 sont des structures d\u2019empilement t\u00e9tragonales les plus proches avec des structures en couches, et la distance de liaison S-S entre les couches adjacentes est \u00e9gale \u00e0 la longueur de liaison S-S \u00e0 l\u2019int\u00e9rieur de la couche. Les param\u00e8tres de cellule unitaire du cristal de disulfure de silicium de type \u03b2 sont a=b=c=0,382 nm et la densit\u00e9 cristalline est de 2,66 g\/cm\u00b3. <\/p>\n<h3><span style=\"font-size: 12pt;\">3. Cristal SiS2 de type \u03b3<\/span><\/h3>\n<p>Le cristal SiS2 de type \u03b3 est une structure cristalline cubique \u00e0 longue p\u00e9riode, avec les propri\u00e9t\u00e9s des cristaux SiS2 de type \u03b1 et \u03b2, sa constante de r\u00e9seau est a = 1,2067 nm et la densit\u00e9 cristalline est de 2,18 g \/ cm\u00b3.<\/p>\n<h2><span style=\"font-size: 14pt;\">Caract\u00e9ristiques et domaines d\u2019application du disulfure de silicium<\/span><\/h2>\n<p>Le disulfure de silicium a des propri\u00e9t\u00e9s chimiques relativement stables, une duret\u00e9 \u00e9lev\u00e9e et n\u2019est pas facilement affect\u00e9 par des effets physiques tels que la dilatation thermique. Par cons\u00e9quent, il est souvent utilis\u00e9 pour pr\u00e9parer des mat\u00e9riaux c\u00e9ramiques, des catalyseurs, des agents de friction, etc. Dans l\u2019industrie \u00e9lectronique, il est \u00e9galement largement utilis\u00e9 dans la fabrication de semi-conducteurs et de cellules solaires.  <\/p>\n<h2><span style=\"font-size: 14pt;\">Produits similaires :<\/span><\/h2>\n<p>Disulfure de germanium (GeS2), monosulfure de germanium (GeS), (TiS2), CoS2, disulfure de nickel (NiS2), sulfure de lithium (Li2S), etc.<\/p>\n","protected":false},"excerpt":{"rendered":"<p>Sulfure de silicium, la formule mol\u00e9culaire est SiS2. Cristaux blancs fibreux, rhombiques ou t\u00e9tragonaux. Stable \u00e0 temp\u00e9rature et pression ambiantes, se d\u00e9compose en SiO2 et H2S lorsqu\u2019il est expos\u00e9 \u00e0 l\u2019humidit\u00e9. Br\u00fble lorsqu\u2019il est chauff\u00e9 \u00e0 l\u2019air. Propri\u00e9t\u00e9s physiques du disulfure de silicium Formule mol\u00e9culaire : SiS2 Poids mol\u00e9culaire : 92.215 Propri\u00e9t\u00e9s : poudre cristalline [&hellip;]<\/p>\n","protected":false},"featured_media":1042394,"comment_status":"open","ping_status":"closed","template":"","meta":{"_acf_changed":false},"product_brand":[],"product_cat":[238],"product_tag":[],"class_list":{"0":"post-1010445","1":"product","2":"type-product","3":"status-publish","4":"has-post-thumbnail","6":"product_cat-materiaux-de-chalcogenure","8":"first","9":"instock","10":"shipping-taxable","11":"purchasable","12":"product-type-variable"},"acf":[],"_links":{"self":[{"href":"https:\/\/vimaterial.de\/fr\/wp-json\/wp\/v2\/product\/1010445","targetHints":{"allow":["GET"]}}],"collection":[{"href":"https:\/\/vimaterial.de\/fr\/wp-json\/wp\/v2\/product"}],"about":[{"href":"https:\/\/vimaterial.de\/fr\/wp-json\/wp\/v2\/types\/product"}],"replies":[{"embeddable":true,"href":"https:\/\/vimaterial.de\/fr\/wp-json\/wp\/v2\/comments?post=1010445"}],"wp:featuredmedia":[{"embeddable":true,"href":"https:\/\/vimaterial.de\/fr\/wp-json\/wp\/v2\/media\/1042394"}],"wp:attachment":[{"href":"https:\/\/vimaterial.de\/fr\/wp-json\/wp\/v2\/media?parent=1010445"}],"wp:term":[{"taxonomy":"product_brand","embeddable":true,"href":"https:\/\/vimaterial.de\/fr\/wp-json\/wp\/v2\/product_brand?post=1010445"},{"taxonomy":"product_cat","embeddable":true,"href":"https:\/\/vimaterial.de\/fr\/wp-json\/wp\/v2\/product_cat?post=1010445"},{"taxonomy":"product_tag","embeddable":true,"href":"https:\/\/vimaterial.de\/fr\/wp-json\/wp\/v2\/product_tag?post=1010445"}],"curies":[{"name":"wp","href":"https:\/\/api.w.org\/{rel}","templated":true}]}}