{"id":1010435,"date":"2024-06-17T14:14:21","date_gmt":"2024-06-17T06:14:21","guid":{"rendered":"https:\/\/vimaterial.de\/product\/dioxyde-de-silicium\/"},"modified":"2024-12-24T17:13:53","modified_gmt":"2024-12-24T09:13:53","slug":"dioxyde-de-silicium","status":"publish","type":"product","link":"https:\/\/vimaterial.de\/fr\/product\/dioxyde-de-silicium\/","title":{"rendered":"Silice"},"content":{"rendered":"<p>Les plaquettes de silice sont largement utilis\u00e9es dans les semi-conducteurs, la micro\u00e9lectronique et les applications de recherche. Les plaquettes de silicium sont le mat\u00e9riau de base des dispositifs semi-conducteurs et sont recouvertes d\u2019une couche de dioxyde de silicium d\u2019une \u00e9paisseur allant de quelques nanom\u00e8tres \u00e0 des dizaines de nanom\u00e8tres, qui peut agir comme un isolant et prot\u00e9ger. Les propri\u00e9t\u00e9s de surface de la couche de dioxyde de silicium ont une grande influence sur les performances de la plaquette de silicium. Mat\u00e9riau de base&nbsp;: La plaquette de silicium (Si) sert de substrat. Couche d\u2019oxyde : Une couche de dioxyde de silicium (SiO\u2082) est cultiv\u00e9e thermiquement ou d\u00e9pos\u00e9e sur la surface du silicium. L\u2019\u00e9paisseur de cette couche d\u2019oxyde peut varier en fonction des besoins.  <\/p>\n<h2><span style=\"font-size: 14pt;\">Propri\u00e9t\u00e9s de surface des plaquettes de silice<\/span><\/h2>\n<p>Les plaquettes de silice peuvent \u00eatre hydrophiles ou hydrophobes, qui pr\u00e9sentent des propri\u00e9t\u00e9s de surface diff\u00e9rentes. 1. Surface hydrophile Si l\u2019\u00e9nergie de surface est inf\u00e9rieure \u00e0 l\u2019\u00e9nergie de surface du liquide, la surface est hydrophile au liquide. La couche de dioxyde de silicium \u00e0 la surface de la plaquette de silicium peut pr\u00e9senter une surface hydrophile apr\u00e8s avoir \u00e9t\u00e9 trait\u00e9e par certaines m\u00e9thodes chimiques. Dans ce cas, les mol\u00e9cules d\u2019eau vont former un film d\u2019eau liquide avec un petit angle de mouillage \u00e0 la surface de la plaquette de silicium, ce qui est propice \u00e0 certaines r\u00e9actions, croissances ou analyses qui interagissent avec l\u2019eau. 2. Surface hydrophobe Si l\u2019\u00e9nergie de surface est sup\u00e9rieure \u00e0 l\u2019\u00e9nergie de surface du liquide, la surface est hydrophobe par rapport au liquide. La couche de dioxyde de silicium \u00e0 la surface de la plaquette de silicium pr\u00e9sente g\u00e9n\u00e9ralement une hydrophobie. Dans ce cas, les mol\u00e9cules d\u2019eau forment une gouttelette d\u2019eau \u00e0 un grand angle \u00e0 la surface de la plaquette de silicium, ce qui n\u2019est pas propice \u00e0 certaines r\u00e9actions, croissances ou analyses qui interagissent avec l\u2019eau.<\/p>\n<h2><span style=\"font-size: 14pt;\">Applications des plaquettes de silice<\/span><\/h2>\n<p>Micro\u00e9lectronique : Utilis\u00e9 dans la fabrication de circuits int\u00e9gr\u00e9s. Recherche : Id\u00e9al pour les tests et le d\u00e9veloppement dans les laboratoires et les universit\u00e9s. Opto\u00e9lectronique : \u00c9l\u00e9ment fondamental pour les dispositifs qui interagissent avec la lumi\u00e8re, comme les photod\u00e9tecteurs et les LED. Dispositifs MEMS : Essentiels pour les syst\u00e8mes micro-\u00e9lectrom\u00e9caniques. Couches di\u00e9lectriques : Le SiO\u2082 agit comme une couche isolante pour diverses applications.<\/p>\n<h2><span style=\"font-size: 14pt;\">Options personnalis\u00e9es que nous pouvons offrir<\/span><\/h2>\n<p>Finition de surface&nbsp;: Surfaces polies ou rugueuses. Couches d\u2019oxyde double face ou simple face. Niveaux de dopage personnalis\u00e9s et \u00e9paisseur de plaquette.<\/p>\n","protected":false},"excerpt":{"rendered":"<p>Les plaquettes de silice sont largement utilis\u00e9es dans les semi-conducteurs, la micro\u00e9lectronique et les applications de recherche. Les plaquettes de silicium sont le mat\u00e9riau de base des dispositifs semi-conducteurs et sont recouvertes d\u2019une couche de dioxyde de silicium d\u2019une \u00e9paisseur allant de quelques nanom\u00e8tres \u00e0 des dizaines de nanom\u00e8tres, qui peut agir comme un isolant [&hellip;]<\/p>\n","protected":false},"featured_media":999962,"comment_status":"open","ping_status":"closed","template":"","meta":{"_acf_changed":false},"product_brand":[],"product_cat":[236],"product_tag":[],"class_list":{"0":"post-1010435","1":"product","2":"type-product","3":"status-publish","4":"has-post-thumbnail","6":"product_cat-materiaux-devaporation","8":"first","9":"instock","10":"shipping-taxable","11":"product-type-variable"},"acf":[],"_links":{"self":[{"href":"https:\/\/vimaterial.de\/fr\/wp-json\/wp\/v2\/product\/1010435","targetHints":{"allow":["GET"]}}],"collection":[{"href":"https:\/\/vimaterial.de\/fr\/wp-json\/wp\/v2\/product"}],"about":[{"href":"https:\/\/vimaterial.de\/fr\/wp-json\/wp\/v2\/types\/product"}],"replies":[{"embeddable":true,"href":"https:\/\/vimaterial.de\/fr\/wp-json\/wp\/v2\/comments?post=1010435"}],"wp:featuredmedia":[{"embeddable":true,"href":"https:\/\/vimaterial.de\/fr\/wp-json\/wp\/v2\/media\/999962"}],"wp:attachment":[{"href":"https:\/\/vimaterial.de\/fr\/wp-json\/wp\/v2\/media?parent=1010435"}],"wp:term":[{"taxonomy":"product_brand","embeddable":true,"href":"https:\/\/vimaterial.de\/fr\/wp-json\/wp\/v2\/product_brand?post=1010435"},{"taxonomy":"product_cat","embeddable":true,"href":"https:\/\/vimaterial.de\/fr\/wp-json\/wp\/v2\/product_cat?post=1010435"},{"taxonomy":"product_tag","embeddable":true,"href":"https:\/\/vimaterial.de\/fr\/wp-json\/wp\/v2\/product_tag?post=1010435"}],"curies":[{"name":"wp","href":"https:\/\/api.w.org\/{rel}","templated":true}]}}