{"id":1010378,"date":"2024-06-17T14:15:28","date_gmt":"2024-06-17T06:15:28","guid":{"rendered":"https:\/\/vimaterial.de\/product\/carbonate-de-potassium\/"},"modified":"2024-12-25T10:32:43","modified_gmt":"2024-12-25T02:32:43","slug":"carbonate-de-potassium","status":"publish","type":"product","link":"https:\/\/vimaterial.de\/fr\/product\/carbonate-de-potassium\/","title":{"rendered":"Potassium Carbonate"},"content":{"rendered":"<p>Le carbonate de potassium, de formule chimique K2CO3, est un compos\u00e9 inorganique appartenant \u00e0 la classe des carbonates.<\/p>\n<h2><span style=\"font-size: 14pt;\">Propri\u00e9t\u00e9s physiques<\/span><\/h2>\n<p>Apparence&nbsp;: Le carbonate de potassium se pr\u00e9sente sous la forme d\u2019une poudre cristalline blanche, ainsi que sous la forme d\u2019un solide cristallin incolore.Densit\u00e9 : Environ 2,428g\/cm\u00b3. Point de fusion : 891\u00b0C, se d\u00e9compose \u00e0 haute temp\u00e9rature.Solubilit\u00e9 : Facilement soluble dans l\u2019eau, la solution aqueuse est alcaline ; insoluble dans l\u2019\u00e9thanol, l\u2019ac\u00e9tone et l\u2019\u00e9ther.Hygroscopicit\u00e9 : Le carbonate de potassium a une forte hygroscopicit\u00e9. Lorsqu\u2019il est expos\u00e9 \u00e0 l\u2019air, il peut absorber le dioxyde de carbone et l\u2019eau et se transformer en bicarbonate de potassium, il doit donc \u00eatre scell\u00e9 et emball\u00e9. Faible toxicit\u00e9, dose l\u00e9tale m\u00e9diane (rat, voie orale) 1,87 g\/kg. Irritant.<\/p>\n<h2><span style=\"font-size: 14pt;\">Propri\u00e9t\u00e9s chimiques<\/span><\/h2>\n<p>Le carbonate de potassium peut r\u00e9agir avec l\u2019acide pour g\u00e9n\u00e9rer du dioxyde de carbone et peut former une pr\u00e9cipitation avec des ions m\u00e9talliques. En solution aqueuse, le carbonate de potassium ionisera compl\u00e8tement les ions potassium (K\u207a) et les ions carbonate (CO3\u00b2\u207b), rendant la solution alcaline.<\/p>\n<h2><span style=\"font-size: 14pt;\">Applications<\/span><\/h2>\n<p>1. Le carbonate de potassium peut \u00eatre utilis\u00e9 pour produire du verre optique, ce qui peut am\u00e9liorer la transparence, la r\u00e9sistance et l\u2019indice de r\u00e9fraction du verre. 2. Il est \u00e9galement utilis\u00e9 pour produire des baguettes de soudage afin d\u2019\u00e9viter la rupture de l\u2019arc pendant le soudage. 3. Il est utilis\u00e9 pour produire des colorants en cuve et leur impression, teinture et teinture \u00e0 la glace. 4. Il est utilis\u00e9 comme adsorbant pour \u00e9liminer le sulfure d\u2019hydrog\u00e8ne et le dioxyde de carbone. 5. Le carbonate de potassium peut \u00eatre m\u00e9lang\u00e9 avec du carbonate de soude comme agent extincteur d\u2019incendie en poudre s\u00e8che. 6. Il peut \u00e9galement \u00eatre utilis\u00e9 comme mati\u00e8re premi\u00e8re auxiliaire pour la production d\u2019ac\u00e9tone et d\u2019alcool et comme antioxydant dans la production de caoutchouc. 7. La solution aqueuse de carbonate de potassium peut \u00eatre utilis\u00e9e pour r\u00e9curer le chiffon de coton et d\u00e9graisser la laine. 8. Il est \u00e9galement utilis\u00e9 dans la production d\u2019encres, de produits chimiques photographiques, de polyester, de m\u00e9decine, de galvanoplastie, de cuir, de c\u00e9ramique, de mat\u00e9riaux de construction, de cristal, de savon de potassium et de m\u00e9dicaments. 9. Le carbonate de potassium lourd est principalement utilis\u00e9 comme mati\u00e8re premi\u00e8re pour la coque en verre des tubes cathodiques, largement utilis\u00e9 dans le verre et les mati\u00e8res premi\u00e8res sp\u00e9ciales en verre, et utilis\u00e9 pour la d\u00e9carbonisation des gros engrais. 10. Il peut \u00eatre utilis\u00e9 comme agent levant dans les aliments. 11. En tant qu\u2019agent alcalin et am\u00e9liorant de p\u00e2te, il peut inhiber l\u2019acidit\u00e9 des nouilles et peut \u00eatre utilis\u00e9 dans les aliments \u00e0 base de nouilles. Utiliser en quantit\u00e9s appropri\u00e9es en fonction des besoins de production. 12. Utilis\u00e9 pour le traitement des mat\u00e9riaux photosensibles expos\u00e9s. 13. Utilis\u00e9 comme r\u00e9actifs analytiques, r\u00e9actifs de r\u00e9f\u00e9rence et agents de flux pour les silicates fondus et les sulfates insolubles.<\/p>\n<h2><span style=\"font-size: 14pt;\">Stockage<\/span><\/h2>\n<p>Garder scell\u00e9 et sec.<\/p>\n","protected":false},"excerpt":{"rendered":"<p>Le carbonate de potassium, de formule chimique K2CO3, est un compos\u00e9 inorganique appartenant \u00e0 la classe des carbonates. Propri\u00e9t\u00e9s physiques Apparence&nbsp;: Le carbonate de potassium se pr\u00e9sente sous la forme d\u2019une poudre cristalline blanche, ainsi que sous la forme d\u2019un solide cristallin incolore.Densit\u00e9 : Environ 2,428g\/cm\u00b3. Point de fusion : 891\u00b0C, se d\u00e9compose \u00e0 haute [&hellip;]<\/p>\n","protected":false},"featured_media":1000003,"comment_status":"open","ping_status":"closed","template":"","meta":{"_acf_changed":false},"product_brand":[],"product_cat":[244],"product_tag":[],"class_list":{"0":"post-1010378","1":"product","2":"type-product","3":"status-publish","4":"has-post-thumbnail","6":"product_cat-autres-materiaux","8":"first","9":"instock","10":"shipping-taxable","11":"purchasable","12":"product-type-variable"},"acf":[],"_links":{"self":[{"href":"https:\/\/vimaterial.de\/fr\/wp-json\/wp\/v2\/product\/1010378","targetHints":{"allow":["GET"]}}],"collection":[{"href":"https:\/\/vimaterial.de\/fr\/wp-json\/wp\/v2\/product"}],"about":[{"href":"https:\/\/vimaterial.de\/fr\/wp-json\/wp\/v2\/types\/product"}],"replies":[{"embeddable":true,"href":"https:\/\/vimaterial.de\/fr\/wp-json\/wp\/v2\/comments?post=1010378"}],"wp:featuredmedia":[{"embeddable":true,"href":"https:\/\/vimaterial.de\/fr\/wp-json\/wp\/v2\/media\/1000003"}],"wp:attachment":[{"href":"https:\/\/vimaterial.de\/fr\/wp-json\/wp\/v2\/media?parent=1010378"}],"wp:term":[{"taxonomy":"product_brand","embeddable":true,"href":"https:\/\/vimaterial.de\/fr\/wp-json\/wp\/v2\/product_brand?post=1010378"},{"taxonomy":"product_cat","embeddable":true,"href":"https:\/\/vimaterial.de\/fr\/wp-json\/wp\/v2\/product_cat?post=1010378"},{"taxonomy":"product_tag","embeddable":true,"href":"https:\/\/vimaterial.de\/fr\/wp-json\/wp\/v2\/product_tag?post=1010378"}],"curies":[{"name":"wp","href":"https:\/\/api.w.org\/{rel}","templated":true}]}}