{"id":1010359,"date":"2024-06-17T14:15:29","date_gmt":"2024-06-17T06:15:29","guid":{"rendered":"https:\/\/vimaterial.de\/product\/molybdate-de-potassium\/"},"modified":"2024-12-25T11:40:52","modified_gmt":"2024-12-25T03:40:52","slug":"molybdate-de-potassium","status":"publish","type":"product","link":"https:\/\/vimaterial.de\/fr\/product\/molybdate-de-potassium\/","title":{"rendered":"Potassium Molybdate"},"content":{"rendered":"<p>Le molybdate de potassium (K2MoO4) est un compos\u00e9 inorganique important compos\u00e9 d\u2019ions potassium et d\u2019ions molybdate. Il s\u2019agit g\u00e9n\u00e9ralement d\u2019une poudre cristalline blanche, soluble dans l\u2019eau et pr\u00e9sentant un certain degr\u00e9 de toxicit\u00e9. Le molybdate de potassium est largement utilis\u00e9 dans la production industrielle dans les domaines des catalyseurs, des conservateurs, des proc\u00e9d\u00e9s de galvanoplastie et des mati\u00e8res premi\u00e8res chimiques.  <\/p>\n<h2><span style=\"font-size: 14pt;\">Propri\u00e9t\u00e9s physiques<\/span><\/h2>\n<p>Aspect et forme : Poudre cristalline fine blanche. Il est d\u00e9liquescent et hygroscopique. Densit\u00e9 : 2,3 g\/mL Point de fusion : 919\u00b0C Point d\u2019\u00e9bullition : 1400\u00b0C Solubilit\u00e9 : Il est facilement soluble dans l\u2019eau, mais insoluble dans l\u2019\u00e9thanol et l\u2019\u00e9ther. Il est stable \u00e0 l\u2019air et s\u2019assombrit progressivement lorsqu\u2019il est expos\u00e9 \u00e0 la lumi\u00e8re. <\/p>\n<h2><span style=\"font-size: 14pt;\">Propri\u00e9t\u00e9s chimiques<\/span><\/h2>\n<p>Acidit\u00e9 et alcalinit\u00e9 : Le molybdate de potassium est faiblement alcalin et peut r\u00e9agir avec des acides forts pour former des sels correspondants. Propri\u00e9t\u00e9 oxydante : Le molybdate a une forte propri\u00e9t\u00e9 oxydante et peut \u00eatre r\u00e9duit par certains agents r\u00e9ducteurs tels que les ions ferreux. Par exemple, dans des conditions acides, le molybdate de potassium peut oxyder l\u2019iodure de potassium en iode \u00e9l\u00e9mentaire (I2) et se r\u00e9duit lui-m\u00eame en bleu de molybd\u00e8ne (Mo3O2). Complexit\u00e9&nbsp;: Le molybdate de potassium peut former des complexes avec une vari\u00e9t\u00e9 d\u2019ions m\u00e9talliques. Par exemple, il peut r\u00e9agir avec les ions plomb pour former un pr\u00e9cipit\u00e9 jaune. Stabilit\u00e9 thermique : Le molybdate de potassium se d\u00e9compose \u00e0 haute temp\u00e9rature pour produire de l\u2019oxyg\u00e8ne et du trioxyde de molybd\u00e8ne.<\/p>\n<h2><span style=\"font-size: 14pt;\">Pr\u00e9paratifs<\/span><\/h2>\n<p>Le K2MoO4 peut \u00eatre pr\u00e9par\u00e9 par diverses m\u00e9thodes, notamment la neutralisation, la pr\u00e9cipitation et la calcination. Parmi eux, la m\u00e9thode de neutralisation est la m\u00e9thode la plus couramment utilis\u00e9e, qui consiste \u00e0 neutraliser une solution d\u2019hydroxyde de potassium avec du trioxyde de molybd\u00e8ne industriel ou de l\u2019acide molybdique, puis \u00e0 filtrer, concentrer, refroidir et cristalliser, centrifuger, s\u00e9cher et d\u2019autres \u00e9tapes pour obtenir le produit fini. <\/p>\n<h2><span style=\"font-size: 14pt;\">Applications<\/span><\/h2>\n<p>Le molybdate de potassium est utilis\u00e9 dans de nombreux domaines, notamment : 1. Catalyseur : En tant que mati\u00e8re premi\u00e8re pour les catalyseurs polyacides, il est utilis\u00e9 pour catalyser une vari\u00e9t\u00e9 de r\u00e9actions chimiques. 2. R\u00e9actif analytique : utilis\u00e9 pour l\u2019inspection des alcalo\u00efdes et la d\u00e9termination du phosphore disponible dans les engrais phosphat\u00e9s. 3. Autres domaines&nbsp;: Il peut \u00e9galement \u00eatre utilis\u00e9 dans les colorants, les pigments, les inhibiteurs de rouille, les inhibiteurs de corrosion et les industries pharmaceutiques.<\/p>\n<h2><span style=\"font-size: 14pt;\">S\u00e9curit\u00e9 et toxicit\u00e9<\/span><\/h2>\n<p>Classification des dangers : Le molybdate de potassium est un produit dangereux et a un certain effet irritant sur les yeux, la peau et les voies respiratoires. Par cons\u00e9quent, des mesures de protection appropri\u00e9es doivent \u00eatre prises lors de l\u2019utilisation et de la manipulation. Premiers secours : Si le molybdate de potassium est accidentellement touch\u00e9 ou inhal\u00e9, il doit \u00eatre imm\u00e9diatement rinc\u00e9 abondamment \u00e0 l\u2019eau et une aide m\u00e9dicale doit \u00eatre recherch\u00e9e. <\/p>\n<h2><span style=\"font-size: 14pt;\">Conditions de stockage<\/span><\/h2>\n<p>Stockage&nbsp;: K2MoO4 doit \u00eatre stock\u00e9 \u00e0 temp\u00e9rature ambiante, en \u00e9vitant les temp\u00e9ratures \u00e9lev\u00e9es et les environnements humides pour \u00e9viter la d\u00e9liquescence et la d\u00e9t\u00e9rioration. Emballage&nbsp;: Les sp\u00e9cifications d\u2019emballage courantes incluent 500 grammes, 1 kilogramme et 25 kilogrammes, etc. Diff\u00e9rentes sp\u00e9cifications conviennent \u00e0 diff\u00e9rents besoins d\u2019utilisation.<\/p>\n","protected":false},"excerpt":{"rendered":"<p>Le molybdate de potassium (K2MoO4) est un compos\u00e9 inorganique important compos\u00e9 d\u2019ions potassium et d\u2019ions molybdate. Il s\u2019agit g\u00e9n\u00e9ralement d\u2019une poudre cristalline blanche, soluble dans l\u2019eau et pr\u00e9sentant un certain degr\u00e9 de toxicit\u00e9. Le molybdate de potassium est largement utilis\u00e9 dans la production industrielle dans les domaines des catalyseurs, des conservateurs, des proc\u00e9d\u00e9s de galvanoplastie [&hellip;]<\/p>\n","protected":false},"featured_media":1000018,"comment_status":"open","ping_status":"closed","template":"","meta":{"_acf_changed":false},"product_brand":[],"product_cat":[244],"product_tag":[],"class_list":{"0":"post-1010359","1":"product","2":"type-product","3":"status-publish","4":"has-post-thumbnail","6":"product_cat-autres-materiaux","8":"first","9":"instock","10":"shipping-taxable","11":"purchasable","12":"product-type-variable"},"acf":[],"_links":{"self":[{"href":"https:\/\/vimaterial.de\/fr\/wp-json\/wp\/v2\/product\/1010359","targetHints":{"allow":["GET"]}}],"collection":[{"href":"https:\/\/vimaterial.de\/fr\/wp-json\/wp\/v2\/product"}],"about":[{"href":"https:\/\/vimaterial.de\/fr\/wp-json\/wp\/v2\/types\/product"}],"replies":[{"embeddable":true,"href":"https:\/\/vimaterial.de\/fr\/wp-json\/wp\/v2\/comments?post=1010359"}],"wp:featuredmedia":[{"embeddable":true,"href":"https:\/\/vimaterial.de\/fr\/wp-json\/wp\/v2\/media\/1000018"}],"wp:attachment":[{"href":"https:\/\/vimaterial.de\/fr\/wp-json\/wp\/v2\/media?parent=1010359"}],"wp:term":[{"taxonomy":"product_brand","embeddable":true,"href":"https:\/\/vimaterial.de\/fr\/wp-json\/wp\/v2\/product_brand?post=1010359"},{"taxonomy":"product_cat","embeddable":true,"href":"https:\/\/vimaterial.de\/fr\/wp-json\/wp\/v2\/product_cat?post=1010359"},{"taxonomy":"product_tag","embeddable":true,"href":"https:\/\/vimaterial.de\/fr\/wp-json\/wp\/v2\/product_tag?post=1010359"}],"curies":[{"name":"wp","href":"https:\/\/api.w.org\/{rel}","templated":true}]}}