{"id":1010348,"date":"2024-06-17T14:15:29","date_gmt":"2024-06-17T06:15:29","guid":{"rendered":"https:\/\/vimaterial.de\/product\/hexabromoplatinateiv-de-potassium\/"},"modified":"2024-12-25T11:13:16","modified_gmt":"2024-12-25T03:13:16","slug":"hexabromoplatinateiv-de-potassium","status":"publish","type":"product","link":"https:\/\/vimaterial.de\/fr\/product\/hexabromoplatinateiv-de-potassium\/","title":{"rendered":"Hexabromoplatinate de potassium (IV)"},"content":{"rendered":"<p>L\u2019hexabromoplatinate de potassium (IV), de formule chimique K\u2082[PtBr\u2086], est un compos\u00e9 de coordination contenant du potassium, du platine et du brome. Il s\u2019agit d\u2019un sel dans lequel l\u2019atome de platine est \u00e0 l\u2019\u00e9tat d\u2019oxydation +4 entour\u00e9 de six atomes de brome dans une g\u00e9om\u00e9trie octa\u00e9drique. <\/p>\n<h2><span style=\"font-size: 14pt;\">Propri\u00e9t\u00e9s<\/span><\/h2>\n<p>Apparence&nbsp;: Se pr\u00e9sente g\u00e9n\u00e9ralement sous la forme d\u2019un solide cristallin, g\u00e9n\u00e9ralement de couleur orange \u00e0 rouge. Formule chimique : K\u2082[PtBr\u2086]. Structure mol\u00e9culaire : Coordination octa\u00e9drique de six ligands de bromure autour d\u2019un centre de platine. Solubilit\u00e9 : Soluble dans l\u2019eau et certains solvants polaires. La solubilit\u00e9 peut varier en fonction de la temp\u00e9rature. Stabilit\u00e9 : Relativement stable dans des conditions normales, mais se d\u00e9compose \u00e0 des temp\u00e9ratures \u00e9lev\u00e9es ou dans des conditions fortement r\u00e9ductrices. Toxicit\u00e9 : En tant que compos\u00e9 de platine, l\u2019hexabromoplatinate de potassium peut \u00eatre toxique et doit \u00eatre manipul\u00e9 avec les pr\u00e9cautions appropri\u00e9es.<\/p>\n<h2><span style=\"font-size: 14pt;\">Applications<\/span><\/h2>\n<p>R\u00e9actif chimique : l\u2019hexabromoplatinate de potassium est utilis\u00e9 en chimie analytique pour pr\u00e9cipiter le platine ou comme r\u00e9actif pour la d\u00e9tection des ions potassium. Pr\u00e9curseur de catalyseur : Comme mat\u00e9riau de d\u00e9part pour la synth\u00e8se de catalyseurs \u00e0 base de platine utilis\u00e9s dans divers processus industriels et chimiques. D\u00e9p\u00f4t \u00e9lectronique et en couches minces : l\u2019hexabromoplatinate de potassium est occasionnellement utilis\u00e9 pour des applications \u00e9lectroniques sp\u00e9cialis\u00e9es ou pour le d\u00e9p\u00f4t de films de platine en science des mat\u00e9riaux. Recherche : \u00c9tudier ses propri\u00e9t\u00e9s en chimie de coordination et en science des mat\u00e9riaux.<\/p>\n<h2><span style=\"font-size: 14pt;\">Informations de s\u00e9curit\u00e9<\/span><\/h2>\n<p>Dangers : Peut \u00eatre nocif en cas d\u2019inhalation ou d\u2019ingestion. Peut irriter la peau, les yeux et les voies respiratoires. Les compos\u00e9s de platine sont potentiellement allerg\u00e8nes.<\/p>\n<h2><span style=\"font-size: 14pt;\">Manutention et stockage :<\/span><\/h2>\n<p>Conserver dans un endroit frais, sec et bien ventil\u00e9. Portez des gants de protection, des lunettes de protection et des v\u00eatements de laboratoire appropri\u00e9s lors de la manipulation.<\/p>\n","protected":false},"excerpt":{"rendered":"<p>L\u2019hexabromoplatinate de potassium (IV), de formule chimique K\u2082[PtBr\u2086], est un compos\u00e9 de coordination contenant du potassium, du platine et du brome. Il s\u2019agit d\u2019un sel dans lequel l\u2019atome de platine est \u00e0 l\u2019\u00e9tat d\u2019oxydation +4 entour\u00e9 de six atomes de brome dans une g\u00e9om\u00e9trie octa\u00e9drique. Propri\u00e9t\u00e9s Apparence&nbsp;: Se pr\u00e9sente g\u00e9n\u00e9ralement sous la forme d\u2019un solide [&hellip;]<\/p>\n","protected":false},"featured_media":1000032,"comment_status":"open","ping_status":"closed","template":"","meta":{"_acf_changed":false},"product_brand":[],"product_cat":[239],"product_tag":[],"class_list":{"0":"post-1010348","1":"product","2":"type-product","3":"status-publish","4":"has-post-thumbnail","6":"product_cat-materiaux-halogenes","8":"first","9":"instock","10":"shipping-taxable","11":"purchasable","12":"product-type-variable"},"acf":[],"_links":{"self":[{"href":"https:\/\/vimaterial.de\/fr\/wp-json\/wp\/v2\/product\/1010348","targetHints":{"allow":["GET"]}}],"collection":[{"href":"https:\/\/vimaterial.de\/fr\/wp-json\/wp\/v2\/product"}],"about":[{"href":"https:\/\/vimaterial.de\/fr\/wp-json\/wp\/v2\/types\/product"}],"replies":[{"embeddable":true,"href":"https:\/\/vimaterial.de\/fr\/wp-json\/wp\/v2\/comments?post=1010348"}],"wp:featuredmedia":[{"embeddable":true,"href":"https:\/\/vimaterial.de\/fr\/wp-json\/wp\/v2\/media\/1000032"}],"wp:attachment":[{"href":"https:\/\/vimaterial.de\/fr\/wp-json\/wp\/v2\/media?parent=1010348"}],"wp:term":[{"taxonomy":"product_brand","embeddable":true,"href":"https:\/\/vimaterial.de\/fr\/wp-json\/wp\/v2\/product_brand?post=1010348"},{"taxonomy":"product_cat","embeddable":true,"href":"https:\/\/vimaterial.de\/fr\/wp-json\/wp\/v2\/product_cat?post=1010348"},{"taxonomy":"product_tag","embeddable":true,"href":"https:\/\/vimaterial.de\/fr\/wp-json\/wp\/v2\/product_tag?post=1010348"}],"curies":[{"name":"wp","href":"https:\/\/api.w.org\/{rel}","templated":true}]}}