{"id":1010343,"date":"2024-06-17T14:15:29","date_gmt":"2024-06-17T06:15:29","guid":{"rendered":"https:\/\/vimaterial.de\/product\/tellurite-de-potassium\/"},"modified":"2024-12-25T13:47:55","modified_gmt":"2024-12-25T05:47:55","slug":"tellurite-de-potassium","status":"publish","type":"product","link":"https:\/\/vimaterial.de\/fr\/product\/tellurite-de-potassium\/","title":{"rendered":"Potassium Tellurite"},"content":{"rendered":"<p>La tellurite de potassium, de formule chimique K\u2082TeO\u2083, est un compos\u00e9 inorganique dans lequel l\u2019ion potassium est li\u00e9 \u00e0 l\u2019anion tellurite. Il s\u2019agit d\u2019un sel soluble dans l\u2019eau avec des propri\u00e9t\u00e9s chimiques int\u00e9ressantes en raison du fait que le tellure est \u00e0 l\u2019\u00e9tat d\u2019oxydation +4. <\/p>\n<h2><span style=\"font-size: 14pt;\">Propri\u00e9t\u00e9s<\/span><\/h2>\n<p>Aspect : g\u00e9n\u00e9ralement blanc \u00e0 blanc cass\u00e9 cristallin solide. Formule chimique : K\u2082TeO\u2083 Structure mol\u00e9culaire : Le tellure est li\u00e9 \u00e0 trois atomes d\u2019oxyg\u00e8ne dans une structure conique triangulaire. Solubilit\u00e9 : Soluble dans l\u2019eau, formant une solution alcaline. Stabilit\u00e9 : Stable dans des conditions normales, mais peut r\u00e9agir avec les acides pour former du dioxyde de tellure (TeO\u2082) et des gaz contenant du tellure.<\/p>\n<h2><span style=\"font-size: 14pt;\">Applications<\/span><\/h2>\n<p>Microbiologie : Utilis\u00e9 comme agent s\u00e9lectif dans les milieux pour l\u2019isolement de certaines bact\u00e9ries (par exemple Corynebacterium diphtheriae) en raison de ses effets toxiques sur d\u2019autres micro-organismes. Chimique : En tant que pr\u00e9curseur de la synth\u00e8se d\u2019autres compos\u00e9s du tellure. Recherche : \u00e9tude de ses propri\u00e9t\u00e9s chimiques et catalytiques, et science des mat\u00e9riaux \u00e0 base de tellure.<\/p>\n<h2><span style=\"font-size: 14pt;\">Manutention et stockage<\/span><\/h2>\n<p>Conserver dans des contenants scell\u00e9s dans un endroit frais, sec et bien ventil\u00e9. Portez des gants de protection, des lunettes de protection et une combinaison de laboratoire lors de la manipulation.<\/p>\n","protected":false},"excerpt":{"rendered":"<p>La tellurite de potassium, de formule chimique K\u2082TeO\u2083, est un compos\u00e9 inorganique dans lequel l\u2019ion potassium est li\u00e9 \u00e0 l\u2019anion tellurite. Il s\u2019agit d\u2019un sel soluble dans l\u2019eau avec des propri\u00e9t\u00e9s chimiques int\u00e9ressantes en raison du fait que le tellure est \u00e0 l\u2019\u00e9tat d\u2019oxydation +4. Propri\u00e9t\u00e9s Aspect : g\u00e9n\u00e9ralement blanc \u00e0 blanc cass\u00e9 cristallin solide. [&hellip;]<\/p>\n","protected":false},"featured_media":1000025,"comment_status":"open","ping_status":"closed","template":"","meta":{"_acf_changed":false},"product_brand":[],"product_cat":[238],"product_tag":[],"class_list":{"0":"post-1010343","1":"product","2":"type-product","3":"status-publish","4":"has-post-thumbnail","6":"product_cat-materiaux-de-chalcogenure","8":"first","9":"instock","10":"shipping-taxable","11":"product-type-variable"},"acf":[],"_links":{"self":[{"href":"https:\/\/vimaterial.de\/fr\/wp-json\/wp\/v2\/product\/1010343","targetHints":{"allow":["GET"]}}],"collection":[{"href":"https:\/\/vimaterial.de\/fr\/wp-json\/wp\/v2\/product"}],"about":[{"href":"https:\/\/vimaterial.de\/fr\/wp-json\/wp\/v2\/types\/product"}],"replies":[{"embeddable":true,"href":"https:\/\/vimaterial.de\/fr\/wp-json\/wp\/v2\/comments?post=1010343"}],"wp:featuredmedia":[{"embeddable":true,"href":"https:\/\/vimaterial.de\/fr\/wp-json\/wp\/v2\/media\/1000025"}],"wp:attachment":[{"href":"https:\/\/vimaterial.de\/fr\/wp-json\/wp\/v2\/media?parent=1010343"}],"wp:term":[{"taxonomy":"product_brand","embeddable":true,"href":"https:\/\/vimaterial.de\/fr\/wp-json\/wp\/v2\/product_brand?post=1010343"},{"taxonomy":"product_cat","embeddable":true,"href":"https:\/\/vimaterial.de\/fr\/wp-json\/wp\/v2\/product_cat?post=1010343"},{"taxonomy":"product_tag","embeddable":true,"href":"https:\/\/vimaterial.de\/fr\/wp-json\/wp\/v2\/product_tag?post=1010343"}],"curies":[{"name":"wp","href":"https:\/\/api.w.org\/{rel}","templated":true}]}}