{"id":1010332,"date":"2024-06-17T14:15:33","date_gmt":"2024-06-17T06:15:33","guid":{"rendered":"https:\/\/vimaterial.de\/product\/hexafluorosilicate-de-potassium\/"},"modified":"2024-12-25T14:42:42","modified_gmt":"2024-12-25T06:42:42","slug":"hexafluorosilicate-de-potassium","status":"publish","type":"product","link":"https:\/\/vimaterial.de\/fr\/product\/hexafluorosilicate-de-potassium\/","title":{"rendered":"Hexafluorosilicate de potassium"},"content":{"rendered":"<p>L\u2019hexafluorosilicate de potassium, de formule chimique K2SiF6, est une poudre cristalline blanche avec un large \u00e9ventail d\u2019utilisations, en particulier dans les industries de la construction, du verre et de la c\u00e9ramique. En raison de ses propri\u00e9t\u00e9s chimiques uniques, le fluorosilicate de potassium est devenu une substance indispensable dans de nombreux flux de processus. <\/p>\n<h2><span style=\"font-size: 14pt;\">Propri\u00e9t\u00e9s de l\u2019hexafluorosilicate de potassium<\/span><\/h2>\n<p>Formule chimique : K2SiF6 Poids mol\u00e9culaire : 220.26 Apparence : Poudre fine ou cristal blanc, inodore et insipide Solubilit\u00e9 dans l\u2019eau : l\u00e9g\u00e8rement soluble dans l\u2019eau, insoluble dans l\u2019alcool, soluble dans l\u2019acide chlorhydrique Densit\u00e9 : 2,665 g\/mL \u00e0 25 \u00b0C (lit.) Point de fusion : 993\u00b0C Point d\u2019\u00e9bullition : 1704\u00b0C<\/p>\n<h2><span style=\"font-size: 14pt;\">Application de l\u2019hexafluorosilicate de potassium<\/span><\/h2>\n<p>1. Utilis\u00e9 dans la fabrication de verre opalescent, d\u2019\u00e9mail de porcelaine, de pesticides, de produits de pr\u00e9servation du bois et de fusion du plomb. 2. Utilis\u00e9 dans la pr\u00e9servation du bois, la fabrication de c\u00e9ramique, la fusion de l\u2019aluminium et du magn\u00e9sium, les pesticides agricoles. 3. \u00c9galement utilis\u00e9 dans la fabrication de verre optique, la fabrication de mica synth\u00e9tique et d\u2019\u00e9mail, etc.<\/p>\n<h2><span style=\"font-size: 14pt;\">Informations de s\u00e9curit\u00e9 de l\u2019hexafluorosilicate de potassium<\/span><\/h2>\n<p>Toxicit\u00e9 : Le fluorosilicate de potassium est mod\u00e9r\u00e9ment toxique, avec une dose l\u00e9tale m\u00e9diane par voie orale (DL50) de 70 mg\/kg et de 156 mg\/kg pour les souris et les rats, respectivement. Toxique par inhalation, contact avec la peau et ingestion. Stockage et transport : Stocker dans un entrep\u00f4t frais et ventil\u00e9, \u00e0 l\u2019abri du feu et des sources de chaleur. Pendant le transport, faites attention \u00e0 la protection contre la pluie et l\u2019humidit\u00e9, \u00e9vitez les collisions et l\u2019extrusion. Traitement d\u2019urgence : S\u2019il touche accidentellement la peau et les yeux, rincez imm\u00e9diatement et abondamment \u00e0 l\u2019eau et consultez un m\u00e9decin. En cas d\u2019incendie, utilisez du dioxyde de carbone, du sable ou de la poudre extinctrice pour \u00e9teindre le feu. <\/p>\n","protected":false},"excerpt":{"rendered":"<p>L\u2019hexafluorosilicate de potassium, de formule chimique K2SiF6, est une poudre cristalline blanche avec un large \u00e9ventail d\u2019utilisations, en particulier dans les industries de la construction, du verre et de la c\u00e9ramique. En raison de ses propri\u00e9t\u00e9s chimiques uniques, le fluorosilicate de potassium est devenu une substance indispensable dans de nombreux flux de processus. Propri\u00e9t\u00e9s de [&hellip;]<\/p>\n","protected":false},"featured_media":1000039,"comment_status":"open","ping_status":"closed","template":"","meta":{"_acf_changed":false},"product_brand":[],"product_cat":[239],"product_tag":[],"class_list":{"0":"post-1010332","1":"product","2":"type-product","3":"status-publish","4":"has-post-thumbnail","6":"product_cat-materiaux-halogenes","8":"first","9":"instock","10":"shipping-taxable","11":"purchasable","12":"product-type-variable"},"acf":[],"_links":{"self":[{"href":"https:\/\/vimaterial.de\/fr\/wp-json\/wp\/v2\/product\/1010332","targetHints":{"allow":["GET"]}}],"collection":[{"href":"https:\/\/vimaterial.de\/fr\/wp-json\/wp\/v2\/product"}],"about":[{"href":"https:\/\/vimaterial.de\/fr\/wp-json\/wp\/v2\/types\/product"}],"replies":[{"embeddable":true,"href":"https:\/\/vimaterial.de\/fr\/wp-json\/wp\/v2\/comments?post=1010332"}],"wp:featuredmedia":[{"embeddable":true,"href":"https:\/\/vimaterial.de\/fr\/wp-json\/wp\/v2\/media\/1000039"}],"wp:attachment":[{"href":"https:\/\/vimaterial.de\/fr\/wp-json\/wp\/v2\/media?parent=1010332"}],"wp:term":[{"taxonomy":"product_brand","embeddable":true,"href":"https:\/\/vimaterial.de\/fr\/wp-json\/wp\/v2\/product_brand?post=1010332"},{"taxonomy":"product_cat","embeddable":true,"href":"https:\/\/vimaterial.de\/fr\/wp-json\/wp\/v2\/product_cat?post=1010332"},{"taxonomy":"product_tag","embeddable":true,"href":"https:\/\/vimaterial.de\/fr\/wp-json\/wp\/v2\/product_tag?post=1010332"}],"curies":[{"name":"wp","href":"https:\/\/api.w.org\/{rel}","templated":true}]}}