{"id":1010319,"date":"2024-06-17T14:15:37","date_gmt":"2024-06-17T06:15:37","guid":{"rendered":"https:\/\/vimaterial.de\/product\/hydrate-dhexachloroiridateiii-de-potassium\/"},"modified":"2024-12-25T16:45:54","modified_gmt":"2024-12-25T08:45:54","slug":"hydrate-dhexachloroiridateiii-de-potassium","status":"publish","type":"product","link":"https:\/\/vimaterial.de\/fr\/product\/hydrate-dhexachloroiridateiii-de-potassium\/","title":{"rendered":"Hexachloroiridate(III) de potassium hydrat\u00e9"},"content":{"rendered":"<p>L\u2019hexachloroiridate de potassium (III) est un compos\u00e9 inorganique de formule chimique K\u2083[IrCl\u2086]\u00b7xH\u2082O, qui est un compos\u00e9 de coordination contenant de l\u2019iridium \u00e0 l\u2019\u00e9tat d\u2019oxydation +3. Il existe g\u00e9n\u00e9ralement sous forme cristalline et est utilis\u00e9 dans la catalyse, la synth\u00e8se chimique et la recherche. L\u2019\u00e9tat d\u2019hydratation exact du compos\u00e9 d\u00e9pend des conditions de synth\u00e8se et de stockage.  <\/p>\n<h2><span style=\"font-size: 14pt;\">Propri\u00e9t\u00e9s<\/span><\/h2>\n<p>Apparence&nbsp;: vert olive solide. Formule chimique : K3IrCl6 Poids mol\u00e9culaire : 522.23 Densit\u00e9 : 1.467 g\/cm\u00b3 \u00c9tat d\u2019oxydation : l\u2019iridium est \u00e0 l\u2019\u00e9tat d\u2019oxydation +3.<\/p>\n<h2><span style=\"font-size: 14pt;\">Applications<\/span><\/h2>\n<p>Catalyse&nbsp;: L\u2019hexachloroiridate de potassium est utilis\u00e9 comme pr\u00e9curseur pour la synth\u00e8se de catalyseurs \u00e0 base d\u2019iridium pour des r\u00e9actions chimiques, y compris l\u2019hydrog\u00e9nation et l\u2019oxydation. Science des mat\u00e9riaux : \u00e9tudier ses propri\u00e9t\u00e9s \u00e9lectroniques et optiques dans les mat\u00e9riaux avanc\u00e9s. Recherche chimique : L\u2019hexachloroiridate de potassium est utilis\u00e9 comme r\u00e9actif en chimie de coordination et en synth\u00e8se organom\u00e9tallique.<\/p>\n<h2><span style=\"font-size: 14pt;\">Manutention et stockage<\/span><\/h2>\n<p>Conserver dans un endroit frais, sec et bien ventil\u00e9, \u00e0 l\u2019abri des agents oxydants puissants. Lors de la manipulation, utilisez de l\u2019\u00e9quipement de protection individuelle (EPI) tel que des gants, des lunettes de protection et une blouse de laboratoire.<\/p>\n","protected":false},"excerpt":{"rendered":"<p>L\u2019hexachloroiridate de potassium (III) est un compos\u00e9 inorganique de formule chimique K\u2083[IrCl\u2086]\u00b7xH\u2082O, qui est un compos\u00e9 de coordination contenant de l\u2019iridium \u00e0 l\u2019\u00e9tat d\u2019oxydation +3. Il existe g\u00e9n\u00e9ralement sous forme cristalline et est utilis\u00e9 dans la catalyse, la synth\u00e8se chimique et la recherche. L\u2019\u00e9tat d\u2019hydratation exact du compos\u00e9 d\u00e9pend des conditions de synth\u00e8se et de [&hellip;]<\/p>\n","protected":false},"featured_media":1000053,"comment_status":"open","ping_status":"closed","template":"","meta":{"_acf_changed":false},"product_brand":[],"product_cat":[239],"product_tag":[],"class_list":{"0":"post-1010319","1":"product","2":"type-product","3":"status-publish","4":"has-post-thumbnail","6":"product_cat-materiaux-halogenes","8":"first","9":"instock","10":"shipping-taxable","11":"purchasable","12":"product-type-variable"},"acf":[],"_links":{"self":[{"href":"https:\/\/vimaterial.de\/fr\/wp-json\/wp\/v2\/product\/1010319","targetHints":{"allow":["GET"]}}],"collection":[{"href":"https:\/\/vimaterial.de\/fr\/wp-json\/wp\/v2\/product"}],"about":[{"href":"https:\/\/vimaterial.de\/fr\/wp-json\/wp\/v2\/types\/product"}],"replies":[{"embeddable":true,"href":"https:\/\/vimaterial.de\/fr\/wp-json\/wp\/v2\/comments?post=1010319"}],"wp:featuredmedia":[{"embeddable":true,"href":"https:\/\/vimaterial.de\/fr\/wp-json\/wp\/v2\/media\/1000053"}],"wp:attachment":[{"href":"https:\/\/vimaterial.de\/fr\/wp-json\/wp\/v2\/media?parent=1010319"}],"wp:term":[{"taxonomy":"product_brand","embeddable":true,"href":"https:\/\/vimaterial.de\/fr\/wp-json\/wp\/v2\/product_brand?post=1010319"},{"taxonomy":"product_cat","embeddable":true,"href":"https:\/\/vimaterial.de\/fr\/wp-json\/wp\/v2\/product_cat?post=1010319"},{"taxonomy":"product_tag","embeddable":true,"href":"https:\/\/vimaterial.de\/fr\/wp-json\/wp\/v2\/product_tag?post=1010319"}],"curies":[{"name":"wp","href":"https:\/\/api.w.org\/{rel}","templated":true}]}}