{"id":1010307,"date":"2024-06-17T14:16:22","date_gmt":"2024-06-17T06:16:22","guid":{"rendered":"https:\/\/vimaterial.de\/product\/bromure-de-potassium\/"},"modified":"2024-12-25T17:32:16","modified_gmt":"2024-12-25T09:32:16","slug":"bromure-de-potassium","status":"publish","type":"product","link":"https:\/\/vimaterial.de\/fr\/product\/bromure-de-potassium\/","title":{"rendered":"Bromure de potassium"},"content":{"rendered":"<p>Le bromure de potassium (KBr) est un mat\u00e9riau important avec de nombreuses applications dans les mat\u00e9riaux optiques, les pr\u00e9parations pharmaceutiques, les mat\u00e9riaux biom\u00e9dicaux, les combustibles nucl\u00e9aires et les catalyseurs. Structure : cristal ionique, syst\u00e8me cubique.<\/p>\n<h2><span style=\"font-size: 14pt;\">Propri\u00e9t\u00e9s physiques<\/span><\/h2>\n<p>Apparence&nbsp;: cristal incolore ou poudre blanche. Densit\u00e9 : 2,75 g\/cm3 Point de fusion : 734\u00b0C Point d\u2019\u00e9bullition : 1435\u00b0C Solubilit\u00e9 : 650 g\/L (20\u00b0C)<\/p>\n<h2><span style=\"font-size: 14pt;\">Propri\u00e9t\u00e9s chimiques<\/span><\/h2>\n<p>L\u00e9g\u00e8rement hygroscopique. La couleur vire au jaune lorsqu\u2019elle est expos\u00e9e \u00e0 la lumi\u00e8re. 1 g de ce produit est soluble dans 1,5 ml d\u2019eau, 1 ml d\u2019eau bouillante, 250 ml d\u2019\u00e9thanol et 4,6 ml de glyc\u00e9rol. Sa solution aqueuse est neutre. Facilement soluble dans l\u2019eau. La solubilit\u00e9 dans 100 g d\u2019eau est de 53,5 g (0 \u00b0C), 65,2 g (20 \u00b0C) et 104,0 g (100 \u00b0C). Son ion bromure peut \u00eatre remplac\u00e9 par du fluor et du chlore. Il r\u00e9agit avec l\u2019acide sulfurique pour g\u00e9n\u00e9rer du bromure d\u2019hydrog\u00e8ne. R\u00e9agit avec le nitrate d\u2019argent pour former un pr\u00e9cipit\u00e9 de bromure d\u2019argent jaune   <\/p>\n<h2><span style=\"font-size: 14pt;\">Application<\/span><\/h2>\n<p>1. Mat\u00e9riaux photo\u00e9lectriques&nbsp;: Le bromure de potassium est utilis\u00e9 pour pr\u00e9parer le verre optique et la fibre optique, et est appliqu\u00e9 \u00e0 la technologie laser et \u00e0 la technologie de communication. 2. Analyse chimique : Le bromure de potassium est utilis\u00e9 comme r\u00e9actif chimique pour d\u00e9terminer la teneur en brome, comme catalyseur ou agent auxiliaire, pour pr\u00e9parer des solutions \u00e9talons. 3. Fabrication pharmaceutique : Le bromure de potassium est utilis\u00e9 comme mati\u00e8re premi\u00e8re m\u00e9dicamenteuse dans le processus de synth\u00e8se de divers m\u00e9dicaments. 4. Mat\u00e9riaux photosensibles&nbsp;: Le bromure de potassium est utilis\u00e9 pour fabriquer des films photosensibles, des r\u00e9v\u00e9lateurs, des \u00e9paississants de film, des toners et des agents de blanchiment photo couleur, etc. 5. Produits pharmaceutiques&nbsp;: Le bromure de potassium est utilis\u00e9 pour pr\u00e9parer des comprim\u00e9s de tribromo s\u00e9datif pour traiter la neurasth\u00e9nie, l\u2019insomnie neurologique et l\u2019excitation mentale. 6. Autres applications&nbsp;: Le bromure de potassium est utilis\u00e9 pour fabriquer des savons sp\u00e9ciaux, la gravure et la lithographie, la spectrophotom\u00e9trie et la transmission infrarouge, etc.<\/p>\n<h2><span style=\"font-size: 14pt;\">Conditions de stockage<\/span><\/h2>\n<p>1. Stocker dans un entrep\u00f4t frais et ventil\u00e9. Tenir \u00e0 l\u2019\u00e9cart du feu et des sources de chaleur. 2. L\u2019emballage doit \u00eatre scell\u00e9 et non en contact avec l\u2019air. Pr\u00e9venir l\u2019humidit\u00e9. Conserver s\u00e9par\u00e9ment des oxydants et des acides. 3. \u00c9vitez l\u2019exposition au soleil et isolez-vous du feu et des sources de chaleur. En cas d\u2019incendie, des extincteurs \u00e0 sable et \u00e0 dioxyde de carbone peuvent \u00eatre utilis\u00e9s pour \u00e9teindre le feu. <\/p>\n","protected":false},"excerpt":{"rendered":"<p>Le bromure de potassium (KBr) est un mat\u00e9riau important avec de nombreuses applications dans les mat\u00e9riaux optiques, les pr\u00e9parations pharmaceutiques, les mat\u00e9riaux biom\u00e9dicaux, les combustibles nucl\u00e9aires et les catalyseurs. Structure : cristal ionique, syst\u00e8me cubique. Propri\u00e9t\u00e9s physiques Apparence&nbsp;: cristal incolore ou poudre blanche. Densit\u00e9 : 2,75 g\/cm3 Point de fusion : 734\u00b0C Point d\u2019\u00e9bullition : [&hellip;]<\/p>\n","protected":false},"featured_media":1000067,"comment_status":"open","ping_status":"closed","template":"","meta":{"_acf_changed":false},"product_brand":[],"product_cat":[239],"product_tag":[],"class_list":{"0":"post-1010307","1":"product","2":"type-product","3":"status-publish","4":"has-post-thumbnail","6":"product_cat-materiaux-halogenes","8":"first","9":"instock","10":"shipping-taxable","11":"purchasable","12":"product-type-variable"},"acf":[],"_links":{"self":[{"href":"https:\/\/vimaterial.de\/fr\/wp-json\/wp\/v2\/product\/1010307","targetHints":{"allow":["GET"]}}],"collection":[{"href":"https:\/\/vimaterial.de\/fr\/wp-json\/wp\/v2\/product"}],"about":[{"href":"https:\/\/vimaterial.de\/fr\/wp-json\/wp\/v2\/types\/product"}],"replies":[{"embeddable":true,"href":"https:\/\/vimaterial.de\/fr\/wp-json\/wp\/v2\/comments?post=1010307"}],"wp:featuredmedia":[{"embeddable":true,"href":"https:\/\/vimaterial.de\/fr\/wp-json\/wp\/v2\/media\/1000067"}],"wp:attachment":[{"href":"https:\/\/vimaterial.de\/fr\/wp-json\/wp\/v2\/media?parent=1010307"}],"wp:term":[{"taxonomy":"product_brand","embeddable":true,"href":"https:\/\/vimaterial.de\/fr\/wp-json\/wp\/v2\/product_brand?post=1010307"},{"taxonomy":"product_cat","embeddable":true,"href":"https:\/\/vimaterial.de\/fr\/wp-json\/wp\/v2\/product_cat?post=1010307"},{"taxonomy":"product_tag","embeddable":true,"href":"https:\/\/vimaterial.de\/fr\/wp-json\/wp\/v2\/product_tag?post=1010307"}],"curies":[{"name":"wp","href":"https:\/\/api.w.org\/{rel}","templated":true}]}}