{"id":1010302,"date":"2024-06-17T14:16:18","date_gmt":"2024-06-17T06:16:18","guid":{"rendered":"https:\/\/vimaterial.de\/product\/tetrafluoroborate-de-potassium\/"},"modified":"2024-12-25T17:11:07","modified_gmt":"2024-12-25T09:11:07","slug":"tetrafluoroborate-de-potassium","status":"publish","type":"product","link":"https:\/\/vimaterial.de\/fr\/product\/tetrafluoroborate-de-potassium\/","title":{"rendered":"T\u00e9trafluoroborate de potassium"},"content":{"rendered":"<p>Le t\u00e9trafluoroborate de potassium est une poudre blanche ou un cristal semblable \u00e0 un gel, l\u00e9g\u00e8rement soluble dans l\u2019eau et l\u2019\u00e9thanol chaud, utilis\u00e9 comme r\u00e9actif de synth\u00e8se organique et additif \u00e9lectrolytique \u00e0 haute efficacit\u00e9. Utilis\u00e9 dans le domaine de la galvanoplastie. <\/p>\n<h2><span style=\"font-size: 14pt;\">Propri\u00e9t\u00e9s physiques et chimiques<\/span><\/h2>\n<p>Formule mol\u00e9culaire : KBF<sub>4<\/sub><\/p>\n<p>Poids mol\u00e9culaire : 125,9 Apparence : poudre blanche ou cristal semblable \u00e0 un gel. Densit\u00e9 : 2,5 g\/mL Point de fusion : 530 \u00b0C Go\u00fbt amer et non hygroscopique. L\u00e9g\u00e8rement soluble dans l\u2019eau et l\u2019\u00e9thanol chaud, insoluble dans l\u2019\u00e9thanol froid, insoluble dans une solution alcaline. Peut \u00eatre d\u00e9compos\u00e9 en trifluorure de bore par un acide fort. Toxique, dose l\u00e9tale m\u00e9diane (rat, intrap\u00e9riton\u00e9ale) 240mg\/kg. Irritant.<\/p>\n<h2><span style=\"font-size: 14pt;\">Application<\/span><\/h2>\n<p>Le t\u00e9trafluoroborate de potassium est utilis\u00e9 comme additif pour la solution de pr\u00e9curseur de p\u00e9rovskite pour pr\u00e9parer un film de p\u00e9rovskite \u00e0 large bande interdite pour les cellules solaires. Le KBF<sub>4<\/sub> est utilis\u00e9 comme additif \u00e9lectrolytique pour les batteries au lithium-ion et au potassium-ion afin d\u2019am\u00e9liorer la stabilit\u00e9 et les performances. KBF<sub>4<\/sub> est utilis\u00e9 comme pr\u00e9curseur pour la synth\u00e8se du complexe ruth\u00e9nium du carb\u00e8ne h\u00e9t\u00e9rocyclique de diazote (NHC). Le t\u00e9trafluoroborate de potassium est utilis\u00e9 comme solution de galvanoplastie pour pr\u00e9parer des rev\u00eatements et des alliages m\u00e9talliques.<\/p>\n","protected":false},"excerpt":{"rendered":"<p>Le t\u00e9trafluoroborate de potassium est une poudre blanche ou un cristal semblable \u00e0 un gel, l\u00e9g\u00e8rement soluble dans l\u2019eau et l\u2019\u00e9thanol chaud, utilis\u00e9 comme r\u00e9actif de synth\u00e8se organique et additif \u00e9lectrolytique \u00e0 haute efficacit\u00e9. Utilis\u00e9 dans le domaine de la galvanoplastie. Propri\u00e9t\u00e9s physiques et chimiques Formule mol\u00e9culaire : KBF4 Poids mol\u00e9culaire : 125,9 Apparence : [&hellip;]<\/p>\n","protected":false},"featured_media":1000060,"comment_status":"open","ping_status":"closed","template":"","meta":{"_acf_changed":false},"product_brand":[],"product_cat":[239],"product_tag":[],"class_list":{"0":"post-1010302","1":"product","2":"type-product","3":"status-publish","4":"has-post-thumbnail","6":"product_cat-materiaux-halogenes","8":"first","9":"instock","10":"shipping-taxable","11":"purchasable","12":"product-type-variable"},"acf":[],"_links":{"self":[{"href":"https:\/\/vimaterial.de\/fr\/wp-json\/wp\/v2\/product\/1010302","targetHints":{"allow":["GET"]}}],"collection":[{"href":"https:\/\/vimaterial.de\/fr\/wp-json\/wp\/v2\/product"}],"about":[{"href":"https:\/\/vimaterial.de\/fr\/wp-json\/wp\/v2\/types\/product"}],"replies":[{"embeddable":true,"href":"https:\/\/vimaterial.de\/fr\/wp-json\/wp\/v2\/comments?post=1010302"}],"wp:featuredmedia":[{"embeddable":true,"href":"https:\/\/vimaterial.de\/fr\/wp-json\/wp\/v2\/media\/1000060"}],"wp:attachment":[{"href":"https:\/\/vimaterial.de\/fr\/wp-json\/wp\/v2\/media?parent=1010302"}],"wp:term":[{"taxonomy":"product_brand","embeddable":true,"href":"https:\/\/vimaterial.de\/fr\/wp-json\/wp\/v2\/product_brand?post=1010302"},{"taxonomy":"product_cat","embeddable":true,"href":"https:\/\/vimaterial.de\/fr\/wp-json\/wp\/v2\/product_cat?post=1010302"},{"taxonomy":"product_tag","embeddable":true,"href":"https:\/\/vimaterial.de\/fr\/wp-json\/wp\/v2\/product_tag?post=1010302"}],"curies":[{"name":"wp","href":"https:\/\/api.w.org\/{rel}","templated":true}]}}